{"id":965,"date":"2020-09-15T08:03:28","date_gmt":"2020-09-15T08:03:28","guid":{"rendered":"http:\/\/vienibaspsk.lv\/?page_id=965"},"modified":"2025-12-02T09:31:06","modified_gmt":"2025-12-02T07:31:06","slug":"ieklaujosas-izglitibas-atbalsta-joma","status":"publish","type":"page","link":"https:\/\/vienibaspsk.lv\/index.php\/ieklaujosas-izglitibas-atbalsta-joma\/","title":{"rendered":"Iek\u013caujo\u0161as izgl\u012bt\u012bbas atbalsta joma"},"content":{"rendered":"\r\n<p>Iek\u013caujo\u0161\u0101s izgl\u012bt\u012bbas skolot\u0101jas vienm\u0113r ir gatavas uzklaus\u012bt un pal\u012bdz\u0113t tiem skol\u0113niem, kuriem ir probl\u0113mas m\u0101c\u012bb\u0101s, saskarsm\u0113 ar vienaud\u017eiem.<\/p>\r\n<p>Iek\u013caujo\u0161\u0101s izgl\u012bt\u012bbas joma<\/p>\r\n<ol>\r\n<li>Ne\u013ca Ivanovska \u2013 soci\u0101lais pedagogs<\/li>\r\n<li>Aija Kalni\u0146a \u2013 logop\u0113de, korekcijas nodarb\u012bbu skolot\u0101ja<\/li>\r\n<li>Tatjana Laiz\u0101ne \u2013 izgl\u012bt\u012bbas psiholo\u0123e<\/li>\r\n<li>\u0100r\u012bja Leine &#8211; pedagogu pal\u012bgs<\/li>\r\n<\/ol>\r\n","protected":false},"excerpt":{"rendered":"<p>Iek\u013caujo\u0161\u0101s izgl\u012bt\u012bbas skolot\u0101jas vienm\u0113r ir gatavas uzklaus\u012bt un pal\u012bdz\u0113t tiem skol\u0113niem, kuriem ir probl\u0113mas m\u0101c\u012bb\u0101s, saskarsm\u0113 ar vienaud\u017eiem. Iek\u013caujo\u0161\u0101s izgl\u012bt\u012bbas joma Ne\u013ca Ivanovska \u2013 soci\u0101lais pedagogs Aija Kalni\u0146a \u2013 logop\u0113de, &#8230;<\/p>\n","protected":false},"author":2,"featured_media":0,"parent":0,"menu_order":0,"comment_status":"closed","ping_status":"closed","template":"","meta":{"_lmt_disableupdate":"no","_lmt_disable":"","ngg_post_thumbnail":0,"footnotes":""},"class_list":["post-965","page","type-page","status-publish","hentry"],"yoast_head":"<!-- This site is optimized with the Yoast SEO plugin v18.3 - https:\/\/yoast.com\/wordpress\/plugins\/seo\/ -->\n<title>Iek\u013caujo\u0161as izgl\u012bt\u012bbas atbalsta joma - Daugavpils Vien\u012bbas pamatskola<\/title>\n<meta name=\"robots\" content=\"index, follow, max-snippet:-1, max-image-preview:large, max-video-preview:-1\" \/>\n<link rel=\"canonical\" href=\"https:\/\/vienibaspsk.lv\/index.php\/ieklaujosas-izglitibas-atbalsta-joma\/\" \/>\n<meta property=\"og:locale\" content=\"lv_LV\" \/>\n<meta property=\"og:type\" content=\"article\" \/>\n<meta property=\"og:title\" content=\"Iek\u013caujo\u0161as izgl\u012bt\u012bbas atbalsta joma - Daugavpils Vien\u012bbas pamatskola\" \/>\n<meta property=\"og:description\" content=\"Iek\u013caujo\u0161\u0101s izgl\u012bt\u012bbas skolot\u0101jas vienm\u0113r ir gatavas uzklaus\u012bt un pal\u012bdz\u0113t tiem skol\u0113niem, kuriem ir probl\u0113mas m\u0101c\u012bb\u0101s, saskarsm\u0113 ar vienaud\u017eiem. Iek\u013caujo\u0161\u0101s izgl\u012bt\u012bbas joma Ne\u013ca Ivanovska \u2013 soci\u0101lais pedagogs Aija Kalni\u0146a \u2013 logop\u0113de, ...\" \/>\n<meta property=\"og:url\" content=\"https:\/\/vienibaspsk.lv\/index.php\/ieklaujosas-izglitibas-atbalsta-joma\/\" \/>\n<meta property=\"og:site_name\" content=\"Daugavpils Vien\u012bbas pamatskola\" \/>\n<meta property=\"article:modified_time\" content=\"2025-12-02T07:31:06+00:00\" \/>\n<meta name=\"twitter:card\" content=\"summary_large_image\" \/>\n<script type=\"application\/ld+json\" class=\"yoast-schema-graph\">{\"@context\":\"https:\/\/schema.org\",\"@graph\":[{\"@type\":\"WebSite\",\"@id\":\"https:\/\/vienibaspsk.lv\/#website\",\"url\":\"https:\/\/vienibaspsk.lv\/\",\"name\":\"Daugavpils Vien\u012bbas pamatskola\",\"description\":\"\",\"potentialAction\":[{\"@type\":\"SearchAction\",\"target\":{\"@type\":\"EntryPoint\",\"urlTemplate\":\"https:\/\/vienibaspsk.lv\/?s={search_term_string}\"},\"query-input\":\"required name=search_term_string\"}],\"inLanguage\":\"lv-LV\"},{\"@type\":\"WebPage\",\"@id\":\"https:\/\/vienibaspsk.lv\/index.php\/ieklaujosas-izglitibas-atbalsta-joma\/#webpage\",\"url\":\"https:\/\/vienibaspsk.lv\/index.php\/ieklaujosas-izglitibas-atbalsta-joma\/\",\"name\":\"Iek\u013caujo\u0161as izgl\u012bt\u012bbas atbalsta joma - Daugavpils Vien\u012bbas pamatskola\",\"isPartOf\":{\"@id\":\"https:\/\/vienibaspsk.lv\/#website\"},\"datePublished\":\"2020-09-15T08:03:28+00:00\",\"dateModified\":\"2025-12-02T07:31:06+00:00\",\"breadcrumb\":{\"@id\":\"https:\/\/vienibaspsk.lv\/index.php\/ieklaujosas-izglitibas-atbalsta-joma\/#breadcrumb\"},\"inLanguage\":\"lv-LV\",\"potentialAction\":[{\"@type\":\"ReadAction\",\"target\":[\"https:\/\/vienibaspsk.lv\/index.php\/ieklaujosas-izglitibas-atbalsta-joma\/\"]}]},{\"@type\":\"BreadcrumbList\",\"@id\":\"https:\/\/vienibaspsk.lv\/index.php\/ieklaujosas-izglitibas-atbalsta-joma\/#breadcrumb\",\"itemListElement\":[{\"@type\":\"ListItem\",\"position\":1,\"name\":\"Galven\u0101\",\"item\":\"https:\/\/vienibaspsk.lv\/\"},{\"@type\":\"ListItem\",\"position\":2,\"name\":\"Iek\u013caujo\u0161as izgl\u012bt\u012bbas atbalsta joma\"}]}]}<\/script>\n<!-- \/ Yoast SEO plugin. -->","yoast_head_json":{"title":"Iek\u013caujo\u0161as izgl\u012bt\u012bbas atbalsta joma - Daugavpils Vien\u012bbas pamatskola","robots":{"index":"index","follow":"follow","max-snippet":"max-snippet:-1","max-image-preview":"max-image-preview:large","max-video-preview":"max-video-preview:-1"},"canonical":"https:\/\/vienibaspsk.lv\/index.php\/ieklaujosas-izglitibas-atbalsta-joma\/","og_locale":"lv_LV","og_type":"article","og_title":"Iek\u013caujo\u0161as izgl\u012bt\u012bbas atbalsta joma - Daugavpils Vien\u012bbas pamatskola","og_description":"Iek\u013caujo\u0161\u0101s izgl\u012bt\u012bbas skolot\u0101jas vienm\u0113r ir gatavas uzklaus\u012bt un pal\u012bdz\u0113t tiem skol\u0113niem, kuriem ir probl\u0113mas m\u0101c\u012bb\u0101s, saskarsm\u0113 ar vienaud\u017eiem. Iek\u013caujo\u0161\u0101s izgl\u012bt\u012bbas joma Ne\u013ca Ivanovska \u2013 soci\u0101lais pedagogs Aija Kalni\u0146a \u2013 logop\u0113de, ...","og_url":"https:\/\/vienibaspsk.lv\/index.php\/ieklaujosas-izglitibas-atbalsta-joma\/","og_site_name":"Daugavpils Vien\u012bbas pamatskola","article_modified_time":"2025-12-02T07:31:06+00:00","twitter_card":"summary_large_image","schema":{"@context":"https:\/\/schema.org","@graph":[{"@type":"WebSite","@id":"https:\/\/vienibaspsk.lv\/#website","url":"https:\/\/vienibaspsk.lv\/","name":"Daugavpils Vien\u012bbas pamatskola","description":"","potentialAction":[{"@type":"SearchAction","target":{"@type":"EntryPoint","urlTemplate":"https:\/\/vienibaspsk.lv\/?s={search_term_string}"},"query-input":"required name=search_term_string"}],"inLanguage":"lv-LV"},{"@type":"WebPage","@id":"https:\/\/vienibaspsk.lv\/index.php\/ieklaujosas-izglitibas-atbalsta-joma\/#webpage","url":"https:\/\/vienibaspsk.lv\/index.php\/ieklaujosas-izglitibas-atbalsta-joma\/","name":"Iek\u013caujo\u0161as izgl\u012bt\u012bbas atbalsta joma - Daugavpils Vien\u012bbas pamatskola","isPartOf":{"@id":"https:\/\/vienibaspsk.lv\/#website"},"datePublished":"2020-09-15T08:03:28+00:00","dateModified":"2025-12-02T07:31:06+00:00","breadcrumb":{"@id":"https:\/\/vienibaspsk.lv\/index.php\/ieklaujosas-izglitibas-atbalsta-joma\/#breadcrumb"},"inLanguage":"lv-LV","potentialAction":[{"@type":"ReadAction","target":["https:\/\/vienibaspsk.lv\/index.php\/ieklaujosas-izglitibas-atbalsta-joma\/"]}]},{"@type":"BreadcrumbList","@id":"https:\/\/vienibaspsk.lv\/index.php\/ieklaujosas-izglitibas-atbalsta-joma\/#breadcrumb","itemListElement":[{"@type":"ListItem","position":1,"name":"Galven\u0101","item":"https:\/\/vienibaspsk.lv\/"},{"@type":"ListItem","position":2,"name":"Iek\u013caujo\u0161as izgl\u012bt\u012bbas atbalsta joma"}]}]}},"_links":{"self":[{"href":"https:\/\/vienibaspsk.lv\/index.php\/wp-json\/wp\/v2\/pages\/965","targetHints":{"allow":["GET"]}}],"collection":[{"href":"https:\/\/vienibaspsk.lv\/index.php\/wp-json\/wp\/v2\/pages"}],"about":[{"href":"https:\/\/vienibaspsk.lv\/index.php\/wp-json\/wp\/v2\/types\/page"}],"author":[{"embeddable":true,"href":"https:\/\/vienibaspsk.lv\/index.php\/wp-json\/wp\/v2\/users\/2"}],"replies":[{"embeddable":true,"href":"https:\/\/vienibaspsk.lv\/index.php\/wp-json\/wp\/v2\/comments?post=965"}],"version-history":[{"count":8,"href":"https:\/\/vienibaspsk.lv\/index.php\/wp-json\/wp\/v2\/pages\/965\/revisions"}],"predecessor-version":[{"id":11422,"href":"https:\/\/vienibaspsk.lv\/index.php\/wp-json\/wp\/v2\/pages\/965\/revisions\/11422"}],"wp:attachment":[{"href":"https:\/\/vienibaspsk.lv\/index.php\/wp-json\/wp\/v2\/media?parent=965"}],"curies":[{"name":"wp","href":"https:\/\/api.w.org\/{rel}","templated":true}]}}