{"id":95,"date":"2020-05-06T09:09:34","date_gmt":"2020-05-06T09:09:34","guid":{"rendered":"http:\/\/vienibaspsk.lv\/wordpress\/?page_id=95"},"modified":"2025-12-16T11:19:06","modified_gmt":"2025-12-16T09:19:06","slug":"projekti","status":"publish","type":"page","link":"https:\/\/vienibaspsk.lv\/index.php\/projekti\/","title":{"rendered":"Projekti"},"content":{"rendered":"<p>&nbsp;<\/p>\n<table style=\"width: 100%; border-collapse: collapse; border-color: #000000;\">\n<tbody>\n<tr>\n<td style=\"width: 50%;\">\n<h2><strong>KiVa programma<\/strong><\/h2>\n<p><img loading=\"lazy\" decoding=\"async\" class=\"wp-image-7034 alignnone\" src=\"https:\/\/vienibaspsk.lv\/wp-content\/uploads\/2023\/09\/kiva-logo-300x300.webp\" alt=\"kiva-logo-720p\" width=\"254\" height=\"254\" srcset=\"https:\/\/vienibaspsk.lv\/wp-content\/uploads\/2023\/09\/kiva-logo-300x300.webp 300w, https:\/\/vienibaspsk.lv\/wp-content\/uploads\/2023\/09\/kiva-logo-150x150.webp 150w, https:\/\/vienibaspsk.lv\/wp-content\/uploads\/2023\/09\/kiva-logo.webp 720w\" sizes=\"auto, (max-width: 254px) 100vw, 254px\" \/><\/p>\n<p><a href=\"https:\/\/vienibaspsk.lv\/wp-content\/uploads\/2023\/09\/KiVa_faktu_lapa.pdf\">KiVa faktu lapa<\/a><\/p>\n<p><a href=\"https:\/\/vienibaspsk.lv\/wp-content\/uploads\/2023\/09\/KiVa_vecaku_celvedis.pdf\">KiVa vec\u0101ku ce\u013cvedis<\/a><\/td>\n<td style=\"width: 50%;\">\n<h2>STEM un pilsonisk\u0101s jomas projekts<\/h2>\n<p><img loading=\"lazy\" decoding=\"async\" class=\"alignnone  wp-image-11502\" src=\"https:\/\/vienibaspsk.lv\/wp-content\/uploads\/2025\/12\/StemUnPilsoniskalidzdaliba-300x169.jpg\" alt=\"ESF+ projekts &quot;STEM un pilsonisk\u0101s l\u012bdzdal\u012bbas norises pla\u0161\u0101ki izgl\u012bt\u012bbas pieredzei un karjeras izv\u0113lei&quot;\" width=\"538\" height=\"303\" srcset=\"https:\/\/vienibaspsk.lv\/wp-content\/uploads\/2025\/12\/StemUnPilsoniskalidzdaliba-300x169.jpg 300w, https:\/\/vienibaspsk.lv\/wp-content\/uploads\/2025\/12\/StemUnPilsoniskalidzdaliba-1024x576.jpg 1024w, https:\/\/vienibaspsk.lv\/wp-content\/uploads\/2025\/12\/StemUnPilsoniskalidzdaliba-768x432.jpg 768w, https:\/\/vienibaspsk.lv\/wp-content\/uploads\/2025\/12\/StemUnPilsoniskalidzdaliba.jpg 1503w\" sizes=\"auto, (max-width: 538px) 100vw, 538px\" \/><\/p>\n<p class=\"entry-title\"><a href=\"https:\/\/vienibaspsk.lv\/index.php\/2025\/12\/15\/1-klases-apmeklejuma-daugavpils-pilsetas-bernu-un-jauniesu-centru-jauniba\/\">1 klases apmekl\u0113juma Daugavpils pils\u0113tas B\u0113rnu un jaunie\u0161u centru \u201cJaun\u012bba\u201d<\/a><\/p>\n<\/td>\n<\/tr>\n<\/tbody>\n<\/table>\n","protected":false},"excerpt":{"rendered":"<p>&nbsp; KiVa programma KiVa faktu lapa KiVa vec\u0101ku ce\u013cvedis STEM un pilsonisk\u0101s jomas projekts 1 klases apmekl\u0113juma Daugavpils pils\u0113tas B\u0113rnu un jaunie\u0161u centru \u201cJaun\u012bba\u201d<\/p>\n","protected":false},"author":2,"featured_media":0,"parent":0,"menu_order":0,"comment_status":"closed","ping_status":"closed","template":"","meta":{"_lmt_disableupdate":"no","_lmt_disable":"","ngg_post_thumbnail":0,"footnotes":""},"class_list":["post-95","page","type-page","status-publish","hentry"],"yoast_head":"<!-- This site is optimized with the Yoast SEO plugin v18.3 - https:\/\/yoast.com\/wordpress\/plugins\/seo\/ -->\n<title>Projekti - Daugavpils Vien\u012bbas pamatskola<\/title>\n<meta name=\"robots\" content=\"index, follow, max-snippet:-1, max-image-preview:large, max-video-preview:-1\" \/>\n<link rel=\"canonical\" href=\"https:\/\/vienibaspsk.lv\/index.php\/projekti\/\" \/>\n<meta property=\"og:locale\" content=\"lv_LV\" \/>\n<meta property=\"og:type\" content=\"article\" \/>\n<meta property=\"og:title\" content=\"Projekti - Daugavpils Vien\u012bbas pamatskola\" \/>\n<meta property=\"og:description\" content=\"&nbsp; KiVa programma KiVa faktu lapa KiVa vec\u0101ku ce\u013cvedis STEM un pilsonisk\u0101s jomas projekts 1 klases apmekl\u0113juma Daugavpils pils\u0113tas B\u0113rnu un jaunie\u0161u centru \u201cJaun\u012bba\u201d\" \/>\n<meta property=\"og:url\" content=\"https:\/\/vienibaspsk.lv\/index.php\/projekti\/\" \/>\n<meta property=\"og:site_name\" content=\"Daugavpils Vien\u012bbas pamatskola\" \/>\n<meta property=\"article:modified_time\" content=\"2025-12-16T09:19:06+00:00\" \/>\n<meta property=\"og:image\" content=\"https:\/\/vienibaspsk.lv\/wp-content\/uploads\/2023\/09\/kiva-logo-300x300.webp\" \/>\n<meta name=\"twitter:card\" content=\"summary_large_image\" \/>\n<meta name=\"twitter:label1\" content=\"Est. reading time\" \/>\n\t<meta name=\"twitter:data1\" content=\"1 min\u016bte\" \/>\n<script type=\"application\/ld+json\" class=\"yoast-schema-graph\">{\"@context\":\"https:\/\/schema.org\",\"@graph\":[{\"@type\":\"WebSite\",\"@id\":\"https:\/\/vienibaspsk.lv\/#website\",\"url\":\"https:\/\/vienibaspsk.lv\/\",\"name\":\"Daugavpils Vien\u012bbas pamatskola\",\"description\":\"\",\"potentialAction\":[{\"@type\":\"SearchAction\",\"target\":{\"@type\":\"EntryPoint\",\"urlTemplate\":\"https:\/\/vienibaspsk.lv\/?s={search_term_string}\"},\"query-input\":\"required name=search_term_string\"}],\"inLanguage\":\"lv-LV\"},{\"@type\":\"ImageObject\",\"@id\":\"https:\/\/vienibaspsk.lv\/index.php\/projekti\/#primaryimage\",\"inLanguage\":\"lv-LV\",\"url\":\"https:\/\/vienibaspsk.lv\/wp-content\/uploads\/2023\/09\/kiva-logo-300x300.webp\",\"contentUrl\":\"https:\/\/vienibaspsk.lv\/wp-content\/uploads\/2023\/09\/kiva-logo-300x300.webp\"},{\"@type\":\"WebPage\",\"@id\":\"https:\/\/vienibaspsk.lv\/index.php\/projekti\/#webpage\",\"url\":\"https:\/\/vienibaspsk.lv\/index.php\/projekti\/\",\"name\":\"Projekti - Daugavpils Vien\u012bbas pamatskola\",\"isPartOf\":{\"@id\":\"https:\/\/vienibaspsk.lv\/#website\"},\"primaryImageOfPage\":{\"@id\":\"https:\/\/vienibaspsk.lv\/index.php\/projekti\/#primaryimage\"},\"datePublished\":\"2020-05-06T09:09:34+00:00\",\"dateModified\":\"2025-12-16T09:19:06+00:00\",\"breadcrumb\":{\"@id\":\"https:\/\/vienibaspsk.lv\/index.php\/projekti\/#breadcrumb\"},\"inLanguage\":\"lv-LV\",\"potentialAction\":[{\"@type\":\"ReadAction\",\"target\":[\"https:\/\/vienibaspsk.lv\/index.php\/projekti\/\"]}]},{\"@type\":\"BreadcrumbList\",\"@id\":\"https:\/\/vienibaspsk.lv\/index.php\/projekti\/#breadcrumb\",\"itemListElement\":[{\"@type\":\"ListItem\",\"position\":1,\"name\":\"Galven\u0101\",\"item\":\"https:\/\/vienibaspsk.lv\/\"},{\"@type\":\"ListItem\",\"position\":2,\"name\":\"Projekti\"}]}]}<\/script>\n<!-- \/ Yoast SEO plugin. -->","yoast_head_json":{"title":"Projekti - Daugavpils Vien\u012bbas pamatskola","robots":{"index":"index","follow":"follow","max-snippet":"max-snippet:-1","max-image-preview":"max-image-preview:large","max-video-preview":"max-video-preview:-1"},"canonical":"https:\/\/vienibaspsk.lv\/index.php\/projekti\/","og_locale":"lv_LV","og_type":"article","og_title":"Projekti - Daugavpils Vien\u012bbas pamatskola","og_description":"&nbsp; KiVa programma KiVa faktu lapa KiVa vec\u0101ku ce\u013cvedis STEM un pilsonisk\u0101s jomas projekts 1 klases apmekl\u0113juma Daugavpils pils\u0113tas B\u0113rnu un jaunie\u0161u centru \u201cJaun\u012bba\u201d","og_url":"https:\/\/vienibaspsk.lv\/index.php\/projekti\/","og_site_name":"Daugavpils Vien\u012bbas pamatskola","article_modified_time":"2025-12-16T09:19:06+00:00","og_image":[{"url":"https:\/\/vienibaspsk.lv\/wp-content\/uploads\/2023\/09\/kiva-logo-300x300.webp"}],"twitter_card":"summary_large_image","twitter_misc":{"Est. reading time":"1 min\u016bte"},"schema":{"@context":"https:\/\/schema.org","@graph":[{"@type":"WebSite","@id":"https:\/\/vienibaspsk.lv\/#website","url":"https:\/\/vienibaspsk.lv\/","name":"Daugavpils Vien\u012bbas pamatskola","description":"","potentialAction":[{"@type":"SearchAction","target":{"@type":"EntryPoint","urlTemplate":"https:\/\/vienibaspsk.lv\/?s={search_term_string}"},"query-input":"required name=search_term_string"}],"inLanguage":"lv-LV"},{"@type":"ImageObject","@id":"https:\/\/vienibaspsk.lv\/index.php\/projekti\/#primaryimage","inLanguage":"lv-LV","url":"https:\/\/vienibaspsk.lv\/wp-content\/uploads\/2023\/09\/kiva-logo-300x300.webp","contentUrl":"https:\/\/vienibaspsk.lv\/wp-content\/uploads\/2023\/09\/kiva-logo-300x300.webp"},{"@type":"WebPage","@id":"https:\/\/vienibaspsk.lv\/index.php\/projekti\/#webpage","url":"https:\/\/vienibaspsk.lv\/index.php\/projekti\/","name":"Projekti - Daugavpils Vien\u012bbas pamatskola","isPartOf":{"@id":"https:\/\/vienibaspsk.lv\/#website"},"primaryImageOfPage":{"@id":"https:\/\/vienibaspsk.lv\/index.php\/projekti\/#primaryimage"},"datePublished":"2020-05-06T09:09:34+00:00","dateModified":"2025-12-16T09:19:06+00:00","breadcrumb":{"@id":"https:\/\/vienibaspsk.lv\/index.php\/projekti\/#breadcrumb"},"inLanguage":"lv-LV","potentialAction":[{"@type":"ReadAction","target":["https:\/\/vienibaspsk.lv\/index.php\/projekti\/"]}]},{"@type":"BreadcrumbList","@id":"https:\/\/vienibaspsk.lv\/index.php\/projekti\/#breadcrumb","itemListElement":[{"@type":"ListItem","position":1,"name":"Galven\u0101","item":"https:\/\/vienibaspsk.lv\/"},{"@type":"ListItem","position":2,"name":"Projekti"}]}]}},"_links":{"self":[{"href":"https:\/\/vienibaspsk.lv\/index.php\/wp-json\/wp\/v2\/pages\/95","targetHints":{"allow":["GET"]}}],"collection":[{"href":"https:\/\/vienibaspsk.lv\/index.php\/wp-json\/wp\/v2\/pages"}],"about":[{"href":"https:\/\/vienibaspsk.lv\/index.php\/wp-json\/wp\/v2\/types\/page"}],"author":[{"embeddable":true,"href":"https:\/\/vienibaspsk.lv\/index.php\/wp-json\/wp\/v2\/users\/2"}],"replies":[{"embeddable":true,"href":"https:\/\/vienibaspsk.lv\/index.php\/wp-json\/wp\/v2\/comments?post=95"}],"version-history":[{"count":50,"href":"https:\/\/vienibaspsk.lv\/index.php\/wp-json\/wp\/v2\/pages\/95\/revisions"}],"predecessor-version":[{"id":11503,"href":"https:\/\/vienibaspsk.lv\/index.php\/wp-json\/wp\/v2\/pages\/95\/revisions\/11503"}],"wp:attachment":[{"href":"https:\/\/vienibaspsk.lv\/index.php\/wp-json\/wp\/v2\/media?parent=95"}],"curies":[{"name":"wp","href":"https:\/\/api.w.org\/{rel}","templated":true}]}}