{"id":8749,"date":"2024-10-01T09:14:48","date_gmt":"2024-10-01T06:14:48","guid":{"rendered":"https:\/\/vienibaspsk.lv\/?page_id=8749"},"modified":"2025-09-12T10:51:06","modified_gmt":"2025-09-12T07:51:06","slug":"pasnovertejuma-zinojums","status":"publish","type":"page","link":"https:\/\/vienibaspsk.lv\/index.php\/pasnovertejuma-zinojums\/","title":{"rendered":"Pa\u0161nov\u0113rt\u0113juma zi\u0146ojums"},"content":{"rendered":"<p><img loading=\"lazy\" decoding=\"async\" class=\"alignnone wp-image-3510\" src=\"https:\/\/vienibaspsk.lv\/wp-content\/uploads\/2021\/09\/free-pdf-file-icon-2614-thumb-300x300.png\" alt=\"pdf fails\" width=\"37\" height=\"37\" srcset=\"https:\/\/vienibaspsk.lv\/wp-content\/uploads\/2021\/09\/free-pdf-file-icon-2614-thumb-300x300.png 300w, https:\/\/vienibaspsk.lv\/wp-content\/uploads\/2021\/09\/free-pdf-file-icon-2614-thumb-150x150.png 150w, https:\/\/vienibaspsk.lv\/wp-content\/uploads\/2021\/09\/free-pdf-file-icon-2614-thumb.png 512w\" sizes=\"auto, (max-width: 37px) 100vw, 37px\" \/><strong><a href=\"https:\/\/vienibaspsk.lv\/wp-content\/uploads\/2025\/09\/Pasnovertejuma_zinojums__2024__2025__Vienibas_psk.pdf\">Daugavpils Vien\u012bbas pamatskolas pa\u0161nov\u0113rt\u0113juma zi\u0146ojums 2024\/2025<\/a><\/strong><\/p>\n<p><img loading=\"lazy\" decoding=\"async\" class=\"alignnone wp-image-3510\" src=\"https:\/\/vienibaspsk.lv\/wp-content\/uploads\/2021\/09\/free-pdf-file-icon-2614-thumb-300x300.png\" alt=\"pdf fails\" width=\"37\" height=\"37\" srcset=\"https:\/\/vienibaspsk.lv\/wp-content\/uploads\/2021\/09\/free-pdf-file-icon-2614-thumb-300x300.png 300w, https:\/\/vienibaspsk.lv\/wp-content\/uploads\/2021\/09\/free-pdf-file-icon-2614-thumb-150x150.png 150w, https:\/\/vienibaspsk.lv\/wp-content\/uploads\/2021\/09\/free-pdf-file-icon-2614-thumb.png 512w\" sizes=\"auto, (max-width: 37px) 100vw, 37px\" \/><strong><a href=\"https:\/\/vienibaspsk.lv\/wp-content\/uploads\/2024\/09\/pasnovertejuma_zinojums_2024.pdf\">Daugavpils Vien\u012bbas pamatskolas pa\u0161nov\u0113rt\u0113juma zi\u0146ojums 2023\/2024<\/a><\/strong><\/p>\n<p><img loading=\"lazy\" decoding=\"async\" class=\"alignnone wp-image-3510\" src=\"https:\/\/vienibaspsk.lv\/wp-content\/uploads\/2021\/09\/free-pdf-file-icon-2614-thumb-300x300.png\" alt=\"pdf fails\" width=\"37\" height=\"37\" srcset=\"https:\/\/vienibaspsk.lv\/wp-content\/uploads\/2021\/09\/free-pdf-file-icon-2614-thumb-300x300.png 300w, https:\/\/vienibaspsk.lv\/wp-content\/uploads\/2021\/09\/free-pdf-file-icon-2614-thumb-150x150.png 150w, https:\/\/vienibaspsk.lv\/wp-content\/uploads\/2021\/09\/free-pdf-file-icon-2614-thumb.png 512w\" sizes=\"auto, (max-width: 37px) 100vw, 37px\" \/><a href=\"https:\/\/vienibaspsk.lv\/wp-content\/uploads\/2024\/10\/Daugavpils-Vienibas-pamatskolas-pasnovertejuma-zinojums_2022_2023.pdf\"><strong>Daugavpils Vien\u012bbas pamatskolas pa\u0161nov\u0113rt\u0113juma zi\u0146ojums 2022\/2023<\/strong><\/a><\/p>\n<p><img loading=\"lazy\" decoding=\"async\" class=\"alignnone wp-image-3510\" src=\"https:\/\/vienibaspsk.lv\/wp-content\/uploads\/2021\/09\/free-pdf-file-icon-2614-thumb-300x300.png\" alt=\"pdf fails\" width=\"37\" height=\"37\" srcset=\"https:\/\/vienibaspsk.lv\/wp-content\/uploads\/2021\/09\/free-pdf-file-icon-2614-thumb-300x300.png 300w, https:\/\/vienibaspsk.lv\/wp-content\/uploads\/2021\/09\/free-pdf-file-icon-2614-thumb-150x150.png 150w, https:\/\/vienibaspsk.lv\/wp-content\/uploads\/2021\/09\/free-pdf-file-icon-2614-thumb.png 512w\" sizes=\"auto, (max-width: 37px) 100vw, 37px\" \/><a href=\"https:\/\/vienibaspsk.lv\/wp-content\/uploads\/2023\/11\/Daugavpils-Vienibas-pamatskolas-pasnovertejuma-zinojums-2022_2023_paraksts.pdf\"><strong>Daugavpils Vien\u012bbas pamatskolas pa\u0161nov\u0113rt\u0113juma zi\u0146ojums 2021\/2022<\/strong><\/a><\/p>\n<p><img loading=\"lazy\" decoding=\"async\" class=\"alignnone wp-image-3510\" src=\"https:\/\/vienibaspsk.lv\/wp-content\/uploads\/2021\/09\/free-pdf-file-icon-2614-thumb-300x300.png\" alt=\"pdf fails\" width=\"37\" height=\"37\" srcset=\"https:\/\/vienibaspsk.lv\/wp-content\/uploads\/2021\/09\/free-pdf-file-icon-2614-thumb-300x300.png 300w, https:\/\/vienibaspsk.lv\/wp-content\/uploads\/2021\/09\/free-pdf-file-icon-2614-thumb-150x150.png 150w, https:\/\/vienibaspsk.lv\/wp-content\/uploads\/2021\/09\/free-pdf-file-icon-2614-thumb.png 512w\" sizes=\"auto, (max-width: 37px) 100vw, 37px\" \/><a href=\"https:\/\/vienibaspsk.lv\/wp-content\/uploads\/2021\/10\/Daugavpils-Vienibas-pamatskolas-pasnovertejuma-zinojums.pdf\"><strong>Daugavpils Vien\u012bbas pamatskolas pa\u0161nov\u0113rt\u0113juma zi\u0146ojums 2020\/2021<\/strong><\/a><\/p>\n","protected":false},"excerpt":{"rendered":"<p>Daugavpils Vien\u012bbas pamatskolas pa\u0161nov\u0113rt\u0113juma zi\u0146ojums 2024\/2025 Daugavpils Vien\u012bbas pamatskolas pa\u0161nov\u0113rt\u0113juma zi\u0146ojums 2023\/2024 Daugavpils Vien\u012bbas pamatskolas pa\u0161nov\u0113rt\u0113juma zi\u0146ojums 2022\/2023 Daugavpils Vien\u012bbas pamatskolas pa\u0161nov\u0113rt\u0113juma zi\u0146ojums 2021\/2022 Daugavpils Vien\u012bbas pamatskolas pa\u0161nov\u0113rt\u0113juma zi\u0146ojums 2020\/2021<\/p>\n","protected":false},"author":2,"featured_media":0,"parent":0,"menu_order":0,"comment_status":"closed","ping_status":"closed","template":"","meta":{"_lmt_disableupdate":"no","_lmt_disable":"","ngg_post_thumbnail":0,"footnotes":""},"class_list":["post-8749","page","type-page","status-publish","hentry"],"yoast_head":"<!-- This site is optimized with the Yoast SEO plugin v18.3 - https:\/\/yoast.com\/wordpress\/plugins\/seo\/ -->\n<title>Pa\u0161nov\u0113rt\u0113juma zi\u0146ojums - Daugavpils Vien\u012bbas pamatskola<\/title>\n<meta name=\"robots\" content=\"index, follow, max-snippet:-1, max-image-preview:large, max-video-preview:-1\" \/>\n<link rel=\"canonical\" href=\"https:\/\/vienibaspsk.lv\/index.php\/pasnovertejuma-zinojums\/\" \/>\n<meta property=\"og:locale\" content=\"lv_LV\" \/>\n<meta property=\"og:type\" content=\"article\" \/>\n<meta property=\"og:title\" content=\"Pa\u0161nov\u0113rt\u0113juma zi\u0146ojums - Daugavpils Vien\u012bbas pamatskola\" \/>\n<meta property=\"og:description\" content=\"Daugavpils Vien\u012bbas pamatskolas pa\u0161nov\u0113rt\u0113juma zi\u0146ojums 2024\/2025 Daugavpils Vien\u012bbas pamatskolas pa\u0161nov\u0113rt\u0113juma zi\u0146ojums 2023\/2024 Daugavpils Vien\u012bbas pamatskolas pa\u0161nov\u0113rt\u0113juma zi\u0146ojums 2022\/2023 Daugavpils Vien\u012bbas pamatskolas pa\u0161nov\u0113rt\u0113juma zi\u0146ojums 2021\/2022 Daugavpils Vien\u012bbas pamatskolas pa\u0161nov\u0113rt\u0113juma zi\u0146ojums 2020\/2021\" \/>\n<meta property=\"og:url\" content=\"https:\/\/vienibaspsk.lv\/index.php\/pasnovertejuma-zinojums\/\" \/>\n<meta property=\"og:site_name\" content=\"Daugavpils Vien\u012bbas pamatskola\" \/>\n<meta property=\"article:modified_time\" content=\"2025-09-12T07:51:06+00:00\" \/>\n<meta property=\"og:image\" content=\"https:\/\/vienibaspsk.lv\/wp-content\/uploads\/2021\/09\/free-pdf-file-icon-2614-thumb-300x300.png\" \/>\n<meta name=\"twitter:card\" content=\"summary_large_image\" \/>\n<script type=\"application\/ld+json\" class=\"yoast-schema-graph\">{\"@context\":\"https:\/\/schema.org\",\"@graph\":[{\"@type\":\"WebSite\",\"@id\":\"https:\/\/vienibaspsk.lv\/#website\",\"url\":\"https:\/\/vienibaspsk.lv\/\",\"name\":\"Daugavpils Vien\u012bbas pamatskola\",\"description\":\"\",\"potentialAction\":[{\"@type\":\"SearchAction\",\"target\":{\"@type\":\"EntryPoint\",\"urlTemplate\":\"https:\/\/vienibaspsk.lv\/?s={search_term_string}\"},\"query-input\":\"required name=search_term_string\"}],\"inLanguage\":\"lv-LV\"},{\"@type\":\"ImageObject\",\"@id\":\"https:\/\/vienibaspsk.lv\/index.php\/pasnovertejuma-zinojums\/#primaryimage\",\"inLanguage\":\"lv-LV\",\"url\":\"https:\/\/vienibaspsk.lv\/wp-content\/uploads\/2021\/09\/free-pdf-file-icon-2614-thumb.png\",\"contentUrl\":\"https:\/\/vienibaspsk.lv\/wp-content\/uploads\/2021\/09\/free-pdf-file-icon-2614-thumb.png\",\"width\":512,\"height\":512,\"caption\":\"pdf fails\"},{\"@type\":\"WebPage\",\"@id\":\"https:\/\/vienibaspsk.lv\/index.php\/pasnovertejuma-zinojums\/#webpage\",\"url\":\"https:\/\/vienibaspsk.lv\/index.php\/pasnovertejuma-zinojums\/\",\"name\":\"Pa\u0161nov\u0113rt\u0113juma zi\u0146ojums - Daugavpils Vien\u012bbas pamatskola\",\"isPartOf\":{\"@id\":\"https:\/\/vienibaspsk.lv\/#website\"},\"primaryImageOfPage\":{\"@id\":\"https:\/\/vienibaspsk.lv\/index.php\/pasnovertejuma-zinojums\/#primaryimage\"},\"datePublished\":\"2024-10-01T06:14:48+00:00\",\"dateModified\":\"2025-09-12T07:51:06+00:00\",\"breadcrumb\":{\"@id\":\"https:\/\/vienibaspsk.lv\/index.php\/pasnovertejuma-zinojums\/#breadcrumb\"},\"inLanguage\":\"lv-LV\",\"potentialAction\":[{\"@type\":\"ReadAction\",\"target\":[\"https:\/\/vienibaspsk.lv\/index.php\/pasnovertejuma-zinojums\/\"]}]},{\"@type\":\"BreadcrumbList\",\"@id\":\"https:\/\/vienibaspsk.lv\/index.php\/pasnovertejuma-zinojums\/#breadcrumb\",\"itemListElement\":[{\"@type\":\"ListItem\",\"position\":1,\"name\":\"Galven\u0101\",\"item\":\"https:\/\/vienibaspsk.lv\/\"},{\"@type\":\"ListItem\",\"position\":2,\"name\":\"Pa\u0161nov\u0113rt\u0113juma zi\u0146ojums\"}]}]}<\/script>\n<!-- \/ Yoast SEO plugin. -->","yoast_head_json":{"title":"Pa\u0161nov\u0113rt\u0113juma zi\u0146ojums - Daugavpils Vien\u012bbas pamatskola","robots":{"index":"index","follow":"follow","max-snippet":"max-snippet:-1","max-image-preview":"max-image-preview:large","max-video-preview":"max-video-preview:-1"},"canonical":"https:\/\/vienibaspsk.lv\/index.php\/pasnovertejuma-zinojums\/","og_locale":"lv_LV","og_type":"article","og_title":"Pa\u0161nov\u0113rt\u0113juma zi\u0146ojums - Daugavpils Vien\u012bbas pamatskola","og_description":"Daugavpils Vien\u012bbas pamatskolas pa\u0161nov\u0113rt\u0113juma zi\u0146ojums 2024\/2025 Daugavpils Vien\u012bbas pamatskolas pa\u0161nov\u0113rt\u0113juma zi\u0146ojums 2023\/2024 Daugavpils Vien\u012bbas pamatskolas pa\u0161nov\u0113rt\u0113juma zi\u0146ojums 2022\/2023 Daugavpils Vien\u012bbas pamatskolas pa\u0161nov\u0113rt\u0113juma zi\u0146ojums 2021\/2022 Daugavpils Vien\u012bbas pamatskolas pa\u0161nov\u0113rt\u0113juma zi\u0146ojums 2020\/2021","og_url":"https:\/\/vienibaspsk.lv\/index.php\/pasnovertejuma-zinojums\/","og_site_name":"Daugavpils Vien\u012bbas pamatskola","article_modified_time":"2025-09-12T07:51:06+00:00","og_image":[{"url":"https:\/\/vienibaspsk.lv\/wp-content\/uploads\/2021\/09\/free-pdf-file-icon-2614-thumb-300x300.png"}],"twitter_card":"summary_large_image","schema":{"@context":"https:\/\/schema.org","@graph":[{"@type":"WebSite","@id":"https:\/\/vienibaspsk.lv\/#website","url":"https:\/\/vienibaspsk.lv\/","name":"Daugavpils Vien\u012bbas pamatskola","description":"","potentialAction":[{"@type":"SearchAction","target":{"@type":"EntryPoint","urlTemplate":"https:\/\/vienibaspsk.lv\/?s={search_term_string}"},"query-input":"required name=search_term_string"}],"inLanguage":"lv-LV"},{"@type":"ImageObject","@id":"https:\/\/vienibaspsk.lv\/index.php\/pasnovertejuma-zinojums\/#primaryimage","inLanguage":"lv-LV","url":"https:\/\/vienibaspsk.lv\/wp-content\/uploads\/2021\/09\/free-pdf-file-icon-2614-thumb.png","contentUrl":"https:\/\/vienibaspsk.lv\/wp-content\/uploads\/2021\/09\/free-pdf-file-icon-2614-thumb.png","width":512,"height":512,"caption":"pdf fails"},{"@type":"WebPage","@id":"https:\/\/vienibaspsk.lv\/index.php\/pasnovertejuma-zinojums\/#webpage","url":"https:\/\/vienibaspsk.lv\/index.php\/pasnovertejuma-zinojums\/","name":"Pa\u0161nov\u0113rt\u0113juma zi\u0146ojums - Daugavpils Vien\u012bbas pamatskola","isPartOf":{"@id":"https:\/\/vienibaspsk.lv\/#website"},"primaryImageOfPage":{"@id":"https:\/\/vienibaspsk.lv\/index.php\/pasnovertejuma-zinojums\/#primaryimage"},"datePublished":"2024-10-01T06:14:48+00:00","dateModified":"2025-09-12T07:51:06+00:00","breadcrumb":{"@id":"https:\/\/vienibaspsk.lv\/index.php\/pasnovertejuma-zinojums\/#breadcrumb"},"inLanguage":"lv-LV","potentialAction":[{"@type":"ReadAction","target":["https:\/\/vienibaspsk.lv\/index.php\/pasnovertejuma-zinojums\/"]}]},{"@type":"BreadcrumbList","@id":"https:\/\/vienibaspsk.lv\/index.php\/pasnovertejuma-zinojums\/#breadcrumb","itemListElement":[{"@type":"ListItem","position":1,"name":"Galven\u0101","item":"https:\/\/vienibaspsk.lv\/"},{"@type":"ListItem","position":2,"name":"Pa\u0161nov\u0113rt\u0113juma zi\u0146ojums"}]}]}},"_links":{"self":[{"href":"https:\/\/vienibaspsk.lv\/index.php\/wp-json\/wp\/v2\/pages\/8749","targetHints":{"allow":["GET"]}}],"collection":[{"href":"https:\/\/vienibaspsk.lv\/index.php\/wp-json\/wp\/v2\/pages"}],"about":[{"href":"https:\/\/vienibaspsk.lv\/index.php\/wp-json\/wp\/v2\/types\/page"}],"author":[{"embeddable":true,"href":"https:\/\/vienibaspsk.lv\/index.php\/wp-json\/wp\/v2\/users\/2"}],"replies":[{"embeddable":true,"href":"https:\/\/vienibaspsk.lv\/index.php\/wp-json\/wp\/v2\/comments?post=8749"}],"version-history":[{"count":4,"href":"https:\/\/vienibaspsk.lv\/index.php\/wp-json\/wp\/v2\/pages\/8749\/revisions"}],"predecessor-version":[{"id":10647,"href":"https:\/\/vienibaspsk.lv\/index.php\/wp-json\/wp\/v2\/pages\/8749\/revisions\/10647"}],"wp:attachment":[{"href":"https:\/\/vienibaspsk.lv\/index.php\/wp-json\/wp\/v2\/media?parent=8749"}],"curies":[{"name":"wp","href":"https:\/\/api.w.org\/{rel}","templated":true}]}}