{"id":6774,"date":"2023-09-04T10:21:29","date_gmt":"2023-09-04T07:21:29","guid":{"rendered":"https:\/\/vienibaspsk.lv\/?page_id=6774"},"modified":"2023-11-28T16:16:37","modified_gmt":"2023-11-28T14:16:37","slug":"2009-2019-macibu-gads","status":"publish","type":"page","link":"https:\/\/vienibaspsk.lv\/index.php\/2009-2019-macibu-gads\/","title":{"rendered":"2009. &#8211; 2019. m\u0101c\u012bbu gadi"},"content":{"rendered":"<div class=\"page-header\">\n<div class=\"container\">\n<h1 class=\"page-title\"><a href=\"https:\/\/vienibaspsk.lv\/index.php\/category\/2009-2010-macibu-gads\/\"><strong>2009. \u2013 2010. M\u0100C\u012aBU GADS<\/strong><\/a><\/h1>\n<\/div>\n<\/div>\n<div class=\"page-header\">\n<div class=\"container\">\n<h1 class=\"page-title\"><a href=\"https:\/\/vienibaspsk.lv\/index.php\/category\/2010-2011-macibu-gads\/\"><strong>2010. \u2013 2011. M\u0100C\u012aBU GADS<\/strong><\/a><\/h1>\n<\/div>\n<\/div>\n<div class=\"page-header\">\n<div class=\"container\">\n<h1 class=\"page-title\"><a href=\"https:\/\/vienibaspsk.lv\/index.php\/category\/2011-2012-macibu-gads\/\"><strong>2011. \u2013 2012. M\u0100C\u012aBU GADS<\/strong><\/a><\/h1>\n<\/div>\n<\/div>\n<div class=\"page-header\">\n<div class=\"container\">\n<h1 class=\"page-title\"><a href=\"https:\/\/vienibaspsk.lv\/index.php\/category\/2012-2013-macibu-gads\/\"><strong>2012. \u2013 2013. M\u0100C\u012aBU GADS<\/strong><\/a><\/h1>\n<\/div>\n<\/div>\n<div class=\"page-header\">\n<div class=\"container\">\n<h1 class=\"page-title\"><a href=\"https:\/\/vienibaspsk.lv\/index.php\/category\/2013-2014-macibu-gads\/\"><strong>2013. \u2013 2014. M\u0100C\u012aBU GADS<\/strong><\/a><\/h1>\n<\/div>\n<\/div>\n<div class=\"page-header\">\n<div class=\"container\">\n<h1 class=\"page-title\"><a href=\"https:\/\/vienibaspsk.lv\/index.php\/category\/2014-2015-macibu-gads\/\"><strong>2014. \u2013 2015. M\u0100C\u012aBU GADS<\/strong><\/a><\/h1>\n<\/div>\n<\/div>\n<div class=\"page-header\">\n<div class=\"container\">\n<h1 class=\"page-title\"><a href=\"https:\/\/vienibaspsk.lv\/index.php\/category\/2015-2016-macibu-gads\/\"><strong>2015. \u2013 2016. M\u0100C\u012aBU GADS<\/strong><\/a><\/h1>\n<\/div>\n<\/div>\n<div class=\"page-header\">\n<div class=\"container\">\n<h1 class=\"page-title\"><a href=\"https:\/\/vienibaspsk.lv\/index.php\/category\/2016-2017-macibu-gads\/\"><strong>2016. \u2013 2017. M\u0100C\u012aBU GADS<\/strong><\/a><\/h1>\n<\/div>\n<\/div>\n<div class=\"page-header\">\n<div class=\"container\">\n<h1 class=\"page-title\"><a href=\"https:\/\/vienibaspsk.lv\/index.php\/category\/2017-2018-macibu-gads\/\"><strong>2017. \u2013 2018. M\u0100C\u012aBU GADS<\/strong><\/a><\/h1>\n<\/div>\n<\/div>\n<div class=\"page-header\">\n<div class=\"container\">\n<h1 class=\"page-title\"><a href=\"https:\/\/vienibaspsk.lv\/index.php\/category\/2018-2019-macibu-gads\/\"><strong>2018. \u2013 2019. M\u0100C\u012aBU GADS<\/strong><\/a><\/h1>\n<\/div>\n<\/div>\n","protected":false},"excerpt":{"rendered":"<p>2009. \u2013 2010. M\u0100C\u012aBU GADS 2010. \u2013 2011. M\u0100C\u012aBU GADS 2011. \u2013 2012. M\u0100C\u012aBU GADS 2012. \u2013 2013. M\u0100C\u012aBU GADS 2013. \u2013 2014. M\u0100C\u012aBU GADS 2014. \u2013 2015. M\u0100C\u012aBU GADS &#8230;<\/p>\n","protected":false},"author":2,"featured_media":3017,"parent":0,"menu_order":0,"comment_status":"closed","ping_status":"closed","template":"","meta":{"_lmt_disableupdate":"no","_lmt_disable":"","ngg_post_thumbnail":0,"footnotes":""},"class_list":["post-6774","page","type-page","status-publish","has-post-thumbnail","hentry"],"yoast_head":"<!-- This site is optimized with the Yoast SEO plugin v18.3 - https:\/\/yoast.com\/wordpress\/plugins\/seo\/ -->\n<title>2009. - 2019. m\u0101c\u012bbu gadi - Daugavpils Vien\u012bbas pamatskola<\/title>\n<meta name=\"robots\" content=\"index, follow, max-snippet:-1, max-image-preview:large, max-video-preview:-1\" \/>\n<link rel=\"canonical\" href=\"https:\/\/vienibaspsk.lv\/index.php\/2009-2019-macibu-gads\/\" \/>\n<meta property=\"og:locale\" content=\"lv_LV\" \/>\n<meta property=\"og:type\" content=\"article\" \/>\n<meta property=\"og:title\" content=\"2009. - 2019. m\u0101c\u012bbu gadi - Daugavpils Vien\u012bbas pamatskola\" \/>\n<meta property=\"og:description\" content=\"2009. \u2013 2010. M\u0100C\u012aBU GADS 2010. \u2013 2011. M\u0100C\u012aBU GADS 2011. \u2013 2012. M\u0100C\u012aBU GADS 2012. \u2013 2013. M\u0100C\u012aBU GADS 2013. \u2013 2014. M\u0100C\u012aBU GADS 2014. \u2013 2015. M\u0100C\u012aBU GADS ...\" \/>\n<meta property=\"og:url\" content=\"https:\/\/vienibaspsk.lv\/index.php\/2009-2019-macibu-gads\/\" \/>\n<meta property=\"og:site_name\" content=\"Daugavpils Vien\u012bbas pamatskola\" \/>\n<meta property=\"article:modified_time\" content=\"2023-11-28T14:16:37+00:00\" \/>\n<meta property=\"og:image\" content=\"https:\/\/vienibaspsk.lv\/wp-content\/uploads\/2021\/05\/default_featureimage.jpg\" \/>\n\t<meta property=\"og:image:width\" content=\"800\" \/>\n\t<meta property=\"og:image:height\" content=\"400\" \/>\n\t<meta property=\"og:image:type\" content=\"image\/jpeg\" \/>\n<meta name=\"twitter:card\" content=\"summary_large_image\" \/>\n<script type=\"application\/ld+json\" class=\"yoast-schema-graph\">{\"@context\":\"https:\/\/schema.org\",\"@graph\":[{\"@type\":\"WebSite\",\"@id\":\"https:\/\/vienibaspsk.lv\/#website\",\"url\":\"https:\/\/vienibaspsk.lv\/\",\"name\":\"Daugavpils Vien\u012bbas pamatskola\",\"description\":\"\",\"potentialAction\":[{\"@type\":\"SearchAction\",\"target\":{\"@type\":\"EntryPoint\",\"urlTemplate\":\"https:\/\/vienibaspsk.lv\/?s={search_term_string}\"},\"query-input\":\"required name=search_term_string\"}],\"inLanguage\":\"lv-LV\"},{\"@type\":\"ImageObject\",\"@id\":\"https:\/\/vienibaspsk.lv\/index.php\/2009-2019-macibu-gads\/#primaryimage\",\"inLanguage\":\"lv-LV\",\"url\":\"https:\/\/vienibaspsk.lv\/wp-content\/uploads\/2021\/05\/default_featureimage.jpg\",\"contentUrl\":\"https:\/\/vienibaspsk.lv\/wp-content\/uploads\/2021\/05\/default_featureimage.jpg\",\"width\":800,\"height\":400,\"caption\":\"Daugavpils Vien\u012bbas pamatskolas logo\"},{\"@type\":\"WebPage\",\"@id\":\"https:\/\/vienibaspsk.lv\/index.php\/2009-2019-macibu-gads\/#webpage\",\"url\":\"https:\/\/vienibaspsk.lv\/index.php\/2009-2019-macibu-gads\/\",\"name\":\"2009. - 2019. m\u0101c\u012bbu gadi - Daugavpils Vien\u012bbas pamatskola\",\"isPartOf\":{\"@id\":\"https:\/\/vienibaspsk.lv\/#website\"},\"primaryImageOfPage\":{\"@id\":\"https:\/\/vienibaspsk.lv\/index.php\/2009-2019-macibu-gads\/#primaryimage\"},\"datePublished\":\"2023-09-04T07:21:29+00:00\",\"dateModified\":\"2023-11-28T14:16:37+00:00\",\"breadcrumb\":{\"@id\":\"https:\/\/vienibaspsk.lv\/index.php\/2009-2019-macibu-gads\/#breadcrumb\"},\"inLanguage\":\"lv-LV\",\"potentialAction\":[{\"@type\":\"ReadAction\",\"target\":[\"https:\/\/vienibaspsk.lv\/index.php\/2009-2019-macibu-gads\/\"]}]},{\"@type\":\"BreadcrumbList\",\"@id\":\"https:\/\/vienibaspsk.lv\/index.php\/2009-2019-macibu-gads\/#breadcrumb\",\"itemListElement\":[{\"@type\":\"ListItem\",\"position\":1,\"name\":\"Galven\u0101\",\"item\":\"https:\/\/vienibaspsk.lv\/\"},{\"@type\":\"ListItem\",\"position\":2,\"name\":\"2009. &#8211; 2019. m\u0101c\u012bbu gadi\"}]}]}<\/script>\n<!-- \/ Yoast SEO plugin. -->","yoast_head_json":{"title":"2009. - 2019. m\u0101c\u012bbu gadi - Daugavpils Vien\u012bbas pamatskola","robots":{"index":"index","follow":"follow","max-snippet":"max-snippet:-1","max-image-preview":"max-image-preview:large","max-video-preview":"max-video-preview:-1"},"canonical":"https:\/\/vienibaspsk.lv\/index.php\/2009-2019-macibu-gads\/","og_locale":"lv_LV","og_type":"article","og_title":"2009. - 2019. m\u0101c\u012bbu gadi - Daugavpils Vien\u012bbas pamatskola","og_description":"2009. \u2013 2010. M\u0100C\u012aBU GADS 2010. \u2013 2011. M\u0100C\u012aBU GADS 2011. \u2013 2012. M\u0100C\u012aBU GADS 2012. \u2013 2013. M\u0100C\u012aBU GADS 2013. \u2013 2014. M\u0100C\u012aBU GADS 2014. \u2013 2015. M\u0100C\u012aBU GADS ...","og_url":"https:\/\/vienibaspsk.lv\/index.php\/2009-2019-macibu-gads\/","og_site_name":"Daugavpils Vien\u012bbas pamatskola","article_modified_time":"2023-11-28T14:16:37+00:00","og_image":[{"width":800,"height":400,"url":"https:\/\/vienibaspsk.lv\/wp-content\/uploads\/2021\/05\/default_featureimage.jpg","type":"image\/jpeg"}],"twitter_card":"summary_large_image","schema":{"@context":"https:\/\/schema.org","@graph":[{"@type":"WebSite","@id":"https:\/\/vienibaspsk.lv\/#website","url":"https:\/\/vienibaspsk.lv\/","name":"Daugavpils Vien\u012bbas pamatskola","description":"","potentialAction":[{"@type":"SearchAction","target":{"@type":"EntryPoint","urlTemplate":"https:\/\/vienibaspsk.lv\/?s={search_term_string}"},"query-input":"required name=search_term_string"}],"inLanguage":"lv-LV"},{"@type":"ImageObject","@id":"https:\/\/vienibaspsk.lv\/index.php\/2009-2019-macibu-gads\/#primaryimage","inLanguage":"lv-LV","url":"https:\/\/vienibaspsk.lv\/wp-content\/uploads\/2021\/05\/default_featureimage.jpg","contentUrl":"https:\/\/vienibaspsk.lv\/wp-content\/uploads\/2021\/05\/default_featureimage.jpg","width":800,"height":400,"caption":"Daugavpils Vien\u012bbas pamatskolas logo"},{"@type":"WebPage","@id":"https:\/\/vienibaspsk.lv\/index.php\/2009-2019-macibu-gads\/#webpage","url":"https:\/\/vienibaspsk.lv\/index.php\/2009-2019-macibu-gads\/","name":"2009. - 2019. m\u0101c\u012bbu gadi - Daugavpils Vien\u012bbas pamatskola","isPartOf":{"@id":"https:\/\/vienibaspsk.lv\/#website"},"primaryImageOfPage":{"@id":"https:\/\/vienibaspsk.lv\/index.php\/2009-2019-macibu-gads\/#primaryimage"},"datePublished":"2023-09-04T07:21:29+00:00","dateModified":"2023-11-28T14:16:37+00:00","breadcrumb":{"@id":"https:\/\/vienibaspsk.lv\/index.php\/2009-2019-macibu-gads\/#breadcrumb"},"inLanguage":"lv-LV","potentialAction":[{"@type":"ReadAction","target":["https:\/\/vienibaspsk.lv\/index.php\/2009-2019-macibu-gads\/"]}]},{"@type":"BreadcrumbList","@id":"https:\/\/vienibaspsk.lv\/index.php\/2009-2019-macibu-gads\/#breadcrumb","itemListElement":[{"@type":"ListItem","position":1,"name":"Galven\u0101","item":"https:\/\/vienibaspsk.lv\/"},{"@type":"ListItem","position":2,"name":"2009. &#8211; 2019. m\u0101c\u012bbu gadi"}]}]}},"_links":{"self":[{"href":"https:\/\/vienibaspsk.lv\/index.php\/wp-json\/wp\/v2\/pages\/6774","targetHints":{"allow":["GET"]}}],"collection":[{"href":"https:\/\/vienibaspsk.lv\/index.php\/wp-json\/wp\/v2\/pages"}],"about":[{"href":"https:\/\/vienibaspsk.lv\/index.php\/wp-json\/wp\/v2\/types\/page"}],"author":[{"embeddable":true,"href":"https:\/\/vienibaspsk.lv\/index.php\/wp-json\/wp\/v2\/users\/2"}],"replies":[{"embeddable":true,"href":"https:\/\/vienibaspsk.lv\/index.php\/wp-json\/wp\/v2\/comments?post=6774"}],"version-history":[{"count":8,"href":"https:\/\/vienibaspsk.lv\/index.php\/wp-json\/wp\/v2\/pages\/6774\/revisions"}],"predecessor-version":[{"id":7590,"href":"https:\/\/vienibaspsk.lv\/index.php\/wp-json\/wp\/v2\/pages\/6774\/revisions\/7590"}],"wp:featuredmedia":[{"embeddable":true,"href":"https:\/\/vienibaspsk.lv\/index.php\/wp-json\/wp\/v2\/media\/3017"}],"wp:attachment":[{"href":"https:\/\/vienibaspsk.lv\/index.php\/wp-json\/wp\/v2\/media?parent=6774"}],"curies":[{"name":"wp","href":"https:\/\/api.w.org\/{rel}","templated":true}]}}