{"id":442,"date":"2020-08-17T06:11:06","date_gmt":"2020-08-17T06:11:06","guid":{"rendered":"http:\/\/vienibaspsk.lv\/wordpress\/?page_id=442"},"modified":"2025-12-02T09:32:51","modified_gmt":"2025-12-02T07:32:51","slug":"atbalsts-pozitivai-uzvedibai-komanda","status":"publish","type":"page","link":"https:\/\/vienibaspsk.lv\/index.php\/par-skolu\/atbalsts-pozitivai-uzvedibai\/atbalsts-pozitivai-uzvedibai-komanda\/","title":{"rendered":"&#8220;Atbalsts pozit\u012bvai uzved\u012bbai&#8221; komanda"},"content":{"rendered":"\r\n<p>1. <strong>Ruta Anspoka<\/strong>&#8211; skolas direktore<\/p>\r\n\r\n\r\n\r\n<p>2.&nbsp;<strong>\u0112rika Locika<\/strong>&nbsp;\u2013 direktores vietniece audzin\u0101\u0161anas jom\u0101<\/p>\r\n\r\n\r\n\r\n<p>3.&nbsp;<strong>Al\u012bna Ivanova<\/strong>&nbsp;&#8211; direktores vietniece inform\u0101tikas jom\u0101<\/p>\r\n\r\n\r\n\r\n<p>4.<strong>Tatjana Laiz\u0101ne<\/strong>&nbsp;\u2013 psiholo\u0123e<\/p>\r\n\r\n\r\n\r\n<p>5.&nbsp;<strong>Ne\u013ca Ivanovska<\/strong>&nbsp;\u2013 soci\u0101l\u0101 pedago\u0123e<\/p>\r\n\r\n\r\n\r\n<p>6.&nbsp;<strong>Je\u013cena Celma<\/strong>&nbsp;\u2013 bibliotek\u0101re, pamatskolas skolot\u0101ja<\/p>\r\n\r\n\r\n\r\n\r\n\r\n<figure class=\"wp-block-table\">\r\n<table>\r\n<tbody>\r\n<tr>\r\n<td>&nbsp;<\/td>\r\n<\/tr>\r\n<\/tbody>\r\n<\/table>\r\n<\/figure>\r\n","protected":false},"excerpt":{"rendered":"<p>1. Ruta Anspoka&#8211; skolas direktore 2.&nbsp;\u0112rika Locika&nbsp;\u2013 direktores vietniece audzin\u0101\u0161anas jom\u0101 3.&nbsp;Al\u012bna Ivanova&nbsp;&#8211; direktores vietniece inform\u0101tikas jom\u0101 4.Tatjana Laiz\u0101ne&nbsp;\u2013 psiholo\u0123e 5.&nbsp;Ne\u013ca Ivanovska&nbsp;\u2013 soci\u0101l\u0101 pedago\u0123e 6.&nbsp;Je\u013cena Celma&nbsp;\u2013 bibliotek\u0101re, pamatskolas skolot\u0101ja &nbsp;<\/p>\n","protected":false},"author":2,"featured_media":0,"parent":441,"menu_order":0,"comment_status":"closed","ping_status":"closed","template":"","meta":{"_lmt_disableupdate":"no","_lmt_disable":"","ngg_post_thumbnail":0,"footnotes":""},"class_list":["post-442","page","type-page","status-publish","hentry"],"yoast_head":"<!-- This site is optimized with the Yoast SEO plugin v18.3 - https:\/\/yoast.com\/wordpress\/plugins\/seo\/ -->\n<title>&quot;Atbalsts pozit\u012bvai uzved\u012bbai&quot; komanda - Daugavpils Vien\u012bbas pamatskola<\/title>\n<meta name=\"robots\" content=\"index, follow, max-snippet:-1, max-image-preview:large, max-video-preview:-1\" \/>\n<link rel=\"canonical\" href=\"https:\/\/vienibaspsk.lv\/index.php\/par-skolu\/atbalsts-pozitivai-uzvedibai\/atbalsts-pozitivai-uzvedibai-komanda\/\" \/>\n<meta property=\"og:locale\" content=\"lv_LV\" \/>\n<meta property=\"og:type\" content=\"article\" \/>\n<meta property=\"og:title\" content=\"&quot;Atbalsts pozit\u012bvai uzved\u012bbai&quot; komanda - Daugavpils Vien\u012bbas pamatskola\" \/>\n<meta property=\"og:description\" content=\"1. Ruta Anspoka&#8211; skolas direktore 2.&nbsp;\u0112rika Locika&nbsp;\u2013 direktores vietniece audzin\u0101\u0161anas jom\u0101 3.&nbsp;Al\u012bna Ivanova&nbsp;&#8211; direktores vietniece inform\u0101tikas jom\u0101 4.Tatjana Laiz\u0101ne&nbsp;\u2013 psiholo\u0123e 5.&nbsp;Ne\u013ca Ivanovska&nbsp;\u2013 soci\u0101l\u0101 pedago\u0123e 6.&nbsp;Je\u013cena Celma&nbsp;\u2013 bibliotek\u0101re, pamatskolas skolot\u0101ja &nbsp;\" \/>\n<meta property=\"og:url\" content=\"https:\/\/vienibaspsk.lv\/index.php\/par-skolu\/atbalsts-pozitivai-uzvedibai\/atbalsts-pozitivai-uzvedibai-komanda\/\" \/>\n<meta property=\"og:site_name\" content=\"Daugavpils Vien\u012bbas pamatskola\" \/>\n<meta property=\"article:modified_time\" content=\"2025-12-02T07:32:51+00:00\" \/>\n<meta name=\"twitter:card\" content=\"summary_large_image\" \/>\n<script type=\"application\/ld+json\" class=\"yoast-schema-graph\">{\"@context\":\"https:\/\/schema.org\",\"@graph\":[{\"@type\":\"WebSite\",\"@id\":\"https:\/\/vienibaspsk.lv\/#website\",\"url\":\"https:\/\/vienibaspsk.lv\/\",\"name\":\"Daugavpils Vien\u012bbas pamatskola\",\"description\":\"\",\"potentialAction\":[{\"@type\":\"SearchAction\",\"target\":{\"@type\":\"EntryPoint\",\"urlTemplate\":\"https:\/\/vienibaspsk.lv\/?s={search_term_string}\"},\"query-input\":\"required name=search_term_string\"}],\"inLanguage\":\"lv-LV\"},{\"@type\":\"WebPage\",\"@id\":\"https:\/\/vienibaspsk.lv\/index.php\/par-skolu\/atbalsts-pozitivai-uzvedibai\/atbalsts-pozitivai-uzvedibai-komanda\/#webpage\",\"url\":\"https:\/\/vienibaspsk.lv\/index.php\/par-skolu\/atbalsts-pozitivai-uzvedibai\/atbalsts-pozitivai-uzvedibai-komanda\/\",\"name\":\"\\\"Atbalsts pozit\u012bvai uzved\u012bbai\\\" komanda - Daugavpils Vien\u012bbas pamatskola\",\"isPartOf\":{\"@id\":\"https:\/\/vienibaspsk.lv\/#website\"},\"datePublished\":\"2020-08-17T06:11:06+00:00\",\"dateModified\":\"2025-12-02T07:32:51+00:00\",\"breadcrumb\":{\"@id\":\"https:\/\/vienibaspsk.lv\/index.php\/par-skolu\/atbalsts-pozitivai-uzvedibai\/atbalsts-pozitivai-uzvedibai-komanda\/#breadcrumb\"},\"inLanguage\":\"lv-LV\",\"potentialAction\":[{\"@type\":\"ReadAction\",\"target\":[\"https:\/\/vienibaspsk.lv\/index.php\/par-skolu\/atbalsts-pozitivai-uzvedibai\/atbalsts-pozitivai-uzvedibai-komanda\/\"]}]},{\"@type\":\"BreadcrumbList\",\"@id\":\"https:\/\/vienibaspsk.lv\/index.php\/par-skolu\/atbalsts-pozitivai-uzvedibai\/atbalsts-pozitivai-uzvedibai-komanda\/#breadcrumb\",\"itemListElement\":[{\"@type\":\"ListItem\",\"position\":1,\"name\":\"Galven\u0101\",\"item\":\"https:\/\/vienibaspsk.lv\/\"},{\"@type\":\"ListItem\",\"position\":2,\"name\":\"Par skolu\",\"item\":\"https:\/\/vienibaspsk.lv\/index.php\/par-skolu\/\"},{\"@type\":\"ListItem\",\"position\":3,\"name\":\"Atbalsts pozit\u012bvai uzved\u012bbai\",\"item\":\"https:\/\/vienibaspsk.lv\/index.php\/par-skolu\/atbalsts-pozitivai-uzvedibai\/\"},{\"@type\":\"ListItem\",\"position\":4,\"name\":\"&#8220;Atbalsts pozit\u012bvai uzved\u012bbai&#8221; komanda\"}]}]}<\/script>\n<!-- \/ Yoast SEO plugin. -->","yoast_head_json":{"title":"\"Atbalsts pozit\u012bvai uzved\u012bbai\" komanda - Daugavpils Vien\u012bbas pamatskola","robots":{"index":"index","follow":"follow","max-snippet":"max-snippet:-1","max-image-preview":"max-image-preview:large","max-video-preview":"max-video-preview:-1"},"canonical":"https:\/\/vienibaspsk.lv\/index.php\/par-skolu\/atbalsts-pozitivai-uzvedibai\/atbalsts-pozitivai-uzvedibai-komanda\/","og_locale":"lv_LV","og_type":"article","og_title":"\"Atbalsts pozit\u012bvai uzved\u012bbai\" komanda - Daugavpils Vien\u012bbas pamatskola","og_description":"1. Ruta Anspoka&#8211; skolas direktore 2.&nbsp;\u0112rika Locika&nbsp;\u2013 direktores vietniece audzin\u0101\u0161anas jom\u0101 3.&nbsp;Al\u012bna Ivanova&nbsp;&#8211; direktores vietniece inform\u0101tikas jom\u0101 4.Tatjana Laiz\u0101ne&nbsp;\u2013 psiholo\u0123e 5.&nbsp;Ne\u013ca Ivanovska&nbsp;\u2013 soci\u0101l\u0101 pedago\u0123e 6.&nbsp;Je\u013cena Celma&nbsp;\u2013 bibliotek\u0101re, pamatskolas skolot\u0101ja &nbsp;","og_url":"https:\/\/vienibaspsk.lv\/index.php\/par-skolu\/atbalsts-pozitivai-uzvedibai\/atbalsts-pozitivai-uzvedibai-komanda\/","og_site_name":"Daugavpils Vien\u012bbas pamatskola","article_modified_time":"2025-12-02T07:32:51+00:00","twitter_card":"summary_large_image","schema":{"@context":"https:\/\/schema.org","@graph":[{"@type":"WebSite","@id":"https:\/\/vienibaspsk.lv\/#website","url":"https:\/\/vienibaspsk.lv\/","name":"Daugavpils Vien\u012bbas pamatskola","description":"","potentialAction":[{"@type":"SearchAction","target":{"@type":"EntryPoint","urlTemplate":"https:\/\/vienibaspsk.lv\/?s={search_term_string}"},"query-input":"required name=search_term_string"}],"inLanguage":"lv-LV"},{"@type":"WebPage","@id":"https:\/\/vienibaspsk.lv\/index.php\/par-skolu\/atbalsts-pozitivai-uzvedibai\/atbalsts-pozitivai-uzvedibai-komanda\/#webpage","url":"https:\/\/vienibaspsk.lv\/index.php\/par-skolu\/atbalsts-pozitivai-uzvedibai\/atbalsts-pozitivai-uzvedibai-komanda\/","name":"\"Atbalsts pozit\u012bvai uzved\u012bbai\" komanda - Daugavpils Vien\u012bbas pamatskola","isPartOf":{"@id":"https:\/\/vienibaspsk.lv\/#website"},"datePublished":"2020-08-17T06:11:06+00:00","dateModified":"2025-12-02T07:32:51+00:00","breadcrumb":{"@id":"https:\/\/vienibaspsk.lv\/index.php\/par-skolu\/atbalsts-pozitivai-uzvedibai\/atbalsts-pozitivai-uzvedibai-komanda\/#breadcrumb"},"inLanguage":"lv-LV","potentialAction":[{"@type":"ReadAction","target":["https:\/\/vienibaspsk.lv\/index.php\/par-skolu\/atbalsts-pozitivai-uzvedibai\/atbalsts-pozitivai-uzvedibai-komanda\/"]}]},{"@type":"BreadcrumbList","@id":"https:\/\/vienibaspsk.lv\/index.php\/par-skolu\/atbalsts-pozitivai-uzvedibai\/atbalsts-pozitivai-uzvedibai-komanda\/#breadcrumb","itemListElement":[{"@type":"ListItem","position":1,"name":"Galven\u0101","item":"https:\/\/vienibaspsk.lv\/"},{"@type":"ListItem","position":2,"name":"Par skolu","item":"https:\/\/vienibaspsk.lv\/index.php\/par-skolu\/"},{"@type":"ListItem","position":3,"name":"Atbalsts pozit\u012bvai uzved\u012bbai","item":"https:\/\/vienibaspsk.lv\/index.php\/par-skolu\/atbalsts-pozitivai-uzvedibai\/"},{"@type":"ListItem","position":4,"name":"&#8220;Atbalsts pozit\u012bvai uzved\u012bbai&#8221; komanda"}]}]}},"_links":{"self":[{"href":"https:\/\/vienibaspsk.lv\/index.php\/wp-json\/wp\/v2\/pages\/442","targetHints":{"allow":["GET"]}}],"collection":[{"href":"https:\/\/vienibaspsk.lv\/index.php\/wp-json\/wp\/v2\/pages"}],"about":[{"href":"https:\/\/vienibaspsk.lv\/index.php\/wp-json\/wp\/v2\/types\/page"}],"author":[{"embeddable":true,"href":"https:\/\/vienibaspsk.lv\/index.php\/wp-json\/wp\/v2\/users\/2"}],"replies":[{"embeddable":true,"href":"https:\/\/vienibaspsk.lv\/index.php\/wp-json\/wp\/v2\/comments?post=442"}],"version-history":[{"count":3,"href":"https:\/\/vienibaspsk.lv\/index.php\/wp-json\/wp\/v2\/pages\/442\/revisions"}],"predecessor-version":[{"id":11424,"href":"https:\/\/vienibaspsk.lv\/index.php\/wp-json\/wp\/v2\/pages\/442\/revisions\/11424"}],"up":[{"embeddable":true,"href":"https:\/\/vienibaspsk.lv\/index.php\/wp-json\/wp\/v2\/pages\/441"}],"wp:attachment":[{"href":"https:\/\/vienibaspsk.lv\/index.php\/wp-json\/wp\/v2\/media?parent=442"}],"curies":[{"name":"wp","href":"https:\/\/api.w.org\/{rel}","templated":true}]}}