{"id":441,"date":"2020-08-17T06:11:38","date_gmt":"2020-08-17T06:11:38","guid":{"rendered":"http:\/\/vienibaspsk.lv\/wordpress\/?page_id=441"},"modified":"2020-09-15T08:41:43","modified_gmt":"2020-09-15T08:41:43","slug":"atbalsts-pozitivai-uzvedibai","status":"publish","type":"page","link":"https:\/\/vienibaspsk.lv\/index.php\/par-skolu\/atbalsts-pozitivai-uzvedibai\/","title":{"rendered":"Atbalsts pozit\u012bvai uzved\u012bbai"},"content":{"rendered":"\n<p><a href=\"https:\/\/vienibaspsk.lv\/index.php\/atbalsts-pozitivai-uzvedibai-komanda\/\">&#8220;Atbalsts pozit\u012bvai uzved\u012bbai&#8221; komanda<\/a><\/p>\n\n\n\n<p><a href=\"https:\/\/vienibaspsk.lv\/wp-content\/uploads\/2020\/08\/apu_drosibas_noteikumi.pdf\">Uzved\u012bbas noteikumi<\/a><\/p>\n\n\n\n<p><a href=\"https:\/\/vienibaspsk.lv\/wp-content\/uploads\/2020\/08\/APU_2018_2019.pdf\">Pozit\u012bvie pastiprin\u0101jumi<\/a><\/p>\n\n\n\n<p><a href=\"https:\/\/vienibaspsk.lv\/wp-content\/uploads\/2020\/08\/apu_parkapumi.pdf\">P\u0101rk\u0101pumu klasifik\u0101cija<\/a><\/p>\n\n\n\n<p><a href=\"https:\/\/vienibaspsk.lv\/wp-content\/uploads\/2020\/08\/apu_logika.pdf\">Lo\u0123isko seku piem\u0113ro\u0161anas sist\u0113ma<\/a><\/p>\n\n\n\n<p><\/p>\n","protected":false},"excerpt":{"rendered":"<p>&#8220;Atbalsts pozit\u012bvai uzved\u012bbai&#8221; komanda Uzved\u012bbas noteikumi Pozit\u012bvie pastiprin\u0101jumi P\u0101rk\u0101pumu klasifik\u0101cija Lo\u0123isko seku piem\u0113ro\u0161anas sist\u0113ma<\/p>\n","protected":false},"author":2,"featured_media":0,"parent":38,"menu_order":0,"comment_status":"closed","ping_status":"closed","template":"","meta":{"_lmt_disableupdate":"","_lmt_disable":"","ngg_post_thumbnail":0,"footnotes":""},"class_list":["post-441","page","type-page","status-publish","hentry"],"yoast_head":"<!-- This site is optimized with the Yoast SEO plugin v18.3 - https:\/\/yoast.com\/wordpress\/plugins\/seo\/ -->\n<title>Atbalsts pozit\u012bvai uzved\u012bbai - Daugavpils Vien\u012bbas pamatskola<\/title>\n<meta name=\"robots\" content=\"index, follow, max-snippet:-1, max-image-preview:large, max-video-preview:-1\" \/>\n<link rel=\"canonical\" href=\"https:\/\/vienibaspsk.lv\/index.php\/par-skolu\/atbalsts-pozitivai-uzvedibai\/\" \/>\n<meta property=\"og:locale\" content=\"lv_LV\" \/>\n<meta property=\"og:type\" content=\"article\" \/>\n<meta property=\"og:title\" content=\"Atbalsts pozit\u012bvai uzved\u012bbai - Daugavpils Vien\u012bbas pamatskola\" \/>\n<meta property=\"og:description\" content=\"&#8220;Atbalsts pozit\u012bvai uzved\u012bbai&#8221; komanda Uzved\u012bbas noteikumi Pozit\u012bvie pastiprin\u0101jumi P\u0101rk\u0101pumu klasifik\u0101cija Lo\u0123isko seku piem\u0113ro\u0161anas sist\u0113ma\" \/>\n<meta property=\"og:url\" content=\"https:\/\/vienibaspsk.lv\/index.php\/par-skolu\/atbalsts-pozitivai-uzvedibai\/\" \/>\n<meta property=\"og:site_name\" content=\"Daugavpils Vien\u012bbas pamatskola\" \/>\n<meta property=\"article:modified_time\" content=\"2020-09-15T08:41:43+00:00\" \/>\n<meta name=\"twitter:card\" content=\"summary_large_image\" \/>\n<script type=\"application\/ld+json\" class=\"yoast-schema-graph\">{\"@context\":\"https:\/\/schema.org\",\"@graph\":[{\"@type\":\"WebSite\",\"@id\":\"https:\/\/vienibaspsk.lv\/#website\",\"url\":\"https:\/\/vienibaspsk.lv\/\",\"name\":\"Daugavpils Vien\u012bbas pamatskola\",\"description\":\"\",\"potentialAction\":[{\"@type\":\"SearchAction\",\"target\":{\"@type\":\"EntryPoint\",\"urlTemplate\":\"https:\/\/vienibaspsk.lv\/?s={search_term_string}\"},\"query-input\":\"required name=search_term_string\"}],\"inLanguage\":\"lv-LV\"},{\"@type\":\"WebPage\",\"@id\":\"https:\/\/vienibaspsk.lv\/index.php\/par-skolu\/atbalsts-pozitivai-uzvedibai\/#webpage\",\"url\":\"https:\/\/vienibaspsk.lv\/index.php\/par-skolu\/atbalsts-pozitivai-uzvedibai\/\",\"name\":\"Atbalsts pozit\u012bvai uzved\u012bbai - Daugavpils Vien\u012bbas pamatskola\",\"isPartOf\":{\"@id\":\"https:\/\/vienibaspsk.lv\/#website\"},\"datePublished\":\"2020-08-17T06:11:38+00:00\",\"dateModified\":\"2020-09-15T08:41:43+00:00\",\"breadcrumb\":{\"@id\":\"https:\/\/vienibaspsk.lv\/index.php\/par-skolu\/atbalsts-pozitivai-uzvedibai\/#breadcrumb\"},\"inLanguage\":\"lv-LV\",\"potentialAction\":[{\"@type\":\"ReadAction\",\"target\":[\"https:\/\/vienibaspsk.lv\/index.php\/par-skolu\/atbalsts-pozitivai-uzvedibai\/\"]}]},{\"@type\":\"BreadcrumbList\",\"@id\":\"https:\/\/vienibaspsk.lv\/index.php\/par-skolu\/atbalsts-pozitivai-uzvedibai\/#breadcrumb\",\"itemListElement\":[{\"@type\":\"ListItem\",\"position\":1,\"name\":\"Galven\u0101\",\"item\":\"https:\/\/vienibaspsk.lv\/\"},{\"@type\":\"ListItem\",\"position\":2,\"name\":\"Par skolu\",\"item\":\"https:\/\/vienibaspsk.lv\/index.php\/par-skolu\/\"},{\"@type\":\"ListItem\",\"position\":3,\"name\":\"Atbalsts pozit\u012bvai uzved\u012bbai\"}]}]}<\/script>\n<!-- \/ Yoast SEO plugin. -->","yoast_head_json":{"title":"Atbalsts pozit\u012bvai uzved\u012bbai - Daugavpils Vien\u012bbas pamatskola","robots":{"index":"index","follow":"follow","max-snippet":"max-snippet:-1","max-image-preview":"max-image-preview:large","max-video-preview":"max-video-preview:-1"},"canonical":"https:\/\/vienibaspsk.lv\/index.php\/par-skolu\/atbalsts-pozitivai-uzvedibai\/","og_locale":"lv_LV","og_type":"article","og_title":"Atbalsts pozit\u012bvai uzved\u012bbai - Daugavpils Vien\u012bbas pamatskola","og_description":"&#8220;Atbalsts pozit\u012bvai uzved\u012bbai&#8221; komanda Uzved\u012bbas noteikumi Pozit\u012bvie pastiprin\u0101jumi P\u0101rk\u0101pumu klasifik\u0101cija Lo\u0123isko seku piem\u0113ro\u0161anas sist\u0113ma","og_url":"https:\/\/vienibaspsk.lv\/index.php\/par-skolu\/atbalsts-pozitivai-uzvedibai\/","og_site_name":"Daugavpils Vien\u012bbas pamatskola","article_modified_time":"2020-09-15T08:41:43+00:00","twitter_card":"summary_large_image","schema":{"@context":"https:\/\/schema.org","@graph":[{"@type":"WebSite","@id":"https:\/\/vienibaspsk.lv\/#website","url":"https:\/\/vienibaspsk.lv\/","name":"Daugavpils Vien\u012bbas pamatskola","description":"","potentialAction":[{"@type":"SearchAction","target":{"@type":"EntryPoint","urlTemplate":"https:\/\/vienibaspsk.lv\/?s={search_term_string}"},"query-input":"required name=search_term_string"}],"inLanguage":"lv-LV"},{"@type":"WebPage","@id":"https:\/\/vienibaspsk.lv\/index.php\/par-skolu\/atbalsts-pozitivai-uzvedibai\/#webpage","url":"https:\/\/vienibaspsk.lv\/index.php\/par-skolu\/atbalsts-pozitivai-uzvedibai\/","name":"Atbalsts pozit\u012bvai uzved\u012bbai - Daugavpils Vien\u012bbas pamatskola","isPartOf":{"@id":"https:\/\/vienibaspsk.lv\/#website"},"datePublished":"2020-08-17T06:11:38+00:00","dateModified":"2020-09-15T08:41:43+00:00","breadcrumb":{"@id":"https:\/\/vienibaspsk.lv\/index.php\/par-skolu\/atbalsts-pozitivai-uzvedibai\/#breadcrumb"},"inLanguage":"lv-LV","potentialAction":[{"@type":"ReadAction","target":["https:\/\/vienibaspsk.lv\/index.php\/par-skolu\/atbalsts-pozitivai-uzvedibai\/"]}]},{"@type":"BreadcrumbList","@id":"https:\/\/vienibaspsk.lv\/index.php\/par-skolu\/atbalsts-pozitivai-uzvedibai\/#breadcrumb","itemListElement":[{"@type":"ListItem","position":1,"name":"Galven\u0101","item":"https:\/\/vienibaspsk.lv\/"},{"@type":"ListItem","position":2,"name":"Par skolu","item":"https:\/\/vienibaspsk.lv\/index.php\/par-skolu\/"},{"@type":"ListItem","position":3,"name":"Atbalsts pozit\u012bvai uzved\u012bbai"}]}]}},"_links":{"self":[{"href":"https:\/\/vienibaspsk.lv\/index.php\/wp-json\/wp\/v2\/pages\/441","targetHints":{"allow":["GET"]}}],"collection":[{"href":"https:\/\/vienibaspsk.lv\/index.php\/wp-json\/wp\/v2\/pages"}],"about":[{"href":"https:\/\/vienibaspsk.lv\/index.php\/wp-json\/wp\/v2\/types\/page"}],"author":[{"embeddable":true,"href":"https:\/\/vienibaspsk.lv\/index.php\/wp-json\/wp\/v2\/users\/2"}],"replies":[{"embeddable":true,"href":"https:\/\/vienibaspsk.lv\/index.php\/wp-json\/wp\/v2\/comments?post=441"}],"version-history":[{"count":4,"href":"https:\/\/vienibaspsk.lv\/index.php\/wp-json\/wp\/v2\/pages\/441\/revisions"}],"predecessor-version":[{"id":971,"href":"https:\/\/vienibaspsk.lv\/index.php\/wp-json\/wp\/v2\/pages\/441\/revisions\/971"}],"up":[{"embeddable":true,"href":"https:\/\/vienibaspsk.lv\/index.php\/wp-json\/wp\/v2\/pages\/38"}],"wp:attachment":[{"href":"https:\/\/vienibaspsk.lv\/index.php\/wp-json\/wp\/v2\/media?parent=441"}],"curies":[{"name":"wp","href":"https:\/\/api.w.org\/{rel}","templated":true}]}}