{"id":420,"date":"2020-08-13T09:32:36","date_gmt":"2020-08-13T09:32:36","guid":{"rendered":"http:\/\/vienibaspsk.lv\/wordpress\/?page_id=420"},"modified":"2026-04-08T11:44:32","modified_gmt":"2026-04-08T08:44:32","slug":"informacija-vecakiem-2","status":"publish","type":"page","link":"https:\/\/vienibaspsk.lv\/index.php\/informacija-vecakiem-2\/","title":{"rendered":"Inform\u0101cija vec\u0101kiem"},"content":{"rendered":"\r\n<p>Telefoni sazi\u0146ai<\/p>\r\n<p>Skolas direktore \u2013 Ruta Anspoka &nbsp; &#8211;&nbsp;&nbsp; 65420449<br>Skolas m\u0101sa \u2013 Inese Oli\u0161evska &nbsp; &#8211;&nbsp;&nbsp; 65420508<br>Skolas lietvede \u2013 A\u013cona Sidorenko &nbsp; &#8211;&nbsp;&nbsp; 65420449&nbsp; vai 28445560<\/p>\r\n<p>&nbsp;<\/p>\r\n<table style=\"width: 75%; border-collapse: collapse; border-style: solid; border-color: #000000;\" cellspacing=\"0\" cellpadding=\"0\">\r\n<thead>\r\n<tr style=\"background-color: #f2cc9b;\">\r\n<td style=\"width: 50%; border-style: solid; border-color: #000000; text-align: center;\"><span style=\"font-size: 14pt;\"><strong><span style=\"color: #000000;\">M\u0101c\u012bbu stundu saraksts<\/span><\/strong><\/span><\/td>\r\n<td style=\"width: 50%; border-style: solid; border-color: #000000; text-align: center;\"><span style=\"font-size: 14pt;\"><strong><span style=\"color: #000000;\">M\u0101c\u012bbu stundu saraksts pirmssv\u0113ktu dien\u0101m<\/span><\/strong><\/span><\/td>\r\n<\/tr>\r\n<\/thead>\r\n<tbody>\r\n<tr>\r\n<td style=\"width: 50%; border-style: solid; border-color: #000000; text-align: left;\">\r\n<ol style=\"color: #000000; font-size: 14pt;\" start=\"0\">\r\n<li style=\"margin-left: 0pt; text-align: center;\"><span style=\"color: #000000; font-size: 14pt;\">08:00 &#8211; 08:40<\/span><\/li>\r\n<li style=\"margin-left: 0pt; text-align: center;\"><span style=\"color: #000000; font-size: 14pt;\">08:50 &#8211; 09:30<\/span><\/li>\r\n<li style=\"margin-left: 0pt; text-align: center;\"><span style=\"color: #000000; font-size: 14pt;\">09:40 &#8211; 10:20<\/span><\/li>\r\n<li style=\"margin-left: 0pt; text-align: center;\"><span style=\"color: #000000; font-size: 14pt;\">10:30 &#8211; 11:10<\/span><\/li>\r\n<li style=\"margin-left: 0pt; text-align: center;\"><span style=\"color: #000000; font-size: 14pt;\">11:30 &#8211; 12:10<\/span><\/li>\r\n<li style=\"margin-left: 0pt; text-align: center;\"><span style=\"color: #000000; font-size: 14pt;\">12:40 &#8211; 13:20<\/span><\/li>\r\n<li style=\"margin-left: 0pt; text-align: center;\"><span style=\"color: #000000; font-size: 14pt;\">13:50 &#8211; 14:30<\/span><\/li>\r\n<li style=\"margin-left: 0pt; text-align: center;\"><span style=\"color: #000000; font-size: 14pt;\">14:40 &#8211; 15:20<\/span><\/li>\r\n<li style=\"margin-left: 0pt; text-align: center;\"><span style=\"color: #000000; font-size: 14pt;\">15:30 &#8211; 16:10<\/span><\/li>\r\n<\/ol>\r\n<\/td>\r\n<td style=\"width: 50%; border-style: solid; border-color: #000000; text-align: left;\">\r\n<ol style=\"color: #000000; font-size: 14pt;\" start=\"0\">\r\n<li style=\"margin-left: 0pt; text-align: center;\"><span style=\"color: #000000; font-size: 14pt;\">08:10 &#8211; 08:40<\/span><\/li>\r\n<li style=\"margin-left: 0pt; text-align: center;\"><span style=\"color: #000000; font-size: 14pt;\">08:50 &#8211; 09:20<\/span><\/li>\r\n<li style=\"margin-left: 0pt; text-align: center;\"><span style=\"color: #000000; font-size: 14pt;\">09:30 &#8211; 10:00<\/span><\/li>\r\n<li style=\"margin-left: 0pt; text-align: center;\"><span style=\"color: #000000; font-size: 14pt;\">10:10 &#8211; 10:40<\/span><\/li>\r\n<li style=\"margin-left: 0pt; text-align: center;\"><span style=\"color: #000000; font-size: 14pt;\">11:00 &#8211; 11:30<\/span><\/li>\r\n<li style=\"margin-left: 0pt; text-align: center;\"><span style=\"color: #000000; font-size: 14pt;\">11:50 &#8211; 12:20<\/span><\/li>\r\n<li style=\"margin-left: 0pt; text-align: center;\"><span style=\"color: #000000; font-size: 14pt;\">12:40 &#8211; 13:10<\/span><\/li>\r\n<li style=\"margin-left: 0pt; text-align: center;\"><span style=\"color: #000000; font-size: 14pt;\">13:20 &#8211; 13:50<\/span><\/li>\r\n<li style=\"margin-left: 0pt; text-align: center;\"><span style=\"color: #000000; font-size: 14pt;\">14:00 &#8211; 14:30<\/span><\/li>\r\n<\/ol>\r\n<\/td>\r\n<\/tr>\r\n<\/tbody>\r\n<\/table>\r\n<h2 class=\"wp-block-heading\">Tuvojas monitoringa darbi 3. un 6. klasei!<\/h2>\r\n<p>\u0160aj\u0101 m\u0101c\u012bbu gad\u0101 3. un 6. kla\u0161u skol\u0113niem p\u0113c vair\u0101ku gadu p\u0101rtraukuma atkal paredz\u0113ti valsts p\u0101rbaudes darbi. Tie tiks organiz\u0113ti k\u0101 monitoringa darbi &#8211; tekstprat\u012bb\u0101, r\u0113\u0137inprat\u012bb\u0101 un dabaszin\u0101t\u0146u prat\u012bb\u0101. Pied\u0101v\u0101jam svar\u012bg\u0101ko inform\u0101ciju par to, kas gaid\u0101ms un k\u0101 lab\u0101k sagatavoties, lai izvair\u012btos no lieka stresa p\u0101rbaud\u012bjumu laik\u0101.<\/p>\r\n<p><strong>Kas ir monitoringa darbi un kad tie notiks?<\/strong><\/p>\r\n<p>Monitoringa darbi ir valsts organiz\u0113ti p\u0101rbaudes darbi, kas \u013cauj nov\u0113rt\u0113t skol\u0113nu zin\u0101\u0161anas un prasmes da\u017e\u0101d\u0101s jom\u0101s. Tie pal\u012bdz skolot\u0101jiem, vec\u0101kiem un pa\u0161iem b\u0113rniem saprast, k\u0101 veicas ar m\u0101c\u012bb\u0101m un kur v\u0113l nepiecie\u0161ams papildu darbs. P\u0101rbaud\u012bjumi notiks 2026. gada apr\u012bl\u012b: <a href=\"https:\/\/www.uzdevumi.lv\/jaunumi-skoleniem\/2026\/2026-gads\/monitoringa-darbu-grafiks-3-un-6-klasei-2025-2026-macibu-gads?utm_campaign=relize-skolu-majaslapam-md2026&amp;utm_medium=school-website&amp;utm_source=release-text&amp;utm_content=md-grafiks1\">Monitoringa darbu grafiks<\/a><u>:<\/u><\/p>\r\n<p><a href=\"https:\/\/www.uzdevumi.lv\/jaunumi-skoleniem\/2026\/2026-gads\/monitoringa-darbu-grafiks-3-un-6-klasei-2025-2026-macibu-gads?utm_campaign=relize-skolu-majaslapam-md2026&amp;utm_medium=school-website&amp;utm_source=release-text&amp;utm_content=md-grafiks1\"><img loading=\"lazy\" decoding=\"async\" class=\"alignnone wp-image-12298\" src=\"https:\/\/vienibaspsk.lv\/wp-content\/uploads\/2026\/04\/Monitoringa-darbu-grafiks-300x175.png\" alt=\"lapas priek\u0161skat\u012bjums Monitoringa darbu grafiks\" width=\"415\" height=\"242\" srcset=\"https:\/\/vienibaspsk.lv\/wp-content\/uploads\/2026\/04\/Monitoringa-darbu-grafiks-300x175.png 300w, https:\/\/vienibaspsk.lv\/wp-content\/uploads\/2026\/04\/Monitoringa-darbu-grafiks-1024x596.png 1024w, https:\/\/vienibaspsk.lv\/wp-content\/uploads\/2026\/04\/Monitoringa-darbu-grafiks-768x447.png 768w, https:\/\/vienibaspsk.lv\/wp-content\/uploads\/2026\/04\/Monitoringa-darbu-grafiks-1536x894.png 1536w, https:\/\/vienibaspsk.lv\/wp-content\/uploads\/2026\/04\/Monitoringa-darbu-grafiks.png 1641w\" sizes=\"auto, (max-width: 415px) 100vw, 415px\" \/><\/a><\/p>\r\n<p><strong>Vai monitoringa darbiem j\u0101gatavojas?<\/strong><\/p>\r\n<p>Speci\u0101la gatavo\u0161an\u0101s nav nepiecie\u0161ama, tom\u0113r zin\u0101\u0161anu atk\u0101rto\u0161ana var pal\u012bdz\u0113t b\u0113rnam justies dro\u0161\u0101k un p\u0101rliecin\u0101t\u0101k p\u0101rbaud\u012bjuma dien\u0101. Noder\u012bgi ir atk\u0101rtot skol\u0101 apg\u016bt\u0101s t\u0113mas un izm\u0113\u0123in\u0101t l\u012bdz\u012bga tipa uzdevumus.<\/p>\r\n<p>Svar\u012bgi, ka monitoringa darbi neietekm\u0113 gala v\u0113rt\u0113jumu m\u0101c\u012bbu priek\u0161met\u0101 un tiem nav noteikts minim\u0101lais v\u0113rt\u0113juma slieksnis. To m\u0113r\u0137is ir pal\u012bdz\u0113t b\u0113rnam lab\u0101k izprast savas stipr\u0101s un pilnveidojam\u0101s prasmes.<\/p>\r\n<p><strong>K\u0101 pal\u012bdz\u0113t b\u0113rnam pirms monitoringa darbiem?<\/strong><\/p>\r\n<p>Lai sagatavo\u0161an\u0101s b\u016btu m\u0113r\u0137tiec\u012bga un b\u0113rnam sniegtu p\u0101rliec\u012bbu par sav\u0101m zin\u0101\u0161an\u0101m, izmantojiet Uzdevumi.lv pied\u0101v\u0101tos materi\u0101lus!<\/p>\r\n<p>Port\u0101l\u0101 Uzdevumi.lv vec\u0101ki un b\u0113rni var sekot l\u012bdz monitoringa darbu grafikam, k\u0101 ar\u012b iepaz\u012bties ar treni\u0146uzdevumiem, kas pal\u012bdz\u0113s nostiprin\u0101t zin\u0101\u0161anas un atk\u0101rtot jau iepriek\u0161 apg\u016bt\u0101s m\u0101c\u012bbu t\u0113mas. Treni\u0146uzdevumi veidoti, balstoties uz monitoringa darbu programm\u0101m.<\/p>\r\n<p>Monitoringa darbu treni\u0146uzdevumi un uzdevumu skaidrojumi port\u0101l\u0101 ir pieejami lietot\u0101jiem ar akt\u012bvu <a href=\"https:\/\/www.uzdevumi.lv\/prof?utm_campaign=relize-skolu-majaslapam-md2026&amp;utm_medium=school-website&amp;utm_source=release-text&amp;utm_content=prof\">PROF pakalpojumu<\/a>, kas katram izpild\u012btajam uzdevumam sniegs ar\u012b pareizo atbildi un t\u0101s skaidrojumu. Papildus bez maksas atk\u0101rtot m\u0101c\u012bbu t\u0113mas b\u0113rns var ar\u012b Uzdevumi.lv sada\u013c\u0101 <a href=\"https:\/\/www.uzdevumi.lv\/p?utm_campaign=relize-skolu-majaslapam-md2026&amp;utm_medium=school-website&amp;utm_source=release-text&amp;utm_content=vs\">\u201cVirtu\u0101l\u0101 skola\u201d<\/a>, lasot teoriju un risinot uzdevumus.<\/p>\r\n<p>Ja ir neskaidr\u012bbas par pa\u0161u darbu vai darba procesu, nebaidieties v\u0113rsties pie b\u0113rna skolot\u0101ja un l\u016bgt papildu inform\u0101ciju!<\/p>\r\n<p>V\u0113lam veiksmi!<\/p>\r\n<h2><strong>KiVa programma<\/strong><\/h2>\r\n<p><img loading=\"lazy\" decoding=\"async\" class=\"wp-image-7034 alignnone\" src=\"https:\/\/vienibaspsk.lv\/wp-content\/uploads\/2023\/09\/kiva-logo-300x300.webp\" alt=\"kiva-logo-720p\" width=\"181\" height=\"181\" srcset=\"https:\/\/vienibaspsk.lv\/wp-content\/uploads\/2023\/09\/kiva-logo-300x300.webp 300w, https:\/\/vienibaspsk.lv\/wp-content\/uploads\/2023\/09\/kiva-logo-150x150.webp 150w, https:\/\/vienibaspsk.lv\/wp-content\/uploads\/2023\/09\/kiva-logo.webp 720w\" sizes=\"auto, (max-width: 181px) 100vw, 181px\" \/><\/p>\r\n<p><a href=\"https:\/\/vienibaspsk.lv\/wp-content\/uploads\/2023\/09\/KiVa_faktu_lapa.pdf\">KiVa faktu lapa<\/a><\/p>\r\n<p><a href=\"https:\/\/vienibaspsk.lv\/wp-content\/uploads\/2023\/09\/KiVa_vecaku_celvedis.pdf\">KiVa vec\u0101ku ce\u013cvedis<\/a><\/p>\r\n<p>&nbsp;<\/p>\r\n<h2><strong>Nepiecie\u0161amo m\u0101c\u012bbu piederumu saraksts 2025.\/2026. m\u0101c\u012bbu gadam<\/strong><\/h2>\r\n\r\n\r\n\r\n<figure class=\"wp-block-image is-resized\"><img loading=\"lazy\" decoding=\"async\" src=\"https:\/\/vienibaspsk.lv\/wp-content\/uploads\/2020\/08\/gramatas.png\" alt=\"\" width=\"286\" height=\"157\"> <a href=\"https:\/\/vienibaspsk.lv\/wp-content\/uploads\/2025\/05\/1_-3_-klasei_2025_2026.pdf\">1.-3. klasei 2025\/2026<\/a> (<a href=\"https:\/\/vienibaspsk.lv\/wp-content\/uploads\/2025\/05\/1_-3_-klasei_2025_2026.docx\">docx<\/a>)<\/figure>\r\n<p><a href=\"https:\/\/vienibaspsk.lv\/wp-content\/uploads\/2025\/05\/4_-6_-klasei_2025_2026.pdf\">4.-6. klasei 2025\/2026<\/a> (<a href=\"https:\/\/vienibaspsk.lv\/wp-content\/uploads\/2025\/05\/4_-6_-klasei_2025_2026.docx\">docx<\/a>)<br><a href=\"https:\/\/vienibaspsk.lv\/wp-content\/uploads\/2025\/05\/7_-9_-klasei_2025_2026.pdf\">7.-9. klasei 2025\/2026<\/a> (<a href=\"https:\/\/vienibaspsk.lv\/wp-content\/uploads\/2025\/05\/7_-9_-klasei_2025_2026.docx\">docx<\/a>)<\/p>\r\n<p>&nbsp;<\/p>\r\n\r\n\r\n\r\n<p>&nbsp;<\/p>\r\n<p>&nbsp;<\/p>\r\n<p>&nbsp;<\/p>","protected":false},"excerpt":{"rendered":"<p>Telefoni sazi\u0146ai Skolas direktore \u2013 Ruta Anspoka &nbsp; &#8211;&nbsp;&nbsp; 65420449Skolas m\u0101sa \u2013 Inese Oli\u0161evska &nbsp; &#8211;&nbsp;&nbsp; 65420508Skolas lietvede \u2013 A\u013cona Sidorenko &nbsp; &#8211;&nbsp;&nbsp; 65420449&nbsp; vai 28445560 &nbsp; M\u0101c\u012bbu stundu saraksts &#8230;<\/p>\n","protected":false},"author":2,"featured_media":0,"parent":0,"menu_order":0,"comment_status":"closed","ping_status":"closed","template":"","meta":{"_lmt_disableupdate":"no","_lmt_disable":"","ngg_post_thumbnail":0,"footnotes":""},"class_list":["post-420","page","type-page","status-publish","hentry"],"yoast_head":"<!-- This site is optimized with the Yoast SEO plugin v18.3 - https:\/\/yoast.com\/wordpress\/plugins\/seo\/ -->\n<title>Inform\u0101cija vec\u0101kiem - Daugavpils Vien\u012bbas pamatskola<\/title>\n<meta name=\"robots\" content=\"index, follow, max-snippet:-1, max-image-preview:large, max-video-preview:-1\" \/>\n<link rel=\"canonical\" href=\"https:\/\/vienibaspsk.lv\/index.php\/informacija-vecakiem-2\/\" \/>\n<meta property=\"og:locale\" content=\"lv_LV\" \/>\n<meta property=\"og:type\" content=\"article\" \/>\n<meta property=\"og:title\" content=\"Inform\u0101cija vec\u0101kiem - Daugavpils Vien\u012bbas pamatskola\" \/>\n<meta property=\"og:description\" content=\"Telefoni sazi\u0146ai Skolas direktore \u2013 Ruta Anspoka &nbsp; &#8211;&nbsp;&nbsp; 65420449Skolas m\u0101sa \u2013 Inese Oli\u0161evska &nbsp; &#8211;&nbsp;&nbsp; 65420508Skolas lietvede \u2013 A\u013cona Sidorenko &nbsp; &#8211;&nbsp;&nbsp; 65420449&nbsp; vai 28445560 &nbsp; M\u0101c\u012bbu stundu saraksts ...\" \/>\n<meta property=\"og:url\" content=\"https:\/\/vienibaspsk.lv\/index.php\/informacija-vecakiem-2\/\" \/>\n<meta property=\"og:site_name\" content=\"Daugavpils Vien\u012bbas pamatskola\" \/>\n<meta property=\"article:modified_time\" content=\"2026-04-08T08:44:32+00:00\" \/>\n<meta property=\"og:image\" content=\"https:\/\/vienibaspsk.lv\/wp-content\/uploads\/2026\/04\/Monitoringa-darbu-grafiks-300x175.png\" \/>\n<meta name=\"twitter:card\" content=\"summary_large_image\" \/>\n<meta name=\"twitter:label1\" content=\"Est. reading time\" \/>\n\t<meta name=\"twitter:data1\" content=\"2 min\u016btes\" \/>\n<script type=\"application\/ld+json\" class=\"yoast-schema-graph\">{\"@context\":\"https:\/\/schema.org\",\"@graph\":[{\"@type\":\"WebSite\",\"@id\":\"https:\/\/vienibaspsk.lv\/#website\",\"url\":\"https:\/\/vienibaspsk.lv\/\",\"name\":\"Daugavpils Vien\u012bbas pamatskola\",\"description\":\"\",\"potentialAction\":[{\"@type\":\"SearchAction\",\"target\":{\"@type\":\"EntryPoint\",\"urlTemplate\":\"https:\/\/vienibaspsk.lv\/?s={search_term_string}\"},\"query-input\":\"required name=search_term_string\"}],\"inLanguage\":\"lv-LV\"},{\"@type\":\"ImageObject\",\"@id\":\"https:\/\/vienibaspsk.lv\/index.php\/informacija-vecakiem-2\/#primaryimage\",\"inLanguage\":\"lv-LV\",\"url\":\"https:\/\/vienibaspsk.lv\/wp-content\/uploads\/2026\/04\/Monitoringa-darbu-grafiks.png\",\"contentUrl\":\"https:\/\/vienibaspsk.lv\/wp-content\/uploads\/2026\/04\/Monitoringa-darbu-grafiks.png\",\"width\":1641,\"height\":955,\"caption\":\"lapas priek\u0161skat\u012bjums Monitoringa darbu grafiks\"},{\"@type\":\"WebPage\",\"@id\":\"https:\/\/vienibaspsk.lv\/index.php\/informacija-vecakiem-2\/#webpage\",\"url\":\"https:\/\/vienibaspsk.lv\/index.php\/informacija-vecakiem-2\/\",\"name\":\"Inform\u0101cija vec\u0101kiem - Daugavpils Vien\u012bbas pamatskola\",\"isPartOf\":{\"@id\":\"https:\/\/vienibaspsk.lv\/#website\"},\"primaryImageOfPage\":{\"@id\":\"https:\/\/vienibaspsk.lv\/index.php\/informacija-vecakiem-2\/#primaryimage\"},\"datePublished\":\"2020-08-13T09:32:36+00:00\",\"dateModified\":\"2026-04-08T08:44:32+00:00\",\"breadcrumb\":{\"@id\":\"https:\/\/vienibaspsk.lv\/index.php\/informacija-vecakiem-2\/#breadcrumb\"},\"inLanguage\":\"lv-LV\",\"potentialAction\":[{\"@type\":\"ReadAction\",\"target\":[\"https:\/\/vienibaspsk.lv\/index.php\/informacija-vecakiem-2\/\"]}]},{\"@type\":\"BreadcrumbList\",\"@id\":\"https:\/\/vienibaspsk.lv\/index.php\/informacija-vecakiem-2\/#breadcrumb\",\"itemListElement\":[{\"@type\":\"ListItem\",\"position\":1,\"name\":\"Galven\u0101\",\"item\":\"https:\/\/vienibaspsk.lv\/\"},{\"@type\":\"ListItem\",\"position\":2,\"name\":\"Inform\u0101cija vec\u0101kiem\"}]}]}<\/script>\n<!-- \/ Yoast SEO plugin. -->","yoast_head_json":{"title":"Inform\u0101cija vec\u0101kiem - Daugavpils Vien\u012bbas pamatskola","robots":{"index":"index","follow":"follow","max-snippet":"max-snippet:-1","max-image-preview":"max-image-preview:large","max-video-preview":"max-video-preview:-1"},"canonical":"https:\/\/vienibaspsk.lv\/index.php\/informacija-vecakiem-2\/","og_locale":"lv_LV","og_type":"article","og_title":"Inform\u0101cija vec\u0101kiem - Daugavpils Vien\u012bbas pamatskola","og_description":"Telefoni sazi\u0146ai Skolas direktore \u2013 Ruta Anspoka &nbsp; &#8211;&nbsp;&nbsp; 65420449Skolas m\u0101sa \u2013 Inese Oli\u0161evska &nbsp; &#8211;&nbsp;&nbsp; 65420508Skolas lietvede \u2013 A\u013cona Sidorenko &nbsp; &#8211;&nbsp;&nbsp; 65420449&nbsp; vai 28445560 &nbsp; M\u0101c\u012bbu stundu saraksts ...","og_url":"https:\/\/vienibaspsk.lv\/index.php\/informacija-vecakiem-2\/","og_site_name":"Daugavpils Vien\u012bbas pamatskola","article_modified_time":"2026-04-08T08:44:32+00:00","og_image":[{"url":"https:\/\/vienibaspsk.lv\/wp-content\/uploads\/2026\/04\/Monitoringa-darbu-grafiks-300x175.png"}],"twitter_card":"summary_large_image","twitter_misc":{"Est. reading time":"2 min\u016btes"},"schema":{"@context":"https:\/\/schema.org","@graph":[{"@type":"WebSite","@id":"https:\/\/vienibaspsk.lv\/#website","url":"https:\/\/vienibaspsk.lv\/","name":"Daugavpils Vien\u012bbas pamatskola","description":"","potentialAction":[{"@type":"SearchAction","target":{"@type":"EntryPoint","urlTemplate":"https:\/\/vienibaspsk.lv\/?s={search_term_string}"},"query-input":"required name=search_term_string"}],"inLanguage":"lv-LV"},{"@type":"ImageObject","@id":"https:\/\/vienibaspsk.lv\/index.php\/informacija-vecakiem-2\/#primaryimage","inLanguage":"lv-LV","url":"https:\/\/vienibaspsk.lv\/wp-content\/uploads\/2026\/04\/Monitoringa-darbu-grafiks.png","contentUrl":"https:\/\/vienibaspsk.lv\/wp-content\/uploads\/2026\/04\/Monitoringa-darbu-grafiks.png","width":1641,"height":955,"caption":"lapas priek\u0161skat\u012bjums Monitoringa darbu grafiks"},{"@type":"WebPage","@id":"https:\/\/vienibaspsk.lv\/index.php\/informacija-vecakiem-2\/#webpage","url":"https:\/\/vienibaspsk.lv\/index.php\/informacija-vecakiem-2\/","name":"Inform\u0101cija vec\u0101kiem - Daugavpils Vien\u012bbas pamatskola","isPartOf":{"@id":"https:\/\/vienibaspsk.lv\/#website"},"primaryImageOfPage":{"@id":"https:\/\/vienibaspsk.lv\/index.php\/informacija-vecakiem-2\/#primaryimage"},"datePublished":"2020-08-13T09:32:36+00:00","dateModified":"2026-04-08T08:44:32+00:00","breadcrumb":{"@id":"https:\/\/vienibaspsk.lv\/index.php\/informacija-vecakiem-2\/#breadcrumb"},"inLanguage":"lv-LV","potentialAction":[{"@type":"ReadAction","target":["https:\/\/vienibaspsk.lv\/index.php\/informacija-vecakiem-2\/"]}]},{"@type":"BreadcrumbList","@id":"https:\/\/vienibaspsk.lv\/index.php\/informacija-vecakiem-2\/#breadcrumb","itemListElement":[{"@type":"ListItem","position":1,"name":"Galven\u0101","item":"https:\/\/vienibaspsk.lv\/"},{"@type":"ListItem","position":2,"name":"Inform\u0101cija vec\u0101kiem"}]}]}},"_links":{"self":[{"href":"https:\/\/vienibaspsk.lv\/index.php\/wp-json\/wp\/v2\/pages\/420","targetHints":{"allow":["GET"]}}],"collection":[{"href":"https:\/\/vienibaspsk.lv\/index.php\/wp-json\/wp\/v2\/pages"}],"about":[{"href":"https:\/\/vienibaspsk.lv\/index.php\/wp-json\/wp\/v2\/types\/page"}],"author":[{"embeddable":true,"href":"https:\/\/vienibaspsk.lv\/index.php\/wp-json\/wp\/v2\/users\/2"}],"replies":[{"embeddable":true,"href":"https:\/\/vienibaspsk.lv\/index.php\/wp-json\/wp\/v2\/comments?post=420"}],"version-history":[{"count":42,"href":"https:\/\/vienibaspsk.lv\/index.php\/wp-json\/wp\/v2\/pages\/420\/revisions"}],"predecessor-version":[{"id":12300,"href":"https:\/\/vienibaspsk.lv\/index.php\/wp-json\/wp\/v2\/pages\/420\/revisions\/12300"}],"wp:attachment":[{"href":"https:\/\/vienibaspsk.lv\/index.php\/wp-json\/wp\/v2\/media?parent=420"}],"curies":[{"name":"wp","href":"https:\/\/api.w.org\/{rel}","templated":true}]}}