{"id":39,"date":"2020-04-23T15:16:14","date_gmt":"2020-04-23T15:16:14","guid":{"rendered":"http:\/\/vienibaspsk.lv\/wordpress\/?page_id=39"},"modified":"2025-09-04T16:20:36","modified_gmt":"2025-09-04T13:20:36","slug":"contact","status":"publish","type":"page","link":"https:\/\/vienibaspsk.lv\/index.php\/contact\/","title":{"rendered":"Kontakti"},"content":{"rendered":"<p><!--more--><\/p>\r\n<table style=\"border-collapse: collapse; width: 102.603%; height: 249px;\">\r\n<tbody>\r\n<tr style=\"height: 249px;\">\r\n<td style=\"width: 36.9538%; height: 249px;\"><strong><img loading=\"lazy\" decoding=\"async\" class=\"alignnone size-medium wp-image-1772\" src=\"https:\/\/vienibaspsk.lv\/wp-content\/uploads\/2020\/12\/skolas_bilde_jauna-300x249.jpg\" alt=\"\" width=\"300\" height=\"249\" srcset=\"https:\/\/vienibaspsk.lv\/wp-content\/uploads\/2020\/12\/skolas_bilde_jauna-300x249.jpg 300w, https:\/\/vienibaspsk.lv\/wp-content\/uploads\/2020\/12\/skolas_bilde_jauna-1024x848.jpg 1024w, https:\/\/vienibaspsk.lv\/wp-content\/uploads\/2020\/12\/skolas_bilde_jauna-768x636.jpg 768w, https:\/\/vienibaspsk.lv\/wp-content\/uploads\/2020\/12\/skolas_bilde_jauna-1536x1272.jpg 1536w, https:\/\/vienibaspsk.lv\/wp-content\/uploads\/2020\/12\/skolas_bilde_jauna-2048x1697.jpg 2048w\" sizes=\"auto, (max-width: 300px) 100vw, 300px\" \/><\/strong><\/td>\r\n<td style=\"width: 65.6488%; height: 249px;\">\r\n<p><span style=\"font-family: arial, helvetica, sans-serif;\"><strong>DAUGAVPILS VIEN\u012aBAS PAMATSKOLA<\/strong><\/span><\/p>\r\n<span style=\"font-family: arial, helvetica, sans-serif;\"><strong>Adrese:&nbsp;<\/strong>\u0122imn\u0101zijas 32, Daugavpils, LV-5401<\/span><br><span style=\"font-family: arial, helvetica, sans-serif;\"><strong>Skolas e-pasts:<\/strong> <a href=\"mailto:pasts@vienibaspsk.lv\">pasts@vienibaspsk.lv<\/a><\/span><br>\r\n<p><span style=\"font-family: arial, helvetica, sans-serif;\"><strong>Skolas telefona numuri:<\/strong>&nbsp;65420449, 28445560<\/span><br><span style=\"font-family: arial, helvetica, sans-serif;\"><strong>De\u017euranta telefona numurs:<\/strong> 65420507<\/span><\/p>\r\n<span style=\"font-family: arial, helvetica, sans-serif; font-size: 8pt;\"><span style=\"font-size: 10pt;\"><strong>Skolas e-adrese:<br><\/strong><\/span><\/span> <span style=\"font-family: arial, helvetica, sans-serif; font-size: 8pt;\"><strong><img loading=\"lazy\" decoding=\"async\" class=\"alignnone size-full wp-image-3775\" src=\"https:\/\/vienibaspsk.lv\/wp-content\/uploads\/2021\/10\/e.png\" alt=\"\" width=\"23\" height=\"27\"><\/strong><\/span><span style=\"font-family: arial, helvetica, sans-serif; font-size: 8pt;\"><span style=\"font-size: 10pt;\"><a href=\"https:\/\/www.latvija.lv\/lv\/Eaddress\/write?address=_default@40900030411\"><span style=\"font-size: 8pt;\"> https:\/\/www.latvija.lv\/lv\/Eaddress\/write?address=_default@40900030411<\/span><\/a><\/span><\/span>\r\n<p><a href=\"https:\/\/www.latvija.lv\/lv\/Eaddress\/write?address=_default@40900030411\"><img loading=\"lazy\" decoding=\"async\" class=\"alignnone size-full wp-image-3777\" src=\"https:\/\/vienibaspsk.lv\/wp-content\/uploads\/2021\/10\/raksti_uz_eadresi-1.jpg\" alt=\"\" width=\"126\" height=\"76\"><\/a><\/p>\r\n<p><span style=\"font-size: 8pt; color: #000000;\">Ja nepiecie\u0161ams nodot fizisk\u0101s personas datus, komercinform\u0101ciju un citu aizsarg\u0101jamu inform\u0101ciju &#8211; izmantojiet e-adresi*<\/span><\/p>\r\n<\/td>\r\n<\/tr>\r\n<\/tbody>\r\n<\/table>\r\n<p><strong>Vad\u012bba:<\/strong><\/p>\r\n<p><strong>Daugavpils&nbsp;Vien\u012bbas pamatskolas direktore Ruta Anspoka,&nbsp;<br><\/strong><a href=\"mailto:ruta.anspoka@vienibaspsk.lv\">ruta.anspoka@vienibaspsk.lv<\/a><br>apmekl\u0113t\u0101ju pie\u0146em\u0161anas laiks: iepriek\u0161 vienojoties<\/p>\r\n<p><strong>Direktores vietniece izgl\u012bt\u012bbas jom\u0101 (m\u0101c\u012bbu darbs) Di\u0101na Mel\u0101ne &#8211; Gri\u0146oka,<br><\/strong><a href=\"mailto:diana.melane-grinoka@vienibaspsk.lv\">diana.melane-grinoka@vienibaspsk.lv<\/a><br>apmekl\u0113t\u0101ju pie\u0146em\u0161anas laiks: iepriek\u0161 vienojoties<\/p>\r\n<p><strong>Direktores vietniece izgl\u012bt\u012bbas jom\u0101 (audzin\u0101\u0161anas darbs) \u0112rika Locika,<br><\/strong><a href=\"mailto:erika.locika@vienibaspsk.lv\" target=\"_blank\" rel=\"noopener\">erika.locika@vienibaspsk.lv<br><\/a>apmekl\u0113t\u0101ju pie\u0146em\u0161anas laiks: iepriek\u0161 vienojoties<\/p>\r\n<p><strong>Direktores vietniece izgl\u012bt\u012bbas jom\u0101 (papla\u0161in\u0101t\u0101 pieredze) Biruta Ivanova,<br><\/strong><a href=\"mailto:biruta.ivanova@vienibaspsk.lv\">biruta.ivanova@vienibaspsk.lv<\/a><br>apmekl\u0113t\u0101ju pie\u0146em\u0161anas laiks: iepriek\u0161 vienojoties<\/p>\r\n<p><strong>Direktores vietniece izgl\u012bt\u012bbas jom\u0101 (m\u0101c\u012bbu procesa organiz\u0101cija) Lilita Razminovi\u010da,<br><\/strong><a href=\"mailto:lilita.razminovica@vienibaspsk.lv\" target=\"_blank\" rel=\"noopener\">lilita.razminovica@vienibaspsk.lv<\/a><\/p>\r\n<p><strong>Direktores vietniece izgl\u012bt\u012bbas jom\u0101 (inform\u0101ciju tehnolo\u0123ijas) Al\u012bna Ivanova,<br><\/strong><a href=\"mailto:alina.ivanova@vienibaspsk.lv\" target=\"_blank\" rel=\"noopener\">alina.ivanova@vienibaspsk.lv<\/a><\/p>\r\n<p><strong>Direktores vietniece administrat\u012bvi saimnieciskaj\u0101 darb\u0101 Evija Lazd\u0101ne,<br><\/strong><a href=\"mailto:evija.lazdane@vienibaspsk.lv\" target=\"_blank\" rel=\"noopener\">evija.lazdane@vienibaspsk.lv<\/a><\/p>\r\n<hr>\r\n<p><strong>ATRA\u0160AN\u0100S VIETA KART\u0112<\/strong><\/p>\r\n\r\n<figure class=\"wp-block-image size-large\"><iframe loading=\"lazy\" style=\"border: 0;\" tabindex=\"0\" src=\"https:\/\/www.google.com\/maps\/embed?pb=!1m18!1m12!1m3!1d2238.5751470054406!2d26.516747715851988!3d55.870037280584945!2m3!1f0!2f0!3f0!3m2!1i1024!2i768!4f13.1!3m3!1m2!1s0x46c295c1037e049b%3A0x4a27e2c18ae01fd1!2sDaugavpils%20Vien%C4%ABbas%20pamatskola!5e0!3m2!1slv!2slv!4v1608555396050!5m2!1slv!2slv\" width=\"400\" height=\"300\" frameborder=\"0\" allowfullscreen=\"allowfullscreen\" aria-hidden=\"false\"><\/iframe><\/figure>\r\n<p>&nbsp;<\/p>\r\n\r\n\r\n","protected":false},"excerpt":{"rendered":"","protected":false},"author":2,"featured_media":0,"parent":0,"menu_order":0,"comment_status":"closed","ping_status":"closed","template":"","meta":{"_lmt_disableupdate":"no","_lmt_disable":"","ngg_post_thumbnail":0,"footnotes":""},"class_list":["post-39","page","type-page","status-publish","hentry"],"yoast_head":"<!-- This site is optimized with the Yoast SEO plugin v18.3 - https:\/\/yoast.com\/wordpress\/plugins\/seo\/ -->\n<title>Kontakti - Daugavpils Vien\u012bbas pamatskola<\/title>\n<meta name=\"robots\" content=\"index, follow, max-snippet:-1, max-image-preview:large, max-video-preview:-1\" \/>\n<link rel=\"canonical\" href=\"https:\/\/vienibaspsk.lv\/index.php\/contact\/\" \/>\n<meta property=\"og:locale\" content=\"lv_LV\" \/>\n<meta property=\"og:type\" content=\"article\" \/>\n<meta property=\"og:title\" content=\"Kontakti - Daugavpils Vien\u012bbas pamatskola\" \/>\n<meta property=\"og:url\" content=\"https:\/\/vienibaspsk.lv\/index.php\/contact\/\" \/>\n<meta property=\"og:site_name\" content=\"Daugavpils Vien\u012bbas pamatskola\" \/>\n<meta property=\"article:modified_time\" content=\"2025-09-04T13:20:36+00:00\" \/>\n<meta property=\"og:image\" content=\"http:\/\/vienibaspsk.lv\/wp-content\/uploads\/2020\/12\/skolas_bilde_jauna-300x249.jpg\" \/>\n<meta name=\"twitter:card\" content=\"summary_large_image\" \/>\n<meta name=\"twitter:label1\" content=\"Est. reading time\" \/>\n\t<meta name=\"twitter:data1\" content=\"1 min\u016bte\" \/>\n<script type=\"application\/ld+json\" class=\"yoast-schema-graph\">{\"@context\":\"https:\/\/schema.org\",\"@graph\":[{\"@type\":\"WebSite\",\"@id\":\"https:\/\/vienibaspsk.lv\/#website\",\"url\":\"https:\/\/vienibaspsk.lv\/\",\"name\":\"Daugavpils Vien\u012bbas pamatskola\",\"description\":\"\",\"potentialAction\":[{\"@type\":\"SearchAction\",\"target\":{\"@type\":\"EntryPoint\",\"urlTemplate\":\"https:\/\/vienibaspsk.lv\/?s={search_term_string}\"},\"query-input\":\"required name=search_term_string\"}],\"inLanguage\":\"lv-LV\"},{\"@type\":\"ImageObject\",\"@id\":\"https:\/\/vienibaspsk.lv\/index.php\/contact\/#primaryimage\",\"inLanguage\":\"lv-LV\",\"url\":\"http:\/\/vienibaspsk.lv\/wp-content\/uploads\/2020\/12\/skolas_bilde_jauna-300x249.jpg\",\"contentUrl\":\"http:\/\/vienibaspsk.lv\/wp-content\/uploads\/2020\/12\/skolas_bilde_jauna-300x249.jpg\"},{\"@type\":\"WebPage\",\"@id\":\"https:\/\/vienibaspsk.lv\/index.php\/contact\/#webpage\",\"url\":\"https:\/\/vienibaspsk.lv\/index.php\/contact\/\",\"name\":\"Kontakti - Daugavpils Vien\u012bbas pamatskola\",\"isPartOf\":{\"@id\":\"https:\/\/vienibaspsk.lv\/#website\"},\"primaryImageOfPage\":{\"@id\":\"https:\/\/vienibaspsk.lv\/index.php\/contact\/#primaryimage\"},\"datePublished\":\"2020-04-23T15:16:14+00:00\",\"dateModified\":\"2025-09-04T13:20:36+00:00\",\"breadcrumb\":{\"@id\":\"https:\/\/vienibaspsk.lv\/index.php\/contact\/#breadcrumb\"},\"inLanguage\":\"lv-LV\",\"potentialAction\":[{\"@type\":\"ReadAction\",\"target\":[\"https:\/\/vienibaspsk.lv\/index.php\/contact\/\"]}]},{\"@type\":\"BreadcrumbList\",\"@id\":\"https:\/\/vienibaspsk.lv\/index.php\/contact\/#breadcrumb\",\"itemListElement\":[{\"@type\":\"ListItem\",\"position\":1,\"name\":\"Galven\u0101\",\"item\":\"https:\/\/vienibaspsk.lv\/\"},{\"@type\":\"ListItem\",\"position\":2,\"name\":\"Kontakti\"}]}]}<\/script>\n<!-- \/ Yoast SEO plugin. -->","yoast_head_json":{"title":"Kontakti - Daugavpils Vien\u012bbas pamatskola","robots":{"index":"index","follow":"follow","max-snippet":"max-snippet:-1","max-image-preview":"max-image-preview:large","max-video-preview":"max-video-preview:-1"},"canonical":"https:\/\/vienibaspsk.lv\/index.php\/contact\/","og_locale":"lv_LV","og_type":"article","og_title":"Kontakti - Daugavpils Vien\u012bbas pamatskola","og_url":"https:\/\/vienibaspsk.lv\/index.php\/contact\/","og_site_name":"Daugavpils Vien\u012bbas pamatskola","article_modified_time":"2025-09-04T13:20:36+00:00","og_image":[{"url":"http:\/\/vienibaspsk.lv\/wp-content\/uploads\/2020\/12\/skolas_bilde_jauna-300x249.jpg"}],"twitter_card":"summary_large_image","twitter_misc":{"Est. reading time":"1 min\u016bte"},"schema":{"@context":"https:\/\/schema.org","@graph":[{"@type":"WebSite","@id":"https:\/\/vienibaspsk.lv\/#website","url":"https:\/\/vienibaspsk.lv\/","name":"Daugavpils Vien\u012bbas pamatskola","description":"","potentialAction":[{"@type":"SearchAction","target":{"@type":"EntryPoint","urlTemplate":"https:\/\/vienibaspsk.lv\/?s={search_term_string}"},"query-input":"required name=search_term_string"}],"inLanguage":"lv-LV"},{"@type":"ImageObject","@id":"https:\/\/vienibaspsk.lv\/index.php\/contact\/#primaryimage","inLanguage":"lv-LV","url":"http:\/\/vienibaspsk.lv\/wp-content\/uploads\/2020\/12\/skolas_bilde_jauna-300x249.jpg","contentUrl":"http:\/\/vienibaspsk.lv\/wp-content\/uploads\/2020\/12\/skolas_bilde_jauna-300x249.jpg"},{"@type":"WebPage","@id":"https:\/\/vienibaspsk.lv\/index.php\/contact\/#webpage","url":"https:\/\/vienibaspsk.lv\/index.php\/contact\/","name":"Kontakti - Daugavpils Vien\u012bbas pamatskola","isPartOf":{"@id":"https:\/\/vienibaspsk.lv\/#website"},"primaryImageOfPage":{"@id":"https:\/\/vienibaspsk.lv\/index.php\/contact\/#primaryimage"},"datePublished":"2020-04-23T15:16:14+00:00","dateModified":"2025-09-04T13:20:36+00:00","breadcrumb":{"@id":"https:\/\/vienibaspsk.lv\/index.php\/contact\/#breadcrumb"},"inLanguage":"lv-LV","potentialAction":[{"@type":"ReadAction","target":["https:\/\/vienibaspsk.lv\/index.php\/contact\/"]}]},{"@type":"BreadcrumbList","@id":"https:\/\/vienibaspsk.lv\/index.php\/contact\/#breadcrumb","itemListElement":[{"@type":"ListItem","position":1,"name":"Galven\u0101","item":"https:\/\/vienibaspsk.lv\/"},{"@type":"ListItem","position":2,"name":"Kontakti"}]}]}},"_links":{"self":[{"href":"https:\/\/vienibaspsk.lv\/index.php\/wp-json\/wp\/v2\/pages\/39","targetHints":{"allow":["GET"]}}],"collection":[{"href":"https:\/\/vienibaspsk.lv\/index.php\/wp-json\/wp\/v2\/pages"}],"about":[{"href":"https:\/\/vienibaspsk.lv\/index.php\/wp-json\/wp\/v2\/types\/page"}],"author":[{"embeddable":true,"href":"https:\/\/vienibaspsk.lv\/index.php\/wp-json\/wp\/v2\/users\/2"}],"replies":[{"embeddable":true,"href":"https:\/\/vienibaspsk.lv\/index.php\/wp-json\/wp\/v2\/comments?post=39"}],"version-history":[{"count":23,"href":"https:\/\/vienibaspsk.lv\/index.php\/wp-json\/wp\/v2\/pages\/39\/revisions"}],"predecessor-version":[{"id":10584,"href":"https:\/\/vienibaspsk.lv\/index.php\/wp-json\/wp\/v2\/pages\/39\/revisions\/10584"}],"wp:attachment":[{"href":"https:\/\/vienibaspsk.lv\/index.php\/wp-json\/wp\/v2\/media?parent=39"}],"curies":[{"name":"wp","href":"https:\/\/api.w.org\/{rel}","templated":true}]}}