{"id":3823,"date":"2021-11-05T10:18:02","date_gmt":"2021-11-05T08:18:02","guid":{"rendered":"https:\/\/vienibaspsk.lv\/?page_id=3823"},"modified":"2025-11-19T12:22:54","modified_gmt":"2025-11-19T10:22:54","slug":"skolas-padomes-sastavs","status":"publish","type":"page","link":"https:\/\/vienibaspsk.lv\/index.php\/skolas-padomes-sastavs\/","title":{"rendered":"Skolas padomes sast\u0101vs"},"content":{"rendered":"<p style=\"text-align: center;\"><span style=\"color: #000000; font-size: 14pt;\"><strong>Skolas padome 2025.\/2026.m.g.<\/strong><\/span><\/p>\n<div><span style=\"color: #000000; font-size: 12pt;\"><em><strong><span style=\"text-decoration: underline;\">Skolas padomes sast\u0101vs:<\/span><\/strong><\/em><\/span>&nbsp;<\/p>\n<ol>\n<li style=\"list-style-type: none;\">\n<ol>\n<li><span style=\"color: #000000;\"><strong>Oskars Zu\u0123ickis<\/strong> &#8211; vec\u0101ks<\/span><\/li>\n<li><span style=\"color: #000000;\"><strong>Inga Limb\u0113na<\/strong> &#8211; vec\u0101ks<\/span><\/li>\n<li><span style=\"color: #000000;\"><strong>\u013bubova Lazd\u0101ne<\/strong> &#8211; vec\u0101ks<\/span><\/li>\n<li><span style=\"color: #000000;\"><strong>Guntars Vanags<\/strong> &#8211; vec\u0101ks<\/span><\/li>\n<li><span style=\"color: #000000;\"><strong>Aleksandrs \u013bu\u013cs<\/strong> &#8211; vec\u0101ks<\/span><\/li>\n<li><span style=\"color: #000000;\"><strong>Dace Sitnika<\/strong> &#8211; vec\u0101ks<\/span><\/li>\n<li><span style=\"color: #000000;\"><strong>Santa \u010ceir\u0101ne<\/strong>\u2013 pa\u0161vald\u012bbas p\u0101rst\u0101vis<\/span><\/li>\n<li><span style=\"color: #000000;\"><strong>Gunda Raubi\u0161ka<\/strong> &#8211; pedagogs<\/span><\/li>\n<li><span style=\"color: #000000;\"><strong>Nikolajs Novikovs<\/strong> &#8211; pedagogs<\/span><\/li>\n<li><span style=\"color: #000000;\"><strong>Madara Bok\u0101ne<\/strong> &#8211; pedagogs<\/span><\/li>\n<li><span style=\"color: #000000;\"><strong>Normunds \u0160\u010dagins<\/strong> &#8211; 8.a izgl\u012btojamais<\/span><\/li>\n<li><span style=\"color: #000000;\"><strong>Paula Kravcevi\u010da<\/strong> &#8211; 7.a izgl\u012btojamais<\/span><\/li>\n<li><span style=\"color: #000000;\"><strong>Evel\u012bna Kubera<\/strong> &#8211; 8.b&nbsp;izgl\u012btojamais<\/span><\/li>\n<\/ol>\n<\/li>\n<\/ol>\n<\/div>\n<p style=\"text-align: right;\"><span style=\"color: #000000;\">Inform\u0101cija m\u0101jaslap\u0101 aktualiz\u0113ta \u2013 28.10.2025<\/span><\/p>\n<div>&nbsp;<\/div>\n","protected":false},"excerpt":{"rendered":"<p>Skolas padome 2025.\/2026.m.g. Skolas padomes sast\u0101vs:&nbsp; Oskars Zu\u0123ickis &#8211; vec\u0101ks Inga Limb\u0113na &#8211; vec\u0101ks \u013bubova Lazd\u0101ne &#8211; vec\u0101ks Guntars Vanags &#8211; vec\u0101ks Aleksandrs \u013bu\u013cs &#8211; vec\u0101ks Dace Sitnika &#8211; vec\u0101ks &#8230;<\/p>\n","protected":false},"author":3,"featured_media":0,"parent":0,"menu_order":0,"comment_status":"closed","ping_status":"closed","template":"","meta":{"_lmt_disableupdate":"no","_lmt_disable":"","ngg_post_thumbnail":0,"footnotes":""},"class_list":["post-3823","page","type-page","status-publish","hentry"],"yoast_head":"<!-- This site is optimized with the Yoast SEO plugin v18.3 - https:\/\/yoast.com\/wordpress\/plugins\/seo\/ -->\n<title>Skolas padomes sast\u0101vs - Daugavpils Vien\u012bbas pamatskola<\/title>\n<meta name=\"robots\" content=\"index, follow, max-snippet:-1, max-image-preview:large, max-video-preview:-1\" \/>\n<link rel=\"canonical\" href=\"https:\/\/vienibaspsk.lv\/index.php\/skolas-padomes-sastavs\/\" \/>\n<meta property=\"og:locale\" content=\"lv_LV\" \/>\n<meta property=\"og:type\" content=\"article\" \/>\n<meta property=\"og:title\" content=\"Skolas padomes sast\u0101vs - Daugavpils Vien\u012bbas pamatskola\" \/>\n<meta property=\"og:description\" content=\"Skolas padome 2025.\/2026.m.g. Skolas padomes sast\u0101vs:&nbsp; Oskars Zu\u0123ickis &#8211; vec\u0101ks Inga Limb\u0113na &#8211; vec\u0101ks \u013bubova Lazd\u0101ne &#8211; vec\u0101ks Guntars Vanags &#8211; vec\u0101ks Aleksandrs \u013bu\u013cs &#8211; vec\u0101ks Dace Sitnika &#8211; vec\u0101ks ...\" \/>\n<meta property=\"og:url\" content=\"https:\/\/vienibaspsk.lv\/index.php\/skolas-padomes-sastavs\/\" \/>\n<meta property=\"og:site_name\" content=\"Daugavpils Vien\u012bbas pamatskola\" \/>\n<meta property=\"article:modified_time\" content=\"2025-11-19T10:22:54+00:00\" \/>\n<meta name=\"twitter:card\" content=\"summary_large_image\" \/>\n<meta name=\"twitter:label1\" content=\"Est. reading time\" \/>\n\t<meta name=\"twitter:data1\" content=\"1 min\u016bte\" \/>\n<script type=\"application\/ld+json\" class=\"yoast-schema-graph\">{\"@context\":\"https:\/\/schema.org\",\"@graph\":[{\"@type\":\"WebSite\",\"@id\":\"https:\/\/vienibaspsk.lv\/#website\",\"url\":\"https:\/\/vienibaspsk.lv\/\",\"name\":\"Daugavpils Vien\u012bbas pamatskola\",\"description\":\"\",\"potentialAction\":[{\"@type\":\"SearchAction\",\"target\":{\"@type\":\"EntryPoint\",\"urlTemplate\":\"https:\/\/vienibaspsk.lv\/?s={search_term_string}\"},\"query-input\":\"required name=search_term_string\"}],\"inLanguage\":\"lv-LV\"},{\"@type\":\"WebPage\",\"@id\":\"https:\/\/vienibaspsk.lv\/index.php\/skolas-padomes-sastavs\/#webpage\",\"url\":\"https:\/\/vienibaspsk.lv\/index.php\/skolas-padomes-sastavs\/\",\"name\":\"Skolas padomes sast\u0101vs - Daugavpils Vien\u012bbas pamatskola\",\"isPartOf\":{\"@id\":\"https:\/\/vienibaspsk.lv\/#website\"},\"datePublished\":\"2021-11-05T08:18:02+00:00\",\"dateModified\":\"2025-11-19T10:22:54+00:00\",\"breadcrumb\":{\"@id\":\"https:\/\/vienibaspsk.lv\/index.php\/skolas-padomes-sastavs\/#breadcrumb\"},\"inLanguage\":\"lv-LV\",\"potentialAction\":[{\"@type\":\"ReadAction\",\"target\":[\"https:\/\/vienibaspsk.lv\/index.php\/skolas-padomes-sastavs\/\"]}]},{\"@type\":\"BreadcrumbList\",\"@id\":\"https:\/\/vienibaspsk.lv\/index.php\/skolas-padomes-sastavs\/#breadcrumb\",\"itemListElement\":[{\"@type\":\"ListItem\",\"position\":1,\"name\":\"Galven\u0101\",\"item\":\"https:\/\/vienibaspsk.lv\/\"},{\"@type\":\"ListItem\",\"position\":2,\"name\":\"Skolas padomes sast\u0101vs\"}]}]}<\/script>\n<!-- \/ Yoast SEO plugin. -->","yoast_head_json":{"title":"Skolas padomes sast\u0101vs - Daugavpils Vien\u012bbas pamatskola","robots":{"index":"index","follow":"follow","max-snippet":"max-snippet:-1","max-image-preview":"max-image-preview:large","max-video-preview":"max-video-preview:-1"},"canonical":"https:\/\/vienibaspsk.lv\/index.php\/skolas-padomes-sastavs\/","og_locale":"lv_LV","og_type":"article","og_title":"Skolas padomes sast\u0101vs - Daugavpils Vien\u012bbas pamatskola","og_description":"Skolas padome 2025.\/2026.m.g. Skolas padomes sast\u0101vs:&nbsp; Oskars Zu\u0123ickis &#8211; vec\u0101ks Inga Limb\u0113na &#8211; vec\u0101ks \u013bubova Lazd\u0101ne &#8211; vec\u0101ks Guntars Vanags &#8211; vec\u0101ks Aleksandrs \u013bu\u013cs &#8211; vec\u0101ks Dace Sitnika &#8211; vec\u0101ks ...","og_url":"https:\/\/vienibaspsk.lv\/index.php\/skolas-padomes-sastavs\/","og_site_name":"Daugavpils Vien\u012bbas pamatskola","article_modified_time":"2025-11-19T10:22:54+00:00","twitter_card":"summary_large_image","twitter_misc":{"Est. reading time":"1 min\u016bte"},"schema":{"@context":"https:\/\/schema.org","@graph":[{"@type":"WebSite","@id":"https:\/\/vienibaspsk.lv\/#website","url":"https:\/\/vienibaspsk.lv\/","name":"Daugavpils Vien\u012bbas pamatskola","description":"","potentialAction":[{"@type":"SearchAction","target":{"@type":"EntryPoint","urlTemplate":"https:\/\/vienibaspsk.lv\/?s={search_term_string}"},"query-input":"required name=search_term_string"}],"inLanguage":"lv-LV"},{"@type":"WebPage","@id":"https:\/\/vienibaspsk.lv\/index.php\/skolas-padomes-sastavs\/#webpage","url":"https:\/\/vienibaspsk.lv\/index.php\/skolas-padomes-sastavs\/","name":"Skolas padomes sast\u0101vs - Daugavpils Vien\u012bbas pamatskola","isPartOf":{"@id":"https:\/\/vienibaspsk.lv\/#website"},"datePublished":"2021-11-05T08:18:02+00:00","dateModified":"2025-11-19T10:22:54+00:00","breadcrumb":{"@id":"https:\/\/vienibaspsk.lv\/index.php\/skolas-padomes-sastavs\/#breadcrumb"},"inLanguage":"lv-LV","potentialAction":[{"@type":"ReadAction","target":["https:\/\/vienibaspsk.lv\/index.php\/skolas-padomes-sastavs\/"]}]},{"@type":"BreadcrumbList","@id":"https:\/\/vienibaspsk.lv\/index.php\/skolas-padomes-sastavs\/#breadcrumb","itemListElement":[{"@type":"ListItem","position":1,"name":"Galven\u0101","item":"https:\/\/vienibaspsk.lv\/"},{"@type":"ListItem","position":2,"name":"Skolas padomes sast\u0101vs"}]}]}},"_links":{"self":[{"href":"https:\/\/vienibaspsk.lv\/index.php\/wp-json\/wp\/v2\/pages\/3823","targetHints":{"allow":["GET"]}}],"collection":[{"href":"https:\/\/vienibaspsk.lv\/index.php\/wp-json\/wp\/v2\/pages"}],"about":[{"href":"https:\/\/vienibaspsk.lv\/index.php\/wp-json\/wp\/v2\/types\/page"}],"author":[{"embeddable":true,"href":"https:\/\/vienibaspsk.lv\/index.php\/wp-json\/wp\/v2\/users\/3"}],"replies":[{"embeddable":true,"href":"https:\/\/vienibaspsk.lv\/index.php\/wp-json\/wp\/v2\/comments?post=3823"}],"version-history":[{"count":16,"href":"https:\/\/vienibaspsk.lv\/index.php\/wp-json\/wp\/v2\/pages\/3823\/revisions"}],"predecessor-version":[{"id":11352,"href":"https:\/\/vienibaspsk.lv\/index.php\/wp-json\/wp\/v2\/pages\/3823\/revisions\/11352"}],"wp:attachment":[{"href":"https:\/\/vienibaspsk.lv\/index.php\/wp-json\/wp\/v2\/media?parent=3823"}],"curies":[{"name":"wp","href":"https:\/\/api.w.org\/{rel}","templated":true}]}}