{"id":38,"date":"2020-04-23T15:16:14","date_gmt":"2020-04-23T15:16:14","guid":{"rendered":"http:\/\/vienibaspsk.lv\/wordpress\/?page_id=38"},"modified":"2020-08-24T20:11:10","modified_gmt":"2020-08-24T20:11:10","slug":"par-skolu","status":"publish","type":"page","link":"https:\/\/vienibaspsk.lv\/index.php\/par-skolu\/","title":{"rendered":"Par skolu"},"content":{"rendered":"\n<figure class=\"wp-block-image size-large\"><img loading=\"lazy\" decoding=\"async\" width=\"448\" height=\"336\" src=\"https:\/\/vienibaspsk.lv\/wp-content\/uploads\/2020\/08\/dscf6632.jpeg\" alt=\"\" class=\"wp-image-375\" srcset=\"https:\/\/vienibaspsk.lv\/wp-content\/uploads\/2020\/08\/dscf6632.jpeg 448w, https:\/\/vienibaspsk.lv\/wp-content\/uploads\/2020\/08\/dscf6632-300x225.jpeg 300w\" sizes=\"auto, (max-width: 448px) 100vw, 448px\" \/><\/figure>\n\n\n\n<p>2002. gad\u0101 1. j\u016blij\u0101 Daugavpils pils\u0113tas 1. vidusskola tiek reorganiz\u0113ta div\u0101s m\u0101c\u012bbu iest\u0101d\u0113s: &#8220;Daugavpils Vien\u012bbas pamatskola&#8221; (1. &#8211; 9. klases) un &#8220;Daugavpils pils\u0113tas 1.\u0123imn\u0101zija&#8221; 7. &#8211; 12. klases).<br>2005. gad\u0101 renov\u0113ta skolas sporta z\u0101le.<br>2006. gad\u0101 renov\u0113ta skolas \u0113ka.<\/p>\n\n\n\n<figure class=\"wp-block-image size-large\"><img loading=\"lazy\" decoding=\"async\" width=\"448\" height=\"336\" src=\"https:\/\/vienibaspsk.lv\/wp-content\/uploads\/2020\/08\/dscf6611.jpeg\" alt=\"\" class=\"wp-image-374\" srcset=\"https:\/\/vienibaspsk.lv\/wp-content\/uploads\/2020\/08\/dscf6611.jpeg 448w, https:\/\/vienibaspsk.lv\/wp-content\/uploads\/2020\/08\/dscf6611-300x225.jpeg 300w\" sizes=\"auto, (max-width: 448px) 100vw, 448px\" \/><\/figure>\n\n\n\n<p><\/p>\n","protected":false},"excerpt":{"rendered":"<p>2002. gad\u0101 1. j\u016blij\u0101 Daugavpils pils\u0113tas 1. vidusskola tiek reorganiz\u0113ta div\u0101s m\u0101c\u012bbu iest\u0101d\u0113s: &#8220;Daugavpils Vien\u012bbas pamatskola&#8221; (1. &#8211; 9. klases) un &#8220;Daugavpils pils\u0113tas 1.\u0123imn\u0101zija&#8221; 7. &#8211; 12. klases).2005. gad\u0101 renov\u0113ta &#8230;<\/p>\n","protected":false},"author":2,"featured_media":0,"parent":0,"menu_order":0,"comment_status":"closed","ping_status":"closed","template":"","meta":{"_lmt_disableupdate":"","_lmt_disable":"","ngg_post_thumbnail":0,"footnotes":""},"class_list":["post-38","page","type-page","status-publish","hentry"],"yoast_head":"<!-- This site is optimized with the Yoast SEO plugin v18.3 - https:\/\/yoast.com\/wordpress\/plugins\/seo\/ -->\n<title>Par skolu - Daugavpils Vien\u012bbas pamatskola<\/title>\n<meta name=\"robots\" content=\"index, follow, max-snippet:-1, max-image-preview:large, max-video-preview:-1\" \/>\n<link rel=\"canonical\" href=\"https:\/\/vienibaspsk.lv\/index.php\/par-skolu\/\" \/>\n<meta property=\"og:locale\" content=\"lv_LV\" \/>\n<meta property=\"og:type\" content=\"article\" \/>\n<meta property=\"og:title\" content=\"Par skolu - Daugavpils Vien\u012bbas pamatskola\" \/>\n<meta property=\"og:description\" content=\"2002. gad\u0101 1. j\u016blij\u0101 Daugavpils pils\u0113tas 1. vidusskola tiek reorganiz\u0113ta div\u0101s m\u0101c\u012bbu iest\u0101d\u0113s: &#8220;Daugavpils Vien\u012bbas pamatskola&#8221; (1. &#8211; 9. klases) un &#8220;Daugavpils pils\u0113tas 1.\u0123imn\u0101zija&#8221; 7. &#8211; 12. klases).2005. gad\u0101 renov\u0113ta ...\" \/>\n<meta property=\"og:url\" content=\"https:\/\/vienibaspsk.lv\/index.php\/par-skolu\/\" \/>\n<meta property=\"og:site_name\" content=\"Daugavpils Vien\u012bbas pamatskola\" \/>\n<meta property=\"article:modified_time\" content=\"2020-08-24T20:11:10+00:00\" \/>\n<meta property=\"og:image\" content=\"http:\/\/vienibaspsk.lv\/wp-content\/uploads\/2020\/08\/dscf6632.jpeg\" \/>\n<meta name=\"twitter:card\" content=\"summary_large_image\" \/>\n<script type=\"application\/ld+json\" class=\"yoast-schema-graph\">{\"@context\":\"https:\/\/schema.org\",\"@graph\":[{\"@type\":\"WebSite\",\"@id\":\"https:\/\/vienibaspsk.lv\/#website\",\"url\":\"https:\/\/vienibaspsk.lv\/\",\"name\":\"Daugavpils Vien\u012bbas pamatskola\",\"description\":\"\",\"potentialAction\":[{\"@type\":\"SearchAction\",\"target\":{\"@type\":\"EntryPoint\",\"urlTemplate\":\"https:\/\/vienibaspsk.lv\/?s={search_term_string}\"},\"query-input\":\"required name=search_term_string\"}],\"inLanguage\":\"lv-LV\"},{\"@type\":\"ImageObject\",\"@id\":\"https:\/\/vienibaspsk.lv\/index.php\/par-skolu\/#primaryimage\",\"inLanguage\":\"lv-LV\",\"url\":\"http:\/\/vienibaspsk.lv\/wp-content\/uploads\/2020\/08\/dscf6632.jpeg\",\"contentUrl\":\"http:\/\/vienibaspsk.lv\/wp-content\/uploads\/2020\/08\/dscf6632.jpeg\"},{\"@type\":\"WebPage\",\"@id\":\"https:\/\/vienibaspsk.lv\/index.php\/par-skolu\/#webpage\",\"url\":\"https:\/\/vienibaspsk.lv\/index.php\/par-skolu\/\",\"name\":\"Par skolu - Daugavpils Vien\u012bbas pamatskola\",\"isPartOf\":{\"@id\":\"https:\/\/vienibaspsk.lv\/#website\"},\"primaryImageOfPage\":{\"@id\":\"https:\/\/vienibaspsk.lv\/index.php\/par-skolu\/#primaryimage\"},\"datePublished\":\"2020-04-23T15:16:14+00:00\",\"dateModified\":\"2020-08-24T20:11:10+00:00\",\"breadcrumb\":{\"@id\":\"https:\/\/vienibaspsk.lv\/index.php\/par-skolu\/#breadcrumb\"},\"inLanguage\":\"lv-LV\",\"potentialAction\":[{\"@type\":\"ReadAction\",\"target\":[\"https:\/\/vienibaspsk.lv\/index.php\/par-skolu\/\"]}]},{\"@type\":\"BreadcrumbList\",\"@id\":\"https:\/\/vienibaspsk.lv\/index.php\/par-skolu\/#breadcrumb\",\"itemListElement\":[{\"@type\":\"ListItem\",\"position\":1,\"name\":\"Galven\u0101\",\"item\":\"https:\/\/vienibaspsk.lv\/\"},{\"@type\":\"ListItem\",\"position\":2,\"name\":\"Par skolu\"}]}]}<\/script>\n<!-- \/ Yoast SEO plugin. -->","yoast_head_json":{"title":"Par skolu - Daugavpils Vien\u012bbas pamatskola","robots":{"index":"index","follow":"follow","max-snippet":"max-snippet:-1","max-image-preview":"max-image-preview:large","max-video-preview":"max-video-preview:-1"},"canonical":"https:\/\/vienibaspsk.lv\/index.php\/par-skolu\/","og_locale":"lv_LV","og_type":"article","og_title":"Par skolu - Daugavpils Vien\u012bbas pamatskola","og_description":"2002. gad\u0101 1. j\u016blij\u0101 Daugavpils pils\u0113tas 1. vidusskola tiek reorganiz\u0113ta div\u0101s m\u0101c\u012bbu iest\u0101d\u0113s: &#8220;Daugavpils Vien\u012bbas pamatskola&#8221; (1. &#8211; 9. klases) un &#8220;Daugavpils pils\u0113tas 1.\u0123imn\u0101zija&#8221; 7. &#8211; 12. klases).2005. gad\u0101 renov\u0113ta ...","og_url":"https:\/\/vienibaspsk.lv\/index.php\/par-skolu\/","og_site_name":"Daugavpils Vien\u012bbas pamatskola","article_modified_time":"2020-08-24T20:11:10+00:00","og_image":[{"url":"http:\/\/vienibaspsk.lv\/wp-content\/uploads\/2020\/08\/dscf6632.jpeg"}],"twitter_card":"summary_large_image","schema":{"@context":"https:\/\/schema.org","@graph":[{"@type":"WebSite","@id":"https:\/\/vienibaspsk.lv\/#website","url":"https:\/\/vienibaspsk.lv\/","name":"Daugavpils Vien\u012bbas pamatskola","description":"","potentialAction":[{"@type":"SearchAction","target":{"@type":"EntryPoint","urlTemplate":"https:\/\/vienibaspsk.lv\/?s={search_term_string}"},"query-input":"required name=search_term_string"}],"inLanguage":"lv-LV"},{"@type":"ImageObject","@id":"https:\/\/vienibaspsk.lv\/index.php\/par-skolu\/#primaryimage","inLanguage":"lv-LV","url":"http:\/\/vienibaspsk.lv\/wp-content\/uploads\/2020\/08\/dscf6632.jpeg","contentUrl":"http:\/\/vienibaspsk.lv\/wp-content\/uploads\/2020\/08\/dscf6632.jpeg"},{"@type":"WebPage","@id":"https:\/\/vienibaspsk.lv\/index.php\/par-skolu\/#webpage","url":"https:\/\/vienibaspsk.lv\/index.php\/par-skolu\/","name":"Par skolu - Daugavpils Vien\u012bbas pamatskola","isPartOf":{"@id":"https:\/\/vienibaspsk.lv\/#website"},"primaryImageOfPage":{"@id":"https:\/\/vienibaspsk.lv\/index.php\/par-skolu\/#primaryimage"},"datePublished":"2020-04-23T15:16:14+00:00","dateModified":"2020-08-24T20:11:10+00:00","breadcrumb":{"@id":"https:\/\/vienibaspsk.lv\/index.php\/par-skolu\/#breadcrumb"},"inLanguage":"lv-LV","potentialAction":[{"@type":"ReadAction","target":["https:\/\/vienibaspsk.lv\/index.php\/par-skolu\/"]}]},{"@type":"BreadcrumbList","@id":"https:\/\/vienibaspsk.lv\/index.php\/par-skolu\/#breadcrumb","itemListElement":[{"@type":"ListItem","position":1,"name":"Galven\u0101","item":"https:\/\/vienibaspsk.lv\/"},{"@type":"ListItem","position":2,"name":"Par skolu"}]}]}},"_links":{"self":[{"href":"https:\/\/vienibaspsk.lv\/index.php\/wp-json\/wp\/v2\/pages\/38","targetHints":{"allow":["GET"]}}],"collection":[{"href":"https:\/\/vienibaspsk.lv\/index.php\/wp-json\/wp\/v2\/pages"}],"about":[{"href":"https:\/\/vienibaspsk.lv\/index.php\/wp-json\/wp\/v2\/types\/page"}],"author":[{"embeddable":true,"href":"https:\/\/vienibaspsk.lv\/index.php\/wp-json\/wp\/v2\/users\/2"}],"replies":[{"embeddable":true,"href":"https:\/\/vienibaspsk.lv\/index.php\/wp-json\/wp\/v2\/comments?post=38"}],"version-history":[{"count":4,"href":"https:\/\/vienibaspsk.lv\/index.php\/wp-json\/wp\/v2\/pages\/38\/revisions"}],"predecessor-version":[{"id":456,"href":"https:\/\/vienibaspsk.lv\/index.php\/wp-json\/wp\/v2\/pages\/38\/revisions\/456"}],"wp:attachment":[{"href":"https:\/\/vienibaspsk.lv\/index.php\/wp-json\/wp\/v2\/media?parent=38"}],"curies":[{"name":"wp","href":"https:\/\/api.w.org\/{rel}","templated":true}]}}