{"id":367,"date":"2020-08-11T13:11:29","date_gmt":"2020-08-11T13:11:29","guid":{"rendered":"http:\/\/vienibaspsk.lv\/wordpress\/?page_id=367"},"modified":"2020-08-11T13:11:30","modified_gmt":"2020-08-11T13:11:30","slug":"starptautiskais-lasitveicinasanas-projekts-musu-maza-biblioteka","status":"publish","type":"page","link":"https:\/\/vienibaspsk.lv\/index.php\/projekti\/starptautiskais-lasitveicinasanas-projekts-musu-maza-biblioteka\/","title":{"rendered":"Starptautiskais las\u012btveicin\u0101\u0161anas projekts \u201cM\u016bsu maz\u0101 bibliot\u0113ka&#8221;"},"content":{"rendered":"\n<figure class=\"wp-block-image\"><img decoding=\"async\" src=\"https:\/\/vienibaspsk.lv\/images\/musumazabiblioteka.png\" alt=\"\"\/><\/figure>\n\n\n\n<figure class=\"wp-block-table\"><table><tbody><tr><td>\u2002Daugavpils Vien\u012bbas pamatskolas bibliot\u0113ka 2018.\/2019. m\u0101c\u012bbu gad\u0101 iesaist\u012bj\u0101s Starptautiskaj\u0101 las\u012btveicin\u0101\u0161anas projekt\u0101 \u201cM\u016bsu maz\u0101 bibliot\u0113ka\u201d, kas ir izdevniec\u012bbas \u201cLiels un mazs\u201d izgl\u012btojo\u0161s las\u012b\u0161anas veicin\u0101\u0161anas projekts 4-8 gad\u012bgiem b\u0113rniem, kur\u0101 sadarbojas izdev\u0113ji no 6 Eiropas valst\u012bm. \u201cM\u016bsu maz\u0101s bibliot\u0113kas\u201d m\u0113r\u0137is ir veicin\u0101t b\u0113rnu interesi par literat\u016bru un ilustr\u0101ciju, k\u0101 ar\u012b rosin\u0101t b\u0113rnus uz da\u017e\u0101d\u0101m rado\u0161\u0101m nodarb\u0113m.<br><br>\u2002\u2002Programma nosl\u0113dz\u0101s 2019. gada maij\u0101, un taj\u0101 bija iek\u013cautas kop\u0101 se\u0161as augstv\u0113rt\u012bgas bil\u017eu gr\u0101matas no Polijas, Slov\u0113nijas, Igaunijas, k\u0101 ar\u012b viena no Latvijas &#8211; jau agr\u0101k izdot\u0101 M\u0101rti\u0146a Zu\u0161a bil\u017eu gr\u0101mata \u201cNenotiku\u0161ais atkl\u0101jums\u201d. Bil\u017eu gr\u0101mat\u0101s ilustr\u0101cij\u0101m ir tikpat noz\u012bm\u012bga loma k\u0101 tekstam, autors un ilustrators papildina viens otru, padarot gr\u0101matu par nedal\u0101mu vien\u012bbu.<br><br>\u2002\u2002M\u016bsu skol\u0101 \u0161aj\u0101 projekt\u0101 darboj\u0101s 1.b un 2.b klases skol\u0113ni. B\u0113rni ir izlas\u012bju\u0161i visas 6 \u201cM\u016bsu maz\u0101s bibliot\u0113kas\u201d gr\u0101matas, k\u0101 ar\u012b ar lielu aizraut\u012bbu ir izpild\u012bju\u0161i visus uzdevumus darba burtn\u012bc\u0101s. Ar skol\u0113niem daudz str\u0101d\u0101ja ar\u012b vi\u0146u klases audzin\u0101t\u0101jas &#8211; 1. b klases audzin\u0101t\u0101ja \u0100rija Leine un 2.b klases audzin\u0101t\u0101ja Iveta Luka\u0161evi\u010da<br><br>\u2002\u20021.b klases skol\u0113niem visvair\u0101k patika gr\u0101matas \u2013 \u201cSniegbaltais un og\u013cmelnais\u201d un \u201cUzv\u0101ri man pasaci\u0146u!\u201d. Savuk\u0101rt 2. b klases skol\u0113ni par visjauk\u0101ko izv\u0113l\u0113ju\u0161ies gr\u0101matu \u201cL\u016bdzu, apskauj mani!\u201d.<br><br>\u2002\u2002Abu kla\u0161u skol\u0113ni atz\u012bst, ka \u013coti patika ne tikai las\u012bt, diskut\u0113t, izsp\u0113l\u0113t, bet ar\u012b str\u0101d\u0101t darba burtn\u012bc\u0101s \u2013 pild\u012bt da\u017e\u0101dus interesantus uzdevumus, k\u0101 ar\u012b z\u012bm\u0113t, kr\u0101sot un, it \u012bpa\u0161i, tais\u012bt asto\u0146k\u0101ji.<br><br>\u2002\u2002Gandr\u012bz visi skol\u0113ni izteica v\u0113l\u0113\u0161anos labpr\u0101t piedal\u012bties ar\u012b turpm\u0101k l\u012bdz\u012bgos projektos.<br><br>\u2002\u2002Paldies 1.b un 2.b kla\u0161u skol\u0113niem un kla\u0161u audzin\u0101t\u0101j\u0101m &#8211; \u0100rijai Leinei (1.b.kl.) un Ivetai Luka\u0161evi\u010dai (2.b.kl.) par akt\u012bvo darbo\u0161anos projekt\u0101!<br><br><a href=\"https:\/\/vienibaspsk.lv\/foto123.html\">Foto<\/a><br><em>Inform\u0101ciju sagatavoja skolas bibliotek\u0101re J. Celma, izmantojot izdevniec\u012bbas \u201cLiels un mazs\u201d materi\u0101lus.<\/em><\/td><\/tr><tr><td><\/td><\/tr><tr><td><br>pievienots 30.05.2019; 09:55<\/td><\/tr><\/tbody><\/table><\/figure>\n","protected":false},"excerpt":{"rendered":"<p>\u2002Daugavpils Vien\u012bbas pamatskolas bibliot\u0113ka 2018.\/2019. m\u0101c\u012bbu gad\u0101 iesaist\u012bj\u0101s Starptautiskaj\u0101 las\u012btveicin\u0101\u0161anas projekt\u0101 \u201cM\u016bsu maz\u0101 bibliot\u0113ka\u201d, kas ir izdevniec\u012bbas \u201cLiels un mazs\u201d izgl\u012btojo\u0161s las\u012b\u0161anas veicin\u0101\u0161anas projekts 4-8 gad\u012bgiem b\u0113rniem, kur\u0101 sadarbojas izdev\u0113ji &#8230;<\/p>\n","protected":false},"author":2,"featured_media":0,"parent":95,"menu_order":0,"comment_status":"closed","ping_status":"closed","template":"","meta":{"_lmt_disableupdate":"","_lmt_disable":"","ngg_post_thumbnail":0,"footnotes":""},"class_list":["post-367","page","type-page","status-publish","hentry"],"yoast_head":"<!-- This site is optimized with the Yoast SEO plugin v18.3 - https:\/\/yoast.com\/wordpress\/plugins\/seo\/ -->\n<title>Starptautiskais las\u012btveicin\u0101\u0161anas projekts \u201cM\u016bsu maz\u0101 bibliot\u0113ka&quot; - Daugavpils Vien\u012bbas pamatskola<\/title>\n<meta name=\"robots\" content=\"index, follow, max-snippet:-1, max-image-preview:large, max-video-preview:-1\" \/>\n<link rel=\"canonical\" href=\"https:\/\/vienibaspsk.lv\/index.php\/projekti\/starptautiskais-lasitveicinasanas-projekts-musu-maza-biblioteka\/\" \/>\n<meta property=\"og:locale\" content=\"lv_LV\" \/>\n<meta property=\"og:type\" content=\"article\" \/>\n<meta property=\"og:title\" content=\"Starptautiskais las\u012btveicin\u0101\u0161anas projekts \u201cM\u016bsu maz\u0101 bibliot\u0113ka&quot; - Daugavpils Vien\u012bbas pamatskola\" \/>\n<meta property=\"og:description\" content=\"\u2002Daugavpils Vien\u012bbas pamatskolas bibliot\u0113ka 2018.\/2019. m\u0101c\u012bbu gad\u0101 iesaist\u012bj\u0101s Starptautiskaj\u0101 las\u012btveicin\u0101\u0161anas projekt\u0101 \u201cM\u016bsu maz\u0101 bibliot\u0113ka\u201d, kas ir izdevniec\u012bbas \u201cLiels un mazs\u201d izgl\u012btojo\u0161s las\u012b\u0161anas veicin\u0101\u0161anas projekts 4-8 gad\u012bgiem b\u0113rniem, kur\u0101 sadarbojas izdev\u0113ji ...\" \/>\n<meta property=\"og:url\" content=\"https:\/\/vienibaspsk.lv\/index.php\/projekti\/starptautiskais-lasitveicinasanas-projekts-musu-maza-biblioteka\/\" \/>\n<meta property=\"og:site_name\" content=\"Daugavpils Vien\u012bbas pamatskola\" \/>\n<meta property=\"article:modified_time\" content=\"2020-08-11T13:11:30+00:00\" \/>\n<meta property=\"og:image\" content=\"http:\/\/vienibaspsk.lv\/images\/musumazabiblioteka.png\" \/>\n<meta name=\"twitter:card\" content=\"summary_large_image\" \/>\n<meta name=\"twitter:label1\" content=\"Est. reading time\" \/>\n\t<meta name=\"twitter:data1\" content=\"2 min\u016btes\" \/>\n<script type=\"application\/ld+json\" class=\"yoast-schema-graph\">{\"@context\":\"https:\/\/schema.org\",\"@graph\":[{\"@type\":\"WebSite\",\"@id\":\"https:\/\/vienibaspsk.lv\/#website\",\"url\":\"https:\/\/vienibaspsk.lv\/\",\"name\":\"Daugavpils Vien\u012bbas pamatskola\",\"description\":\"\",\"potentialAction\":[{\"@type\":\"SearchAction\",\"target\":{\"@type\":\"EntryPoint\",\"urlTemplate\":\"https:\/\/vienibaspsk.lv\/?s={search_term_string}\"},\"query-input\":\"required name=search_term_string\"}],\"inLanguage\":\"lv-LV\"},{\"@type\":\"ImageObject\",\"@id\":\"https:\/\/vienibaspsk.lv\/index.php\/projekti\/starptautiskais-lasitveicinasanas-projekts-musu-maza-biblioteka\/#primaryimage\",\"inLanguage\":\"lv-LV\",\"url\":\"http:\/\/vienibaspsk.lv\/images\/musumazabiblioteka.png\",\"contentUrl\":\"http:\/\/vienibaspsk.lv\/images\/musumazabiblioteka.png\"},{\"@type\":\"WebPage\",\"@id\":\"https:\/\/vienibaspsk.lv\/index.php\/projekti\/starptautiskais-lasitveicinasanas-projekts-musu-maza-biblioteka\/#webpage\",\"url\":\"https:\/\/vienibaspsk.lv\/index.php\/projekti\/starptautiskais-lasitveicinasanas-projekts-musu-maza-biblioteka\/\",\"name\":\"Starptautiskais las\u012btveicin\u0101\u0161anas projekts \u201cM\u016bsu maz\u0101 bibliot\u0113ka\\\" - Daugavpils Vien\u012bbas pamatskola\",\"isPartOf\":{\"@id\":\"https:\/\/vienibaspsk.lv\/#website\"},\"primaryImageOfPage\":{\"@id\":\"https:\/\/vienibaspsk.lv\/index.php\/projekti\/starptautiskais-lasitveicinasanas-projekts-musu-maza-biblioteka\/#primaryimage\"},\"datePublished\":\"2020-08-11T13:11:29+00:00\",\"dateModified\":\"2020-08-11T13:11:30+00:00\",\"breadcrumb\":{\"@id\":\"https:\/\/vienibaspsk.lv\/index.php\/projekti\/starptautiskais-lasitveicinasanas-projekts-musu-maza-biblioteka\/#breadcrumb\"},\"inLanguage\":\"lv-LV\",\"potentialAction\":[{\"@type\":\"ReadAction\",\"target\":[\"https:\/\/vienibaspsk.lv\/index.php\/projekti\/starptautiskais-lasitveicinasanas-projekts-musu-maza-biblioteka\/\"]}]},{\"@type\":\"BreadcrumbList\",\"@id\":\"https:\/\/vienibaspsk.lv\/index.php\/projekti\/starptautiskais-lasitveicinasanas-projekts-musu-maza-biblioteka\/#breadcrumb\",\"itemListElement\":[{\"@type\":\"ListItem\",\"position\":1,\"name\":\"Galven\u0101\",\"item\":\"https:\/\/vienibaspsk.lv\/\"},{\"@type\":\"ListItem\",\"position\":2,\"name\":\"Projekti\",\"item\":\"https:\/\/vienibaspsk.lv\/index.php\/projekti\/\"},{\"@type\":\"ListItem\",\"position\":3,\"name\":\"Starptautiskais las\u012btveicin\u0101\u0161anas projekts \u201cM\u016bsu maz\u0101 bibliot\u0113ka&#8221;\"}]}]}<\/script>\n<!-- \/ Yoast SEO plugin. -->","yoast_head_json":{"title":"Starptautiskais las\u012btveicin\u0101\u0161anas projekts \u201cM\u016bsu maz\u0101 bibliot\u0113ka\" - Daugavpils Vien\u012bbas pamatskola","robots":{"index":"index","follow":"follow","max-snippet":"max-snippet:-1","max-image-preview":"max-image-preview:large","max-video-preview":"max-video-preview:-1"},"canonical":"https:\/\/vienibaspsk.lv\/index.php\/projekti\/starptautiskais-lasitveicinasanas-projekts-musu-maza-biblioteka\/","og_locale":"lv_LV","og_type":"article","og_title":"Starptautiskais las\u012btveicin\u0101\u0161anas projekts \u201cM\u016bsu maz\u0101 bibliot\u0113ka\" - Daugavpils Vien\u012bbas pamatskola","og_description":"\u2002Daugavpils Vien\u012bbas pamatskolas bibliot\u0113ka 2018.\/2019. m\u0101c\u012bbu gad\u0101 iesaist\u012bj\u0101s Starptautiskaj\u0101 las\u012btveicin\u0101\u0161anas projekt\u0101 \u201cM\u016bsu maz\u0101 bibliot\u0113ka\u201d, kas ir izdevniec\u012bbas \u201cLiels un mazs\u201d izgl\u012btojo\u0161s las\u012b\u0161anas veicin\u0101\u0161anas projekts 4-8 gad\u012bgiem b\u0113rniem, kur\u0101 sadarbojas izdev\u0113ji ...","og_url":"https:\/\/vienibaspsk.lv\/index.php\/projekti\/starptautiskais-lasitveicinasanas-projekts-musu-maza-biblioteka\/","og_site_name":"Daugavpils Vien\u012bbas pamatskola","article_modified_time":"2020-08-11T13:11:30+00:00","og_image":[{"url":"http:\/\/vienibaspsk.lv\/images\/musumazabiblioteka.png"}],"twitter_card":"summary_large_image","twitter_misc":{"Est. reading time":"2 min\u016btes"},"schema":{"@context":"https:\/\/schema.org","@graph":[{"@type":"WebSite","@id":"https:\/\/vienibaspsk.lv\/#website","url":"https:\/\/vienibaspsk.lv\/","name":"Daugavpils Vien\u012bbas pamatskola","description":"","potentialAction":[{"@type":"SearchAction","target":{"@type":"EntryPoint","urlTemplate":"https:\/\/vienibaspsk.lv\/?s={search_term_string}"},"query-input":"required name=search_term_string"}],"inLanguage":"lv-LV"},{"@type":"ImageObject","@id":"https:\/\/vienibaspsk.lv\/index.php\/projekti\/starptautiskais-lasitveicinasanas-projekts-musu-maza-biblioteka\/#primaryimage","inLanguage":"lv-LV","url":"http:\/\/vienibaspsk.lv\/images\/musumazabiblioteka.png","contentUrl":"http:\/\/vienibaspsk.lv\/images\/musumazabiblioteka.png"},{"@type":"WebPage","@id":"https:\/\/vienibaspsk.lv\/index.php\/projekti\/starptautiskais-lasitveicinasanas-projekts-musu-maza-biblioteka\/#webpage","url":"https:\/\/vienibaspsk.lv\/index.php\/projekti\/starptautiskais-lasitveicinasanas-projekts-musu-maza-biblioteka\/","name":"Starptautiskais las\u012btveicin\u0101\u0161anas projekts \u201cM\u016bsu maz\u0101 bibliot\u0113ka\" - Daugavpils Vien\u012bbas pamatskola","isPartOf":{"@id":"https:\/\/vienibaspsk.lv\/#website"},"primaryImageOfPage":{"@id":"https:\/\/vienibaspsk.lv\/index.php\/projekti\/starptautiskais-lasitveicinasanas-projekts-musu-maza-biblioteka\/#primaryimage"},"datePublished":"2020-08-11T13:11:29+00:00","dateModified":"2020-08-11T13:11:30+00:00","breadcrumb":{"@id":"https:\/\/vienibaspsk.lv\/index.php\/projekti\/starptautiskais-lasitveicinasanas-projekts-musu-maza-biblioteka\/#breadcrumb"},"inLanguage":"lv-LV","potentialAction":[{"@type":"ReadAction","target":["https:\/\/vienibaspsk.lv\/index.php\/projekti\/starptautiskais-lasitveicinasanas-projekts-musu-maza-biblioteka\/"]}]},{"@type":"BreadcrumbList","@id":"https:\/\/vienibaspsk.lv\/index.php\/projekti\/starptautiskais-lasitveicinasanas-projekts-musu-maza-biblioteka\/#breadcrumb","itemListElement":[{"@type":"ListItem","position":1,"name":"Galven\u0101","item":"https:\/\/vienibaspsk.lv\/"},{"@type":"ListItem","position":2,"name":"Projekti","item":"https:\/\/vienibaspsk.lv\/index.php\/projekti\/"},{"@type":"ListItem","position":3,"name":"Starptautiskais las\u012btveicin\u0101\u0161anas projekts \u201cM\u016bsu maz\u0101 bibliot\u0113ka&#8221;"}]}]}},"_links":{"self":[{"href":"https:\/\/vienibaspsk.lv\/index.php\/wp-json\/wp\/v2\/pages\/367","targetHints":{"allow":["GET"]}}],"collection":[{"href":"https:\/\/vienibaspsk.lv\/index.php\/wp-json\/wp\/v2\/pages"}],"about":[{"href":"https:\/\/vienibaspsk.lv\/index.php\/wp-json\/wp\/v2\/types\/page"}],"author":[{"embeddable":true,"href":"https:\/\/vienibaspsk.lv\/index.php\/wp-json\/wp\/v2\/users\/2"}],"replies":[{"embeddable":true,"href":"https:\/\/vienibaspsk.lv\/index.php\/wp-json\/wp\/v2\/comments?post=367"}],"version-history":[{"count":1,"href":"https:\/\/vienibaspsk.lv\/index.php\/wp-json\/wp\/v2\/pages\/367\/revisions"}],"predecessor-version":[{"id":368,"href":"https:\/\/vienibaspsk.lv\/index.php\/wp-json\/wp\/v2\/pages\/367\/revisions\/368"}],"up":[{"embeddable":true,"href":"https:\/\/vienibaspsk.lv\/index.php\/wp-json\/wp\/v2\/pages\/95"}],"wp:attachment":[{"href":"https:\/\/vienibaspsk.lv\/index.php\/wp-json\/wp\/v2\/media?parent=367"}],"curies":[{"name":"wp","href":"https:\/\/api.w.org\/{rel}","templated":true}]}}