{"id":3226,"date":"2021-08-13T13:28:27","date_gmt":"2021-08-13T10:28:27","guid":{"rendered":"http:\/\/vienibaspsk.lv\/?page_id=3226"},"modified":"2025-04-17T10:46:13","modified_gmt":"2025-04-17T07:46:13","slug":"skolas-vizija","status":"publish","type":"page","link":"https:\/\/vienibaspsk.lv\/index.php\/skolas-vizija\/","title":{"rendered":"Skolas v\u012bzija, misija, v\u0113rt\u012bbas."},"content":{"rendered":"<p><img loading=\"lazy\" decoding=\"async\" class=\" wp-image-3017 aligncenter\" src=\"https:\/\/vienibaspsk.lv\/wp-content\/uploads\/2021\/05\/default_featureimage-300x150.jpg\" alt=\"Dvpsk_koks_default_thumbnail\" width=\"362\" height=\"181\" srcset=\"https:\/\/vienibaspsk.lv\/wp-content\/uploads\/2021\/05\/default_featureimage-300x150.jpg 300w, https:\/\/vienibaspsk.lv\/wp-content\/uploads\/2021\/05\/default_featureimage-768x384.jpg 768w, https:\/\/vienibaspsk.lv\/wp-content\/uploads\/2021\/05\/default_featureimage.jpg 800w\" sizes=\"auto, (max-width: 362px) 100vw, 362px\" \/><\/p>\n<table style=\"border-collapse: collapse; width: 60.0607%; height: 165px;\" align=\"center\">\n<tbody>\n<tr style=\"height: 18px;\">\n<td style=\"width: 8.6075%; height: 70px; text-align: center;\"><span style=\"font-size: 12pt; font-family: arial, helvetica, sans-serif; color: #800000;\"><strong>V\u012aZIJA<\/strong><\/span><\/td>\n<td style=\"width: 51.4537%; height: 70px; text-align: center;\"><strong><span style=\"font-family: arial, helvetica, sans-serif; font-size: 12pt; color: #000000;\">M\u016bsu skola &#8211; skola visiem!<\/span><\/strong><\/td>\n<\/tr>\n<tr style=\"height: 18px;\">\n<td style=\"width: 8.6075%; height: 77px; text-align: center;\"><span style=\"font-size: 12pt; font-family: arial, helvetica, sans-serif; color: #800000;\"><strong>MISIJA<\/strong><\/span><\/td>\n<td style=\"width: 51.4537%; height: 77px;\"><span style=\"font-family: arial, helvetica, sans-serif; font-size: 12pt; color: #000000;\">M\u016bsdien\u012bga, rado\u0161a un atv\u0113rta izgl\u012bt\u012bbas iest\u0101de, kur\u0101 tiek att\u012bst\u012bts katra izgl\u012btojam\u0101 talants.<\/span><\/td>\n<\/tr>\n<tr style=\"height: 18px;\">\n<td style=\"width: 8.6075%; height: 18px; text-align: center;\"><span style=\"font-size: 12pt; font-family: arial, helvetica, sans-serif; color: #800000;\"><strong>V\u0112RT\u012aBAS<\/strong><\/span><\/td>\n<td style=\"width: 51.4537%; height: 18px;\">\n<ul>\n<li><span style=\"font-family: arial, helvetica, sans-serif; font-size: 12pt; color: #000000;\">Cie\u0146a.<\/span><\/li>\n<li><span style=\"font-family: arial, helvetica, sans-serif; font-size: 12pt; color: #000000;\">Rado\u0161ums.<\/span><\/li>\n<li><span style=\"font-family: arial, helvetica, sans-serif; font-size: 12pt; color: #000000;\">Sadarb\u012bba.<\/span><\/li>\n<\/ul>\n<\/td>\n<\/tr>\n<\/tbody>\n<\/table>\n","protected":false},"excerpt":{"rendered":"<p>V\u012aZIJA M\u016bsu skola &#8211; skola visiem! MISIJA M\u016bsdien\u012bga, rado\u0161a un atv\u0113rta izgl\u012bt\u012bbas iest\u0101de, kur\u0101 tiek att\u012bst\u012bts katra izgl\u012btojam\u0101 talants. V\u0112RT\u012aBAS Cie\u0146a. Rado\u0161ums. Sadarb\u012bba.<\/p>\n","protected":false},"author":3,"featured_media":0,"parent":0,"menu_order":0,"comment_status":"closed","ping_status":"closed","template":"","meta":{"_lmt_disableupdate":"no","_lmt_disable":"","ngg_post_thumbnail":0,"footnotes":""},"class_list":["post-3226","page","type-page","status-publish","hentry"],"yoast_head":"<!-- This site is optimized with the Yoast SEO plugin v18.3 - https:\/\/yoast.com\/wordpress\/plugins\/seo\/ -->\n<title>Skolas v\u012bzija, misija, v\u0113rt\u012bbas. - Daugavpils Vien\u012bbas pamatskola<\/title>\n<meta name=\"robots\" content=\"index, follow, max-snippet:-1, max-image-preview:large, max-video-preview:-1\" \/>\n<link rel=\"canonical\" href=\"https:\/\/vienibaspsk.lv\/index.php\/skolas-vizija\/\" \/>\n<meta property=\"og:locale\" content=\"lv_LV\" \/>\n<meta property=\"og:type\" content=\"article\" \/>\n<meta property=\"og:title\" content=\"Skolas v\u012bzija, misija, v\u0113rt\u012bbas. - Daugavpils Vien\u012bbas pamatskola\" \/>\n<meta property=\"og:description\" content=\"V\u012aZIJA M\u016bsu skola &#8211; skola visiem! MISIJA M\u016bsdien\u012bga, rado\u0161a un atv\u0113rta izgl\u012bt\u012bbas iest\u0101de, kur\u0101 tiek att\u012bst\u012bts katra izgl\u012btojam\u0101 talants. V\u0112RT\u012aBAS Cie\u0146a. Rado\u0161ums. Sadarb\u012bba.\" \/>\n<meta property=\"og:url\" content=\"https:\/\/vienibaspsk.lv\/index.php\/skolas-vizija\/\" \/>\n<meta property=\"og:site_name\" content=\"Daugavpils Vien\u012bbas pamatskola\" \/>\n<meta property=\"article:modified_time\" content=\"2025-04-17T07:46:13+00:00\" \/>\n<meta property=\"og:image\" content=\"http:\/\/vienibaspsk.lv\/wp-content\/uploads\/2021\/05\/default_featureimage-300x150.jpg\" \/>\n<meta name=\"twitter:card\" content=\"summary_large_image\" \/>\n<script type=\"application\/ld+json\" class=\"yoast-schema-graph\">{\"@context\":\"https:\/\/schema.org\",\"@graph\":[{\"@type\":\"WebSite\",\"@id\":\"https:\/\/vienibaspsk.lv\/#website\",\"url\":\"https:\/\/vienibaspsk.lv\/\",\"name\":\"Daugavpils Vien\u012bbas pamatskola\",\"description\":\"\",\"potentialAction\":[{\"@type\":\"SearchAction\",\"target\":{\"@type\":\"EntryPoint\",\"urlTemplate\":\"https:\/\/vienibaspsk.lv\/?s={search_term_string}\"},\"query-input\":\"required name=search_term_string\"}],\"inLanguage\":\"lv-LV\"},{\"@type\":\"ImageObject\",\"@id\":\"https:\/\/vienibaspsk.lv\/index.php\/skolas-vizija\/#primaryimage\",\"inLanguage\":\"lv-LV\",\"url\":\"http:\/\/vienibaspsk.lv\/wp-content\/uploads\/2021\/05\/default_featureimage-300x150.jpg\",\"contentUrl\":\"http:\/\/vienibaspsk.lv\/wp-content\/uploads\/2021\/05\/default_featureimage-300x150.jpg\"},{\"@type\":\"WebPage\",\"@id\":\"https:\/\/vienibaspsk.lv\/index.php\/skolas-vizija\/#webpage\",\"url\":\"https:\/\/vienibaspsk.lv\/index.php\/skolas-vizija\/\",\"name\":\"Skolas v\u012bzija, misija, v\u0113rt\u012bbas. - Daugavpils Vien\u012bbas pamatskola\",\"isPartOf\":{\"@id\":\"https:\/\/vienibaspsk.lv\/#website\"},\"primaryImageOfPage\":{\"@id\":\"https:\/\/vienibaspsk.lv\/index.php\/skolas-vizija\/#primaryimage\"},\"datePublished\":\"2021-08-13T10:28:27+00:00\",\"dateModified\":\"2025-04-17T07:46:13+00:00\",\"breadcrumb\":{\"@id\":\"https:\/\/vienibaspsk.lv\/index.php\/skolas-vizija\/#breadcrumb\"},\"inLanguage\":\"lv-LV\",\"potentialAction\":[{\"@type\":\"ReadAction\",\"target\":[\"https:\/\/vienibaspsk.lv\/index.php\/skolas-vizija\/\"]}]},{\"@type\":\"BreadcrumbList\",\"@id\":\"https:\/\/vienibaspsk.lv\/index.php\/skolas-vizija\/#breadcrumb\",\"itemListElement\":[{\"@type\":\"ListItem\",\"position\":1,\"name\":\"Galven\u0101\",\"item\":\"https:\/\/vienibaspsk.lv\/\"},{\"@type\":\"ListItem\",\"position\":2,\"name\":\"Skolas v\u012bzija, misija, v\u0113rt\u012bbas.\"}]}]}<\/script>\n<!-- \/ Yoast SEO plugin. -->","yoast_head_json":{"title":"Skolas v\u012bzija, misija, v\u0113rt\u012bbas. - Daugavpils Vien\u012bbas pamatskola","robots":{"index":"index","follow":"follow","max-snippet":"max-snippet:-1","max-image-preview":"max-image-preview:large","max-video-preview":"max-video-preview:-1"},"canonical":"https:\/\/vienibaspsk.lv\/index.php\/skolas-vizija\/","og_locale":"lv_LV","og_type":"article","og_title":"Skolas v\u012bzija, misija, v\u0113rt\u012bbas. - Daugavpils Vien\u012bbas pamatskola","og_description":"V\u012aZIJA M\u016bsu skola &#8211; skola visiem! MISIJA M\u016bsdien\u012bga, rado\u0161a un atv\u0113rta izgl\u012bt\u012bbas iest\u0101de, kur\u0101 tiek att\u012bst\u012bts katra izgl\u012btojam\u0101 talants. V\u0112RT\u012aBAS Cie\u0146a. Rado\u0161ums. Sadarb\u012bba.","og_url":"https:\/\/vienibaspsk.lv\/index.php\/skolas-vizija\/","og_site_name":"Daugavpils Vien\u012bbas pamatskola","article_modified_time":"2025-04-17T07:46:13+00:00","og_image":[{"url":"http:\/\/vienibaspsk.lv\/wp-content\/uploads\/2021\/05\/default_featureimage-300x150.jpg"}],"twitter_card":"summary_large_image","schema":{"@context":"https:\/\/schema.org","@graph":[{"@type":"WebSite","@id":"https:\/\/vienibaspsk.lv\/#website","url":"https:\/\/vienibaspsk.lv\/","name":"Daugavpils Vien\u012bbas pamatskola","description":"","potentialAction":[{"@type":"SearchAction","target":{"@type":"EntryPoint","urlTemplate":"https:\/\/vienibaspsk.lv\/?s={search_term_string}"},"query-input":"required name=search_term_string"}],"inLanguage":"lv-LV"},{"@type":"ImageObject","@id":"https:\/\/vienibaspsk.lv\/index.php\/skolas-vizija\/#primaryimage","inLanguage":"lv-LV","url":"http:\/\/vienibaspsk.lv\/wp-content\/uploads\/2021\/05\/default_featureimage-300x150.jpg","contentUrl":"http:\/\/vienibaspsk.lv\/wp-content\/uploads\/2021\/05\/default_featureimage-300x150.jpg"},{"@type":"WebPage","@id":"https:\/\/vienibaspsk.lv\/index.php\/skolas-vizija\/#webpage","url":"https:\/\/vienibaspsk.lv\/index.php\/skolas-vizija\/","name":"Skolas v\u012bzija, misija, v\u0113rt\u012bbas. - Daugavpils Vien\u012bbas pamatskola","isPartOf":{"@id":"https:\/\/vienibaspsk.lv\/#website"},"primaryImageOfPage":{"@id":"https:\/\/vienibaspsk.lv\/index.php\/skolas-vizija\/#primaryimage"},"datePublished":"2021-08-13T10:28:27+00:00","dateModified":"2025-04-17T07:46:13+00:00","breadcrumb":{"@id":"https:\/\/vienibaspsk.lv\/index.php\/skolas-vizija\/#breadcrumb"},"inLanguage":"lv-LV","potentialAction":[{"@type":"ReadAction","target":["https:\/\/vienibaspsk.lv\/index.php\/skolas-vizija\/"]}]},{"@type":"BreadcrumbList","@id":"https:\/\/vienibaspsk.lv\/index.php\/skolas-vizija\/#breadcrumb","itemListElement":[{"@type":"ListItem","position":1,"name":"Galven\u0101","item":"https:\/\/vienibaspsk.lv\/"},{"@type":"ListItem","position":2,"name":"Skolas v\u012bzija, misija, v\u0113rt\u012bbas."}]}]}},"_links":{"self":[{"href":"https:\/\/vienibaspsk.lv\/index.php\/wp-json\/wp\/v2\/pages\/3226","targetHints":{"allow":["GET"]}}],"collection":[{"href":"https:\/\/vienibaspsk.lv\/index.php\/wp-json\/wp\/v2\/pages"}],"about":[{"href":"https:\/\/vienibaspsk.lv\/index.php\/wp-json\/wp\/v2\/types\/page"}],"author":[{"embeddable":true,"href":"https:\/\/vienibaspsk.lv\/index.php\/wp-json\/wp\/v2\/users\/3"}],"replies":[{"embeddable":true,"href":"https:\/\/vienibaspsk.lv\/index.php\/wp-json\/wp\/v2\/comments?post=3226"}],"version-history":[{"count":12,"href":"https:\/\/vienibaspsk.lv\/index.php\/wp-json\/wp\/v2\/pages\/3226\/revisions"}],"predecessor-version":[{"id":9931,"href":"https:\/\/vienibaspsk.lv\/index.php\/wp-json\/wp\/v2\/pages\/3226\/revisions\/9931"}],"wp:attachment":[{"href":"https:\/\/vienibaspsk.lv\/index.php\/wp-json\/wp\/v2\/media?parent=3226"}],"curies":[{"name":"wp","href":"https:\/\/api.w.org\/{rel}","templated":true}]}}