{"id":306,"date":"2020-08-10T15:28:41","date_gmt":"2020-08-10T15:28:41","guid":{"rendered":"http:\/\/vienibaspsk.lv\/wordpress\/?page_id=306"},"modified":"2024-10-02T13:42:41","modified_gmt":"2024-10-02T10:42:41","slug":"normativie-akti","status":"publish","type":"page","link":"https:\/\/vienibaspsk.lv\/index.php\/normativie-akti\/","title":{"rendered":"Normat\u012bvie akti"},"content":{"rendered":"\r\n<p><strong><a href=\"https:\/\/vienibaspsk.lv\/wp-content\/uploads\/2020\/08\/Privatuma-politika-Daugavpils-Vien\u012bbas-pamatskola.pdf\"><img loading=\"lazy\" decoding=\"async\" class=\"alignnone  wp-image-3510\" src=\"https:\/\/vienibaspsk.lv\/wp-content\/uploads\/2021\/09\/free-pdf-file-icon-2614-thumb-300x300.png\" alt=\"\" width=\"42\" height=\"42\" srcset=\"https:\/\/vienibaspsk.lv\/wp-content\/uploads\/2021\/09\/free-pdf-file-icon-2614-thumb-300x300.png 300w, https:\/\/vienibaspsk.lv\/wp-content\/uploads\/2021\/09\/free-pdf-file-icon-2614-thumb-150x150.png 150w, https:\/\/vienibaspsk.lv\/wp-content\/uploads\/2021\/09\/free-pdf-file-icon-2614-thumb.png 512w\" sizes=\"auto, (max-width: 42px) 100vw, 42px\" \/>Priv\u0101tuma politika Daugavpils Vien\u012bbas pamatskol\u0101<\/a><\/strong><\/p>\r\n<p><strong>\r\n\r\n<\/strong><\/p>\r\n<p><strong><a href=\"https:\/\/vienibaspsk.lv\/wp-content\/uploads\/2020\/08\/Ieksejas_trauksmes_celsanas_kartiba_2020.pdf\"><img loading=\"lazy\" decoding=\"async\" class=\"alignnone  wp-image-3510\" src=\"https:\/\/vienibaspsk.lv\/wp-content\/uploads\/2021\/09\/free-pdf-file-icon-2614-thumb-300x300.png\" alt=\"\" width=\"42\" height=\"42\" srcset=\"https:\/\/vienibaspsk.lv\/wp-content\/uploads\/2021\/09\/free-pdf-file-icon-2614-thumb-300x300.png 300w, https:\/\/vienibaspsk.lv\/wp-content\/uploads\/2021\/09\/free-pdf-file-icon-2614-thumb-150x150.png 150w, https:\/\/vienibaspsk.lv\/wp-content\/uploads\/2021\/09\/free-pdf-file-icon-2614-thumb.png 512w\" sizes=\"auto, (max-width: 42px) 100vw, 42px\" \/><\/a><a href=\"https:\/\/vienibaspsk.lv\/wp-content\/uploads\/2024\/10\/ieksejas-trauksmes-celsanas-kartiba-2024.pdf\">Iek\u0161\u0113j\u0101s trauksmes cel\u0161anas k\u0101rt\u012bba<\/a><\/strong><\/p>\r\n<p><strong>\r\n\r\n<\/strong><\/p>\r\n<p><strong><a href=\"https:\/\/vienibaspsk.lv\/wp-content\/uploads\/2021\/08\/Lem_356.pdf\"><img loading=\"lazy\" decoding=\"async\" class=\"alignnone  wp-image-3510\" src=\"https:\/\/vienibaspsk.lv\/wp-content\/uploads\/2021\/09\/free-pdf-file-icon-2614-thumb-300x300.png\" alt=\"\" width=\"42\" height=\"42\" srcset=\"https:\/\/vienibaspsk.lv\/wp-content\/uploads\/2021\/09\/free-pdf-file-icon-2614-thumb-300x300.png 300w, https:\/\/vienibaspsk.lv\/wp-content\/uploads\/2021\/09\/free-pdf-file-icon-2614-thumb-150x150.png 150w, https:\/\/vienibaspsk.lv\/wp-content\/uploads\/2021\/09\/free-pdf-file-icon-2614-thumb.png 512w\" sizes=\"auto, (max-width: 42px) 100vw, 42px\" \/><\/a><a href=\"https:\/\/vienibaspsk.lv\/wp-content\/uploads\/2021\/08\/Lem_356.pdf\">Daugavpils Vien\u012bbas pamatskolas nolikums<\/a><\/strong><\/p>\r\n<p><strong><img loading=\"lazy\" decoding=\"async\" class=\"alignnone  wp-image-3510\" src=\"https:\/\/vienibaspsk.lv\/wp-content\/uploads\/2021\/09\/free-pdf-file-icon-2614-thumb-300x300.png\" alt=\"\" width=\"42\" height=\"42\" srcset=\"https:\/\/vienibaspsk.lv\/wp-content\/uploads\/2021\/09\/free-pdf-file-icon-2614-thumb-300x300.png 300w, https:\/\/vienibaspsk.lv\/wp-content\/uploads\/2021\/09\/free-pdf-file-icon-2614-thumb-150x150.png 150w, https:\/\/vienibaspsk.lv\/wp-content\/uploads\/2021\/09\/free-pdf-file-icon-2614-thumb.png 512w\" sizes=\"auto, (max-width: 42px) 100vw, 42px\" \/><a href=\"https:\/\/vienibaspsk.lv\/wp-content\/uploads\/2021\/09\/Covid_ierobezosanas_kartiba_2021.pdf\">K\u0101rt\u012bba m\u0101c\u012bbu procesa organiz\u0113\u0161anai Covid-19 infekcijas izplat\u012bbas ierobe\u017eo\u0161anai<\/a><\/strong><\/p>\r\n","protected":false},"excerpt":{"rendered":"<p>Priv\u0101tuma politika Daugavpils Vien\u012bbas pamatskol\u0101 Iek\u0161\u0113j\u0101s trauksmes cel\u0161anas k\u0101rt\u012bba Daugavpils Vien\u012bbas pamatskolas nolikums K\u0101rt\u012bba m\u0101c\u012bbu procesa organiz\u0113\u0161anai Covid-19 infekcijas izplat\u012bbas ierobe\u017eo\u0161anai<\/p>\n","protected":false},"author":2,"featured_media":0,"parent":0,"menu_order":0,"comment_status":"closed","ping_status":"closed","template":"","meta":{"_lmt_disableupdate":"no","_lmt_disable":"","ngg_post_thumbnail":0,"footnotes":""},"class_list":["post-306","page","type-page","status-publish","hentry"],"yoast_head":"<!-- This site is optimized with the Yoast SEO plugin v18.3 - https:\/\/yoast.com\/wordpress\/plugins\/seo\/ -->\n<title>Normat\u012bvie akti - Daugavpils Vien\u012bbas pamatskola<\/title>\n<meta name=\"robots\" content=\"index, follow, max-snippet:-1, max-image-preview:large, max-video-preview:-1\" \/>\n<link rel=\"canonical\" href=\"https:\/\/vienibaspsk.lv\/index.php\/normativie-akti\/\" \/>\n<meta property=\"og:locale\" content=\"lv_LV\" \/>\n<meta property=\"og:type\" content=\"article\" \/>\n<meta property=\"og:title\" content=\"Normat\u012bvie akti - Daugavpils Vien\u012bbas pamatskola\" \/>\n<meta property=\"og:description\" content=\"Priv\u0101tuma politika Daugavpils Vien\u012bbas pamatskol\u0101 Iek\u0161\u0113j\u0101s trauksmes cel\u0161anas k\u0101rt\u012bba Daugavpils Vien\u012bbas pamatskolas nolikums K\u0101rt\u012bba m\u0101c\u012bbu procesa organiz\u0113\u0161anai Covid-19 infekcijas izplat\u012bbas ierobe\u017eo\u0161anai\" \/>\n<meta property=\"og:url\" content=\"https:\/\/vienibaspsk.lv\/index.php\/normativie-akti\/\" \/>\n<meta property=\"og:site_name\" content=\"Daugavpils Vien\u012bbas pamatskola\" \/>\n<meta property=\"article:modified_time\" content=\"2024-10-02T10:42:41+00:00\" \/>\n<meta property=\"og:image\" content=\"http:\/\/vienibaspsk.lv\/wp-content\/uploads\/2021\/09\/free-pdf-file-icon-2614-thumb-300x300.png\" \/>\n<meta name=\"twitter:card\" content=\"summary_large_image\" \/>\n<meta name=\"twitter:label1\" content=\"Est. reading time\" \/>\n\t<meta name=\"twitter:data1\" content=\"2 min\u016btes\" \/>\n<script type=\"application\/ld+json\" class=\"yoast-schema-graph\">{\"@context\":\"https:\/\/schema.org\",\"@graph\":[{\"@type\":\"WebSite\",\"@id\":\"https:\/\/vienibaspsk.lv\/#website\",\"url\":\"https:\/\/vienibaspsk.lv\/\",\"name\":\"Daugavpils Vien\u012bbas pamatskola\",\"description\":\"\",\"potentialAction\":[{\"@type\":\"SearchAction\",\"target\":{\"@type\":\"EntryPoint\",\"urlTemplate\":\"https:\/\/vienibaspsk.lv\/?s={search_term_string}\"},\"query-input\":\"required name=search_term_string\"}],\"inLanguage\":\"lv-LV\"},{\"@type\":\"ImageObject\",\"@id\":\"https:\/\/vienibaspsk.lv\/index.php\/normativie-akti\/#primaryimage\",\"inLanguage\":\"lv-LV\",\"url\":\"http:\/\/vienibaspsk.lv\/wp-content\/uploads\/2021\/09\/free-pdf-file-icon-2614-thumb-300x300.png\",\"contentUrl\":\"http:\/\/vienibaspsk.lv\/wp-content\/uploads\/2021\/09\/free-pdf-file-icon-2614-thumb-300x300.png\"},{\"@type\":\"WebPage\",\"@id\":\"https:\/\/vienibaspsk.lv\/index.php\/normativie-akti\/#webpage\",\"url\":\"https:\/\/vienibaspsk.lv\/index.php\/normativie-akti\/\",\"name\":\"Normat\u012bvie akti - Daugavpils Vien\u012bbas pamatskola\",\"isPartOf\":{\"@id\":\"https:\/\/vienibaspsk.lv\/#website\"},\"primaryImageOfPage\":{\"@id\":\"https:\/\/vienibaspsk.lv\/index.php\/normativie-akti\/#primaryimage\"},\"datePublished\":\"2020-08-10T15:28:41+00:00\",\"dateModified\":\"2024-10-02T10:42:41+00:00\",\"breadcrumb\":{\"@id\":\"https:\/\/vienibaspsk.lv\/index.php\/normativie-akti\/#breadcrumb\"},\"inLanguage\":\"lv-LV\",\"potentialAction\":[{\"@type\":\"ReadAction\",\"target\":[\"https:\/\/vienibaspsk.lv\/index.php\/normativie-akti\/\"]}]},{\"@type\":\"BreadcrumbList\",\"@id\":\"https:\/\/vienibaspsk.lv\/index.php\/normativie-akti\/#breadcrumb\",\"itemListElement\":[{\"@type\":\"ListItem\",\"position\":1,\"name\":\"Galven\u0101\",\"item\":\"https:\/\/vienibaspsk.lv\/\"},{\"@type\":\"ListItem\",\"position\":2,\"name\":\"Normat\u012bvie akti\"}]}]}<\/script>\n<!-- \/ Yoast SEO plugin. -->","yoast_head_json":{"title":"Normat\u012bvie akti - Daugavpils Vien\u012bbas pamatskola","robots":{"index":"index","follow":"follow","max-snippet":"max-snippet:-1","max-image-preview":"max-image-preview:large","max-video-preview":"max-video-preview:-1"},"canonical":"https:\/\/vienibaspsk.lv\/index.php\/normativie-akti\/","og_locale":"lv_LV","og_type":"article","og_title":"Normat\u012bvie akti - Daugavpils Vien\u012bbas pamatskola","og_description":"Priv\u0101tuma politika Daugavpils Vien\u012bbas pamatskol\u0101 Iek\u0161\u0113j\u0101s trauksmes cel\u0161anas k\u0101rt\u012bba Daugavpils Vien\u012bbas pamatskolas nolikums K\u0101rt\u012bba m\u0101c\u012bbu procesa organiz\u0113\u0161anai Covid-19 infekcijas izplat\u012bbas ierobe\u017eo\u0161anai","og_url":"https:\/\/vienibaspsk.lv\/index.php\/normativie-akti\/","og_site_name":"Daugavpils Vien\u012bbas pamatskola","article_modified_time":"2024-10-02T10:42:41+00:00","og_image":[{"url":"http:\/\/vienibaspsk.lv\/wp-content\/uploads\/2021\/09\/free-pdf-file-icon-2614-thumb-300x300.png"}],"twitter_card":"summary_large_image","twitter_misc":{"Est. reading time":"2 min\u016btes"},"schema":{"@context":"https:\/\/schema.org","@graph":[{"@type":"WebSite","@id":"https:\/\/vienibaspsk.lv\/#website","url":"https:\/\/vienibaspsk.lv\/","name":"Daugavpils Vien\u012bbas pamatskola","description":"","potentialAction":[{"@type":"SearchAction","target":{"@type":"EntryPoint","urlTemplate":"https:\/\/vienibaspsk.lv\/?s={search_term_string}"},"query-input":"required name=search_term_string"}],"inLanguage":"lv-LV"},{"@type":"ImageObject","@id":"https:\/\/vienibaspsk.lv\/index.php\/normativie-akti\/#primaryimage","inLanguage":"lv-LV","url":"http:\/\/vienibaspsk.lv\/wp-content\/uploads\/2021\/09\/free-pdf-file-icon-2614-thumb-300x300.png","contentUrl":"http:\/\/vienibaspsk.lv\/wp-content\/uploads\/2021\/09\/free-pdf-file-icon-2614-thumb-300x300.png"},{"@type":"WebPage","@id":"https:\/\/vienibaspsk.lv\/index.php\/normativie-akti\/#webpage","url":"https:\/\/vienibaspsk.lv\/index.php\/normativie-akti\/","name":"Normat\u012bvie akti - Daugavpils Vien\u012bbas pamatskola","isPartOf":{"@id":"https:\/\/vienibaspsk.lv\/#website"},"primaryImageOfPage":{"@id":"https:\/\/vienibaspsk.lv\/index.php\/normativie-akti\/#primaryimage"},"datePublished":"2020-08-10T15:28:41+00:00","dateModified":"2024-10-02T10:42:41+00:00","breadcrumb":{"@id":"https:\/\/vienibaspsk.lv\/index.php\/normativie-akti\/#breadcrumb"},"inLanguage":"lv-LV","potentialAction":[{"@type":"ReadAction","target":["https:\/\/vienibaspsk.lv\/index.php\/normativie-akti\/"]}]},{"@type":"BreadcrumbList","@id":"https:\/\/vienibaspsk.lv\/index.php\/normativie-akti\/#breadcrumb","itemListElement":[{"@type":"ListItem","position":1,"name":"Galven\u0101","item":"https:\/\/vienibaspsk.lv\/"},{"@type":"ListItem","position":2,"name":"Normat\u012bvie akti"}]}]}},"_links":{"self":[{"href":"https:\/\/vienibaspsk.lv\/index.php\/wp-json\/wp\/v2\/pages\/306","targetHints":{"allow":["GET"]}}],"collection":[{"href":"https:\/\/vienibaspsk.lv\/index.php\/wp-json\/wp\/v2\/pages"}],"about":[{"href":"https:\/\/vienibaspsk.lv\/index.php\/wp-json\/wp\/v2\/types\/page"}],"author":[{"embeddable":true,"href":"https:\/\/vienibaspsk.lv\/index.php\/wp-json\/wp\/v2\/users\/2"}],"replies":[{"embeddable":true,"href":"https:\/\/vienibaspsk.lv\/index.php\/wp-json\/wp\/v2\/comments?post=306"}],"version-history":[{"count":21,"href":"https:\/\/vienibaspsk.lv\/index.php\/wp-json\/wp\/v2\/pages\/306\/revisions"}],"predecessor-version":[{"id":8813,"href":"https:\/\/vienibaspsk.lv\/index.php\/wp-json\/wp\/v2\/pages\/306\/revisions\/8813"}],"wp:attachment":[{"href":"https:\/\/vienibaspsk.lv\/index.php\/wp-json\/wp\/v2\/media?parent=306"}],"curies":[{"name":"wp","href":"https:\/\/api.w.org\/{rel}","templated":true}]}}