{"id":230,"date":"2020-05-27T07:05:06","date_gmt":"2020-05-27T07:05:06","guid":{"rendered":"http:\/\/vienibaspsk.lv\/wordpress\/?page_id=230"},"modified":"2025-09-09T12:10:36","modified_gmt":"2025-09-09T09:10:36","slug":"bibliotekas-lietosanas-kartiba","status":"publish","type":"page","link":"https:\/\/vienibaspsk.lv\/index.php\/biblioteka\/bibliotekas-lietosanas-kartiba\/","title":{"rendered":"Bibliot\u0113kas lieto\u0161anas k\u0101rt\u012bba"},"content":{"rendered":"\r\n<p><strong>Bibliot\u0113kas lieto\u0161anas k\u0101rt\u012bba<\/strong><br>1.Visp\u0101r\u012bg\u0101 k\u0101rt\u012bba\u2002\u20021.1. Daugavpils Vien\u012bbas pamatskolas bibliot\u0113kas lieto\u0161anas k\u0101rt\u012bba reglament\u0113 Vien\u012bbas pamatskolas bibliot\u0113kas lietot\u0101ju apkalpo\u0161anu, inform\u0101cijas resursu un elektronisk\u0101s inform\u0101cijas resursu izmanto\u0161anu.<br>\u2002\u20021.2. Vien\u012bbas pamatskolas bibliot\u0113kas lieto\u0161anas k\u0101rt\u012bba st\u0101jas sp\u0113k\u0101 ar t\u0101s apstiprin\u0101\u0161anas dienu.<br>\u2002\u20021.3. Bibliot\u0113kas darb\u012bbas juridiskais pamats ir Latvijas Republikas likumi un citi sp\u0113k\u0101 eso\u0161ie normat\u012bvie akti, bibliot\u0113kas reglaments un bibliot\u0113kas lieto\u0161anas k\u0101rt\u012bba.<br>\u2002\u20021.4. Bibliot\u0113ka veic Vien\u012bbas pamatskolas izgl\u012btojamo, pedagogu un darbinieku bibliotek\u0101ro un bibliogr\u0101fisko apkalpo\u0161anu.<br>\u2002\u20021.5. Vien\u012bbas pamatskolas bibliot\u0113kas nodro\u0161ina m\u0101c\u012bbu procesu ar valsts pamatizgl\u012bt\u012bbas standartam atbilsto\u0161u literat\u016bru, sekm\u0113 izgl\u012btojamo intelektu\u0101lo un emocion\u0101lo izaugsmi, pedagogu profesion\u0101l\u0101s izaugsmes meistar\u012bbas pilnveido\u0161anu.<\/p>\r\n\r\n\r\n\r\n<p>2.Bibliot\u0113kas lietot\u0101ju re\u0123istr\u0101cijas k\u0101rt\u012bba\u2002\u20022.1. Re\u0123istr\u0113joties bibliot\u0113k\u0101, lietot\u0101jam j\u0101iepaz\u012bstas ar bibliot\u0113kas lieto\u0161anas k\u0101rt\u012bbu.<br>\u2002\u20022.2. Pamatojoties uz Bibliot\u0113ku likumu, kas nosaka veikt prec\u012bzas darb\u012bbas kr\u0101juma uzskait\u0113, skola izmanto bibliot\u0113ku IS (inform\u0101cijas sist\u0113mu) ALISE.<br>\u2002\u20022.3. Katrs Daugavpils Vien\u012bbas pamatskolas izgl\u012btojamais un darbinieks k\u013c\u016bst par skolas bibliot\u0113kas lietot\u0101ju, kuram tiek izveidots bibliot\u0113kas las\u012bt\u0101ja formul\u0101rs un pie\u0161\u0137irts bibliot\u0113kas lietot\u0101ja numurs BIS elektroniskaj\u0101 datu b\u0101z\u0113.<br>\u2002\u20022.4. BIS las\u012bt\u0101ja formul\u0101r\u0101 tiek ievad\u012bti personas dati un re\u0123istr\u0113ta inform\u0101cija par izsniegtajiem iespieddarbiem, to sa\u0146em\u0161anas un nodo\u0161anas termi\u0146iem. Automatiz\u0113taj\u0101 sist\u0113m\u0101 las\u012bt\u0101ja paraksts nav nepiecie\u0161ams.<br>\u2002\u20022.5. Par korektu datu ievadi un aizsardz\u012bbu atbild bibliotek\u0101rs.<\/p>\r\n\r\n\r\n\r\n<p>3.Bibliot\u0113kas lietot\u0101ju apkalpo\u0161anas k\u0101rt\u012bba\u2002\u20023.1. Bibliot\u0113kas sniegtie pakalpojumi ir bezmaksas.<br>\u2002\u20023.2. Bibliot\u0113ka nodro\u0161ina pieeju m\u0101c\u012bbu literat\u016brai, dai\u013cliterat\u016brai, uzzi\u0146u un nozaru literat\u016brai, periodiskajiem izdevumiem, elektroniskajiem katalogiem, internetam un elektronisk\u0101s inform\u0101cijas resursiem.<br>\u2002\u20023.3. Bibliot\u0113kas gr\u0101matu un citu izdevumu izsnieg\u0161ana l\u012bdz\u0146em\u0161anai vai izmanto\u0161anai uz vietas.<br>\u2002\u20023.4. Lietot\u0101jam ir j\u0101iev\u0113ro sa\u0146emto izdevumu lieto\u0161anas termi\u0146\u0161. Bibliot\u0113kas izsniegto gr\u0101matu lieto\u0161anas termi\u0146\u0161 1.- 9. kla\u0161u izgl\u012btojamajiem ir 14 dienas. Gr\u0101matas, p\u0113c kur\u0101m ir liels piepras\u012bjums, izsniedz uz \u012bs\u0101ku termi\u0146u. M\u0101c\u012bbu gr\u0101matas izsniedz uz m\u0101c\u012bbu gadu.<br>\u2002\u20023.5. Lietot\u0101jiem l\u012bdz\u0146em\u0161anai izsniedz ne vair\u0101k k\u0101 5 gr\u0101matas.<br>\u2002\u20023.6. Skolas pedagogiem izsniegtajiem metodiskajiem l\u012bdzek\u013ciem las\u012b\u0161anas laiks netiek norm\u0113ts. Iz\u0146\u0113muma gad\u012bjum\u0101, ja gr\u0101matu pieprasa ar\u012b cits pedagogs, tiek nosl\u0113gta vieno\u0161an\u0101s par gr\u0101matas lieto\u0161anas laika termi\u0146iem.<br>\u2002\u20023.7. Lietot\u0101js no jauna var sa\u0146emt iespieddarbus tikai tad, kad ir atnesis atpaka\u013c sa\u0146emtos, kuru lieto\u0161anas termi\u0146\u0161 ir beidzies. To iesp\u0113jams pagarin\u0101t, ja sa\u0146emtos izdevumus nepieprasa citi lietot\u0101ji.<br>\u2002\u20023.8. Lieto\u0161anas termi\u0146u neiev\u0113ro\u0161anas gad\u012bjum\u0101, \u0146emot v\u0113r\u0101 p\u0101rk\u0101puma ilgumu un regularit\u0101ti, par\u0101dniekiem var tikt liegta jaunu kr\u0101juma vien\u012bbu izsnieg\u0161ana uz m\u0101j\u0101m l\u012bdz par\u0101da nok\u0101rto\u0161anai, bet at\u013cauta to lieto\u0161ana skolas bibliot\u0113kas las\u012btav\u0101.<br>\u2002\u20023.9. Jaun\u0101kos \u017eurn\u0101lus, laikrakstus, uzzi\u0146u literat\u016bru, reto un bie\u017ei piepras\u012bto izdevumu vien\u012bgos eksempl\u0101rus, kas ir las\u012btavas fond\u0101, uz m\u0101j\u0101m neizsniedz.<\/p>\r\n\r\n\r\n\r\n<p>4.Bibliot\u0113kas lietot\u0101ja ties\u012bbas un pien\u0101kumi\u2002\u20024.1. Izmantot bibliot\u0113kas kr\u0101jumu, inform\u0101cijas mekl\u0113t\u0101jsist\u0113mas un datu b\u0101zes.<br>\u2002\u20024.2. Sa\u0146emt lieto\u0161an\u0101 m\u0101c\u012bbu procesam nepiecie\u0161am\u0101s m\u0101c\u012bbu gr\u0101matas.<br>\u2002\u20024.3. Sa\u0146emt las\u012b\u0161anai iespieddarbus un citus dokumentus no bibliot\u0113kas fonda.<br>\u2002\u20024.4. Sa\u0146emt pal\u012bdz\u012bbu gr\u0101matu izv\u0113l\u0113 un inform\u0101cijas atra\u0161an\u0101.<br>\u2002\u20024.5. Apmekl\u0113t bibliot\u0113k\u0101 r\u012bkotos pas\u0101kumus un izst\u0101des, iesniegt priek\u0161likumus bibliot\u0113kas darb\u012bbas uzlabo\u0161anai.<br>\u2002\u20024.6. Iepaz\u012bties ar bibliot\u0113kas lieto\u0161anas k\u0101rt\u012bbu un iev\u0113rot to.<br>\u2002\u20024.7. No skolas bibliot\u0113kas at\u013cauts iznest tikai pie bibliotek\u0101ra re\u0123istr\u0113tas gr\u0101matas un citus kr\u0101juma materi\u0101lus.<br>\u2002\u20024.8. Saudz\u0113t skolas \u012bpa\u0161umu: invent\u0101ru, iespieddarbus. Iespieddarbos nedr\u012bkst izdar\u012bt nek\u0101das atz\u012bmes un sv\u012btrojumus, loc\u012bt vai izpl\u0113st lapas. Par paman\u012btiem boj\u0101jumiem oblig\u0101ti j\u0101pazi\u0146o bibliotek\u0101rei.<br>\u2002\u20024.9. Lietot\u0101jam nozaud\u0113tos vai saboj\u0101tos bibliot\u0113kas izdevumus (neatkar\u012bgi no t\u0101 vai tas ir noticis apzin\u0101ti vai nejau\u0161i) j\u0101aizst\u0101j ar identiskiem vai l\u012bdzv\u0113rt\u012bgiem izdevumiem, par to vienojoties ar skolas bibliotek\u0101ri.<br>\u2002\u20024.10. Izgl\u012btojamajiem, izst\u0101joties no skolas, vai pedagogiem un darbiniekiem, mainot darbavietu, visas gr\u0101matas ir j\u0101nodod skolas bibliot\u0113k\u0101, pret\u012b sa\u0146emot bibliotek\u0101ra izsniegtu apliecin\u0101jumu par saist\u012bbu nok\u0101rto\u0161anu ar skolas bibliot\u0113ku.<br>\u2002\u20024.11. Bibliot\u0113k\u0101 neienest un nelietot p\u0101rtikas produktus.<br>\u2002\u20024.12. Bibliot\u0113k\u0101 j\u0101iev\u0113ro k\u0101rt\u012bba un klusums. Lietot\u0101jiem, kuri neiev\u0113ro bibliot\u0113kas lieto\u0161anas k\u0101rt\u012bbu, trauc\u0113 darbu citiem apmekl\u0113t\u0101jiem, vai bibliot\u0113kas darbiniekiem, ir j\u0101atst\u0101j bibliot\u0113ka.<\/p>\r\n\r\n\r\n\r\n<p><strong>M\u0101c\u012bbu gr\u0101matu lieto\u0161anas k\u0101rt\u012bba<\/strong><\/p>\r\n<p>1. Jaun\u0101 m\u0101c\u012bbu gada s\u0101kum\u0101 bibliotek\u0101re izsniedz kla\u0161u audzin\u0101t\u0101jiem m\u0101c\u012bbu gr\u0101matas ( izdot\u0101s l\u012bdz 2018. gadam) p\u0113c izgl\u012btojamo skaita. M\u0101c\u012bbu gr\u0101matas (izdot\u0101s p\u0113c 2019. gada)&nbsp; izsniedz katram izgl\u012btojamajam bibliotek\u0101re.<br>2. Izgl\u012btojamie ir atbild\u012bgi par sa\u0146emto m\u0101c\u012bbu gr\u0101matu saudz\u0113\u0161anu.<br>3. Sa\u0146emot m\u0101c\u012bbu gr\u0101matas, izgl\u012btojamajam ir j\u0101p\u0101rliecin\u0101s, vai gr\u0101matas nav boj\u0101tas.<br>4. Gr\u0101matas boj\u0101juma gad\u012bjum\u0101 par to uzreiz j\u0101zi\u0146o bibliotek\u0101rei (l\u012bdz eso\u0161\u0101 m\u0101c\u012bbu gada septembrim).&nbsp; Ja ir t\u0101da iesp\u0113ja, tad t\u0101 ir uzreiz j\u0101samaina bibliot\u0113k\u0101.<br>5. Uzreiz p\u0113c sa\u0146em\u0161anas m\u0101c\u012bbu gr\u0101matas beig\u0101s, speci\u0101li tam paredz\u0113t\u0101 viet\u0101, j\u0101ieraksta savs v\u0101rds, uzv\u0101rds, m\u0101c\u012bbu gads.<br>6. M\u0101c\u012bbu gr\u0101matas oblig\u0101ti j\u0101apv\u0101ko.<br>7. Pamatskolas vad\u012bbai, bibliotek\u0101rei un skol\u0113nu parlamentam ir ties\u012bbas bez iepriek\u0161\u0113ja br\u012bdin\u0101juma veikt izgl\u012btojamo m\u0101c\u012bbu gr\u0101matu st\u0101vok\u013ca un apv\u0101kojuma p\u0101rbaudi.<br>8. Katram izgl\u012btojamajam individu\u0101li m\u0101c\u012bbu gada nosl\u0113gum\u0101 j\u0101nodod bibliot\u0113k\u0101 visas m\u0101c\u012bbu gr\u0101matas. Izst\u0101joties no skolas m\u0101c\u012bbu gada laik\u0101, j\u0101sa\u0146em bibliotek\u0101res apliecin\u0101jums par saist\u012bbu nok\u0101rto\u0161anu.<br>9. Pirms nodo\u0161anas m\u0101c\u012bbu gr\u0101matas ir j\u0101sak\u0101rto, nepiecie\u0161am\u012bbas gad\u012bjum\u0101 j\u0101salabo, j\u0101izdz\u0113\u0161 izdar\u012btie ieraksti. Ja tas nav izdar\u012bts, gr\u0101matas var nepie\u0146emt.<br>10. Ja m\u0101c\u012bbu gr\u0101mata tiek nozaud\u0113ta vai neatgriezeniski boj\u0101ta, t\u0101 j\u0101aizvieto ar identisku izdevumu.<br>11. M\u0101c\u012bbu gr\u0101matas jaunajam m\u0101c\u012bbu gadam izsniedz p\u0113c saist\u012bbu nok\u0101rto\u0161anas starp izgl\u012btojamo un bibliotek\u0101ri par iepriek\u0161\u0113jo m\u0101c\u012bbu gadu.<\/p>\r\n\r\n\r\n\r\n<p><strong>Datoru lieto\u0161anas k\u0101rt\u012bba<\/strong><br>\u2002\u2002Bibliot\u0113kas datori ir paredz\u0113ti m\u0101c\u012bbu darbam. Tos dr\u012bkst izmantot jebkur\u0161 Daugavpils Vien\u012bbas pamatskolas izgl\u012btojamais vai pedagogs, iev\u0113rojot zem\u0101k min\u0113tos noteikumus.<\/p>\r\n\r\n\r\n\r\n<p>1. Iev\u0113rot darba dro\u0161\u012bbas un aizsardz\u012bbas instrukcijas, kas paredz darba izpildes un uzved\u012bbas noteikumus, str\u0101d\u0101jot pie datora.<br>2. Datorus var izmantot:<\/p>\r\n\r\n\r\n\r\n<ul class=\"wp-block-list\">\r\n<li>m\u0101c\u012bbu stund\u0101s, ja t\u0101s paredz\u0113tas bibliot\u0113k\u0101;<\/li>\r\n<li>p\u0113c stund\u0101m;<\/li>\r\n<li>citos laikos, ja tas saska\u0146ots ar bibliotek\u0101ri.<\/li>\r\n<\/ul>\r\n\r\n\r\n\r\n<p>3. Str\u0101d\u0101jot pie datora, dr\u012bkst:<\/p>\r\n\r\n\r\n\r\n<ul class=\"wp-block-list\">\r\n<li>gatavoties m\u0101c\u012bbu stund\u0101m;<\/li>\r\n<li>str\u0101d\u0101t ar datorenciklop\u0113dij\u0101m un apm\u0101co\u0161aj\u0101m programm\u0101m.<\/li>\r\n<\/ul>\r\n\r\n\r\n\r\n<p>4. Str\u0101d\u0101jot pie datora, nedr\u012bkst:<\/p>\r\n\r\n\r\n\r\n<ul class=\"wp-block-list\">\r\n<li>boj\u0101t bibliot\u0113kas invent\u0101ru;<\/li>\r\n<li>atvienot vai pievienot datora ier\u012bces (austi\u0146as, klaviat\u016bru, peli utml.), atv\u0113rt datora korpusu vai p\u0101rvietot datorus bez atbild\u012bg\u0101 skolot\u0101ja at\u013caujas;<\/li>\r\n<li>main\u012bt datora uzst\u0101d\u012bjumus;<\/li>\r\n<li>izmantot ar datorv\u012brusiem infic\u0113tus failus un diskus;<\/li>\r\n<li>trok\u0161\u0146ot un trauc\u0113t citu darbu;<\/li>\r\n<li>sp\u0113l\u0113t datorsp\u0113les;<\/li>\r\n<li>sp\u0113l\u0113t t\u012bkla sp\u0113les, apmekl\u0113t WEB lapas, kas satur erotiskus, vardarb\u012bgus un citus ar m\u0101c\u012bb\u0101m nesaist\u012btus materi\u0101lus;<\/li>\r\n<li>\u0113st vai dzert.<\/li>\r\n<\/ul>\r\n\r\n\r\n\r\n<p>5. Datoru lietot\u0101ju pien\u0101kumi:<\/p>\r\n\r\n\r\n\r\n<ul class=\"wp-block-list\">\r\n<li>atst\u0101t savu darbavietu k\u0101rt\u012bb\u0101;<\/li>\r\n<li>beidzot darbu izsl\u0113gt datoru;<\/li>\r\n<li>par paman\u012btiem trauc\u0113jumiem datora darb\u0101 nekav\u0113joties zi\u0146ot bibliotek\u0101rei;<\/li>\r\n<li>pild\u012bt \u0161os noteikumus un sekot, lai to dara ar\u012b citi.<\/li>\r\n<\/ul>\r\n\r\n\r\n\r\n<p>\u2002\u2002Par \u0161o noteikumu neiev\u0113ro\u0161anu vajadz\u012bbas gad\u012bjum\u0101, saska\u0146ojot ar skolas administr\u0101ciju, tiek piem\u0113rotas atbilsto\u0161as sekas, kas noteiktas Iek\u0161\u0113j\u0101s k\u0101rt\u012bbas noteikumos 5.15.1. punkts.<\/p>\r\n","protected":false},"excerpt":{"rendered":"<p>Bibliot\u0113kas lieto\u0161anas k\u0101rt\u012bba1.Visp\u0101r\u012bg\u0101 k\u0101rt\u012bba\u2002\u20021.1. Daugavpils Vien\u012bbas pamatskolas bibliot\u0113kas lieto\u0161anas k\u0101rt\u012bba reglament\u0113 Vien\u012bbas pamatskolas bibliot\u0113kas lietot\u0101ju apkalpo\u0161anu, inform\u0101cijas resursu un elektronisk\u0101s inform\u0101cijas resursu izmanto\u0161anu.\u2002\u20021.2. Vien\u012bbas pamatskolas bibliot\u0113kas lieto\u0161anas k\u0101rt\u012bba st\u0101jas sp\u0113k\u0101 &#8230;<\/p>\n","protected":false},"author":2,"featured_media":0,"parent":228,"menu_order":0,"comment_status":"closed","ping_status":"closed","template":"","meta":{"_lmt_disableupdate":"no","_lmt_disable":"","ngg_post_thumbnail":0,"footnotes":""},"class_list":["post-230","page","type-page","status-publish","hentry"],"yoast_head":"<!-- This site is optimized with the Yoast SEO plugin v18.3 - https:\/\/yoast.com\/wordpress\/plugins\/seo\/ -->\n<title>Bibliot\u0113kas lieto\u0161anas k\u0101rt\u012bba - Daugavpils Vien\u012bbas pamatskola<\/title>\n<meta name=\"robots\" content=\"index, follow, max-snippet:-1, max-image-preview:large, max-video-preview:-1\" \/>\n<link rel=\"canonical\" href=\"https:\/\/vienibaspsk.lv\/index.php\/biblioteka\/bibliotekas-lietosanas-kartiba\/\" \/>\n<meta property=\"og:locale\" content=\"lv_LV\" \/>\n<meta property=\"og:type\" content=\"article\" \/>\n<meta property=\"og:title\" content=\"Bibliot\u0113kas lieto\u0161anas k\u0101rt\u012bba - Daugavpils Vien\u012bbas pamatskola\" \/>\n<meta property=\"og:description\" content=\"Bibliot\u0113kas lieto\u0161anas k\u0101rt\u012bba1.Visp\u0101r\u012bg\u0101 k\u0101rt\u012bba\u2002\u20021.1. Daugavpils Vien\u012bbas pamatskolas bibliot\u0113kas lieto\u0161anas k\u0101rt\u012bba reglament\u0113 Vien\u012bbas pamatskolas bibliot\u0113kas lietot\u0101ju apkalpo\u0161anu, inform\u0101cijas resursu un elektronisk\u0101s inform\u0101cijas resursu izmanto\u0161anu.\u2002\u20021.2. Vien\u012bbas pamatskolas bibliot\u0113kas lieto\u0161anas k\u0101rt\u012bba st\u0101jas sp\u0113k\u0101 ...\" \/>\n<meta property=\"og:url\" content=\"https:\/\/vienibaspsk.lv\/index.php\/biblioteka\/bibliotekas-lietosanas-kartiba\/\" \/>\n<meta property=\"og:site_name\" content=\"Daugavpils Vien\u012bbas pamatskola\" \/>\n<meta property=\"article:modified_time\" content=\"2025-09-09T09:10:36+00:00\" \/>\n<meta name=\"twitter:card\" content=\"summary_large_image\" \/>\n<meta name=\"twitter:label1\" content=\"Est. reading time\" \/>\n\t<meta name=\"twitter:data1\" content=\"7 min\u016btes\" \/>\n<script type=\"application\/ld+json\" class=\"yoast-schema-graph\">{\"@context\":\"https:\/\/schema.org\",\"@graph\":[{\"@type\":\"WebSite\",\"@id\":\"https:\/\/vienibaspsk.lv\/#website\",\"url\":\"https:\/\/vienibaspsk.lv\/\",\"name\":\"Daugavpils Vien\u012bbas pamatskola\",\"description\":\"\",\"potentialAction\":[{\"@type\":\"SearchAction\",\"target\":{\"@type\":\"EntryPoint\",\"urlTemplate\":\"https:\/\/vienibaspsk.lv\/?s={search_term_string}\"},\"query-input\":\"required name=search_term_string\"}],\"inLanguage\":\"lv-LV\"},{\"@type\":\"WebPage\",\"@id\":\"https:\/\/vienibaspsk.lv\/index.php\/biblioteka\/bibliotekas-lietosanas-kartiba\/#webpage\",\"url\":\"https:\/\/vienibaspsk.lv\/index.php\/biblioteka\/bibliotekas-lietosanas-kartiba\/\",\"name\":\"Bibliot\u0113kas lieto\u0161anas k\u0101rt\u012bba - Daugavpils Vien\u012bbas pamatskola\",\"isPartOf\":{\"@id\":\"https:\/\/vienibaspsk.lv\/#website\"},\"datePublished\":\"2020-05-27T07:05:06+00:00\",\"dateModified\":\"2025-09-09T09:10:36+00:00\",\"breadcrumb\":{\"@id\":\"https:\/\/vienibaspsk.lv\/index.php\/biblioteka\/bibliotekas-lietosanas-kartiba\/#breadcrumb\"},\"inLanguage\":\"lv-LV\",\"potentialAction\":[{\"@type\":\"ReadAction\",\"target\":[\"https:\/\/vienibaspsk.lv\/index.php\/biblioteka\/bibliotekas-lietosanas-kartiba\/\"]}]},{\"@type\":\"BreadcrumbList\",\"@id\":\"https:\/\/vienibaspsk.lv\/index.php\/biblioteka\/bibliotekas-lietosanas-kartiba\/#breadcrumb\",\"itemListElement\":[{\"@type\":\"ListItem\",\"position\":1,\"name\":\"Galven\u0101\",\"item\":\"https:\/\/vienibaspsk.lv\/\"},{\"@type\":\"ListItem\",\"position\":2,\"name\":\"Bibliot\u0113ka\",\"item\":\"https:\/\/vienibaspsk.lv\/index.php\/biblioteka\/\"},{\"@type\":\"ListItem\",\"position\":3,\"name\":\"Bibliot\u0113kas lieto\u0161anas k\u0101rt\u012bba\"}]}]}<\/script>\n<!-- \/ Yoast SEO plugin. -->","yoast_head_json":{"title":"Bibliot\u0113kas lieto\u0161anas k\u0101rt\u012bba - Daugavpils Vien\u012bbas pamatskola","robots":{"index":"index","follow":"follow","max-snippet":"max-snippet:-1","max-image-preview":"max-image-preview:large","max-video-preview":"max-video-preview:-1"},"canonical":"https:\/\/vienibaspsk.lv\/index.php\/biblioteka\/bibliotekas-lietosanas-kartiba\/","og_locale":"lv_LV","og_type":"article","og_title":"Bibliot\u0113kas lieto\u0161anas k\u0101rt\u012bba - Daugavpils Vien\u012bbas pamatskola","og_description":"Bibliot\u0113kas lieto\u0161anas k\u0101rt\u012bba1.Visp\u0101r\u012bg\u0101 k\u0101rt\u012bba\u2002\u20021.1. Daugavpils Vien\u012bbas pamatskolas bibliot\u0113kas lieto\u0161anas k\u0101rt\u012bba reglament\u0113 Vien\u012bbas pamatskolas bibliot\u0113kas lietot\u0101ju apkalpo\u0161anu, inform\u0101cijas resursu un elektronisk\u0101s inform\u0101cijas resursu izmanto\u0161anu.\u2002\u20021.2. Vien\u012bbas pamatskolas bibliot\u0113kas lieto\u0161anas k\u0101rt\u012bba st\u0101jas sp\u0113k\u0101 ...","og_url":"https:\/\/vienibaspsk.lv\/index.php\/biblioteka\/bibliotekas-lietosanas-kartiba\/","og_site_name":"Daugavpils Vien\u012bbas pamatskola","article_modified_time":"2025-09-09T09:10:36+00:00","twitter_card":"summary_large_image","twitter_misc":{"Est. reading time":"7 min\u016btes"},"schema":{"@context":"https:\/\/schema.org","@graph":[{"@type":"WebSite","@id":"https:\/\/vienibaspsk.lv\/#website","url":"https:\/\/vienibaspsk.lv\/","name":"Daugavpils Vien\u012bbas pamatskola","description":"","potentialAction":[{"@type":"SearchAction","target":{"@type":"EntryPoint","urlTemplate":"https:\/\/vienibaspsk.lv\/?s={search_term_string}"},"query-input":"required name=search_term_string"}],"inLanguage":"lv-LV"},{"@type":"WebPage","@id":"https:\/\/vienibaspsk.lv\/index.php\/biblioteka\/bibliotekas-lietosanas-kartiba\/#webpage","url":"https:\/\/vienibaspsk.lv\/index.php\/biblioteka\/bibliotekas-lietosanas-kartiba\/","name":"Bibliot\u0113kas lieto\u0161anas k\u0101rt\u012bba - Daugavpils Vien\u012bbas pamatskola","isPartOf":{"@id":"https:\/\/vienibaspsk.lv\/#website"},"datePublished":"2020-05-27T07:05:06+00:00","dateModified":"2025-09-09T09:10:36+00:00","breadcrumb":{"@id":"https:\/\/vienibaspsk.lv\/index.php\/biblioteka\/bibliotekas-lietosanas-kartiba\/#breadcrumb"},"inLanguage":"lv-LV","potentialAction":[{"@type":"ReadAction","target":["https:\/\/vienibaspsk.lv\/index.php\/biblioteka\/bibliotekas-lietosanas-kartiba\/"]}]},{"@type":"BreadcrumbList","@id":"https:\/\/vienibaspsk.lv\/index.php\/biblioteka\/bibliotekas-lietosanas-kartiba\/#breadcrumb","itemListElement":[{"@type":"ListItem","position":1,"name":"Galven\u0101","item":"https:\/\/vienibaspsk.lv\/"},{"@type":"ListItem","position":2,"name":"Bibliot\u0113ka","item":"https:\/\/vienibaspsk.lv\/index.php\/biblioteka\/"},{"@type":"ListItem","position":3,"name":"Bibliot\u0113kas lieto\u0161anas k\u0101rt\u012bba"}]}]}},"_links":{"self":[{"href":"https:\/\/vienibaspsk.lv\/index.php\/wp-json\/wp\/v2\/pages\/230","targetHints":{"allow":["GET"]}}],"collection":[{"href":"https:\/\/vienibaspsk.lv\/index.php\/wp-json\/wp\/v2\/pages"}],"about":[{"href":"https:\/\/vienibaspsk.lv\/index.php\/wp-json\/wp\/v2\/types\/page"}],"author":[{"embeddable":true,"href":"https:\/\/vienibaspsk.lv\/index.php\/wp-json\/wp\/v2\/users\/2"}],"replies":[{"embeddable":true,"href":"https:\/\/vienibaspsk.lv\/index.php\/wp-json\/wp\/v2\/comments?post=230"}],"version-history":[{"count":3,"href":"https:\/\/vienibaspsk.lv\/index.php\/wp-json\/wp\/v2\/pages\/230\/revisions"}],"predecessor-version":[{"id":10624,"href":"https:\/\/vienibaspsk.lv\/index.php\/wp-json\/wp\/v2\/pages\/230\/revisions\/10624"}],"up":[{"embeddable":true,"href":"https:\/\/vienibaspsk.lv\/index.php\/wp-json\/wp\/v2\/pages\/228"}],"wp:attachment":[{"href":"https:\/\/vienibaspsk.lv\/index.php\/wp-json\/wp\/v2\/media?parent=230"}],"curies":[{"name":"wp","href":"https:\/\/api.w.org\/{rel}","templated":true}]}}