{"id":228,"date":"2020-05-27T07:03:59","date_gmt":"2020-05-27T07:03:59","guid":{"rendered":"http:\/\/vienibaspsk.lv\/wordpress\/?page_id=228"},"modified":"2025-02-24T13:19:48","modified_gmt":"2025-02-24T11:19:48","slug":"biblioteka","status":"publish","type":"page","link":"https:\/\/vienibaspsk.lv\/index.php\/biblioteka\/","title":{"rendered":"Bibliot\u0113ka"},"content":{"rendered":"\r\n<p><strong>Bibliot\u0113kas darba laiks:<\/strong><\/p>\r\n\r\n\r\n\r\n<blockquote class=\"wp-block-quote is-layout-flow wp-block-quote-is-layout-flow\">\r\n<p>Pirmdiena 10:00 \u2013 15:00<br>Otrdiena 10:00 \u2013 15:00<br>Tre\u0161diena 10:00 \u2013 16:00<br>Ceturtdiena 10:00 \u2013 15:00<br>Piektdiena 10:00 \u2013 15:00<strong><br><\/strong><\/p>\r\n<\/blockquote>\r\n\r\n\r\n\r\n<p><strong>Katra m\u0113ne\u0161a p\u0113d\u0113j\u0101 ceturtdiena\u2013 Spodr\u012bbas diena, bibliot\u0113ka sl\u0113gta.<\/strong><\/p>\r\n<p>Skolas bibliot\u0113k\u0101 str\u0101d\u0101 bibliotek\u0101re Je\u013cena Celma.<\/p>\r\n\r\n\r\n\r\n<p>Bet no visiem pasaules br\u012bnumiem visbr\u012bnumain\u0101k\u0101 ir gr\u0101mata, un \u0161ais br\u012bnumos tu vari br\u012bvi ienirt. Tu vari sev\u012b uz\u0146emt visu, ko cilv\u0113ki gadu t\u016bksto\u0161os dom\u0101ju\u0161i un jutu\u0161i. T\u0101 ir tik liela laime, ka t\u0101d\u0113\u013c vien dz\u012bve ir j\u0101m\u012bl.(Zenta Mauri\u0146a)<\/p>\r\n\r\n\r\n\r\n<p><a href=\"https:\/\/vienibaspsk.lv\/index.php\/biblioteka\/bibliotekas-lietosanas-kartiba\/\">Bibliot\u0113kas lieto\u0161anas k\u0101rt\u012bba<\/a><\/p>\r\n\r\n\r\n\r\n<p><a href=\"https:\/\/vienibaspsk.lv\/index.php\/category\/biblioteka\/\">Bibliot\u0113kas jaunumi<\/a><\/p>\r\n","protected":false},"excerpt":{"rendered":"<p>Bibliot\u0113kas darba laiks: Pirmdiena 10:00 \u2013 15:00Otrdiena 10:00 \u2013 15:00Tre\u0161diena 10:00 \u2013 16:00Ceturtdiena 10:00 \u2013 15:00Piektdiena 10:00 \u2013 15:00 Katra m\u0113ne\u0161a p\u0113d\u0113j\u0101 ceturtdiena\u2013 Spodr\u012bbas diena, bibliot\u0113ka sl\u0113gta. Skolas bibliot\u0113k\u0101 str\u0101d\u0101 &#8230;<\/p>\n","protected":false},"author":2,"featured_media":0,"parent":0,"menu_order":0,"comment_status":"closed","ping_status":"closed","template":"","meta":{"_lmt_disableupdate":"no","_lmt_disable":"","ngg_post_thumbnail":0,"footnotes":""},"class_list":["post-228","page","type-page","status-publish","hentry"],"yoast_head":"<!-- This site is optimized with the Yoast SEO plugin v18.3 - https:\/\/yoast.com\/wordpress\/plugins\/seo\/ -->\n<title>Bibliot\u0113ka - Daugavpils Vien\u012bbas pamatskola<\/title>\n<meta name=\"robots\" content=\"index, follow, max-snippet:-1, max-image-preview:large, max-video-preview:-1\" \/>\n<link rel=\"canonical\" href=\"https:\/\/vienibaspsk.lv\/index.php\/biblioteka\/\" \/>\n<meta property=\"og:locale\" content=\"lv_LV\" \/>\n<meta property=\"og:type\" content=\"article\" \/>\n<meta property=\"og:title\" content=\"Bibliot\u0113ka - Daugavpils Vien\u012bbas pamatskola\" \/>\n<meta property=\"og:description\" content=\"Bibliot\u0113kas darba laiks: Pirmdiena 10:00 \u2013 15:00Otrdiena 10:00 \u2013 15:00Tre\u0161diena 10:00 \u2013 16:00Ceturtdiena 10:00 \u2013 15:00Piektdiena 10:00 \u2013 15:00 Katra m\u0113ne\u0161a p\u0113d\u0113j\u0101 ceturtdiena\u2013 Spodr\u012bbas diena, bibliot\u0113ka sl\u0113gta. Skolas bibliot\u0113k\u0101 str\u0101d\u0101 ...\" \/>\n<meta property=\"og:url\" content=\"https:\/\/vienibaspsk.lv\/index.php\/biblioteka\/\" \/>\n<meta property=\"og:site_name\" content=\"Daugavpils Vien\u012bbas pamatskola\" \/>\n<meta property=\"article:modified_time\" content=\"2025-02-24T11:19:48+00:00\" \/>\n<meta name=\"twitter:card\" content=\"summary_large_image\" \/>\n<meta name=\"twitter:label1\" content=\"Est. reading time\" \/>\n\t<meta name=\"twitter:data1\" content=\"1 min\u016bte\" \/>\n<script type=\"application\/ld+json\" class=\"yoast-schema-graph\">{\"@context\":\"https:\/\/schema.org\",\"@graph\":[{\"@type\":\"WebSite\",\"@id\":\"https:\/\/vienibaspsk.lv\/#website\",\"url\":\"https:\/\/vienibaspsk.lv\/\",\"name\":\"Daugavpils Vien\u012bbas pamatskola\",\"description\":\"\",\"potentialAction\":[{\"@type\":\"SearchAction\",\"target\":{\"@type\":\"EntryPoint\",\"urlTemplate\":\"https:\/\/vienibaspsk.lv\/?s={search_term_string}\"},\"query-input\":\"required name=search_term_string\"}],\"inLanguage\":\"lv-LV\"},{\"@type\":\"WebPage\",\"@id\":\"https:\/\/vienibaspsk.lv\/index.php\/biblioteka\/#webpage\",\"url\":\"https:\/\/vienibaspsk.lv\/index.php\/biblioteka\/\",\"name\":\"Bibliot\u0113ka - Daugavpils Vien\u012bbas pamatskola\",\"isPartOf\":{\"@id\":\"https:\/\/vienibaspsk.lv\/#website\"},\"datePublished\":\"2020-05-27T07:03:59+00:00\",\"dateModified\":\"2025-02-24T11:19:48+00:00\",\"breadcrumb\":{\"@id\":\"https:\/\/vienibaspsk.lv\/index.php\/biblioteka\/#breadcrumb\"},\"inLanguage\":\"lv-LV\",\"potentialAction\":[{\"@type\":\"ReadAction\",\"target\":[\"https:\/\/vienibaspsk.lv\/index.php\/biblioteka\/\"]}]},{\"@type\":\"BreadcrumbList\",\"@id\":\"https:\/\/vienibaspsk.lv\/index.php\/biblioteka\/#breadcrumb\",\"itemListElement\":[{\"@type\":\"ListItem\",\"position\":1,\"name\":\"Galven\u0101\",\"item\":\"https:\/\/vienibaspsk.lv\/\"},{\"@type\":\"ListItem\",\"position\":2,\"name\":\"Bibliot\u0113ka\"}]}]}<\/script>\n<!-- \/ Yoast SEO plugin. -->","yoast_head_json":{"title":"Bibliot\u0113ka - Daugavpils Vien\u012bbas pamatskola","robots":{"index":"index","follow":"follow","max-snippet":"max-snippet:-1","max-image-preview":"max-image-preview:large","max-video-preview":"max-video-preview:-1"},"canonical":"https:\/\/vienibaspsk.lv\/index.php\/biblioteka\/","og_locale":"lv_LV","og_type":"article","og_title":"Bibliot\u0113ka - Daugavpils Vien\u012bbas pamatskola","og_description":"Bibliot\u0113kas darba laiks: Pirmdiena 10:00 \u2013 15:00Otrdiena 10:00 \u2013 15:00Tre\u0161diena 10:00 \u2013 16:00Ceturtdiena 10:00 \u2013 15:00Piektdiena 10:00 \u2013 15:00 Katra m\u0113ne\u0161a p\u0113d\u0113j\u0101 ceturtdiena\u2013 Spodr\u012bbas diena, bibliot\u0113ka sl\u0113gta. Skolas bibliot\u0113k\u0101 str\u0101d\u0101 ...","og_url":"https:\/\/vienibaspsk.lv\/index.php\/biblioteka\/","og_site_name":"Daugavpils Vien\u012bbas pamatskola","article_modified_time":"2025-02-24T11:19:48+00:00","twitter_card":"summary_large_image","twitter_misc":{"Est. reading time":"1 min\u016bte"},"schema":{"@context":"https:\/\/schema.org","@graph":[{"@type":"WebSite","@id":"https:\/\/vienibaspsk.lv\/#website","url":"https:\/\/vienibaspsk.lv\/","name":"Daugavpils Vien\u012bbas pamatskola","description":"","potentialAction":[{"@type":"SearchAction","target":{"@type":"EntryPoint","urlTemplate":"https:\/\/vienibaspsk.lv\/?s={search_term_string}"},"query-input":"required name=search_term_string"}],"inLanguage":"lv-LV"},{"@type":"WebPage","@id":"https:\/\/vienibaspsk.lv\/index.php\/biblioteka\/#webpage","url":"https:\/\/vienibaspsk.lv\/index.php\/biblioteka\/","name":"Bibliot\u0113ka - Daugavpils Vien\u012bbas pamatskola","isPartOf":{"@id":"https:\/\/vienibaspsk.lv\/#website"},"datePublished":"2020-05-27T07:03:59+00:00","dateModified":"2025-02-24T11:19:48+00:00","breadcrumb":{"@id":"https:\/\/vienibaspsk.lv\/index.php\/biblioteka\/#breadcrumb"},"inLanguage":"lv-LV","potentialAction":[{"@type":"ReadAction","target":["https:\/\/vienibaspsk.lv\/index.php\/biblioteka\/"]}]},{"@type":"BreadcrumbList","@id":"https:\/\/vienibaspsk.lv\/index.php\/biblioteka\/#breadcrumb","itemListElement":[{"@type":"ListItem","position":1,"name":"Galven\u0101","item":"https:\/\/vienibaspsk.lv\/"},{"@type":"ListItem","position":2,"name":"Bibliot\u0113ka"}]}]}},"_links":{"self":[{"href":"https:\/\/vienibaspsk.lv\/index.php\/wp-json\/wp\/v2\/pages\/228","targetHints":{"allow":["GET"]}}],"collection":[{"href":"https:\/\/vienibaspsk.lv\/index.php\/wp-json\/wp\/v2\/pages"}],"about":[{"href":"https:\/\/vienibaspsk.lv\/index.php\/wp-json\/wp\/v2\/types\/page"}],"author":[{"embeddable":true,"href":"https:\/\/vienibaspsk.lv\/index.php\/wp-json\/wp\/v2\/users\/2"}],"replies":[{"embeddable":true,"href":"https:\/\/vienibaspsk.lv\/index.php\/wp-json\/wp\/v2\/comments?post=228"}],"version-history":[{"count":8,"href":"https:\/\/vienibaspsk.lv\/index.php\/wp-json\/wp\/v2\/pages\/228\/revisions"}],"predecessor-version":[{"id":9530,"href":"https:\/\/vienibaspsk.lv\/index.php\/wp-json\/wp\/v2\/pages\/228\/revisions\/9530"}],"wp:attachment":[{"href":"https:\/\/vienibaspsk.lv\/index.php\/wp-json\/wp\/v2\/media?parent=228"}],"curies":[{"name":"wp","href":"https:\/\/api.w.org\/{rel}","templated":true}]}}