{"id":219,"date":"2020-05-26T08:19:57","date_gmt":"2020-05-26T08:19:57","guid":{"rendered":"http:\/\/vienibaspsk.lv\/wordpress\/?page_id=219"},"modified":"2021-05-31T16:47:16","modified_gmt":"2021-05-31T13:47:16","slug":"izglitiba","status":"publish","type":"page","link":"https:\/\/vienibaspsk.lv\/index.php\/izglitiba\/","title":{"rendered":"Izgl\u012bt\u012bba"},"content":{"rendered":"\r\n<ul class=\"wp-block-list\">\r\n<li><a href=\"https:\/\/vienibaspsk.lv\/index.php\/macibu-stundu-sakumu-un-beigu-laiks\/\">M\u0101c\u012bbu stundu s\u0101kumu un beigu laiks<\/a><\/li>\r\n<li><a href=\"https:\/\/vienibaspsk.lv\/index.php\/izglitibas-programmas\/\">Izgl\u012bt\u012bbas programmas<\/a><\/li>\r\n<li><a href=\"https:\/\/vienibaspsk.lv\/index.php\/interesu-izglitiba\/\">Intere\u0161u izgl\u012bt\u012bba<\/a><\/li>\r\n<li><a href=\"https:\/\/vienibaspsk.lv\/wp-content\/uploads\/2021\/05\/mac_literat_saraksts20.pdf\">M\u0101c\u012bbu literat\u016bra<\/a><\/li>\r\n<\/ul>\r\n","protected":false},"excerpt":{"rendered":"<p>M\u0101c\u012bbu stundu s\u0101kumu un beigu laiks Izgl\u012bt\u012bbas programmas Intere\u0161u izgl\u012bt\u012bba M\u0101c\u012bbu literat\u016bra<\/p>\n","protected":false},"author":2,"featured_media":0,"parent":0,"menu_order":0,"comment_status":"closed","ping_status":"closed","template":"","meta":{"_lmt_disableupdate":"","_lmt_disable":"","ngg_post_thumbnail":0,"footnotes":""},"class_list":["post-219","page","type-page","status-publish","hentry"],"yoast_head":"<!-- This site is optimized with the Yoast SEO plugin v18.3 - https:\/\/yoast.com\/wordpress\/plugins\/seo\/ -->\n<title>Izgl\u012bt\u012bba - Daugavpils Vien\u012bbas pamatskola<\/title>\n<meta name=\"robots\" content=\"index, follow, max-snippet:-1, max-image-preview:large, max-video-preview:-1\" \/>\n<link rel=\"canonical\" href=\"https:\/\/vienibaspsk.lv\/index.php\/izglitiba\/\" \/>\n<meta property=\"og:locale\" content=\"lv_LV\" \/>\n<meta property=\"og:type\" content=\"article\" \/>\n<meta property=\"og:title\" content=\"Izgl\u012bt\u012bba - Daugavpils Vien\u012bbas pamatskola\" \/>\n<meta property=\"og:description\" content=\"M\u0101c\u012bbu stundu s\u0101kumu un beigu laiks Izgl\u012bt\u012bbas programmas Intere\u0161u izgl\u012bt\u012bba M\u0101c\u012bbu literat\u016bra\" \/>\n<meta property=\"og:url\" content=\"https:\/\/vienibaspsk.lv\/index.php\/izglitiba\/\" \/>\n<meta property=\"og:site_name\" content=\"Daugavpils Vien\u012bbas pamatskola\" \/>\n<meta property=\"article:modified_time\" content=\"2021-05-31T13:47:16+00:00\" \/>\n<meta name=\"twitter:card\" content=\"summary_large_image\" \/>\n<script type=\"application\/ld+json\" class=\"yoast-schema-graph\">{\"@context\":\"https:\/\/schema.org\",\"@graph\":[{\"@type\":\"WebSite\",\"@id\":\"https:\/\/vienibaspsk.lv\/#website\",\"url\":\"https:\/\/vienibaspsk.lv\/\",\"name\":\"Daugavpils Vien\u012bbas pamatskola\",\"description\":\"\",\"potentialAction\":[{\"@type\":\"SearchAction\",\"target\":{\"@type\":\"EntryPoint\",\"urlTemplate\":\"https:\/\/vienibaspsk.lv\/?s={search_term_string}\"},\"query-input\":\"required name=search_term_string\"}],\"inLanguage\":\"lv-LV\"},{\"@type\":\"WebPage\",\"@id\":\"https:\/\/vienibaspsk.lv\/index.php\/izglitiba\/#webpage\",\"url\":\"https:\/\/vienibaspsk.lv\/index.php\/izglitiba\/\",\"name\":\"Izgl\u012bt\u012bba - Daugavpils Vien\u012bbas pamatskola\",\"isPartOf\":{\"@id\":\"https:\/\/vienibaspsk.lv\/#website\"},\"datePublished\":\"2020-05-26T08:19:57+00:00\",\"dateModified\":\"2021-05-31T13:47:16+00:00\",\"breadcrumb\":{\"@id\":\"https:\/\/vienibaspsk.lv\/index.php\/izglitiba\/#breadcrumb\"},\"inLanguage\":\"lv-LV\",\"potentialAction\":[{\"@type\":\"ReadAction\",\"target\":[\"https:\/\/vienibaspsk.lv\/index.php\/izglitiba\/\"]}]},{\"@type\":\"BreadcrumbList\",\"@id\":\"https:\/\/vienibaspsk.lv\/index.php\/izglitiba\/#breadcrumb\",\"itemListElement\":[{\"@type\":\"ListItem\",\"position\":1,\"name\":\"Galven\u0101\",\"item\":\"https:\/\/vienibaspsk.lv\/\"},{\"@type\":\"ListItem\",\"position\":2,\"name\":\"Izgl\u012bt\u012bba\"}]}]}<\/script>\n<!-- \/ Yoast SEO plugin. -->","yoast_head_json":{"title":"Izgl\u012bt\u012bba - Daugavpils Vien\u012bbas pamatskola","robots":{"index":"index","follow":"follow","max-snippet":"max-snippet:-1","max-image-preview":"max-image-preview:large","max-video-preview":"max-video-preview:-1"},"canonical":"https:\/\/vienibaspsk.lv\/index.php\/izglitiba\/","og_locale":"lv_LV","og_type":"article","og_title":"Izgl\u012bt\u012bba - Daugavpils Vien\u012bbas pamatskola","og_description":"M\u0101c\u012bbu stundu s\u0101kumu un beigu laiks Izgl\u012bt\u012bbas programmas Intere\u0161u izgl\u012bt\u012bba M\u0101c\u012bbu literat\u016bra","og_url":"https:\/\/vienibaspsk.lv\/index.php\/izglitiba\/","og_site_name":"Daugavpils Vien\u012bbas pamatskola","article_modified_time":"2021-05-31T13:47:16+00:00","twitter_card":"summary_large_image","schema":{"@context":"https:\/\/schema.org","@graph":[{"@type":"WebSite","@id":"https:\/\/vienibaspsk.lv\/#website","url":"https:\/\/vienibaspsk.lv\/","name":"Daugavpils Vien\u012bbas pamatskola","description":"","potentialAction":[{"@type":"SearchAction","target":{"@type":"EntryPoint","urlTemplate":"https:\/\/vienibaspsk.lv\/?s={search_term_string}"},"query-input":"required name=search_term_string"}],"inLanguage":"lv-LV"},{"@type":"WebPage","@id":"https:\/\/vienibaspsk.lv\/index.php\/izglitiba\/#webpage","url":"https:\/\/vienibaspsk.lv\/index.php\/izglitiba\/","name":"Izgl\u012bt\u012bba - Daugavpils Vien\u012bbas pamatskola","isPartOf":{"@id":"https:\/\/vienibaspsk.lv\/#website"},"datePublished":"2020-05-26T08:19:57+00:00","dateModified":"2021-05-31T13:47:16+00:00","breadcrumb":{"@id":"https:\/\/vienibaspsk.lv\/index.php\/izglitiba\/#breadcrumb"},"inLanguage":"lv-LV","potentialAction":[{"@type":"ReadAction","target":["https:\/\/vienibaspsk.lv\/index.php\/izglitiba\/"]}]},{"@type":"BreadcrumbList","@id":"https:\/\/vienibaspsk.lv\/index.php\/izglitiba\/#breadcrumb","itemListElement":[{"@type":"ListItem","position":1,"name":"Galven\u0101","item":"https:\/\/vienibaspsk.lv\/"},{"@type":"ListItem","position":2,"name":"Izgl\u012bt\u012bba"}]}]}},"_links":{"self":[{"href":"https:\/\/vienibaspsk.lv\/index.php\/wp-json\/wp\/v2\/pages\/219","targetHints":{"allow":["GET"]}}],"collection":[{"href":"https:\/\/vienibaspsk.lv\/index.php\/wp-json\/wp\/v2\/pages"}],"about":[{"href":"https:\/\/vienibaspsk.lv\/index.php\/wp-json\/wp\/v2\/types\/page"}],"author":[{"embeddable":true,"href":"https:\/\/vienibaspsk.lv\/index.php\/wp-json\/wp\/v2\/users\/2"}],"replies":[{"embeddable":true,"href":"https:\/\/vienibaspsk.lv\/index.php\/wp-json\/wp\/v2\/comments?post=219"}],"version-history":[{"count":3,"href":"https:\/\/vienibaspsk.lv\/index.php\/wp-json\/wp\/v2\/pages\/219\/revisions"}],"predecessor-version":[{"id":3162,"href":"https:\/\/vienibaspsk.lv\/index.php\/wp-json\/wp\/v2\/pages\/219\/revisions\/3162"}],"wp:attachment":[{"href":"https:\/\/vienibaspsk.lv\/index.php\/wp-json\/wp\/v2\/media?parent=219"}],"curies":[{"name":"wp","href":"https:\/\/api.w.org\/{rel}","templated":true}]}}