{"id":217,"date":"2020-05-26T08:11:26","date_gmt":"2020-05-26T08:11:26","guid":{"rendered":"http:\/\/vienibaspsk.lv\/wordpress\/?page_id=217"},"modified":"2025-09-09T12:11:49","modified_gmt":"2025-09-09T09:11:49","slug":"macibu-stundu-sakumu-un-beigu-laiks","status":"publish","type":"page","link":"https:\/\/vienibaspsk.lv\/index.php\/macibu-stundu-sakumu-un-beigu-laiks\/","title":{"rendered":"M\u0101c\u012bbu stundu s\u0101kumu un beigu laiks"},"content":{"rendered":"\r\n<p>&nbsp;<\/p>\r\n<p style=\"text-align: center;\"><span style=\"color: #800000; font-size: 12pt;\"><strong>Stundu s\u0101kuma un beigu saraksts 2025.-2026.m.g.<\/strong><\/span><\/p>\r\n<table style=\"width: 75%; border-collapse: collapse; border-style: solid; border-color: #000000;\" cellspacing=\"0\" cellpadding=\"0\">\r\n<thead>\r\n<tr style=\"background-color: #f2cc9b;\">\r\n<td style=\"width: 50%; border-style: solid; border-color: #000000; text-align: center;\"><span style=\"font-size: 14pt;\"><strong><span style=\"color: #000000;\">M\u0101c\u012bbu stundu saraksts<\/span><\/strong><\/span><\/td>\r\n<td style=\"width: 50%; border-style: solid; border-color: #000000; text-align: center;\"><span style=\"font-size: 14pt;\"><strong><span style=\"color: #000000;\">M\u0101c\u012bbu stundu saraksts pirmssv\u0113ktu dien\u0101m<\/span><\/strong><\/span><\/td>\r\n<\/tr>\r\n<\/thead>\r\n<tbody>\r\n<tr>\r\n<td style=\"width: 50%; border-style: solid; border-color: #000000; text-align: left;\">\r\n<ol style=\"color: #000000; font-size: 14pt;\" start=\"0\">\r\n<li style=\"margin-left: 0pt; text-align: center;\"><span style=\"color: #000000; font-size: 14pt;\">08:00 &#8211; 08:40<\/span><\/li>\r\n<li style=\"margin-left: 0pt; text-align: center;\"><span style=\"color: #000000; font-size: 14pt;\">08:50 &#8211; 09:30<\/span><\/li>\r\n<li style=\"margin-left: 0pt; text-align: center;\"><span style=\"color: #000000; font-size: 14pt;\">09:40 &#8211; 10:20<\/span><\/li>\r\n<li style=\"margin-left: 0pt; text-align: center;\"><span style=\"color: #000000; font-size: 14pt;\">10:30 &#8211; 11:10<\/span><\/li>\r\n<li style=\"margin-left: 0pt; text-align: center;\"><span style=\"color: #000000; font-size: 14pt;\">11:30 &#8211; 12:10<\/span><\/li>\r\n<li style=\"margin-left: 0pt; text-align: center;\"><span style=\"color: #000000; font-size: 14pt;\">12:40 &#8211; 13:20<\/span><\/li>\r\n<li style=\"margin-left: 0pt; text-align: center;\"><span style=\"color: #000000; font-size: 14pt;\">13:50 &#8211; 14:30<\/span><\/li>\r\n<li style=\"margin-left: 0pt; text-align: center;\"><span style=\"color: #000000; font-size: 14pt;\">14:40 &#8211; 15:20<\/span><\/li>\r\n<li style=\"margin-left: 0pt; text-align: center;\"><span style=\"color: #000000; font-size: 14pt;\">15:30 &#8211; 16:10<\/span><\/li>\r\n<\/ol>\r\n<\/td>\r\n<td style=\"width: 50%; border-style: solid; border-color: #000000; text-align: left;\">\r\n<ol style=\"color: #000000; font-size: 14pt;\" start=\"0\">\r\n<li style=\"margin-left: 0pt; text-align: center;\"><span style=\"color: #000000; font-size: 14pt;\">08:10 &#8211; 08:40<\/span><\/li>\r\n<li style=\"margin-left: 0pt; text-align: center;\"><span style=\"color: #000000; font-size: 14pt;\">08:50 &#8211; 09:20<\/span><\/li>\r\n<li style=\"margin-left: 0pt; text-align: center;\"><span style=\"color: #000000; font-size: 14pt;\">09:30 &#8211; 10:00<\/span><\/li>\r\n<li style=\"margin-left: 0pt; text-align: center;\"><span style=\"color: #000000; font-size: 14pt;\">10:10 &#8211; 10:40<\/span><\/li>\r\n<li style=\"margin-left: 0pt; text-align: center;\"><span style=\"color: #000000; font-size: 14pt;\">11:00 &#8211; 11:30<\/span><\/li>\r\n<li style=\"margin-left: 0pt; text-align: center;\"><span style=\"color: #000000; font-size: 14pt;\">11:50 &#8211; 12:20<\/span><\/li>\r\n<li style=\"margin-left: 0pt; text-align: center;\"><span style=\"color: #000000; font-size: 14pt;\">12:40 &#8211; 13:10<\/span><\/li>\r\n<li style=\"margin-left: 0pt; text-align: center;\"><span style=\"color: #000000; font-size: 14pt;\">13:20 &#8211; 13:50<\/span><\/li>\r\n<li style=\"margin-left: 0pt; text-align: center;\"><span style=\"color: #000000; font-size: 14pt;\">14:00 &#8211; 14:30<\/span><\/li>\r\n<\/ol>\r\n<\/td>\r\n<\/tr>\r\n<\/tbody>\r\n<\/table>\r\n\r\n\r\n\r\n<p>Ievietots 14.04.2025.&nbsp;<\/p>\r\n\r\n\r\n\r\n<figure class=\"wp-block-table is-style-stripes\"><\/figure>\r\n","protected":false},"excerpt":{"rendered":"<p>&nbsp; Stundu s\u0101kuma un beigu saraksts 2025.-2026.m.g. M\u0101c\u012bbu stundu saraksts M\u0101c\u012bbu stundu saraksts pirmssv\u0113ktu dien\u0101m 08:00 &#8211; 08:40 08:50 &#8211; 09:30 09:40 &#8211; 10:20 10:30 &#8211; 11:10 11:30 &#8211; 12:10 &#8230;<\/p>\n","protected":false},"author":2,"featured_media":0,"parent":0,"menu_order":0,"comment_status":"closed","ping_status":"closed","template":"","meta":{"_lmt_disableupdate":"no","_lmt_disable":"","ngg_post_thumbnail":0,"footnotes":""},"class_list":["post-217","page","type-page","status-publish","hentry"],"yoast_head":"<!-- This site is optimized with the Yoast SEO plugin v18.3 - https:\/\/yoast.com\/wordpress\/plugins\/seo\/ -->\n<title>M\u0101c\u012bbu stundu s\u0101kumu un beigu laiks - Daugavpils Vien\u012bbas pamatskola<\/title>\n<meta name=\"robots\" content=\"index, follow, max-snippet:-1, max-image-preview:large, max-video-preview:-1\" \/>\n<link rel=\"canonical\" href=\"https:\/\/vienibaspsk.lv\/index.php\/macibu-stundu-sakumu-un-beigu-laiks\/\" \/>\n<meta property=\"og:locale\" content=\"lv_LV\" \/>\n<meta property=\"og:type\" content=\"article\" \/>\n<meta property=\"og:title\" content=\"M\u0101c\u012bbu stundu s\u0101kumu un beigu laiks - Daugavpils Vien\u012bbas pamatskola\" \/>\n<meta property=\"og:description\" content=\"&nbsp; Stundu s\u0101kuma un beigu saraksts 2025.-2026.m.g. M\u0101c\u012bbu stundu saraksts M\u0101c\u012bbu stundu saraksts pirmssv\u0113ktu dien\u0101m 08:00 &#8211; 08:40 08:50 &#8211; 09:30 09:40 &#8211; 10:20 10:30 &#8211; 11:10 11:30 &#8211; 12:10 ...\" \/>\n<meta property=\"og:url\" content=\"https:\/\/vienibaspsk.lv\/index.php\/macibu-stundu-sakumu-un-beigu-laiks\/\" \/>\n<meta property=\"og:site_name\" content=\"Daugavpils Vien\u012bbas pamatskola\" \/>\n<meta property=\"article:modified_time\" content=\"2025-09-09T09:11:49+00:00\" \/>\n<meta name=\"twitter:card\" content=\"summary_large_image\" \/>\n<meta name=\"twitter:label1\" content=\"Est. reading time\" \/>\n\t<meta name=\"twitter:data1\" content=\"1 min\u016bte\" \/>\n<script type=\"application\/ld+json\" class=\"yoast-schema-graph\">{\"@context\":\"https:\/\/schema.org\",\"@graph\":[{\"@type\":\"WebSite\",\"@id\":\"https:\/\/vienibaspsk.lv\/#website\",\"url\":\"https:\/\/vienibaspsk.lv\/\",\"name\":\"Daugavpils Vien\u012bbas pamatskola\",\"description\":\"\",\"potentialAction\":[{\"@type\":\"SearchAction\",\"target\":{\"@type\":\"EntryPoint\",\"urlTemplate\":\"https:\/\/vienibaspsk.lv\/?s={search_term_string}\"},\"query-input\":\"required name=search_term_string\"}],\"inLanguage\":\"lv-LV\"},{\"@type\":\"WebPage\",\"@id\":\"https:\/\/vienibaspsk.lv\/index.php\/macibu-stundu-sakumu-un-beigu-laiks\/#webpage\",\"url\":\"https:\/\/vienibaspsk.lv\/index.php\/macibu-stundu-sakumu-un-beigu-laiks\/\",\"name\":\"M\u0101c\u012bbu stundu s\u0101kumu un beigu laiks - Daugavpils Vien\u012bbas pamatskola\",\"isPartOf\":{\"@id\":\"https:\/\/vienibaspsk.lv\/#website\"},\"datePublished\":\"2020-05-26T08:11:26+00:00\",\"dateModified\":\"2025-09-09T09:11:49+00:00\",\"breadcrumb\":{\"@id\":\"https:\/\/vienibaspsk.lv\/index.php\/macibu-stundu-sakumu-un-beigu-laiks\/#breadcrumb\"},\"inLanguage\":\"lv-LV\",\"potentialAction\":[{\"@type\":\"ReadAction\",\"target\":[\"https:\/\/vienibaspsk.lv\/index.php\/macibu-stundu-sakumu-un-beigu-laiks\/\"]}]},{\"@type\":\"BreadcrumbList\",\"@id\":\"https:\/\/vienibaspsk.lv\/index.php\/macibu-stundu-sakumu-un-beigu-laiks\/#breadcrumb\",\"itemListElement\":[{\"@type\":\"ListItem\",\"position\":1,\"name\":\"Galven\u0101\",\"item\":\"https:\/\/vienibaspsk.lv\/\"},{\"@type\":\"ListItem\",\"position\":2,\"name\":\"M\u0101c\u012bbu stundu s\u0101kumu un beigu laiks\"}]}]}<\/script>\n<!-- \/ Yoast SEO plugin. -->","yoast_head_json":{"title":"M\u0101c\u012bbu stundu s\u0101kumu un beigu laiks - Daugavpils Vien\u012bbas pamatskola","robots":{"index":"index","follow":"follow","max-snippet":"max-snippet:-1","max-image-preview":"max-image-preview:large","max-video-preview":"max-video-preview:-1"},"canonical":"https:\/\/vienibaspsk.lv\/index.php\/macibu-stundu-sakumu-un-beigu-laiks\/","og_locale":"lv_LV","og_type":"article","og_title":"M\u0101c\u012bbu stundu s\u0101kumu un beigu laiks - Daugavpils Vien\u012bbas pamatskola","og_description":"&nbsp; Stundu s\u0101kuma un beigu saraksts 2025.-2026.m.g. M\u0101c\u012bbu stundu saraksts M\u0101c\u012bbu stundu saraksts pirmssv\u0113ktu dien\u0101m 08:00 &#8211; 08:40 08:50 &#8211; 09:30 09:40 &#8211; 10:20 10:30 &#8211; 11:10 11:30 &#8211; 12:10 ...","og_url":"https:\/\/vienibaspsk.lv\/index.php\/macibu-stundu-sakumu-un-beigu-laiks\/","og_site_name":"Daugavpils Vien\u012bbas pamatskola","article_modified_time":"2025-09-09T09:11:49+00:00","twitter_card":"summary_large_image","twitter_misc":{"Est. reading time":"1 min\u016bte"},"schema":{"@context":"https:\/\/schema.org","@graph":[{"@type":"WebSite","@id":"https:\/\/vienibaspsk.lv\/#website","url":"https:\/\/vienibaspsk.lv\/","name":"Daugavpils Vien\u012bbas pamatskola","description":"","potentialAction":[{"@type":"SearchAction","target":{"@type":"EntryPoint","urlTemplate":"https:\/\/vienibaspsk.lv\/?s={search_term_string}"},"query-input":"required name=search_term_string"}],"inLanguage":"lv-LV"},{"@type":"WebPage","@id":"https:\/\/vienibaspsk.lv\/index.php\/macibu-stundu-sakumu-un-beigu-laiks\/#webpage","url":"https:\/\/vienibaspsk.lv\/index.php\/macibu-stundu-sakumu-un-beigu-laiks\/","name":"M\u0101c\u012bbu stundu s\u0101kumu un beigu laiks - Daugavpils Vien\u012bbas pamatskola","isPartOf":{"@id":"https:\/\/vienibaspsk.lv\/#website"},"datePublished":"2020-05-26T08:11:26+00:00","dateModified":"2025-09-09T09:11:49+00:00","breadcrumb":{"@id":"https:\/\/vienibaspsk.lv\/index.php\/macibu-stundu-sakumu-un-beigu-laiks\/#breadcrumb"},"inLanguage":"lv-LV","potentialAction":[{"@type":"ReadAction","target":["https:\/\/vienibaspsk.lv\/index.php\/macibu-stundu-sakumu-un-beigu-laiks\/"]}]},{"@type":"BreadcrumbList","@id":"https:\/\/vienibaspsk.lv\/index.php\/macibu-stundu-sakumu-un-beigu-laiks\/#breadcrumb","itemListElement":[{"@type":"ListItem","position":1,"name":"Galven\u0101","item":"https:\/\/vienibaspsk.lv\/"},{"@type":"ListItem","position":2,"name":"M\u0101c\u012bbu stundu s\u0101kumu un beigu laiks"}]}]}},"_links":{"self":[{"href":"https:\/\/vienibaspsk.lv\/index.php\/wp-json\/wp\/v2\/pages\/217","targetHints":{"allow":["GET"]}}],"collection":[{"href":"https:\/\/vienibaspsk.lv\/index.php\/wp-json\/wp\/v2\/pages"}],"about":[{"href":"https:\/\/vienibaspsk.lv\/index.php\/wp-json\/wp\/v2\/types\/page"}],"author":[{"embeddable":true,"href":"https:\/\/vienibaspsk.lv\/index.php\/wp-json\/wp\/v2\/users\/2"}],"replies":[{"embeddable":true,"href":"https:\/\/vienibaspsk.lv\/index.php\/wp-json\/wp\/v2\/comments?post=217"}],"version-history":[{"count":25,"href":"https:\/\/vienibaspsk.lv\/index.php\/wp-json\/wp\/v2\/pages\/217\/revisions"}],"predecessor-version":[{"id":10625,"href":"https:\/\/vienibaspsk.lv\/index.php\/wp-json\/wp\/v2\/pages\/217\/revisions\/10625"}],"wp:attachment":[{"href":"https:\/\/vienibaspsk.lv\/index.php\/wp-json\/wp\/v2\/media?parent=217"}],"curies":[{"name":"wp","href":"https:\/\/api.w.org\/{rel}","templated":true}]}}