{"id":211,"date":"2020-05-26T07:55:50","date_gmt":"2020-05-26T07:55:50","guid":{"rendered":"http:\/\/vienibaspsk.lv\/wordpress\/?page_id=211"},"modified":"2025-08-11T16:08:49","modified_gmt":"2025-08-11T13:08:49","slug":"informacija-vecakiem","status":"publish","type":"page","link":"https:\/\/vienibaspsk.lv\/index.php\/informacija-vecakiem\/","title":{"rendered":"Vec\u0101kiem"},"content":{"rendered":"\r\n<p><a href=\"https:\/\/vienibaspsk.lv\/index.php\/informacija-vecakiem\/skolas-forma\/\">Skolas forma<\/a><\/p>\r\n\r\n\r\n\r\n<p><a href=\"https:\/\/vienibaspsk.lv\/index.php\/informacija-vecakiem-2\/\">Inform\u0101cija vec\u0101kiem<\/a><\/p>\r\n<p>&nbsp;<\/p>\r\n<p>Telefoni sazi\u0146ai<\/p>\r\n<p>Skolas direktore &#8211; Ruta Anspoka &nbsp; &#8211;&nbsp;&nbsp; 65420449<br>Skolas m\u0101sa \u2013 Inese Oli\u0161evska&nbsp;&nbsp; &#8211; &nbsp; 65420508<br>Skolas lietvede&nbsp; &#8211; A\u013cona Sidorenko&nbsp; &nbsp;&#8211; &nbsp; 65420449&nbsp; vai 28445560<\/p>\r\n","protected":false},"excerpt":{"rendered":"<p>Skolas forma Inform\u0101cija vec\u0101kiem &nbsp; Telefoni sazi\u0146ai Skolas direktore &#8211; Ruta Anspoka &nbsp; &#8211;&nbsp;&nbsp; 65420449Skolas m\u0101sa \u2013 Inese Oli\u0161evska&nbsp;&nbsp; &#8211; &nbsp; 65420508Skolas lietvede&nbsp; &#8211; A\u013cona Sidorenko&nbsp; &nbsp;&#8211; &nbsp; 65420449&nbsp; vai &#8230;<\/p>\n","protected":false},"author":2,"featured_media":0,"parent":0,"menu_order":0,"comment_status":"closed","ping_status":"closed","template":"","meta":{"_lmt_disableupdate":"no","_lmt_disable":"","ngg_post_thumbnail":0,"footnotes":""},"class_list":["post-211","page","type-page","status-publish","hentry"],"yoast_head":"<!-- This site is optimized with the Yoast SEO plugin v18.3 - https:\/\/yoast.com\/wordpress\/plugins\/seo\/ -->\n<title>Vec\u0101kiem - Daugavpils Vien\u012bbas pamatskola<\/title>\n<meta name=\"robots\" content=\"index, follow, max-snippet:-1, max-image-preview:large, max-video-preview:-1\" \/>\n<link rel=\"canonical\" href=\"https:\/\/vienibaspsk.lv\/index.php\/informacija-vecakiem\/\" \/>\n<meta property=\"og:locale\" content=\"lv_LV\" \/>\n<meta property=\"og:type\" content=\"article\" \/>\n<meta property=\"og:title\" content=\"Vec\u0101kiem - Daugavpils Vien\u012bbas pamatskola\" \/>\n<meta property=\"og:description\" content=\"Skolas forma Inform\u0101cija vec\u0101kiem &nbsp; Telefoni sazi\u0146ai Skolas direktore &#8211; Ruta Anspoka &nbsp; &#8211;&nbsp;&nbsp; 65420449Skolas m\u0101sa \u2013 Inese Oli\u0161evska&nbsp;&nbsp; &#8211; &nbsp; 65420508Skolas lietvede&nbsp; &#8211; A\u013cona Sidorenko&nbsp; &nbsp;&#8211; &nbsp; 65420449&nbsp; vai ...\" \/>\n<meta property=\"og:url\" content=\"https:\/\/vienibaspsk.lv\/index.php\/informacija-vecakiem\/\" \/>\n<meta property=\"og:site_name\" content=\"Daugavpils Vien\u012bbas pamatskola\" \/>\n<meta property=\"article:modified_time\" content=\"2025-08-11T13:08:49+00:00\" \/>\n<meta name=\"twitter:card\" content=\"summary_large_image\" \/>\n<script type=\"application\/ld+json\" class=\"yoast-schema-graph\">{\"@context\":\"https:\/\/schema.org\",\"@graph\":[{\"@type\":\"WebSite\",\"@id\":\"https:\/\/vienibaspsk.lv\/#website\",\"url\":\"https:\/\/vienibaspsk.lv\/\",\"name\":\"Daugavpils Vien\u012bbas pamatskola\",\"description\":\"\",\"potentialAction\":[{\"@type\":\"SearchAction\",\"target\":{\"@type\":\"EntryPoint\",\"urlTemplate\":\"https:\/\/vienibaspsk.lv\/?s={search_term_string}\"},\"query-input\":\"required name=search_term_string\"}],\"inLanguage\":\"lv-LV\"},{\"@type\":\"WebPage\",\"@id\":\"https:\/\/vienibaspsk.lv\/index.php\/informacija-vecakiem\/#webpage\",\"url\":\"https:\/\/vienibaspsk.lv\/index.php\/informacija-vecakiem\/\",\"name\":\"Vec\u0101kiem - Daugavpils Vien\u012bbas pamatskola\",\"isPartOf\":{\"@id\":\"https:\/\/vienibaspsk.lv\/#website\"},\"datePublished\":\"2020-05-26T07:55:50+00:00\",\"dateModified\":\"2025-08-11T13:08:49+00:00\",\"breadcrumb\":{\"@id\":\"https:\/\/vienibaspsk.lv\/index.php\/informacija-vecakiem\/#breadcrumb\"},\"inLanguage\":\"lv-LV\",\"potentialAction\":[{\"@type\":\"ReadAction\",\"target\":[\"https:\/\/vienibaspsk.lv\/index.php\/informacija-vecakiem\/\"]}]},{\"@type\":\"BreadcrumbList\",\"@id\":\"https:\/\/vienibaspsk.lv\/index.php\/informacija-vecakiem\/#breadcrumb\",\"itemListElement\":[{\"@type\":\"ListItem\",\"position\":1,\"name\":\"Galven\u0101\",\"item\":\"https:\/\/vienibaspsk.lv\/\"},{\"@type\":\"ListItem\",\"position\":2,\"name\":\"Vec\u0101kiem\"}]}]}<\/script>\n<!-- \/ Yoast SEO plugin. -->","yoast_head_json":{"title":"Vec\u0101kiem - Daugavpils Vien\u012bbas pamatskola","robots":{"index":"index","follow":"follow","max-snippet":"max-snippet:-1","max-image-preview":"max-image-preview:large","max-video-preview":"max-video-preview:-1"},"canonical":"https:\/\/vienibaspsk.lv\/index.php\/informacija-vecakiem\/","og_locale":"lv_LV","og_type":"article","og_title":"Vec\u0101kiem - Daugavpils Vien\u012bbas pamatskola","og_description":"Skolas forma Inform\u0101cija vec\u0101kiem &nbsp; Telefoni sazi\u0146ai Skolas direktore &#8211; Ruta Anspoka &nbsp; &#8211;&nbsp;&nbsp; 65420449Skolas m\u0101sa \u2013 Inese Oli\u0161evska&nbsp;&nbsp; &#8211; &nbsp; 65420508Skolas lietvede&nbsp; &#8211; A\u013cona Sidorenko&nbsp; &nbsp;&#8211; &nbsp; 65420449&nbsp; vai ...","og_url":"https:\/\/vienibaspsk.lv\/index.php\/informacija-vecakiem\/","og_site_name":"Daugavpils Vien\u012bbas pamatskola","article_modified_time":"2025-08-11T13:08:49+00:00","twitter_card":"summary_large_image","schema":{"@context":"https:\/\/schema.org","@graph":[{"@type":"WebSite","@id":"https:\/\/vienibaspsk.lv\/#website","url":"https:\/\/vienibaspsk.lv\/","name":"Daugavpils Vien\u012bbas pamatskola","description":"","potentialAction":[{"@type":"SearchAction","target":{"@type":"EntryPoint","urlTemplate":"https:\/\/vienibaspsk.lv\/?s={search_term_string}"},"query-input":"required name=search_term_string"}],"inLanguage":"lv-LV"},{"@type":"WebPage","@id":"https:\/\/vienibaspsk.lv\/index.php\/informacija-vecakiem\/#webpage","url":"https:\/\/vienibaspsk.lv\/index.php\/informacija-vecakiem\/","name":"Vec\u0101kiem - Daugavpils Vien\u012bbas pamatskola","isPartOf":{"@id":"https:\/\/vienibaspsk.lv\/#website"},"datePublished":"2020-05-26T07:55:50+00:00","dateModified":"2025-08-11T13:08:49+00:00","breadcrumb":{"@id":"https:\/\/vienibaspsk.lv\/index.php\/informacija-vecakiem\/#breadcrumb"},"inLanguage":"lv-LV","potentialAction":[{"@type":"ReadAction","target":["https:\/\/vienibaspsk.lv\/index.php\/informacija-vecakiem\/"]}]},{"@type":"BreadcrumbList","@id":"https:\/\/vienibaspsk.lv\/index.php\/informacija-vecakiem\/#breadcrumb","itemListElement":[{"@type":"ListItem","position":1,"name":"Galven\u0101","item":"https:\/\/vienibaspsk.lv\/"},{"@type":"ListItem","position":2,"name":"Vec\u0101kiem"}]}]}},"_links":{"self":[{"href":"https:\/\/vienibaspsk.lv\/index.php\/wp-json\/wp\/v2\/pages\/211","targetHints":{"allow":["GET"]}}],"collection":[{"href":"https:\/\/vienibaspsk.lv\/index.php\/wp-json\/wp\/v2\/pages"}],"about":[{"href":"https:\/\/vienibaspsk.lv\/index.php\/wp-json\/wp\/v2\/types\/page"}],"author":[{"embeddable":true,"href":"https:\/\/vienibaspsk.lv\/index.php\/wp-json\/wp\/v2\/users\/2"}],"replies":[{"embeddable":true,"href":"https:\/\/vienibaspsk.lv\/index.php\/wp-json\/wp\/v2\/comments?post=211"}],"version-history":[{"count":6,"href":"https:\/\/vienibaspsk.lv\/index.php\/wp-json\/wp\/v2\/pages\/211\/revisions"}],"predecessor-version":[{"id":10508,"href":"https:\/\/vienibaspsk.lv\/index.php\/wp-json\/wp\/v2\/pages\/211\/revisions\/10508"}],"wp:attachment":[{"href":"https:\/\/vienibaspsk.lv\/index.php\/wp-json\/wp\/v2\/media?parent=211"}],"curies":[{"name":"wp","href":"https:\/\/api.w.org\/{rel}","templated":true}]}}