{"id":209,"date":"2020-05-26T07:53:24","date_gmt":"2020-05-26T07:53:24","guid":{"rendered":"http:\/\/vienibaspsk.lv\/wordpress\/?page_id=209"},"modified":"2023-05-30T08:36:44","modified_gmt":"2023-05-30T05:36:44","slug":"skolas-forma","status":"publish","type":"page","link":"https:\/\/vienibaspsk.lv\/index.php\/informacija-vecakiem\/skolas-forma\/","title":{"rendered":"Skolas forma"},"content":{"rendered":"<div title=\"\">&nbsp;<\/div>\n<div id=\"m_6240220518551188136i3x-cke__body\" title=\"\"><span style=\"font-size: 14pt; color: #000000;\"><strong>Pamatskolas izgl\u012btojamajiem skol\u0101 oblig\u0101ti j\u0101n\u0113s\u0101 lieti\u0161\u0137ais ap\u0123\u0113rbs:<\/strong><\/span><\/div>\n<div title=\"\">&nbsp;<\/div>\n<div title=\"\"><span style=\"color: #000000;\">Formu var pas\u016bt\u012bt SIA ELMOSA&nbsp;<\/span><a href=\"https:\/\/elmosa.lv\/lv\/31-daugavpils-vienibas-pamatskola\" target=\"_blank\" rel=\"noopener\" data-saferedirecturl=\"https:\/\/www.google.com\/url?q=https:\/\/elmosa.lv\/lv\/31-daugavpils-vienibas-pamatskola&amp;source=gmail&amp;ust=1685511092384000&amp;usg=AOvVaw2ofrgLEOwA0ou1cluxvX08\">https:\/\/elmosa.lv\/lv\/<wbr>31-daugavpils-vienibas-<wbr>pamatskola<\/a><span style=\"color: #000000;\">&nbsp;(sadarb\u012bbas partneris),&nbsp; k\u0101 ar\u012b cit\u0101s firm\u0101s, ja ir atbilsto\u0161s audums un kr\u0101sas.<\/span><\/div>\n<div title=\"\">&nbsp;<\/div>\n<div title=\"\">\n<hr>\n<\/div>\n<div title=\"\"><span style=\"color: #000000;\"><b>1.-3.kla\u0161u<\/b>&nbsp;<b>meiten\u0113m<\/b>&nbsp;r\u016btaini zils ar sarkanu un baltu&nbsp; saraf\u0101ns un\/vai sv\u0101rki, tum\u0161i zilas d\u017einsu vai auduma bikses un bl\u016bze, d\u017eemperis, polo krekls ar gar\u0101m piedurkn\u0113m vai T krekls skolas kr\u0101s\u0101s (gai\u0161i zils bez uzrakstiem, z\u012bm\u0113jumiem vai \u0123eometriskiem rakstiem). Skolas embl\u0113ma.<\/span><br \/>\n<span style=\"color: #000000;\"><b>Sv\u0113tku reiz\u0113s <\/b>izgl\u012btojamie skolas un\/vai pils\u0113tas pas\u0101kumos velk sv\u0113tku t\u0113rpu, t.i. baltu bl\u016bzi, kreklu, zilu vai melnu \u017eaketi, bikses\/d\u017einsus. R\u016btaini zilu ar sarkanu un baltu kaklasaiti.<\/span><\/div>\n<div title=\"\"><span style=\"color: #000000;\"><img loading=\"lazy\" decoding=\"async\" class=\"wp-image-6575 aligncenter\" src=\"https:\/\/vienibaspsk.lv\/wp-content\/uploads\/2023\/05\/1-3-meitenes-300x225.png\" alt=\"1.-3. klasu meite\u0146u unifroma\" width=\"828\" height=\"621\" srcset=\"https:\/\/vienibaspsk.lv\/wp-content\/uploads\/2023\/05\/1-3-meitenes-300x225.png 300w, https:\/\/vienibaspsk.lv\/wp-content\/uploads\/2023\/05\/1-3-meitenes-768x576.png 768w, https:\/\/vienibaspsk.lv\/wp-content\/uploads\/2023\/05\/1-3-meitenes.png 800w\" sizes=\"auto, (max-width: 828px) 100vw, 828px\" \/><\/span><\/div>\n<div title=\"\">&nbsp;<\/div>\n<div title=\"\">\n<hr>\n<\/div>\n<div title=\"\"><span style=\"color: #000000;\"><b>1.-3.kla\u0161u<\/b>&nbsp;<b>z\u0113niem<\/b>&nbsp;tum\u0161i zilas vai melnas bikses un\/vai d\u017einsi ar tum\u0161i zilu vesti, jaku bez kapuces ar skolas embl\u0113mu. Vienkr\u0101sains krekls, polo krekls ar gar\u0101m piedurkn\u0113m vai T krekls skolas kr\u0101s\u0101s (gai\u0161i zils bez uzrakstiem, z\u012bm\u0113jumiem vai \u0123eometriskiem rakstiem).<\/span><br \/>\n<span style=\"color: #000000;\"><b>Sv\u0113tku reiz\u0113s <\/b>izgl\u012btojamie skolas un\/vai pils\u0113tas pas\u0101kumos velk sv\u0113tku t\u0113rpu, t.i. baltu bl\u016bzi, kreklu, zilu vai melnu \u017eaketi, bikses\/d\u017einsus. R\u016btaini zilu ar sarkanu un baltu kaklasaiti.<\/span><\/div>\n<div title=\"\"><span style=\"color: #000000;\"><img loading=\"lazy\" decoding=\"async\" class=\" wp-image-6576 aligncenter\" src=\"https:\/\/vienibaspsk.lv\/wp-content\/uploads\/2023\/05\/1-3-zeni-300x225.png\" alt=\"1.-3. klasu z\u0113nu unifroma\" width=\"838\" height=\"628\" srcset=\"https:\/\/vienibaspsk.lv\/wp-content\/uploads\/2023\/05\/1-3-zeni-300x225.png 300w, https:\/\/vienibaspsk.lv\/wp-content\/uploads\/2023\/05\/1-3-zeni-768x576.png 768w, https:\/\/vienibaspsk.lv\/wp-content\/uploads\/2023\/05\/1-3-zeni.png 800w\" sizes=\"auto, (max-width: 838px) 100vw, 838px\" \/><\/span><\/div>\n<div title=\"\">&nbsp;<\/div>\n<div title=\"\">\n<hr>\n<\/div>\n<div title=\"\"><span style=\"color: #000000;\"><b>4.-9.kla\u0161u meiten\u0113m<\/b>&nbsp;r\u016btaini zils ar sarkanu un baltu&nbsp; sv\u0101rki, kleita, bikses vai tum\u0161i zilas d\u017einsu vai auduma bikses un vienkr\u0101saina bl\u016bze, jaka bez kapuces, polo krekls ar gar\u0101m piedurkn\u0113m vai T krekls skolas kr\u0101s\u0101s (gai\u0161i zils bez uzrakstiem, z\u012bm\u0113jumiem vai \u0123eometriskiem rakstiem). Skolas embl\u0113ma.<\/span><br \/>\n<span style=\"color: #000000;\"><b>Sv\u0113tku reiz\u0113s <\/b>izgl\u012btojamie skolas un\/vai pils\u0113tas pas\u0101kumos velk sv\u0113tku t\u0113rpu, t.i. baltu bl\u016bzi, kreklu, zilu vai melnu \u017eaketi, bikses\/d\u017einsus. R\u016btaini zilu ar sarkanu un baltu kaklasaiti.<\/span><\/div>\n<p><span style=\"color: #000000;\"><img loading=\"lazy\" decoding=\"async\" class=\" wp-image-6577 aligncenter\" src=\"https:\/\/vienibaspsk.lv\/wp-content\/uploads\/2023\/05\/4-9-meitenes-300x225.png\" alt=\"4.-9. klasu meite\u0146u unifroma\" width=\"839\" height=\"629\" srcset=\"https:\/\/vienibaspsk.lv\/wp-content\/uploads\/2023\/05\/4-9-meitenes-300x225.png 300w, https:\/\/vienibaspsk.lv\/wp-content\/uploads\/2023\/05\/4-9-meitenes-768x576.png 768w, https:\/\/vienibaspsk.lv\/wp-content\/uploads\/2023\/05\/4-9-meitenes.png 800w\" sizes=\"auto, (max-width: 839px) 100vw, 839px\" \/><\/span><\/p>\n<p>&nbsp;<\/p>\n<hr>\n<p><span style=\"color: #000000;\"><b>4.-9.kla\u0161u z\u0113niem<\/b>&nbsp;tum\u0161i zilas vai melnas bikses un\/vai d\u017einsi. Vienkr\u0101sains krekls, polo krekls ar gar\u0101m piedurkn\u0113m vai T krekls skolas kr\u0101s\u0101s (gai\u0161i zils bez uzrakstiem, z\u012bm\u0113jumiem vai \u0123eometriskiem rakstiem).<\/span><br \/>\n<span style=\"color: #000000;\"><b>Sv\u0113tku reiz\u0113s <\/b>izgl\u012btojamie skolas un\/vai pils\u0113tas pas\u0101kumos velk sv\u0113tku t\u0113rpu, t.i. baltu bl\u016bzi, kreklu, zilu vai melnu \u017eaketi, bikses\/d\u017einsus. R\u016btaini zilu ar sarkanu un baltu kaklasaiti.<\/span><\/p>\n<p><span style=\"color: #000000;\"><img loading=\"lazy\" decoding=\"async\" class=\"alignnone wp-image-6578 aligncenter\" src=\"https:\/\/vienibaspsk.lv\/wp-content\/uploads\/2023\/05\/4-9-zeni-300x225.png\" alt=\"4.-9. klasu z\u0113nu unifroma\" width=\"842\" height=\"632\" srcset=\"https:\/\/vienibaspsk.lv\/wp-content\/uploads\/2023\/05\/4-9-zeni-300x225.png 300w, https:\/\/vienibaspsk.lv\/wp-content\/uploads\/2023\/05\/4-9-zeni-768x576.png 768w, https:\/\/vienibaspsk.lv\/wp-content\/uploads\/2023\/05\/4-9-zeni.png 800w\" sizes=\"auto, (max-width: 842px) 100vw, 842px\" \/><\/span><\/p>\n","protected":false},"excerpt":{"rendered":"<p>&nbsp; Pamatskolas izgl\u012btojamajiem skol\u0101 oblig\u0101ti j\u0101n\u0113s\u0101 lieti\u0161\u0137ais ap\u0123\u0113rbs: &nbsp; Formu var pas\u016bt\u012bt SIA ELMOSA&nbsp;https:\/\/elmosa.lv\/lv\/31-daugavpils-vienibas-pamatskola&nbsp;(sadarb\u012bbas partneris),&nbsp; k\u0101 ar\u012b cit\u0101s firm\u0101s, ja ir atbilsto\u0161s audums un kr\u0101sas. &nbsp; 1.-3.kla\u0161u&nbsp;meiten\u0113m&nbsp;r\u016btaini zils ar sarkanu &#8230;<\/p>\n","protected":false},"author":2,"featured_media":0,"parent":211,"menu_order":0,"comment_status":"closed","ping_status":"closed","template":"","meta":{"_lmt_disableupdate":"no","_lmt_disable":"","ngg_post_thumbnail":0,"footnotes":""},"class_list":["post-209","page","type-page","status-publish","hentry"],"yoast_head":"<!-- This site is optimized with the Yoast SEO plugin v18.3 - https:\/\/yoast.com\/wordpress\/plugins\/seo\/ -->\n<title>Skolas forma - Daugavpils Vien\u012bbas pamatskola<\/title>\n<meta name=\"robots\" content=\"index, follow, max-snippet:-1, max-image-preview:large, max-video-preview:-1\" \/>\n<link rel=\"canonical\" href=\"https:\/\/vienibaspsk.lv\/index.php\/informacija-vecakiem\/skolas-forma\/\" \/>\n<meta property=\"og:locale\" content=\"lv_LV\" \/>\n<meta property=\"og:type\" content=\"article\" \/>\n<meta property=\"og:title\" content=\"Skolas forma - Daugavpils Vien\u012bbas pamatskola\" \/>\n<meta property=\"og:description\" content=\"&nbsp; Pamatskolas izgl\u012btojamajiem skol\u0101 oblig\u0101ti j\u0101n\u0113s\u0101 lieti\u0161\u0137ais ap\u0123\u0113rbs: &nbsp; Formu var pas\u016bt\u012bt SIA ELMOSA&nbsp;https:\/\/elmosa.lv\/lv\/31-daugavpils-vienibas-pamatskola&nbsp;(sadarb\u012bbas partneris),&nbsp; k\u0101 ar\u012b cit\u0101s firm\u0101s, ja ir atbilsto\u0161s audums un kr\u0101sas. &nbsp; 1.-3.kla\u0161u&nbsp;meiten\u0113m&nbsp;r\u016btaini zils ar sarkanu ...\" \/>\n<meta property=\"og:url\" content=\"https:\/\/vienibaspsk.lv\/index.php\/informacija-vecakiem\/skolas-forma\/\" \/>\n<meta property=\"og:site_name\" content=\"Daugavpils Vien\u012bbas pamatskola\" \/>\n<meta property=\"article:modified_time\" content=\"2023-05-30T05:36:44+00:00\" \/>\n<meta property=\"og:image\" content=\"https:\/\/vienibaspsk.lv\/wp-content\/uploads\/2023\/05\/1-3-meitenes-300x225.png\" \/>\n<meta name=\"twitter:card\" content=\"summary_large_image\" \/>\n<meta name=\"twitter:label1\" content=\"Est. reading time\" \/>\n\t<meta name=\"twitter:data1\" content=\"3 min\u016btes\" \/>\n<script type=\"application\/ld+json\" class=\"yoast-schema-graph\">{\"@context\":\"https:\/\/schema.org\",\"@graph\":[{\"@type\":\"WebSite\",\"@id\":\"https:\/\/vienibaspsk.lv\/#website\",\"url\":\"https:\/\/vienibaspsk.lv\/\",\"name\":\"Daugavpils Vien\u012bbas pamatskola\",\"description\":\"\",\"potentialAction\":[{\"@type\":\"SearchAction\",\"target\":{\"@type\":\"EntryPoint\",\"urlTemplate\":\"https:\/\/vienibaspsk.lv\/?s={search_term_string}\"},\"query-input\":\"required name=search_term_string\"}],\"inLanguage\":\"lv-LV\"},{\"@type\":\"ImageObject\",\"@id\":\"https:\/\/vienibaspsk.lv\/index.php\/informacija-vecakiem\/skolas-forma\/#primaryimage\",\"inLanguage\":\"lv-LV\",\"url\":\"https:\/\/vienibaspsk.lv\/wp-content\/uploads\/2023\/05\/1-3-meitenes.png\",\"contentUrl\":\"https:\/\/vienibaspsk.lv\/wp-content\/uploads\/2023\/05\/1-3-meitenes.png\",\"width\":800,\"height\":600,\"caption\":\"1.-3. klasu meite\u0146u unifroma\"},{\"@type\":\"WebPage\",\"@id\":\"https:\/\/vienibaspsk.lv\/index.php\/informacija-vecakiem\/skolas-forma\/#webpage\",\"url\":\"https:\/\/vienibaspsk.lv\/index.php\/informacija-vecakiem\/skolas-forma\/\",\"name\":\"Skolas forma - Daugavpils Vien\u012bbas pamatskola\",\"isPartOf\":{\"@id\":\"https:\/\/vienibaspsk.lv\/#website\"},\"primaryImageOfPage\":{\"@id\":\"https:\/\/vienibaspsk.lv\/index.php\/informacija-vecakiem\/skolas-forma\/#primaryimage\"},\"datePublished\":\"2020-05-26T07:53:24+00:00\",\"dateModified\":\"2023-05-30T05:36:44+00:00\",\"breadcrumb\":{\"@id\":\"https:\/\/vienibaspsk.lv\/index.php\/informacija-vecakiem\/skolas-forma\/#breadcrumb\"},\"inLanguage\":\"lv-LV\",\"potentialAction\":[{\"@type\":\"ReadAction\",\"target\":[\"https:\/\/vienibaspsk.lv\/index.php\/informacija-vecakiem\/skolas-forma\/\"]}]},{\"@type\":\"BreadcrumbList\",\"@id\":\"https:\/\/vienibaspsk.lv\/index.php\/informacija-vecakiem\/skolas-forma\/#breadcrumb\",\"itemListElement\":[{\"@type\":\"ListItem\",\"position\":1,\"name\":\"Galven\u0101\",\"item\":\"https:\/\/vienibaspsk.lv\/\"},{\"@type\":\"ListItem\",\"position\":2,\"name\":\"Vec\u0101kiem\",\"item\":\"https:\/\/vienibaspsk.lv\/index.php\/informacija-vecakiem\/\"},{\"@type\":\"ListItem\",\"position\":3,\"name\":\"Skolas forma\"}]}]}<\/script>\n<!-- \/ Yoast SEO plugin. -->","yoast_head_json":{"title":"Skolas forma - Daugavpils Vien\u012bbas pamatskola","robots":{"index":"index","follow":"follow","max-snippet":"max-snippet:-1","max-image-preview":"max-image-preview:large","max-video-preview":"max-video-preview:-1"},"canonical":"https:\/\/vienibaspsk.lv\/index.php\/informacija-vecakiem\/skolas-forma\/","og_locale":"lv_LV","og_type":"article","og_title":"Skolas forma - Daugavpils Vien\u012bbas pamatskola","og_description":"&nbsp; Pamatskolas izgl\u012btojamajiem skol\u0101 oblig\u0101ti j\u0101n\u0113s\u0101 lieti\u0161\u0137ais ap\u0123\u0113rbs: &nbsp; Formu var pas\u016bt\u012bt SIA ELMOSA&nbsp;https:\/\/elmosa.lv\/lv\/31-daugavpils-vienibas-pamatskola&nbsp;(sadarb\u012bbas partneris),&nbsp; k\u0101 ar\u012b cit\u0101s firm\u0101s, ja ir atbilsto\u0161s audums un kr\u0101sas. &nbsp; 1.-3.kla\u0161u&nbsp;meiten\u0113m&nbsp;r\u016btaini zils ar sarkanu ...","og_url":"https:\/\/vienibaspsk.lv\/index.php\/informacija-vecakiem\/skolas-forma\/","og_site_name":"Daugavpils Vien\u012bbas pamatskola","article_modified_time":"2023-05-30T05:36:44+00:00","og_image":[{"url":"https:\/\/vienibaspsk.lv\/wp-content\/uploads\/2023\/05\/1-3-meitenes-300x225.png"}],"twitter_card":"summary_large_image","twitter_misc":{"Est. reading time":"3 min\u016btes"},"schema":{"@context":"https:\/\/schema.org","@graph":[{"@type":"WebSite","@id":"https:\/\/vienibaspsk.lv\/#website","url":"https:\/\/vienibaspsk.lv\/","name":"Daugavpils Vien\u012bbas pamatskola","description":"","potentialAction":[{"@type":"SearchAction","target":{"@type":"EntryPoint","urlTemplate":"https:\/\/vienibaspsk.lv\/?s={search_term_string}"},"query-input":"required name=search_term_string"}],"inLanguage":"lv-LV"},{"@type":"ImageObject","@id":"https:\/\/vienibaspsk.lv\/index.php\/informacija-vecakiem\/skolas-forma\/#primaryimage","inLanguage":"lv-LV","url":"https:\/\/vienibaspsk.lv\/wp-content\/uploads\/2023\/05\/1-3-meitenes.png","contentUrl":"https:\/\/vienibaspsk.lv\/wp-content\/uploads\/2023\/05\/1-3-meitenes.png","width":800,"height":600,"caption":"1.-3. klasu meite\u0146u unifroma"},{"@type":"WebPage","@id":"https:\/\/vienibaspsk.lv\/index.php\/informacija-vecakiem\/skolas-forma\/#webpage","url":"https:\/\/vienibaspsk.lv\/index.php\/informacija-vecakiem\/skolas-forma\/","name":"Skolas forma - Daugavpils Vien\u012bbas pamatskola","isPartOf":{"@id":"https:\/\/vienibaspsk.lv\/#website"},"primaryImageOfPage":{"@id":"https:\/\/vienibaspsk.lv\/index.php\/informacija-vecakiem\/skolas-forma\/#primaryimage"},"datePublished":"2020-05-26T07:53:24+00:00","dateModified":"2023-05-30T05:36:44+00:00","breadcrumb":{"@id":"https:\/\/vienibaspsk.lv\/index.php\/informacija-vecakiem\/skolas-forma\/#breadcrumb"},"inLanguage":"lv-LV","potentialAction":[{"@type":"ReadAction","target":["https:\/\/vienibaspsk.lv\/index.php\/informacija-vecakiem\/skolas-forma\/"]}]},{"@type":"BreadcrumbList","@id":"https:\/\/vienibaspsk.lv\/index.php\/informacija-vecakiem\/skolas-forma\/#breadcrumb","itemListElement":[{"@type":"ListItem","position":1,"name":"Galven\u0101","item":"https:\/\/vienibaspsk.lv\/"},{"@type":"ListItem","position":2,"name":"Vec\u0101kiem","item":"https:\/\/vienibaspsk.lv\/index.php\/informacija-vecakiem\/"},{"@type":"ListItem","position":3,"name":"Skolas forma"}]}]}},"_links":{"self":[{"href":"https:\/\/vienibaspsk.lv\/index.php\/wp-json\/wp\/v2\/pages\/209","targetHints":{"allow":["GET"]}}],"collection":[{"href":"https:\/\/vienibaspsk.lv\/index.php\/wp-json\/wp\/v2\/pages"}],"about":[{"href":"https:\/\/vienibaspsk.lv\/index.php\/wp-json\/wp\/v2\/types\/page"}],"author":[{"embeddable":true,"href":"https:\/\/vienibaspsk.lv\/index.php\/wp-json\/wp\/v2\/users\/2"}],"replies":[{"embeddable":true,"href":"https:\/\/vienibaspsk.lv\/index.php\/wp-json\/wp\/v2\/comments?post=209"}],"version-history":[{"count":8,"href":"https:\/\/vienibaspsk.lv\/index.php\/wp-json\/wp\/v2\/pages\/209\/revisions"}],"predecessor-version":[{"id":6615,"href":"https:\/\/vienibaspsk.lv\/index.php\/wp-json\/wp\/v2\/pages\/209\/revisions\/6615"}],"up":[{"embeddable":true,"href":"https:\/\/vienibaspsk.lv\/index.php\/wp-json\/wp\/v2\/pages\/211"}],"wp:attachment":[{"href":"https:\/\/vienibaspsk.lv\/index.php\/wp-json\/wp\/v2\/media?parent=209"}],"curies":[{"name":"wp","href":"https:\/\/api.w.org\/{rel}","templated":true}]}}