{"id":178,"date":"2020-05-21T08:56:37","date_gmt":"2020-05-21T08:56:37","guid":{"rendered":"http:\/\/vienibaspsk.lv\/wordpress\/?page_id=178"},"modified":"2025-12-02T09:32:31","modified_gmt":"2025-12-02T07:32:31","slug":"makslu-jomas-skolotajas","status":"publish","type":"page","link":"https:\/\/vienibaspsk.lv\/index.php\/par-skolu\/personals\/pedagogi\/makslu-jomas-skolotajas\/","title":{"rendered":"Kla\u0161u audzin\u0101t\u0101ju un v\u0113rt\u012bbizgl\u012bt\u012bbas joma"},"content":{"rendered":"\r\n<p>Koordinatore: \u0112. Locika<\/p>\r\n\r\n\r\n\r\n<p>1.-9.kl kla\u0161u audzin\u0101t\u0101ji<\/p>\r\n\r\n\r\n\r\n<p>Dace Orzerska &#8211; karjeras konsultants<\/p>\r\n\r\n\r\n\r\n<p>Je\u013cena Clema &#8211; bibliotek\u0101re<\/p>\r\n\r\n\r\n\r\n<p>Intere\u0161u izgl\u012bt\u012bbas skolot\u0101ji:<\/p>\r\n\r\n\r\n\r\n<p>L\u016bcija Vaivode, Anita Vilc\u0101ne, Rita Ostapka, L\u012bga Midere &#8211; David\u010duka, Inga Sokolova<\/p>\r\n\r\n\r\n\r\n<p>Skolot\u0101ji sniedz noz\u012bm\u012bgu ieguld\u012bjumu skolas pa\u0161darb\u012bbas kolekt\u012bvu rado\u0161\u0101 darba att\u012bst\u012b\u0161an\u0101, m\u016bsu tautas kult\u016bras mantojuma saglab\u0101\u0161an\u0101, piedal\u0101s skolas vizu\u0101l\u0101 t\u0113la veido\u0161an\u0101 un skolas t\u0113la populariz\u0113\u0161an\u0101 pils\u0113t\u0101 novad\u0101 un valst\u012b.<\/p>\r\n","protected":false},"excerpt":{"rendered":"<p>Koordinatore: \u0112. Locika 1.-9.kl kla\u0161u audzin\u0101t\u0101ji Dace Orzerska &#8211; karjeras konsultants Je\u013cena Clema &#8211; bibliotek\u0101re Intere\u0161u izgl\u012bt\u012bbas skolot\u0101ji: L\u016bcija Vaivode, Anita Vilc\u0101ne, Rita Ostapka, L\u012bga Midere &#8211; David\u010duka, Inga Sokolova &#8230;<\/p>\n","protected":false},"author":2,"featured_media":0,"parent":141,"menu_order":0,"comment_status":"closed","ping_status":"closed","template":"","meta":{"_lmt_disableupdate":"no","_lmt_disable":"","ngg_post_thumbnail":0,"footnotes":""},"class_list":["post-178","page","type-page","status-publish","hentry"],"yoast_head":"<!-- This site is optimized with the Yoast SEO plugin v18.3 - https:\/\/yoast.com\/wordpress\/plugins\/seo\/ -->\n<title>Kla\u0161u audzin\u0101t\u0101ju un v\u0113rt\u012bbizgl\u012bt\u012bbas joma - Daugavpils Vien\u012bbas pamatskola<\/title>\n<meta name=\"robots\" content=\"index, follow, max-snippet:-1, max-image-preview:large, max-video-preview:-1\" \/>\n<link rel=\"canonical\" href=\"https:\/\/vienibaspsk.lv\/index.php\/par-skolu\/personals\/pedagogi\/makslu-jomas-skolotajas\/\" \/>\n<meta property=\"og:locale\" content=\"lv_LV\" \/>\n<meta property=\"og:type\" content=\"article\" \/>\n<meta property=\"og:title\" content=\"Kla\u0161u audzin\u0101t\u0101ju un v\u0113rt\u012bbizgl\u012bt\u012bbas joma - Daugavpils Vien\u012bbas pamatskola\" \/>\n<meta property=\"og:description\" content=\"Koordinatore: \u0112. Locika 1.-9.kl kla\u0161u audzin\u0101t\u0101ji Dace Orzerska &#8211; karjeras konsultants Je\u013cena Clema &#8211; bibliotek\u0101re Intere\u0161u izgl\u012bt\u012bbas skolot\u0101ji: L\u016bcija Vaivode, Anita Vilc\u0101ne, Rita Ostapka, L\u012bga Midere &#8211; David\u010duka, Inga Sokolova ...\" \/>\n<meta property=\"og:url\" content=\"https:\/\/vienibaspsk.lv\/index.php\/par-skolu\/personals\/pedagogi\/makslu-jomas-skolotajas\/\" \/>\n<meta property=\"og:site_name\" content=\"Daugavpils Vien\u012bbas pamatskola\" \/>\n<meta property=\"article:modified_time\" content=\"2025-12-02T07:32:31+00:00\" \/>\n<meta name=\"twitter:card\" content=\"summary_large_image\" \/>\n<script type=\"application\/ld+json\" class=\"yoast-schema-graph\">{\"@context\":\"https:\/\/schema.org\",\"@graph\":[{\"@type\":\"WebSite\",\"@id\":\"https:\/\/vienibaspsk.lv\/#website\",\"url\":\"https:\/\/vienibaspsk.lv\/\",\"name\":\"Daugavpils Vien\u012bbas pamatskola\",\"description\":\"\",\"potentialAction\":[{\"@type\":\"SearchAction\",\"target\":{\"@type\":\"EntryPoint\",\"urlTemplate\":\"https:\/\/vienibaspsk.lv\/?s={search_term_string}\"},\"query-input\":\"required name=search_term_string\"}],\"inLanguage\":\"lv-LV\"},{\"@type\":\"WebPage\",\"@id\":\"https:\/\/vienibaspsk.lv\/index.php\/par-skolu\/personals\/pedagogi\/makslu-jomas-skolotajas\/#webpage\",\"url\":\"https:\/\/vienibaspsk.lv\/index.php\/par-skolu\/personals\/pedagogi\/makslu-jomas-skolotajas\/\",\"name\":\"Kla\u0161u audzin\u0101t\u0101ju un v\u0113rt\u012bbizgl\u012bt\u012bbas joma - Daugavpils Vien\u012bbas pamatskola\",\"isPartOf\":{\"@id\":\"https:\/\/vienibaspsk.lv\/#website\"},\"datePublished\":\"2020-05-21T08:56:37+00:00\",\"dateModified\":\"2025-12-02T07:32:31+00:00\",\"breadcrumb\":{\"@id\":\"https:\/\/vienibaspsk.lv\/index.php\/par-skolu\/personals\/pedagogi\/makslu-jomas-skolotajas\/#breadcrumb\"},\"inLanguage\":\"lv-LV\",\"potentialAction\":[{\"@type\":\"ReadAction\",\"target\":[\"https:\/\/vienibaspsk.lv\/index.php\/par-skolu\/personals\/pedagogi\/makslu-jomas-skolotajas\/\"]}]},{\"@type\":\"BreadcrumbList\",\"@id\":\"https:\/\/vienibaspsk.lv\/index.php\/par-skolu\/personals\/pedagogi\/makslu-jomas-skolotajas\/#breadcrumb\",\"itemListElement\":[{\"@type\":\"ListItem\",\"position\":1,\"name\":\"Galven\u0101\",\"item\":\"https:\/\/vienibaspsk.lv\/\"},{\"@type\":\"ListItem\",\"position\":2,\"name\":\"Par skolu\",\"item\":\"https:\/\/vienibaspsk.lv\/index.php\/par-skolu\/\"},{\"@type\":\"ListItem\",\"position\":3,\"name\":\"Person\u0101ls\",\"item\":\"https:\/\/vienibaspsk.lv\/index.php\/par-skolu\/personals\/\"},{\"@type\":\"ListItem\",\"position\":4,\"name\":\"Pedagogi\",\"item\":\"https:\/\/vienibaspsk.lv\/index.php\/par-skolu\/personals\/pedagogi\/\"},{\"@type\":\"ListItem\",\"position\":5,\"name\":\"Kla\u0161u audzin\u0101t\u0101ju un v\u0113rt\u012bbizgl\u012bt\u012bbas joma\"}]}]}<\/script>\n<!-- \/ Yoast SEO plugin. -->","yoast_head_json":{"title":"Kla\u0161u audzin\u0101t\u0101ju un v\u0113rt\u012bbizgl\u012bt\u012bbas joma - Daugavpils Vien\u012bbas pamatskola","robots":{"index":"index","follow":"follow","max-snippet":"max-snippet:-1","max-image-preview":"max-image-preview:large","max-video-preview":"max-video-preview:-1"},"canonical":"https:\/\/vienibaspsk.lv\/index.php\/par-skolu\/personals\/pedagogi\/makslu-jomas-skolotajas\/","og_locale":"lv_LV","og_type":"article","og_title":"Kla\u0161u audzin\u0101t\u0101ju un v\u0113rt\u012bbizgl\u012bt\u012bbas joma - Daugavpils Vien\u012bbas pamatskola","og_description":"Koordinatore: \u0112. Locika 1.-9.kl kla\u0161u audzin\u0101t\u0101ji Dace Orzerska &#8211; karjeras konsultants Je\u013cena Clema &#8211; bibliotek\u0101re Intere\u0161u izgl\u012bt\u012bbas skolot\u0101ji: L\u016bcija Vaivode, Anita Vilc\u0101ne, Rita Ostapka, L\u012bga Midere &#8211; David\u010duka, Inga Sokolova ...","og_url":"https:\/\/vienibaspsk.lv\/index.php\/par-skolu\/personals\/pedagogi\/makslu-jomas-skolotajas\/","og_site_name":"Daugavpils Vien\u012bbas pamatskola","article_modified_time":"2025-12-02T07:32:31+00:00","twitter_card":"summary_large_image","schema":{"@context":"https:\/\/schema.org","@graph":[{"@type":"WebSite","@id":"https:\/\/vienibaspsk.lv\/#website","url":"https:\/\/vienibaspsk.lv\/","name":"Daugavpils Vien\u012bbas pamatskola","description":"","potentialAction":[{"@type":"SearchAction","target":{"@type":"EntryPoint","urlTemplate":"https:\/\/vienibaspsk.lv\/?s={search_term_string}"},"query-input":"required name=search_term_string"}],"inLanguage":"lv-LV"},{"@type":"WebPage","@id":"https:\/\/vienibaspsk.lv\/index.php\/par-skolu\/personals\/pedagogi\/makslu-jomas-skolotajas\/#webpage","url":"https:\/\/vienibaspsk.lv\/index.php\/par-skolu\/personals\/pedagogi\/makslu-jomas-skolotajas\/","name":"Kla\u0161u audzin\u0101t\u0101ju un v\u0113rt\u012bbizgl\u012bt\u012bbas joma - Daugavpils Vien\u012bbas pamatskola","isPartOf":{"@id":"https:\/\/vienibaspsk.lv\/#website"},"datePublished":"2020-05-21T08:56:37+00:00","dateModified":"2025-12-02T07:32:31+00:00","breadcrumb":{"@id":"https:\/\/vienibaspsk.lv\/index.php\/par-skolu\/personals\/pedagogi\/makslu-jomas-skolotajas\/#breadcrumb"},"inLanguage":"lv-LV","potentialAction":[{"@type":"ReadAction","target":["https:\/\/vienibaspsk.lv\/index.php\/par-skolu\/personals\/pedagogi\/makslu-jomas-skolotajas\/"]}]},{"@type":"BreadcrumbList","@id":"https:\/\/vienibaspsk.lv\/index.php\/par-skolu\/personals\/pedagogi\/makslu-jomas-skolotajas\/#breadcrumb","itemListElement":[{"@type":"ListItem","position":1,"name":"Galven\u0101","item":"https:\/\/vienibaspsk.lv\/"},{"@type":"ListItem","position":2,"name":"Par skolu","item":"https:\/\/vienibaspsk.lv\/index.php\/par-skolu\/"},{"@type":"ListItem","position":3,"name":"Person\u0101ls","item":"https:\/\/vienibaspsk.lv\/index.php\/par-skolu\/personals\/"},{"@type":"ListItem","position":4,"name":"Pedagogi","item":"https:\/\/vienibaspsk.lv\/index.php\/par-skolu\/personals\/pedagogi\/"},{"@type":"ListItem","position":5,"name":"Kla\u0161u audzin\u0101t\u0101ju un v\u0113rt\u012bbizgl\u012bt\u012bbas joma"}]}]}},"_links":{"self":[{"href":"https:\/\/vienibaspsk.lv\/index.php\/wp-json\/wp\/v2\/pages\/178","targetHints":{"allow":["GET"]}}],"collection":[{"href":"https:\/\/vienibaspsk.lv\/index.php\/wp-json\/wp\/v2\/pages"}],"about":[{"href":"https:\/\/vienibaspsk.lv\/index.php\/wp-json\/wp\/v2\/types\/page"}],"author":[{"embeddable":true,"href":"https:\/\/vienibaspsk.lv\/index.php\/wp-json\/wp\/v2\/users\/2"}],"replies":[{"embeddable":true,"href":"https:\/\/vienibaspsk.lv\/index.php\/wp-json\/wp\/v2\/comments?post=178"}],"version-history":[{"count":7,"href":"https:\/\/vienibaspsk.lv\/index.php\/wp-json\/wp\/v2\/pages\/178\/revisions"}],"predecessor-version":[{"id":11423,"href":"https:\/\/vienibaspsk.lv\/index.php\/wp-json\/wp\/v2\/pages\/178\/revisions\/11423"}],"up":[{"embeddable":true,"href":"https:\/\/vienibaspsk.lv\/index.php\/wp-json\/wp\/v2\/pages\/141"}],"wp:attachment":[{"href":"https:\/\/vienibaspsk.lv\/index.php\/wp-json\/wp\/v2\/media?parent=178"}],"curies":[{"name":"wp","href":"https:\/\/api.w.org\/{rel}","templated":true}]}}