{"id":175,"date":"2020-05-21T08:56:37","date_gmt":"2020-05-21T08:56:37","guid":{"rendered":"http:\/\/vienibaspsk.lv\/wordpress\/?page_id=175"},"modified":"2025-08-11T16:10:07","modified_gmt":"2025-08-11T13:10:07","slug":"matematikas-dabaszinatnu-un-informatikas-skolotajas","status":"publish","type":"page","link":"https:\/\/vienibaspsk.lv\/index.php\/par-skolu\/personals\/pedagogi\/matematikas-dabaszinatnu-un-informatikas-skolotajas\/","title":{"rendered":"Matem\u0101tikas un tehnolo\u0123iju joma"},"content":{"rendered":"\r\n<p>Skolot\u0101ji str\u0101d\u0101 m\u016bsdien\u012bgi, izmanto darb\u0101 IKT novit\u0101tes,&nbsp; stund\u0101s skol\u0113ni var izpausties, att\u012bst\u012bt savu rado\u0161o dom\u0101\u0161anu.<\/p>\r\n<p>&nbsp;<\/p>\r\n<p>Eksakt\u0101 m\u0101c\u012bbu joma<\/p>\r\n<ol>\r\n<li>Lilija Bu\u017einska &#8211; matem\u0101tikas skolot\u0101ja<\/li>\r\n<li>Al\u012bna Ivanova \u2013 inform\u0101tikas skolot\u0101ja<\/li>\r\n<li>\u0112rika Locika \u2013 fizikas skolot\u0101ja<\/li>\r\n<li>Olga Novicka- matem\u0101tikas skolot\u0101ja<\/li>\r\n<li>Oksana Ostrovska -\u0123eogr\u0101fijas un dabaszin\u012bbu skolot\u0101ja<\/li>\r\n<li>Lilita Razminovi\u010da \u2013 biolo\u0123ijas un \u0137\u012bmijas skolot\u0101ja<\/li>\r\n<li>Arturs Stabulnieks \u2013 datorikas skolot\u0101js<\/li>\r\n<li>Li\u0101na Zv\u0113rbule \u2013 matem\u0101tikas skolot\u0101ja<\/li>\r\n<\/ol>\r\n","protected":false},"excerpt":{"rendered":"<p>Skolot\u0101ji str\u0101d\u0101 m\u016bsdien\u012bgi, izmanto darb\u0101 IKT novit\u0101tes,&nbsp; stund\u0101s skol\u0113ni var izpausties, att\u012bst\u012bt savu rado\u0161o dom\u0101\u0161anu. &nbsp; Eksakt\u0101 m\u0101c\u012bbu joma Lilija Bu\u017einska &#8211; matem\u0101tikas skolot\u0101ja Al\u012bna Ivanova \u2013 inform\u0101tikas skolot\u0101ja \u0112rika &#8230;<\/p>\n","protected":false},"author":2,"featured_media":0,"parent":141,"menu_order":0,"comment_status":"closed","ping_status":"closed","template":"","meta":{"_lmt_disableupdate":"no","_lmt_disable":"","ngg_post_thumbnail":0,"footnotes":""},"class_list":["post-175","page","type-page","status-publish","hentry"],"yoast_head":"<!-- This site is optimized with the Yoast SEO plugin v18.3 - https:\/\/yoast.com\/wordpress\/plugins\/seo\/ -->\n<title>Matem\u0101tikas un tehnolo\u0123iju joma - Daugavpils Vien\u012bbas pamatskola<\/title>\n<meta name=\"robots\" content=\"index, follow, max-snippet:-1, max-image-preview:large, max-video-preview:-1\" \/>\n<link rel=\"canonical\" href=\"https:\/\/vienibaspsk.lv\/index.php\/par-skolu\/personals\/pedagogi\/matematikas-dabaszinatnu-un-informatikas-skolotajas\/\" \/>\n<meta property=\"og:locale\" content=\"lv_LV\" \/>\n<meta property=\"og:type\" content=\"article\" \/>\n<meta property=\"og:title\" content=\"Matem\u0101tikas un tehnolo\u0123iju joma - Daugavpils Vien\u012bbas pamatskola\" \/>\n<meta property=\"og:description\" content=\"Skolot\u0101ji str\u0101d\u0101 m\u016bsdien\u012bgi, izmanto darb\u0101 IKT novit\u0101tes,&nbsp; stund\u0101s skol\u0113ni var izpausties, att\u012bst\u012bt savu rado\u0161o dom\u0101\u0161anu. &nbsp; Eksakt\u0101 m\u0101c\u012bbu joma Lilija Bu\u017einska &#8211; matem\u0101tikas skolot\u0101ja Al\u012bna Ivanova \u2013 inform\u0101tikas skolot\u0101ja \u0112rika ...\" \/>\n<meta property=\"og:url\" content=\"https:\/\/vienibaspsk.lv\/index.php\/par-skolu\/personals\/pedagogi\/matematikas-dabaszinatnu-un-informatikas-skolotajas\/\" \/>\n<meta property=\"og:site_name\" content=\"Daugavpils Vien\u012bbas pamatskola\" \/>\n<meta property=\"article:modified_time\" content=\"2025-08-11T13:10:07+00:00\" \/>\n<meta name=\"twitter:card\" content=\"summary_large_image\" \/>\n<meta name=\"twitter:label1\" content=\"Est. reading time\" \/>\n\t<meta name=\"twitter:data1\" content=\"1 min\u016bte\" \/>\n<script type=\"application\/ld+json\" class=\"yoast-schema-graph\">{\"@context\":\"https:\/\/schema.org\",\"@graph\":[{\"@type\":\"WebSite\",\"@id\":\"https:\/\/vienibaspsk.lv\/#website\",\"url\":\"https:\/\/vienibaspsk.lv\/\",\"name\":\"Daugavpils Vien\u012bbas pamatskola\",\"description\":\"\",\"potentialAction\":[{\"@type\":\"SearchAction\",\"target\":{\"@type\":\"EntryPoint\",\"urlTemplate\":\"https:\/\/vienibaspsk.lv\/?s={search_term_string}\"},\"query-input\":\"required name=search_term_string\"}],\"inLanguage\":\"lv-LV\"},{\"@type\":\"WebPage\",\"@id\":\"https:\/\/vienibaspsk.lv\/index.php\/par-skolu\/personals\/pedagogi\/matematikas-dabaszinatnu-un-informatikas-skolotajas\/#webpage\",\"url\":\"https:\/\/vienibaspsk.lv\/index.php\/par-skolu\/personals\/pedagogi\/matematikas-dabaszinatnu-un-informatikas-skolotajas\/\",\"name\":\"Matem\u0101tikas un tehnolo\u0123iju joma - Daugavpils Vien\u012bbas pamatskola\",\"isPartOf\":{\"@id\":\"https:\/\/vienibaspsk.lv\/#website\"},\"datePublished\":\"2020-05-21T08:56:37+00:00\",\"dateModified\":\"2025-08-11T13:10:07+00:00\",\"breadcrumb\":{\"@id\":\"https:\/\/vienibaspsk.lv\/index.php\/par-skolu\/personals\/pedagogi\/matematikas-dabaszinatnu-un-informatikas-skolotajas\/#breadcrumb\"},\"inLanguage\":\"lv-LV\",\"potentialAction\":[{\"@type\":\"ReadAction\",\"target\":[\"https:\/\/vienibaspsk.lv\/index.php\/par-skolu\/personals\/pedagogi\/matematikas-dabaszinatnu-un-informatikas-skolotajas\/\"]}]},{\"@type\":\"BreadcrumbList\",\"@id\":\"https:\/\/vienibaspsk.lv\/index.php\/par-skolu\/personals\/pedagogi\/matematikas-dabaszinatnu-un-informatikas-skolotajas\/#breadcrumb\",\"itemListElement\":[{\"@type\":\"ListItem\",\"position\":1,\"name\":\"Galven\u0101\",\"item\":\"https:\/\/vienibaspsk.lv\/\"},{\"@type\":\"ListItem\",\"position\":2,\"name\":\"Par skolu\",\"item\":\"https:\/\/vienibaspsk.lv\/index.php\/par-skolu\/\"},{\"@type\":\"ListItem\",\"position\":3,\"name\":\"Person\u0101ls\",\"item\":\"https:\/\/vienibaspsk.lv\/index.php\/par-skolu\/personals\/\"},{\"@type\":\"ListItem\",\"position\":4,\"name\":\"Pedagogi\",\"item\":\"https:\/\/vienibaspsk.lv\/index.php\/par-skolu\/personals\/pedagogi\/\"},{\"@type\":\"ListItem\",\"position\":5,\"name\":\"Matem\u0101tikas un tehnolo\u0123iju joma\"}]}]}<\/script>\n<!-- \/ Yoast SEO plugin. -->","yoast_head_json":{"title":"Matem\u0101tikas un tehnolo\u0123iju joma - Daugavpils Vien\u012bbas pamatskola","robots":{"index":"index","follow":"follow","max-snippet":"max-snippet:-1","max-image-preview":"max-image-preview:large","max-video-preview":"max-video-preview:-1"},"canonical":"https:\/\/vienibaspsk.lv\/index.php\/par-skolu\/personals\/pedagogi\/matematikas-dabaszinatnu-un-informatikas-skolotajas\/","og_locale":"lv_LV","og_type":"article","og_title":"Matem\u0101tikas un tehnolo\u0123iju joma - Daugavpils Vien\u012bbas pamatskola","og_description":"Skolot\u0101ji str\u0101d\u0101 m\u016bsdien\u012bgi, izmanto darb\u0101 IKT novit\u0101tes,&nbsp; stund\u0101s skol\u0113ni var izpausties, att\u012bst\u012bt savu rado\u0161o dom\u0101\u0161anu. &nbsp; Eksakt\u0101 m\u0101c\u012bbu joma Lilija Bu\u017einska &#8211; matem\u0101tikas skolot\u0101ja Al\u012bna Ivanova \u2013 inform\u0101tikas skolot\u0101ja \u0112rika ...","og_url":"https:\/\/vienibaspsk.lv\/index.php\/par-skolu\/personals\/pedagogi\/matematikas-dabaszinatnu-un-informatikas-skolotajas\/","og_site_name":"Daugavpils Vien\u012bbas pamatskola","article_modified_time":"2025-08-11T13:10:07+00:00","twitter_card":"summary_large_image","twitter_misc":{"Est. reading time":"1 min\u016bte"},"schema":{"@context":"https:\/\/schema.org","@graph":[{"@type":"WebSite","@id":"https:\/\/vienibaspsk.lv\/#website","url":"https:\/\/vienibaspsk.lv\/","name":"Daugavpils Vien\u012bbas pamatskola","description":"","potentialAction":[{"@type":"SearchAction","target":{"@type":"EntryPoint","urlTemplate":"https:\/\/vienibaspsk.lv\/?s={search_term_string}"},"query-input":"required name=search_term_string"}],"inLanguage":"lv-LV"},{"@type":"WebPage","@id":"https:\/\/vienibaspsk.lv\/index.php\/par-skolu\/personals\/pedagogi\/matematikas-dabaszinatnu-un-informatikas-skolotajas\/#webpage","url":"https:\/\/vienibaspsk.lv\/index.php\/par-skolu\/personals\/pedagogi\/matematikas-dabaszinatnu-un-informatikas-skolotajas\/","name":"Matem\u0101tikas un tehnolo\u0123iju joma - Daugavpils Vien\u012bbas pamatskola","isPartOf":{"@id":"https:\/\/vienibaspsk.lv\/#website"},"datePublished":"2020-05-21T08:56:37+00:00","dateModified":"2025-08-11T13:10:07+00:00","breadcrumb":{"@id":"https:\/\/vienibaspsk.lv\/index.php\/par-skolu\/personals\/pedagogi\/matematikas-dabaszinatnu-un-informatikas-skolotajas\/#breadcrumb"},"inLanguage":"lv-LV","potentialAction":[{"@type":"ReadAction","target":["https:\/\/vienibaspsk.lv\/index.php\/par-skolu\/personals\/pedagogi\/matematikas-dabaszinatnu-un-informatikas-skolotajas\/"]}]},{"@type":"BreadcrumbList","@id":"https:\/\/vienibaspsk.lv\/index.php\/par-skolu\/personals\/pedagogi\/matematikas-dabaszinatnu-un-informatikas-skolotajas\/#breadcrumb","itemListElement":[{"@type":"ListItem","position":1,"name":"Galven\u0101","item":"https:\/\/vienibaspsk.lv\/"},{"@type":"ListItem","position":2,"name":"Par skolu","item":"https:\/\/vienibaspsk.lv\/index.php\/par-skolu\/"},{"@type":"ListItem","position":3,"name":"Person\u0101ls","item":"https:\/\/vienibaspsk.lv\/index.php\/par-skolu\/personals\/"},{"@type":"ListItem","position":4,"name":"Pedagogi","item":"https:\/\/vienibaspsk.lv\/index.php\/par-skolu\/personals\/pedagogi\/"},{"@type":"ListItem","position":5,"name":"Matem\u0101tikas un tehnolo\u0123iju joma"}]}]}},"_links":{"self":[{"href":"https:\/\/vienibaspsk.lv\/index.php\/wp-json\/wp\/v2\/pages\/175","targetHints":{"allow":["GET"]}}],"collection":[{"href":"https:\/\/vienibaspsk.lv\/index.php\/wp-json\/wp\/v2\/pages"}],"about":[{"href":"https:\/\/vienibaspsk.lv\/index.php\/wp-json\/wp\/v2\/types\/page"}],"author":[{"embeddable":true,"href":"https:\/\/vienibaspsk.lv\/index.php\/wp-json\/wp\/v2\/users\/2"}],"replies":[{"embeddable":true,"href":"https:\/\/vienibaspsk.lv\/index.php\/wp-json\/wp\/v2\/comments?post=175"}],"version-history":[{"count":8,"href":"https:\/\/vienibaspsk.lv\/index.php\/wp-json\/wp\/v2\/pages\/175\/revisions"}],"predecessor-version":[{"id":10510,"href":"https:\/\/vienibaspsk.lv\/index.php\/wp-json\/wp\/v2\/pages\/175\/revisions\/10510"}],"up":[{"embeddable":true,"href":"https:\/\/vienibaspsk.lv\/index.php\/wp-json\/wp\/v2\/pages\/141"}],"wp:attachment":[{"href":"https:\/\/vienibaspsk.lv\/index.php\/wp-json\/wp\/v2\/media?parent=175"}],"curies":[{"name":"wp","href":"https:\/\/api.w.org\/{rel}","templated":true}]}}