{"id":173,"date":"2020-05-21T08:56:37","date_gmt":"2020-05-21T08:56:37","guid":{"rendered":"http:\/\/vienibaspsk.lv\/wordpress\/?page_id=173"},"modified":"2025-12-03T12:29:59","modified_gmt":"2025-12-03T10:29:59","slug":"latviesu-valodas-un-literaturas-skolotajas","status":"publish","type":"page","link":"https:\/\/vienibaspsk.lv\/index.php\/par-skolu\/personals\/pedagogi\/latviesu-valodas-un-literaturas-skolotajas\/","title":{"rendered":"Valodu joma"},"content":{"rendered":"\r\n<p>Skolot\u0101jas audzina skol\u0113nos cie\u0146u pret latvie\u0161u valodu un kult\u016bru, pal\u012bdz saviem audz\u0113k\u0146iem izkopt un att\u012bst\u012bt latvie\u0161u valodas prasmes, izjust valodas skaistumu un bag\u0101t\u012bbu literat\u016bras stund\u0101s, atrais\u012bt iesp\u0113ju rado\u0161i prezent\u0113t savu uzst\u0101\u0161anos te\u0101tra m\u0101kslas stund\u0101s.<\/p>\r\n<p>Ar\u012b sve\u0161valodu skolot\u0101jas str\u0101d\u0101 rado\u0161i, akt\u012bvi un vienoti. Skol\u0113niem ir iesp\u0113ja piedal\u012bties da\u017e\u0101dos \u0101rpusstundu pas\u0101kumos sve\u0161valod\u0101, iepaz\u012bt citu tautu dz\u012bvi un kult\u016bru.<\/p>\r\n<p>Humanit\u0101r\u0101 m\u0101c\u012bbu joma<\/p>\r\n<ol>\r\n<li>Madara Bok\u0101ne \u2013 latvie\u0161u valodas, literat\u016bras un te\u0101tra m\u0101kslas skolot\u0101ja<\/li>\r\n<li>Je\u013cena Celma &#8211; latvie\u0161u valodas, literat\u016bras un te\u0101tra m\u0101kslas skolot\u0101ja, bibliotek\u0101re<\/li>\r\n<li>Anna Gasina \u2013 ang\u013cu un krievu valodas skolot\u0101ja<\/li>\r\n<li>Inese Geiba &#8211; latvie\u0161u valodas, literat\u016bras un te\u0101tra m\u0101kslas skolot\u0101ja<\/li>\r\n<li>Di\u0101na Mel\u0101ne-Gri\u0146oka \u2013 ang\u013cu un v\u0101cu valodas skolot\u0101ja<\/li>\r\n<li>\u017danna Olehnovi\u010da \u2013 ang\u013cu valodas skolot\u0101ja<\/li>\r\n<li>Olga Osipova \u2013 v\u0101cu valodas skolot\u0101ja<\/li>\r\n<li>Dace Ozerska \u2013 pedagogs &#8211; karjeras konsultante<\/li>\r\n<li>Biruta Ivanova \u2013 Latvijas un pasaules v\u0113stures skolot\u0101ja<\/li>\r\n<li>Silvija Vaidere &#8211; latvie\u0161u valodas, literat\u016bras un te\u0101tra m\u0101kslas skolot\u0101ja<\/li>\r\n<li>Svetlana Volosova \u2013 ang\u013cu valodas skolot\u0101ja<\/li>\r\n<li>An\u017eela Rakicka &#8211; latvie\u0161u valodas, literat\u016bras un te\u0101tra m\u0101kslas skolot\u0101ja<\/li>\r\n<li>Inga Sokolova \u2013 soci\u0101lo zin\u012bbu skolot\u0101ja<\/li>\r\n<li>Kremenchutskyi Valerii \u2013 sp\u0101\u0146u valodas skolot\u0101ja<\/li>\r\n<li>Ne\u013ca Ivanova &#8211; kreivu valodas skolot\u0101ja<\/li>\r\n<\/ol>\r\n\r\n\r\n\r\n<p>&nbsp;<\/p>\r\n","protected":false},"excerpt":{"rendered":"<p>Skolot\u0101jas audzina skol\u0113nos cie\u0146u pret latvie\u0161u valodu un kult\u016bru, pal\u012bdz saviem audz\u0113k\u0146iem izkopt un att\u012bst\u012bt latvie\u0161u valodas prasmes, izjust valodas skaistumu un bag\u0101t\u012bbu literat\u016bras stund\u0101s, atrais\u012bt iesp\u0113ju rado\u0161i prezent\u0113t savu &#8230;<\/p>\n","protected":false},"author":2,"featured_media":0,"parent":141,"menu_order":0,"comment_status":"closed","ping_status":"closed","template":"","meta":{"_lmt_disableupdate":"no","_lmt_disable":"","ngg_post_thumbnail":0,"footnotes":""},"class_list":["post-173","page","type-page","status-publish","hentry"],"yoast_head":"<!-- This site is optimized with the Yoast SEO plugin v18.3 - https:\/\/yoast.com\/wordpress\/plugins\/seo\/ -->\n<title>Valodu joma - Daugavpils Vien\u012bbas pamatskola<\/title>\n<meta name=\"robots\" content=\"index, follow, max-snippet:-1, max-image-preview:large, max-video-preview:-1\" \/>\n<link rel=\"canonical\" href=\"https:\/\/vienibaspsk.lv\/index.php\/par-skolu\/personals\/pedagogi\/latviesu-valodas-un-literaturas-skolotajas\/\" \/>\n<meta property=\"og:locale\" content=\"lv_LV\" \/>\n<meta property=\"og:type\" content=\"article\" \/>\n<meta property=\"og:title\" content=\"Valodu joma - Daugavpils Vien\u012bbas pamatskola\" \/>\n<meta property=\"og:description\" content=\"Skolot\u0101jas audzina skol\u0113nos cie\u0146u pret latvie\u0161u valodu un kult\u016bru, pal\u012bdz saviem audz\u0113k\u0146iem izkopt un att\u012bst\u012bt latvie\u0161u valodas prasmes, izjust valodas skaistumu un bag\u0101t\u012bbu literat\u016bras stund\u0101s, atrais\u012bt iesp\u0113ju rado\u0161i prezent\u0113t savu ...\" \/>\n<meta property=\"og:url\" content=\"https:\/\/vienibaspsk.lv\/index.php\/par-skolu\/personals\/pedagogi\/latviesu-valodas-un-literaturas-skolotajas\/\" \/>\n<meta property=\"og:site_name\" content=\"Daugavpils Vien\u012bbas pamatskola\" \/>\n<meta property=\"article:modified_time\" content=\"2025-12-03T10:29:59+00:00\" \/>\n<meta name=\"twitter:card\" content=\"summary_large_image\" \/>\n<meta name=\"twitter:label1\" content=\"Est. reading time\" \/>\n\t<meta name=\"twitter:data1\" content=\"1 min\u016bte\" \/>\n<script type=\"application\/ld+json\" class=\"yoast-schema-graph\">{\"@context\":\"https:\/\/schema.org\",\"@graph\":[{\"@type\":\"WebSite\",\"@id\":\"https:\/\/vienibaspsk.lv\/#website\",\"url\":\"https:\/\/vienibaspsk.lv\/\",\"name\":\"Daugavpils Vien\u012bbas pamatskola\",\"description\":\"\",\"potentialAction\":[{\"@type\":\"SearchAction\",\"target\":{\"@type\":\"EntryPoint\",\"urlTemplate\":\"https:\/\/vienibaspsk.lv\/?s={search_term_string}\"},\"query-input\":\"required name=search_term_string\"}],\"inLanguage\":\"lv-LV\"},{\"@type\":\"WebPage\",\"@id\":\"https:\/\/vienibaspsk.lv\/index.php\/par-skolu\/personals\/pedagogi\/latviesu-valodas-un-literaturas-skolotajas\/#webpage\",\"url\":\"https:\/\/vienibaspsk.lv\/index.php\/par-skolu\/personals\/pedagogi\/latviesu-valodas-un-literaturas-skolotajas\/\",\"name\":\"Valodu joma - Daugavpils Vien\u012bbas pamatskola\",\"isPartOf\":{\"@id\":\"https:\/\/vienibaspsk.lv\/#website\"},\"datePublished\":\"2020-05-21T08:56:37+00:00\",\"dateModified\":\"2025-12-03T10:29:59+00:00\",\"breadcrumb\":{\"@id\":\"https:\/\/vienibaspsk.lv\/index.php\/par-skolu\/personals\/pedagogi\/latviesu-valodas-un-literaturas-skolotajas\/#breadcrumb\"},\"inLanguage\":\"lv-LV\",\"potentialAction\":[{\"@type\":\"ReadAction\",\"target\":[\"https:\/\/vienibaspsk.lv\/index.php\/par-skolu\/personals\/pedagogi\/latviesu-valodas-un-literaturas-skolotajas\/\"]}]},{\"@type\":\"BreadcrumbList\",\"@id\":\"https:\/\/vienibaspsk.lv\/index.php\/par-skolu\/personals\/pedagogi\/latviesu-valodas-un-literaturas-skolotajas\/#breadcrumb\",\"itemListElement\":[{\"@type\":\"ListItem\",\"position\":1,\"name\":\"Galven\u0101\",\"item\":\"https:\/\/vienibaspsk.lv\/\"},{\"@type\":\"ListItem\",\"position\":2,\"name\":\"Par skolu\",\"item\":\"https:\/\/vienibaspsk.lv\/index.php\/par-skolu\/\"},{\"@type\":\"ListItem\",\"position\":3,\"name\":\"Person\u0101ls\",\"item\":\"https:\/\/vienibaspsk.lv\/index.php\/par-skolu\/personals\/\"},{\"@type\":\"ListItem\",\"position\":4,\"name\":\"Pedagogi\",\"item\":\"https:\/\/vienibaspsk.lv\/index.php\/par-skolu\/personals\/pedagogi\/\"},{\"@type\":\"ListItem\",\"position\":5,\"name\":\"Valodu joma\"}]}]}<\/script>\n<!-- \/ Yoast SEO plugin. -->","yoast_head_json":{"title":"Valodu joma - Daugavpils Vien\u012bbas pamatskola","robots":{"index":"index","follow":"follow","max-snippet":"max-snippet:-1","max-image-preview":"max-image-preview:large","max-video-preview":"max-video-preview:-1"},"canonical":"https:\/\/vienibaspsk.lv\/index.php\/par-skolu\/personals\/pedagogi\/latviesu-valodas-un-literaturas-skolotajas\/","og_locale":"lv_LV","og_type":"article","og_title":"Valodu joma - Daugavpils Vien\u012bbas pamatskola","og_description":"Skolot\u0101jas audzina skol\u0113nos cie\u0146u pret latvie\u0161u valodu un kult\u016bru, pal\u012bdz saviem audz\u0113k\u0146iem izkopt un att\u012bst\u012bt latvie\u0161u valodas prasmes, izjust valodas skaistumu un bag\u0101t\u012bbu literat\u016bras stund\u0101s, atrais\u012bt iesp\u0113ju rado\u0161i prezent\u0113t savu ...","og_url":"https:\/\/vienibaspsk.lv\/index.php\/par-skolu\/personals\/pedagogi\/latviesu-valodas-un-literaturas-skolotajas\/","og_site_name":"Daugavpils Vien\u012bbas pamatskola","article_modified_time":"2025-12-03T10:29:59+00:00","twitter_card":"summary_large_image","twitter_misc":{"Est. reading time":"1 min\u016bte"},"schema":{"@context":"https:\/\/schema.org","@graph":[{"@type":"WebSite","@id":"https:\/\/vienibaspsk.lv\/#website","url":"https:\/\/vienibaspsk.lv\/","name":"Daugavpils Vien\u012bbas pamatskola","description":"","potentialAction":[{"@type":"SearchAction","target":{"@type":"EntryPoint","urlTemplate":"https:\/\/vienibaspsk.lv\/?s={search_term_string}"},"query-input":"required name=search_term_string"}],"inLanguage":"lv-LV"},{"@type":"WebPage","@id":"https:\/\/vienibaspsk.lv\/index.php\/par-skolu\/personals\/pedagogi\/latviesu-valodas-un-literaturas-skolotajas\/#webpage","url":"https:\/\/vienibaspsk.lv\/index.php\/par-skolu\/personals\/pedagogi\/latviesu-valodas-un-literaturas-skolotajas\/","name":"Valodu joma - Daugavpils Vien\u012bbas pamatskola","isPartOf":{"@id":"https:\/\/vienibaspsk.lv\/#website"},"datePublished":"2020-05-21T08:56:37+00:00","dateModified":"2025-12-03T10:29:59+00:00","breadcrumb":{"@id":"https:\/\/vienibaspsk.lv\/index.php\/par-skolu\/personals\/pedagogi\/latviesu-valodas-un-literaturas-skolotajas\/#breadcrumb"},"inLanguage":"lv-LV","potentialAction":[{"@type":"ReadAction","target":["https:\/\/vienibaspsk.lv\/index.php\/par-skolu\/personals\/pedagogi\/latviesu-valodas-un-literaturas-skolotajas\/"]}]},{"@type":"BreadcrumbList","@id":"https:\/\/vienibaspsk.lv\/index.php\/par-skolu\/personals\/pedagogi\/latviesu-valodas-un-literaturas-skolotajas\/#breadcrumb","itemListElement":[{"@type":"ListItem","position":1,"name":"Galven\u0101","item":"https:\/\/vienibaspsk.lv\/"},{"@type":"ListItem","position":2,"name":"Par skolu","item":"https:\/\/vienibaspsk.lv\/index.php\/par-skolu\/"},{"@type":"ListItem","position":3,"name":"Person\u0101ls","item":"https:\/\/vienibaspsk.lv\/index.php\/par-skolu\/personals\/"},{"@type":"ListItem","position":4,"name":"Pedagogi","item":"https:\/\/vienibaspsk.lv\/index.php\/par-skolu\/personals\/pedagogi\/"},{"@type":"ListItem","position":5,"name":"Valodu joma"}]}]}},"_links":{"self":[{"href":"https:\/\/vienibaspsk.lv\/index.php\/wp-json\/wp\/v2\/pages\/173","targetHints":{"allow":["GET"]}}],"collection":[{"href":"https:\/\/vienibaspsk.lv\/index.php\/wp-json\/wp\/v2\/pages"}],"about":[{"href":"https:\/\/vienibaspsk.lv\/index.php\/wp-json\/wp\/v2\/types\/page"}],"author":[{"embeddable":true,"href":"https:\/\/vienibaspsk.lv\/index.php\/wp-json\/wp\/v2\/users\/2"}],"replies":[{"embeddable":true,"href":"https:\/\/vienibaspsk.lv\/index.php\/wp-json\/wp\/v2\/comments?post=173"}],"version-history":[{"count":14,"href":"https:\/\/vienibaspsk.lv\/index.php\/wp-json\/wp\/v2\/pages\/173\/revisions"}],"predecessor-version":[{"id":11426,"href":"https:\/\/vienibaspsk.lv\/index.php\/wp-json\/wp\/v2\/pages\/173\/revisions\/11426"}],"up":[{"embeddable":true,"href":"https:\/\/vienibaspsk.lv\/index.php\/wp-json\/wp\/v2\/pages\/141"}],"wp:attachment":[{"href":"https:\/\/vienibaspsk.lv\/index.php\/wp-json\/wp\/v2\/media?parent=173"}],"curies":[{"name":"wp","href":"https:\/\/api.w.org\/{rel}","templated":true}]}}