{"id":172,"date":"2020-05-21T08:56:37","date_gmt":"2020-05-21T08:56:37","guid":{"rendered":"http:\/\/vienibaspsk.lv\/wordpress\/?page_id=172"},"modified":"2025-12-02T09:29:51","modified_gmt":"2025-12-02T07:29:51","slug":"sakumskolas-skolotajas","status":"publish","type":"page","link":"https:\/\/vienibaspsk.lv\/index.php\/par-skolu\/personals\/pedagogi\/sakumskolas-skolotajas\/","title":{"rendered":"S\u0101kumskolas joma"},"content":{"rendered":"\r\n<p>Raibum raiba ir s\u0101kumskolas skolot\u0101ju ikdiena. R\u0113\u0137in\u0101t, fantaz\u0113t, z\u012bm\u0113t, p\u0113t\u012bt, \u0161\u016bt- paciet\u012bgi str\u0101d\u0101t un sirsn\u012bgi smaid\u012bt kop\u0101 ar saviem audz\u0113k\u0146iem\u2026 Savu skolot\u0101ju vad\u012bb\u0101 b\u0113rni g\u016bst m\u0101c\u012b\u0161an\u0101s pieredzi un prieku par pirmajiem pan\u0101kumiem-par izdevu\u0161os z\u012bm\u0113jumu vai dzejoli, skan\u012bgu dziesmi\u0146u, piedal\u012b\u0161anos konkursos, projektos, olimpi\u0101d\u0113s, par savu pirmo nopietno p\u0113tniecisko darbu.<\/p>\r\n\r\n\r\n\r\n<p>S\u0101kumskolas m\u0101c\u012bbu joma<\/p>\r\n<ol>\r\n<li>Marta Romanova &#8211; 1.a klases audzin\u0101t\u0101ja<\/li>\r\n<li>Aina Kraukle &#8211; 1.b klases audzin\u0101t\u0101ja<\/li>\r\n<li>Santa Belousova \u2013 1.c klases audzin\u0101t\u0101ja<\/li>\r\n<li>Inna Bic\u0101ne &#8211; 2.a klases audzin\u0101t\u0101ja<\/li>\r\n<li>Marina Vi\u0161emirska &#8211; 2.b klases audzin\u0101t\u0101ja<\/li>\r\n<li>Aija Grauze &#8211; 2.c klases audzin\u0101t\u0101ja<\/li>\r\n<li>Eleonora Smirnova &#8211; 3.a klases audzin\u0101t\u0101ja<\/li>\r\n<li>Iveta Luka\u0161\u0113vi\u010da -3.b klases audzin\u0101t\u0101ja<\/li>\r\n<li>Gunda Raubi\u0161ko -3.c klases audzin\u0101t\u0101ja<\/li>\r\n<\/ol>\r\n\r\n\r\n\r\n<p>&nbsp;<\/p>\r\n<p>&nbsp;<\/p>\r\n\r\n\r\n\r\n<p>&nbsp;<\/p>\r\n","protected":false},"excerpt":{"rendered":"<p>Raibum raiba ir s\u0101kumskolas skolot\u0101ju ikdiena. R\u0113\u0137in\u0101t, fantaz\u0113t, z\u012bm\u0113t, p\u0113t\u012bt, \u0161\u016bt- paciet\u012bgi str\u0101d\u0101t un sirsn\u012bgi smaid\u012bt kop\u0101 ar saviem audz\u0113k\u0146iem\u2026 Savu skolot\u0101ju vad\u012bb\u0101 b\u0113rni g\u016bst m\u0101c\u012b\u0161an\u0101s pieredzi un prieku par &#8230;<\/p>\n","protected":false},"author":2,"featured_media":0,"parent":141,"menu_order":0,"comment_status":"closed","ping_status":"closed","template":"","meta":{"_lmt_disableupdate":"no","_lmt_disable":"","ngg_post_thumbnail":0,"footnotes":""},"class_list":["post-172","page","type-page","status-publish","hentry"],"yoast_head":"<!-- This site is optimized with the Yoast SEO plugin v18.3 - https:\/\/yoast.com\/wordpress\/plugins\/seo\/ -->\n<title>S\u0101kumskolas joma - Daugavpils Vien\u012bbas pamatskola<\/title>\n<meta name=\"robots\" content=\"index, follow, max-snippet:-1, max-image-preview:large, max-video-preview:-1\" \/>\n<link rel=\"canonical\" href=\"https:\/\/vienibaspsk.lv\/index.php\/par-skolu\/personals\/pedagogi\/sakumskolas-skolotajas\/\" \/>\n<meta property=\"og:locale\" content=\"lv_LV\" \/>\n<meta property=\"og:type\" content=\"article\" \/>\n<meta property=\"og:title\" content=\"S\u0101kumskolas joma - Daugavpils Vien\u012bbas pamatskola\" \/>\n<meta property=\"og:description\" content=\"Raibum raiba ir s\u0101kumskolas skolot\u0101ju ikdiena. R\u0113\u0137in\u0101t, fantaz\u0113t, z\u012bm\u0113t, p\u0113t\u012bt, \u0161\u016bt- paciet\u012bgi str\u0101d\u0101t un sirsn\u012bgi smaid\u012bt kop\u0101 ar saviem audz\u0113k\u0146iem\u2026 Savu skolot\u0101ju vad\u012bb\u0101 b\u0113rni g\u016bst m\u0101c\u012b\u0161an\u0101s pieredzi un prieku par ...\" \/>\n<meta property=\"og:url\" content=\"https:\/\/vienibaspsk.lv\/index.php\/par-skolu\/personals\/pedagogi\/sakumskolas-skolotajas\/\" \/>\n<meta property=\"og:site_name\" content=\"Daugavpils Vien\u012bbas pamatskola\" \/>\n<meta property=\"article:modified_time\" content=\"2025-12-02T07:29:51+00:00\" \/>\n<meta name=\"twitter:card\" content=\"summary_large_image\" \/>\n<meta name=\"twitter:label1\" content=\"Est. reading time\" \/>\n\t<meta name=\"twitter:data1\" content=\"1 min\u016bte\" \/>\n<script type=\"application\/ld+json\" class=\"yoast-schema-graph\">{\"@context\":\"https:\/\/schema.org\",\"@graph\":[{\"@type\":\"WebSite\",\"@id\":\"https:\/\/vienibaspsk.lv\/#website\",\"url\":\"https:\/\/vienibaspsk.lv\/\",\"name\":\"Daugavpils Vien\u012bbas pamatskola\",\"description\":\"\",\"potentialAction\":[{\"@type\":\"SearchAction\",\"target\":{\"@type\":\"EntryPoint\",\"urlTemplate\":\"https:\/\/vienibaspsk.lv\/?s={search_term_string}\"},\"query-input\":\"required name=search_term_string\"}],\"inLanguage\":\"lv-LV\"},{\"@type\":\"WebPage\",\"@id\":\"https:\/\/vienibaspsk.lv\/index.php\/par-skolu\/personals\/pedagogi\/sakumskolas-skolotajas\/#webpage\",\"url\":\"https:\/\/vienibaspsk.lv\/index.php\/par-skolu\/personals\/pedagogi\/sakumskolas-skolotajas\/\",\"name\":\"S\u0101kumskolas joma - Daugavpils Vien\u012bbas pamatskola\",\"isPartOf\":{\"@id\":\"https:\/\/vienibaspsk.lv\/#website\"},\"datePublished\":\"2020-05-21T08:56:37+00:00\",\"dateModified\":\"2025-12-02T07:29:51+00:00\",\"breadcrumb\":{\"@id\":\"https:\/\/vienibaspsk.lv\/index.php\/par-skolu\/personals\/pedagogi\/sakumskolas-skolotajas\/#breadcrumb\"},\"inLanguage\":\"lv-LV\",\"potentialAction\":[{\"@type\":\"ReadAction\",\"target\":[\"https:\/\/vienibaspsk.lv\/index.php\/par-skolu\/personals\/pedagogi\/sakumskolas-skolotajas\/\"]}]},{\"@type\":\"BreadcrumbList\",\"@id\":\"https:\/\/vienibaspsk.lv\/index.php\/par-skolu\/personals\/pedagogi\/sakumskolas-skolotajas\/#breadcrumb\",\"itemListElement\":[{\"@type\":\"ListItem\",\"position\":1,\"name\":\"Galven\u0101\",\"item\":\"https:\/\/vienibaspsk.lv\/\"},{\"@type\":\"ListItem\",\"position\":2,\"name\":\"Par skolu\",\"item\":\"https:\/\/vienibaspsk.lv\/index.php\/par-skolu\/\"},{\"@type\":\"ListItem\",\"position\":3,\"name\":\"Person\u0101ls\",\"item\":\"https:\/\/vienibaspsk.lv\/index.php\/par-skolu\/personals\/\"},{\"@type\":\"ListItem\",\"position\":4,\"name\":\"Pedagogi\",\"item\":\"https:\/\/vienibaspsk.lv\/index.php\/par-skolu\/personals\/pedagogi\/\"},{\"@type\":\"ListItem\",\"position\":5,\"name\":\"S\u0101kumskolas joma\"}]}]}<\/script>\n<!-- \/ Yoast SEO plugin. -->","yoast_head_json":{"title":"S\u0101kumskolas joma - Daugavpils Vien\u012bbas pamatskola","robots":{"index":"index","follow":"follow","max-snippet":"max-snippet:-1","max-image-preview":"max-image-preview:large","max-video-preview":"max-video-preview:-1"},"canonical":"https:\/\/vienibaspsk.lv\/index.php\/par-skolu\/personals\/pedagogi\/sakumskolas-skolotajas\/","og_locale":"lv_LV","og_type":"article","og_title":"S\u0101kumskolas joma - Daugavpils Vien\u012bbas pamatskola","og_description":"Raibum raiba ir s\u0101kumskolas skolot\u0101ju ikdiena. R\u0113\u0137in\u0101t, fantaz\u0113t, z\u012bm\u0113t, p\u0113t\u012bt, \u0161\u016bt- paciet\u012bgi str\u0101d\u0101t un sirsn\u012bgi smaid\u012bt kop\u0101 ar saviem audz\u0113k\u0146iem\u2026 Savu skolot\u0101ju vad\u012bb\u0101 b\u0113rni g\u016bst m\u0101c\u012b\u0161an\u0101s pieredzi un prieku par ...","og_url":"https:\/\/vienibaspsk.lv\/index.php\/par-skolu\/personals\/pedagogi\/sakumskolas-skolotajas\/","og_site_name":"Daugavpils Vien\u012bbas pamatskola","article_modified_time":"2025-12-02T07:29:51+00:00","twitter_card":"summary_large_image","twitter_misc":{"Est. reading time":"1 min\u016bte"},"schema":{"@context":"https:\/\/schema.org","@graph":[{"@type":"WebSite","@id":"https:\/\/vienibaspsk.lv\/#website","url":"https:\/\/vienibaspsk.lv\/","name":"Daugavpils Vien\u012bbas pamatskola","description":"","potentialAction":[{"@type":"SearchAction","target":{"@type":"EntryPoint","urlTemplate":"https:\/\/vienibaspsk.lv\/?s={search_term_string}"},"query-input":"required name=search_term_string"}],"inLanguage":"lv-LV"},{"@type":"WebPage","@id":"https:\/\/vienibaspsk.lv\/index.php\/par-skolu\/personals\/pedagogi\/sakumskolas-skolotajas\/#webpage","url":"https:\/\/vienibaspsk.lv\/index.php\/par-skolu\/personals\/pedagogi\/sakumskolas-skolotajas\/","name":"S\u0101kumskolas joma - Daugavpils Vien\u012bbas pamatskola","isPartOf":{"@id":"https:\/\/vienibaspsk.lv\/#website"},"datePublished":"2020-05-21T08:56:37+00:00","dateModified":"2025-12-02T07:29:51+00:00","breadcrumb":{"@id":"https:\/\/vienibaspsk.lv\/index.php\/par-skolu\/personals\/pedagogi\/sakumskolas-skolotajas\/#breadcrumb"},"inLanguage":"lv-LV","potentialAction":[{"@type":"ReadAction","target":["https:\/\/vienibaspsk.lv\/index.php\/par-skolu\/personals\/pedagogi\/sakumskolas-skolotajas\/"]}]},{"@type":"BreadcrumbList","@id":"https:\/\/vienibaspsk.lv\/index.php\/par-skolu\/personals\/pedagogi\/sakumskolas-skolotajas\/#breadcrumb","itemListElement":[{"@type":"ListItem","position":1,"name":"Galven\u0101","item":"https:\/\/vienibaspsk.lv\/"},{"@type":"ListItem","position":2,"name":"Par skolu","item":"https:\/\/vienibaspsk.lv\/index.php\/par-skolu\/"},{"@type":"ListItem","position":3,"name":"Person\u0101ls","item":"https:\/\/vienibaspsk.lv\/index.php\/par-skolu\/personals\/"},{"@type":"ListItem","position":4,"name":"Pedagogi","item":"https:\/\/vienibaspsk.lv\/index.php\/par-skolu\/personals\/pedagogi\/"},{"@type":"ListItem","position":5,"name":"S\u0101kumskolas joma"}]}]}},"_links":{"self":[{"href":"https:\/\/vienibaspsk.lv\/index.php\/wp-json\/wp\/v2\/pages\/172","targetHints":{"allow":["GET"]}}],"collection":[{"href":"https:\/\/vienibaspsk.lv\/index.php\/wp-json\/wp\/v2\/pages"}],"about":[{"href":"https:\/\/vienibaspsk.lv\/index.php\/wp-json\/wp\/v2\/types\/page"}],"author":[{"embeddable":true,"href":"https:\/\/vienibaspsk.lv\/index.php\/wp-json\/wp\/v2\/users\/2"}],"replies":[{"embeddable":true,"href":"https:\/\/vienibaspsk.lv\/index.php\/wp-json\/wp\/v2\/comments?post=172"}],"version-history":[{"count":8,"href":"https:\/\/vienibaspsk.lv\/index.php\/wp-json\/wp\/v2\/pages\/172\/revisions"}],"predecessor-version":[{"id":11418,"href":"https:\/\/vienibaspsk.lv\/index.php\/wp-json\/wp\/v2\/pages\/172\/revisions\/11418"}],"up":[{"embeddable":true,"href":"https:\/\/vienibaspsk.lv\/index.php\/wp-json\/wp\/v2\/pages\/141"}],"wp:attachment":[{"href":"https:\/\/vienibaspsk.lv\/index.php\/wp-json\/wp\/v2\/media?parent=172"}],"curies":[{"name":"wp","href":"https:\/\/api.w.org\/{rel}","templated":true}]}}