{"id":146,"date":"2020-05-21T06:18:10","date_gmt":"2020-05-21T06:18:10","guid":{"rendered":"http:\/\/vienibaspsk.lv\/wordpress\/?page_id=146"},"modified":"2020-05-26T06:31:23","modified_gmt":"2020-05-26T06:31:23","slug":"karjeras-konsultants","status":"publish","type":"page","link":"https:\/\/vienibaspsk.lv\/index.php\/par-skolu\/personals\/atbalsta-personals\/karjeras-konsultants\/","title":{"rendered":"Karjeras konsultants"},"content":{"rendered":"\n<p>Karjeras veido\u0161ana ir nep\u0101rtraukts process, kura gait\u0101 cilv\u0113ks izmanto inform\u0101ciju par sevi un apk\u0101rt\u0113jo pasauli, lai izv\u0113l\u0113tos savu nodarbo\u0161an\u0101s jomu un p\u0113c tam ar\u012b konkr\u0113tu profesiju. Izv\u0113loties savas profesion\u0101l\u0101s karjeras virzienu un profesiju, j\u0101\u0146em v\u0113r\u0101 tr\u012bs b\u016btiskas lietas<br>lai profesija b\u016btu interesanta un saisto\u0161a,lai profesija atbilstu sp\u0113j\u0101m,lai var\u0113tu atrast darbu \u0161aj\u0101 profesij\u0101.<\/p>\n\n\n\n<p>Tas ir gr\u016bti \u2013 pie\u0146emt l\u0113mumu par labu k\u0101dai vienai profesijai, jo parasti m\u016bsu intereses ir daudz pla\u0161\u0101kas. Tie\u0161i t\u0101p\u0113c m\u0113s J\u016bs aicin\u0101m iepaz\u012bties ar karjeras izv\u0113les pamatnosac\u012bjumiem, l\u0113muma pie\u0146em\u0161anas strat\u0113\u0123ij\u0101m.<\/p>\n\n\n\n<p>M\u0101c\u012bbas un darbs ir svar\u012bgas cilv\u0113ka dz\u012bves sast\u0101vda\u013cas. Bie\u017ei jaunie\u0161iem gr\u016bt\u012bbas sag\u0101d\u0101 n\u0101kotnes profesijas un piem\u0113rotas m\u0101c\u012bbu iest\u0101des izv\u0113le. Karjeras konsultants pal\u012bdz skol\u0113niem risin\u0101t \u0161\u012bs un citas ar karjeru saist\u012btas probl\u0113mas.<\/p>\n\n\n\n<p>Karjeras konsultanta uzdevums ir uzklaus\u012bt skol\u0113nu, noskaidrot vi\u0146a situ\u0101ciju un vajadz\u012bbas, k\u0101das probl\u0113mas risin\u0101\u0161an\u0101 ir nepiecie\u0161ama pal\u012bdz\u012bba. Vi\u0146\u0161 organiz\u0113 skol\u0113na sevis izp\u0113tes procesu \u2013 pal\u012bdz noskaidrot intereses, sp\u0113jas, apzina eso\u0161\u0101s prasmes, izv\u0113rt\u0113 iepriek\u0161\u0113jo pieredzi, lai cilv\u0113ks pats var\u0113tu noteikt piem\u0113rot\u0101ko profesion\u0101l\u0101s darb\u012bbas jomu, k\u0101das profesijas var\u0113tu vi\u0146u interes\u0113t un, kuras b\u016btu vi\u0146am piem\u0113rotas.<\/p>\n\n\n\n<p>\u0160os uzdevumus \u012bstenot konsultantam pal\u012bdz da\u017e\u0101das metodikas, piem\u0113ram, intervijas, testi, lomu sp\u0113les u.c. Ar \u0161o meto\u017eu pal\u012bdz\u012bbu karjeras konsultants uzzina no cilv\u0113ka inform\u0101ciju, kas pal\u012bdz pa\u0161am skol\u0113nam spriest par savu dz\u012bvi, pie\u0146emt l\u0113mumu par t\u0101l\u0101kiem karjeras pl\u0101no\u0161anas so\u013ciem.<\/p>\n\n\n\n<p>Karjeras konsultants inform\u0113 skol\u0113nu par profesij\u0101m, t\u0101m rakstur\u012bgiem darba uzdevumiem, darba vidi, izgl\u012bt\u012bbas pras\u012bb\u0101m u.c.,<\/p>\n\n\n\n<p>Karjeras konsultants motiv\u0113 skol\u0113nu m\u0101c\u012bties, turpin\u0101t izgl\u012bt\u012bbu, izskaidrojot m\u016b\u017eizgl\u012bt\u012bbas noz\u012bmi m\u016bsdien\u0101s, pa\u0161am izstr\u0101d\u0101t turpm\u0101k\u0101s r\u012bc\u012bbas pl\u0101nu atbilst\u012bgi sav\u0101m vajadz\u012bb\u0101m un interes\u0113m, dz\u012bves situ\u0101cijas nosac\u012bjumiem.<\/p>\n\n\n\n<p>Mudina ar\u012b skol\u0113nu izmantot iesp\u0113jas att\u012bst\u012bt savu rado\u0161o potenci\u0101lu, tehnisk\u0101s, soci\u0101l\u0101s un citas prasmes, velt\u012bt laiku person\u012bbas izaugsmei, kas palielina iesp\u0113jas konkur\u0113t darba tirg\u016b, un veidot sav\u0101m interes\u0113m atbilst\u012bgu dz\u012bves stilu.<\/p>\n\n\n\n<p>Nereti karjeras konsultants darbojas e-vid\u0113, konsult\u0113jot skol\u0113nus virtu\u0101li ar e-pasta starpniec\u012bbu vai cit\u0101m komunik\u0101cijas programm\u0101m, k\u0101 ar\u012b izmantojot testus interneta vid\u0113. Vi\u0146\u0161 var konsult\u0113t skol\u0113nus ar\u012b grup\u0101, kas paver iesp\u0113jas organiz\u0113t diskusiju, dal\u012bties pieredz\u0113 un atbalst\u012bt citam citu.<\/p>\n\n\n\n<p>Darbs karjeras konsultantam ir saist\u012bts ar da\u017e\u0101da vecuma klientiem, t\u0101p\u0113c katram j\u0101izv\u0113las atbilst\u012bga pieeja. Piem\u0113ram, skol\u0113niem j\u0101pal\u012bdz apzin\u0101t savas intereses un sp\u0113jas, dz\u012bves m\u0113r\u0137us, j\u0101konsult\u0113 par profesijas un izgl\u012bt\u012bbas iest\u0101des izv\u0113li, iesaist\u012bties br\u012bvpr\u0101t\u012bg\u0101 darb\u0101, t\u0101 lietder\u012bgi pavadot laiku un apg\u016bstot jaunas darba prasmes, iepaz\u012bstot cilv\u0113kus.<\/p>\n","protected":false},"excerpt":{"rendered":"<p>Karjeras veido\u0161ana ir nep\u0101rtraukts process, kura gait\u0101 cilv\u0113ks izmanto inform\u0101ciju par sevi un apk\u0101rt\u0113jo pasauli, lai izv\u0113l\u0113tos savu nodarbo\u0161an\u0101s jomu un p\u0113c tam ar\u012b konkr\u0113tu profesiju. Izv\u0113loties savas profesion\u0101l\u0101s karjeras &#8230;<\/p>\n","protected":false},"author":2,"featured_media":0,"parent":142,"menu_order":0,"comment_status":"closed","ping_status":"closed","template":"","meta":{"_lmt_disableupdate":"","_lmt_disable":"","ngg_post_thumbnail":0,"footnotes":""},"class_list":["post-146","page","type-page","status-publish","hentry"],"yoast_head":"<!-- This site is optimized with the Yoast SEO plugin v18.3 - https:\/\/yoast.com\/wordpress\/plugins\/seo\/ -->\n<title>Karjeras konsultants - Daugavpils Vien\u012bbas pamatskola<\/title>\n<meta name=\"robots\" content=\"index, follow, max-snippet:-1, max-image-preview:large, max-video-preview:-1\" \/>\n<link rel=\"canonical\" href=\"https:\/\/vienibaspsk.lv\/index.php\/par-skolu\/personals\/atbalsta-personals\/karjeras-konsultants\/\" \/>\n<meta property=\"og:locale\" content=\"lv_LV\" \/>\n<meta property=\"og:type\" content=\"article\" \/>\n<meta property=\"og:title\" content=\"Karjeras konsultants - Daugavpils Vien\u012bbas pamatskola\" \/>\n<meta property=\"og:description\" content=\"Karjeras veido\u0161ana ir nep\u0101rtraukts process, kura gait\u0101 cilv\u0113ks izmanto inform\u0101ciju par sevi un apk\u0101rt\u0113jo pasauli, lai izv\u0113l\u0113tos savu nodarbo\u0161an\u0101s jomu un p\u0113c tam ar\u012b konkr\u0113tu profesiju. Izv\u0113loties savas profesion\u0101l\u0101s karjeras ...\" \/>\n<meta property=\"og:url\" content=\"https:\/\/vienibaspsk.lv\/index.php\/par-skolu\/personals\/atbalsta-personals\/karjeras-konsultants\/\" \/>\n<meta property=\"og:site_name\" content=\"Daugavpils Vien\u012bbas pamatskola\" \/>\n<meta property=\"article:modified_time\" content=\"2020-05-26T06:31:23+00:00\" \/>\n<meta name=\"twitter:card\" content=\"summary_large_image\" \/>\n<meta name=\"twitter:label1\" content=\"Est. reading time\" \/>\n\t<meta name=\"twitter:data1\" content=\"3 min\u016btes\" \/>\n<script type=\"application\/ld+json\" class=\"yoast-schema-graph\">{\"@context\":\"https:\/\/schema.org\",\"@graph\":[{\"@type\":\"WebSite\",\"@id\":\"https:\/\/vienibaspsk.lv\/#website\",\"url\":\"https:\/\/vienibaspsk.lv\/\",\"name\":\"Daugavpils Vien\u012bbas pamatskola\",\"description\":\"\",\"potentialAction\":[{\"@type\":\"SearchAction\",\"target\":{\"@type\":\"EntryPoint\",\"urlTemplate\":\"https:\/\/vienibaspsk.lv\/?s={search_term_string}\"},\"query-input\":\"required name=search_term_string\"}],\"inLanguage\":\"lv-LV\"},{\"@type\":\"WebPage\",\"@id\":\"https:\/\/vienibaspsk.lv\/index.php\/par-skolu\/personals\/atbalsta-personals\/karjeras-konsultants\/#webpage\",\"url\":\"https:\/\/vienibaspsk.lv\/index.php\/par-skolu\/personals\/atbalsta-personals\/karjeras-konsultants\/\",\"name\":\"Karjeras konsultants - Daugavpils Vien\u012bbas pamatskola\",\"isPartOf\":{\"@id\":\"https:\/\/vienibaspsk.lv\/#website\"},\"datePublished\":\"2020-05-21T06:18:10+00:00\",\"dateModified\":\"2020-05-26T06:31:23+00:00\",\"breadcrumb\":{\"@id\":\"https:\/\/vienibaspsk.lv\/index.php\/par-skolu\/personals\/atbalsta-personals\/karjeras-konsultants\/#breadcrumb\"},\"inLanguage\":\"lv-LV\",\"potentialAction\":[{\"@type\":\"ReadAction\",\"target\":[\"https:\/\/vienibaspsk.lv\/index.php\/par-skolu\/personals\/atbalsta-personals\/karjeras-konsultants\/\"]}]},{\"@type\":\"BreadcrumbList\",\"@id\":\"https:\/\/vienibaspsk.lv\/index.php\/par-skolu\/personals\/atbalsta-personals\/karjeras-konsultants\/#breadcrumb\",\"itemListElement\":[{\"@type\":\"ListItem\",\"position\":1,\"name\":\"Galven\u0101\",\"item\":\"https:\/\/vienibaspsk.lv\/\"},{\"@type\":\"ListItem\",\"position\":2,\"name\":\"Par skolu\",\"item\":\"https:\/\/vienibaspsk.lv\/index.php\/par-skolu\/\"},{\"@type\":\"ListItem\",\"position\":3,\"name\":\"Person\u0101ls\",\"item\":\"https:\/\/vienibaspsk.lv\/index.php\/par-skolu\/personals\/\"},{\"@type\":\"ListItem\",\"position\":4,\"name\":\"Atbalsta person\u0101ls\",\"item\":\"https:\/\/vienibaspsk.lv\/index.php\/par-skolu\/personals\/atbalsta-personals\/\"},{\"@type\":\"ListItem\",\"position\":5,\"name\":\"Karjeras konsultants\"}]}]}<\/script>\n<!-- \/ Yoast SEO plugin. -->","yoast_head_json":{"title":"Karjeras konsultants - Daugavpils Vien\u012bbas pamatskola","robots":{"index":"index","follow":"follow","max-snippet":"max-snippet:-1","max-image-preview":"max-image-preview:large","max-video-preview":"max-video-preview:-1"},"canonical":"https:\/\/vienibaspsk.lv\/index.php\/par-skolu\/personals\/atbalsta-personals\/karjeras-konsultants\/","og_locale":"lv_LV","og_type":"article","og_title":"Karjeras konsultants - Daugavpils Vien\u012bbas pamatskola","og_description":"Karjeras veido\u0161ana ir nep\u0101rtraukts process, kura gait\u0101 cilv\u0113ks izmanto inform\u0101ciju par sevi un apk\u0101rt\u0113jo pasauli, lai izv\u0113l\u0113tos savu nodarbo\u0161an\u0101s jomu un p\u0113c tam ar\u012b konkr\u0113tu profesiju. Izv\u0113loties savas profesion\u0101l\u0101s karjeras ...","og_url":"https:\/\/vienibaspsk.lv\/index.php\/par-skolu\/personals\/atbalsta-personals\/karjeras-konsultants\/","og_site_name":"Daugavpils Vien\u012bbas pamatskola","article_modified_time":"2020-05-26T06:31:23+00:00","twitter_card":"summary_large_image","twitter_misc":{"Est. reading time":"3 min\u016btes"},"schema":{"@context":"https:\/\/schema.org","@graph":[{"@type":"WebSite","@id":"https:\/\/vienibaspsk.lv\/#website","url":"https:\/\/vienibaspsk.lv\/","name":"Daugavpils Vien\u012bbas pamatskola","description":"","potentialAction":[{"@type":"SearchAction","target":{"@type":"EntryPoint","urlTemplate":"https:\/\/vienibaspsk.lv\/?s={search_term_string}"},"query-input":"required name=search_term_string"}],"inLanguage":"lv-LV"},{"@type":"WebPage","@id":"https:\/\/vienibaspsk.lv\/index.php\/par-skolu\/personals\/atbalsta-personals\/karjeras-konsultants\/#webpage","url":"https:\/\/vienibaspsk.lv\/index.php\/par-skolu\/personals\/atbalsta-personals\/karjeras-konsultants\/","name":"Karjeras konsultants - Daugavpils Vien\u012bbas pamatskola","isPartOf":{"@id":"https:\/\/vienibaspsk.lv\/#website"},"datePublished":"2020-05-21T06:18:10+00:00","dateModified":"2020-05-26T06:31:23+00:00","breadcrumb":{"@id":"https:\/\/vienibaspsk.lv\/index.php\/par-skolu\/personals\/atbalsta-personals\/karjeras-konsultants\/#breadcrumb"},"inLanguage":"lv-LV","potentialAction":[{"@type":"ReadAction","target":["https:\/\/vienibaspsk.lv\/index.php\/par-skolu\/personals\/atbalsta-personals\/karjeras-konsultants\/"]}]},{"@type":"BreadcrumbList","@id":"https:\/\/vienibaspsk.lv\/index.php\/par-skolu\/personals\/atbalsta-personals\/karjeras-konsultants\/#breadcrumb","itemListElement":[{"@type":"ListItem","position":1,"name":"Galven\u0101","item":"https:\/\/vienibaspsk.lv\/"},{"@type":"ListItem","position":2,"name":"Par skolu","item":"https:\/\/vienibaspsk.lv\/index.php\/par-skolu\/"},{"@type":"ListItem","position":3,"name":"Person\u0101ls","item":"https:\/\/vienibaspsk.lv\/index.php\/par-skolu\/personals\/"},{"@type":"ListItem","position":4,"name":"Atbalsta person\u0101ls","item":"https:\/\/vienibaspsk.lv\/index.php\/par-skolu\/personals\/atbalsta-personals\/"},{"@type":"ListItem","position":5,"name":"Karjeras konsultants"}]}]}},"_links":{"self":[{"href":"https:\/\/vienibaspsk.lv\/index.php\/wp-json\/wp\/v2\/pages\/146","targetHints":{"allow":["GET"]}}],"collection":[{"href":"https:\/\/vienibaspsk.lv\/index.php\/wp-json\/wp\/v2\/pages"}],"about":[{"href":"https:\/\/vienibaspsk.lv\/index.php\/wp-json\/wp\/v2\/types\/page"}],"author":[{"embeddable":true,"href":"https:\/\/vienibaspsk.lv\/index.php\/wp-json\/wp\/v2\/users\/2"}],"replies":[{"embeddable":true,"href":"https:\/\/vienibaspsk.lv\/index.php\/wp-json\/wp\/v2\/comments?post=146"}],"version-history":[{"count":2,"href":"https:\/\/vienibaspsk.lv\/index.php\/wp-json\/wp\/v2\/pages\/146\/revisions"}],"predecessor-version":[{"id":164,"href":"https:\/\/vienibaspsk.lv\/index.php\/wp-json\/wp\/v2\/pages\/146\/revisions\/164"}],"up":[{"embeddable":true,"href":"https:\/\/vienibaspsk.lv\/index.php\/wp-json\/wp\/v2\/pages\/142"}],"wp:attachment":[{"href":"https:\/\/vienibaspsk.lv\/index.php\/wp-json\/wp\/v2\/media?parent=146"}],"curies":[{"name":"wp","href":"https:\/\/api.w.org\/{rel}","templated":true}]}}