{"id":145,"date":"2020-05-21T06:18:09","date_gmt":"2020-05-21T06:18:09","guid":{"rendered":"http:\/\/vienibaspsk.lv\/wordpress\/?page_id=145"},"modified":"2020-05-26T06:31:05","modified_gmt":"2020-05-26T06:31:05","slug":"logopeds","status":"publish","type":"page","link":"https:\/\/vienibaspsk.lv\/index.php\/par-skolu\/personals\/atbalsta-personals\/logopeds\/","title":{"rendered":"Logop\u0113ds"},"content":{"rendered":"\n<p>Statistika liecina, ka 15-20% pamatskolas 1.-4.kla\u0161u b\u0113rniem ir valodas un runas probl\u0113mas. Reiz\u0113m vec\u0101ki un apk\u0101rt\u0113jie nepamana valodas un runas trauc\u0113jumus b\u0113rniem. V\u0113rojami gad\u012bjumi, kad vec\u0101ki dom\u0101, ka ar laiku \u0161\u012bs probl\u0113mas atrisin\u0101sies pa\u0161as no sevis. Vec\u0101ku cer\u012bbas attaisnojas reti. \u0160\u0101d\u0101s situ\u0101cij\u0101s j\u0101atceras, ka laiks iet, un valodas trauc\u0113jums kav\u0113 b\u0113rna valodas att\u012bst\u012bbu.Logop\u0113disk\u0101s nodarb\u012bbas tiek pl\u0101notas katram b\u0113rnam un b\u0113rnu grupi\u0146ai individu\u0101li. Logop\u0113diskaj\u0101s nodarb\u012bb\u0101s b\u0113rni:<\/p>\n\n\n\n<ul class=\"wp-block-list\"><li>bag\u0101tina saj\u016btu pieredzi,<\/li><li>m\u0101c\u0101s izrun\u0101t , diferenc\u0113t ska\u0146as,<\/li><li>att\u012bsta fonem\u0101tisko dzirdi &#8211; sp\u0113ju saklaus\u012bt ska\u0146as un t\u0101s at\u0161\u0137irt,<\/li><li>att\u012bsta pirkstu s\u012bko muskulat\u016bru,<\/li><li>vingrina m\u0113li, l\u016bpas utt.,<\/li><li>bag\u0101tina un papla\u0161ina v\u0101rdu kr\u0101jumu un veido saist\u012btu runu,<\/li><li>nostiprina elpo\u0161anu un balss apar\u0101tu,<\/li><li>m\u0101c\u0101s las\u012bt un rakst\u012bt, pilnveido \u0161\u012bs iema\u0146as,<\/li><li>m\u0101c\u0101s st\u0101st\u012bt un izteiksm\u012bgi run\u0101t,<\/li><li>pilnveido klaus\u012b\u0161an\u0101s prasmes,<\/li><li>izpilda vingrin\u0101jumus, kas veicina dom\u0101\u0161anas procesu att\u012bst\u012bbu.<\/li><\/ul>\n\n\n\n<p>Nodarb\u012bb\u0101s apg\u016btais m\u0101j\u0101s ir j\u0101nostiprina. Apg\u016bstot pareizu ska\u0146u izrunu, tas ir \u012bpa\u0161i svar\u012bgi. Kop\u0101 ar b\u0113rnu pavadot laiku, pastaig\u0101joties, sarun\u0101joties, j\u0101b\u016bt past\u0101v\u012bgai ska\u0146u kontrolei. Skaidra izruna prasa milz\u012bgu paciet\u012bbu un lielu darbu. Veiksm\u012bgu sadarb\u012bbu!<\/p>\n","protected":false},"excerpt":{"rendered":"<p>Statistika liecina, ka 15-20% pamatskolas 1.-4.kla\u0161u b\u0113rniem ir valodas un runas probl\u0113mas. Reiz\u0113m vec\u0101ki un apk\u0101rt\u0113jie nepamana valodas un runas trauc\u0113jumus b\u0113rniem. V\u0113rojami gad\u012bjumi, kad vec\u0101ki dom\u0101, ka ar laiku &#8230;<\/p>\n","protected":false},"author":2,"featured_media":0,"parent":142,"menu_order":0,"comment_status":"closed","ping_status":"closed","template":"","meta":{"_lmt_disableupdate":"","_lmt_disable":"","ngg_post_thumbnail":0,"footnotes":""},"class_list":["post-145","page","type-page","status-publish","hentry"],"yoast_head":"<!-- This site is optimized with the Yoast SEO plugin v18.3 - https:\/\/yoast.com\/wordpress\/plugins\/seo\/ -->\n<title>Logop\u0113ds - Daugavpils Vien\u012bbas pamatskola<\/title>\n<meta name=\"robots\" content=\"index, follow, max-snippet:-1, max-image-preview:large, max-video-preview:-1\" \/>\n<link rel=\"canonical\" href=\"https:\/\/vienibaspsk.lv\/index.php\/par-skolu\/personals\/atbalsta-personals\/logopeds\/\" \/>\n<meta property=\"og:locale\" content=\"lv_LV\" \/>\n<meta property=\"og:type\" content=\"article\" \/>\n<meta property=\"og:title\" content=\"Logop\u0113ds - Daugavpils Vien\u012bbas pamatskola\" \/>\n<meta property=\"og:description\" content=\"Statistika liecina, ka 15-20% pamatskolas 1.-4.kla\u0161u b\u0113rniem ir valodas un runas probl\u0113mas. Reiz\u0113m vec\u0101ki un apk\u0101rt\u0113jie nepamana valodas un runas trauc\u0113jumus b\u0113rniem. V\u0113rojami gad\u012bjumi, kad vec\u0101ki dom\u0101, ka ar laiku ...\" \/>\n<meta property=\"og:url\" content=\"https:\/\/vienibaspsk.lv\/index.php\/par-skolu\/personals\/atbalsta-personals\/logopeds\/\" \/>\n<meta property=\"og:site_name\" content=\"Daugavpils Vien\u012bbas pamatskola\" \/>\n<meta property=\"article:modified_time\" content=\"2020-05-26T06:31:05+00:00\" \/>\n<meta name=\"twitter:card\" content=\"summary_large_image\" \/>\n<meta name=\"twitter:label1\" content=\"Est. reading time\" \/>\n\t<meta name=\"twitter:data1\" content=\"1 min\u016bte\" \/>\n<script type=\"application\/ld+json\" class=\"yoast-schema-graph\">{\"@context\":\"https:\/\/schema.org\",\"@graph\":[{\"@type\":\"WebSite\",\"@id\":\"https:\/\/vienibaspsk.lv\/#website\",\"url\":\"https:\/\/vienibaspsk.lv\/\",\"name\":\"Daugavpils Vien\u012bbas pamatskola\",\"description\":\"\",\"potentialAction\":[{\"@type\":\"SearchAction\",\"target\":{\"@type\":\"EntryPoint\",\"urlTemplate\":\"https:\/\/vienibaspsk.lv\/?s={search_term_string}\"},\"query-input\":\"required name=search_term_string\"}],\"inLanguage\":\"lv-LV\"},{\"@type\":\"WebPage\",\"@id\":\"https:\/\/vienibaspsk.lv\/index.php\/par-skolu\/personals\/atbalsta-personals\/logopeds\/#webpage\",\"url\":\"https:\/\/vienibaspsk.lv\/index.php\/par-skolu\/personals\/atbalsta-personals\/logopeds\/\",\"name\":\"Logop\u0113ds - Daugavpils Vien\u012bbas pamatskola\",\"isPartOf\":{\"@id\":\"https:\/\/vienibaspsk.lv\/#website\"},\"datePublished\":\"2020-05-21T06:18:09+00:00\",\"dateModified\":\"2020-05-26T06:31:05+00:00\",\"breadcrumb\":{\"@id\":\"https:\/\/vienibaspsk.lv\/index.php\/par-skolu\/personals\/atbalsta-personals\/logopeds\/#breadcrumb\"},\"inLanguage\":\"lv-LV\",\"potentialAction\":[{\"@type\":\"ReadAction\",\"target\":[\"https:\/\/vienibaspsk.lv\/index.php\/par-skolu\/personals\/atbalsta-personals\/logopeds\/\"]}]},{\"@type\":\"BreadcrumbList\",\"@id\":\"https:\/\/vienibaspsk.lv\/index.php\/par-skolu\/personals\/atbalsta-personals\/logopeds\/#breadcrumb\",\"itemListElement\":[{\"@type\":\"ListItem\",\"position\":1,\"name\":\"Galven\u0101\",\"item\":\"https:\/\/vienibaspsk.lv\/\"},{\"@type\":\"ListItem\",\"position\":2,\"name\":\"Par skolu\",\"item\":\"https:\/\/vienibaspsk.lv\/index.php\/par-skolu\/\"},{\"@type\":\"ListItem\",\"position\":3,\"name\":\"Person\u0101ls\",\"item\":\"https:\/\/vienibaspsk.lv\/index.php\/par-skolu\/personals\/\"},{\"@type\":\"ListItem\",\"position\":4,\"name\":\"Atbalsta person\u0101ls\",\"item\":\"https:\/\/vienibaspsk.lv\/index.php\/par-skolu\/personals\/atbalsta-personals\/\"},{\"@type\":\"ListItem\",\"position\":5,\"name\":\"Logop\u0113ds\"}]}]}<\/script>\n<!-- \/ Yoast SEO plugin. -->","yoast_head_json":{"title":"Logop\u0113ds - Daugavpils Vien\u012bbas pamatskola","robots":{"index":"index","follow":"follow","max-snippet":"max-snippet:-1","max-image-preview":"max-image-preview:large","max-video-preview":"max-video-preview:-1"},"canonical":"https:\/\/vienibaspsk.lv\/index.php\/par-skolu\/personals\/atbalsta-personals\/logopeds\/","og_locale":"lv_LV","og_type":"article","og_title":"Logop\u0113ds - Daugavpils Vien\u012bbas pamatskola","og_description":"Statistika liecina, ka 15-20% pamatskolas 1.-4.kla\u0161u b\u0113rniem ir valodas un runas probl\u0113mas. Reiz\u0113m vec\u0101ki un apk\u0101rt\u0113jie nepamana valodas un runas trauc\u0113jumus b\u0113rniem. V\u0113rojami gad\u012bjumi, kad vec\u0101ki dom\u0101, ka ar laiku ...","og_url":"https:\/\/vienibaspsk.lv\/index.php\/par-skolu\/personals\/atbalsta-personals\/logopeds\/","og_site_name":"Daugavpils Vien\u012bbas pamatskola","article_modified_time":"2020-05-26T06:31:05+00:00","twitter_card":"summary_large_image","twitter_misc":{"Est. reading time":"1 min\u016bte"},"schema":{"@context":"https:\/\/schema.org","@graph":[{"@type":"WebSite","@id":"https:\/\/vienibaspsk.lv\/#website","url":"https:\/\/vienibaspsk.lv\/","name":"Daugavpils Vien\u012bbas pamatskola","description":"","potentialAction":[{"@type":"SearchAction","target":{"@type":"EntryPoint","urlTemplate":"https:\/\/vienibaspsk.lv\/?s={search_term_string}"},"query-input":"required name=search_term_string"}],"inLanguage":"lv-LV"},{"@type":"WebPage","@id":"https:\/\/vienibaspsk.lv\/index.php\/par-skolu\/personals\/atbalsta-personals\/logopeds\/#webpage","url":"https:\/\/vienibaspsk.lv\/index.php\/par-skolu\/personals\/atbalsta-personals\/logopeds\/","name":"Logop\u0113ds - Daugavpils Vien\u012bbas pamatskola","isPartOf":{"@id":"https:\/\/vienibaspsk.lv\/#website"},"datePublished":"2020-05-21T06:18:09+00:00","dateModified":"2020-05-26T06:31:05+00:00","breadcrumb":{"@id":"https:\/\/vienibaspsk.lv\/index.php\/par-skolu\/personals\/atbalsta-personals\/logopeds\/#breadcrumb"},"inLanguage":"lv-LV","potentialAction":[{"@type":"ReadAction","target":["https:\/\/vienibaspsk.lv\/index.php\/par-skolu\/personals\/atbalsta-personals\/logopeds\/"]}]},{"@type":"BreadcrumbList","@id":"https:\/\/vienibaspsk.lv\/index.php\/par-skolu\/personals\/atbalsta-personals\/logopeds\/#breadcrumb","itemListElement":[{"@type":"ListItem","position":1,"name":"Galven\u0101","item":"https:\/\/vienibaspsk.lv\/"},{"@type":"ListItem","position":2,"name":"Par skolu","item":"https:\/\/vienibaspsk.lv\/index.php\/par-skolu\/"},{"@type":"ListItem","position":3,"name":"Person\u0101ls","item":"https:\/\/vienibaspsk.lv\/index.php\/par-skolu\/personals\/"},{"@type":"ListItem","position":4,"name":"Atbalsta person\u0101ls","item":"https:\/\/vienibaspsk.lv\/index.php\/par-skolu\/personals\/atbalsta-personals\/"},{"@type":"ListItem","position":5,"name":"Logop\u0113ds"}]}]}},"_links":{"self":[{"href":"https:\/\/vienibaspsk.lv\/index.php\/wp-json\/wp\/v2\/pages\/145","targetHints":{"allow":["GET"]}}],"collection":[{"href":"https:\/\/vienibaspsk.lv\/index.php\/wp-json\/wp\/v2\/pages"}],"about":[{"href":"https:\/\/vienibaspsk.lv\/index.php\/wp-json\/wp\/v2\/types\/page"}],"author":[{"embeddable":true,"href":"https:\/\/vienibaspsk.lv\/index.php\/wp-json\/wp\/v2\/users\/2"}],"replies":[{"embeddable":true,"href":"https:\/\/vienibaspsk.lv\/index.php\/wp-json\/wp\/v2\/comments?post=145"}],"version-history":[{"count":4,"href":"https:\/\/vienibaspsk.lv\/index.php\/wp-json\/wp\/v2\/pages\/145\/revisions"}],"predecessor-version":[{"id":166,"href":"https:\/\/vienibaspsk.lv\/index.php\/wp-json\/wp\/v2\/pages\/145\/revisions\/166"}],"up":[{"embeddable":true,"href":"https:\/\/vienibaspsk.lv\/index.php\/wp-json\/wp\/v2\/pages\/142"}],"wp:attachment":[{"href":"https:\/\/vienibaspsk.lv\/index.php\/wp-json\/wp\/v2\/media?parent=145"}],"curies":[{"name":"wp","href":"https:\/\/api.w.org\/{rel}","templated":true}]}}