{"id":143,"date":"2020-05-21T06:18:09","date_gmt":"2020-05-21T06:18:09","guid":{"rendered":"http:\/\/vienibaspsk.lv\/wordpress\/?page_id=143"},"modified":"2020-05-26T06:31:38","modified_gmt":"2020-05-26T06:31:38","slug":"psihologs","status":"publish","type":"page","link":"https:\/\/vienibaspsk.lv\/index.php\/par-skolu\/personals\/atbalsta-personals\/psihologs\/","title":{"rendered":"Psihologs"},"content":{"rendered":"\n<p>Reiz\u0113m mums katram dz\u012bv\u0113 ir j\u0101saskaras ar k\u0101d\u0101m problem\u0101tisk\u0101m situ\u0101cij\u0101m, kad atbalstu un iedro\u0161in\u0101jumu m\u0113s varam sa\u0146emt profesion\u0101la psihologa konsult\u0101cij\u0101. Nereti cilv\u0113ki apmekl\u0113 psihologu, kad ir k\u0101di sare\u017e\u0123\u012bjumi ikdien\u0101, izj\u016btot emocion\u0101lu spriedzi, diskomfortu, pl\u0101nojot turpm\u0101ko dz\u012bvi. Psihologa pamatuzdevums ir pal\u012bdz\u0113t cilv\u0113kam veiksm\u012bg\u0101k orient\u0113ties da\u017e\u0101d\u0101s sare\u017e\u0123\u012bt\u0101s dz\u012bves situ\u0101cij\u0101s un rast izeju no t\u0101m. Psihologs ir cilv\u0113ks ar padzi\u013cin\u0101t\u0101m zin\u0101\u0161an\u0101m par cilv\u0113ku, cilv\u0113ka uzved\u012bbu, dom\u0101\u0161anas veidu, uzved\u012bbu un attiec\u012bb\u0101m ar citiem cilv\u0113kiem. Psihologs ir speci\u0101lists ar augst\u0101ko izgl\u012bt\u012bbu psiholo\u0123ij\u0101; cilv\u0113ks, kur\u0161 uzklausa, atbalsta un konsult\u0113 neskaidru jaut\u0101jumu vai dz\u012bves gr\u016bt\u012bbu gad\u012bjum\u0101. Cilv\u0113ki m\u0113dz apmekl\u0113t psihologu ar\u012b tad, ja vi\u0146iem nav \u012bpa\u0161u satraukumu, bet ir v\u0113l\u0113\u0161an\u0101s kaut ko main\u012bt sav\u0101 dz\u012bv\u0113; uzlabot attiec\u012bbas ar sev tuviem cilv\u0113kiem, k\u013c\u016bt emocion\u0101li tuv\u0101kiem ar saviem b\u0113rniem.<br><strong>Probl\u0113mas, ar kur\u0101m m\u0113dz griezties pie psihologa:<\/strong><\/p>\n\n\n\n<ul class=\"wp-block-list\"><li>stress,<\/li><li>spriedze,<\/li><li>nemiers,<\/li><li>p\u0101rdz\u012bvojumi,<\/li><li>b\u0113das,<\/li><li>depresija,<\/li><li>nom\u0101kts garast\u0101voklis,<\/li><li>panika,<\/li><li>bailes,<\/li><li>alkohola, narkotiku lieto\u0161ana u.c.<\/li><li>s\u0101pes,<\/li><li>savstarp\u0113jo attiec\u012bbu probl\u0113mas skol\u0101, \u0123imen\u0113,<\/li><li>b\u0113rnu uzved\u012bbas un discipl\u012bnas probl\u0113mas,<\/li><li>atmi\u0146as, intelektu\u0101lie trauc\u0113jumi,<\/li><li>pusaud\u017eu probl\u0113mas,<\/li><li>netic\u012bba sev, sav\u0101m sp\u0113j\u0101m,<\/li><li>domas par pa\u0161n\u0101v\u012bbu,<\/li><\/ul>\n\n\n\n<p><strong>K\u0101 pal\u012bdz psihologs un vai ir t\u016bl\u012bt\u0113js rezult\u0101ts?<\/strong><br>Psihologs sav\u0101 darb\u0101 izmanto da\u017e\u0101das metodes \u2013 gan konsult\u0113\u0161anu, gan nov\u0113ro\u0161anu, intervijas, psihodiagnostiku, praktiskas nodarb\u012bbas u.c., izv\u0113rt\u0113jot, kura metode b\u016btu vispiem\u0113rot\u0101k\u0101 katram konkr\u0113tam klientam. Psihologs ar\u012b pal\u012bdz klientam p\u0101rdom\u0101t savu dz\u012bves stilu, izprast ar to saist\u012bt\u0101s probl\u0113mas un pie\u0146emt l\u0113mumus. Cilv\u0113ki m\u0113dz dom\u0101t, ka, apmekl\u0113jot psihologu, rezult\u0101tam j\u0101b\u016bt t\u016bl\u012bt\u0113jam. Tom\u0113r vairum\u0101 probl\u0113mu gad\u012bjumos risin\u0101jums prasa ilgsto\u0161\u0101ku laika periodu. Sadarb\u012bb\u0101 ar psihologu n\u0101kas p\u0101rdz\u012bvot s\u0101p\u012bgu emocion\u0101lu pieredzi, kaut ko krasi main\u012bt sav\u0101 dz\u012bv\u0113, kas neb\u016bt nav viegli, bet, ja tas izdodas, rezult\u0101ti var b\u016bt ilgsto\u0161i un palieko\u0161i.<\/p>\n","protected":false},"excerpt":{"rendered":"<p>Reiz\u0113m mums katram dz\u012bv\u0113 ir j\u0101saskaras ar k\u0101d\u0101m problem\u0101tisk\u0101m situ\u0101cij\u0101m, kad atbalstu un iedro\u0161in\u0101jumu m\u0113s varam sa\u0146emt profesion\u0101la psihologa konsult\u0101cij\u0101. Nereti cilv\u0113ki apmekl\u0113 psihologu, kad ir k\u0101di sare\u017e\u0123\u012bjumi ikdien\u0101, izj\u016btot &#8230;<\/p>\n","protected":false},"author":2,"featured_media":0,"parent":142,"menu_order":0,"comment_status":"closed","ping_status":"closed","template":"","meta":{"_lmt_disableupdate":"","_lmt_disable":"","ngg_post_thumbnail":0,"footnotes":""},"class_list":["post-143","page","type-page","status-publish","hentry"],"yoast_head":"<!-- This site is optimized with the Yoast SEO plugin v18.3 - https:\/\/yoast.com\/wordpress\/plugins\/seo\/ -->\n<title>Psihologs - Daugavpils Vien\u012bbas pamatskola<\/title>\n<meta name=\"robots\" content=\"index, follow, max-snippet:-1, max-image-preview:large, max-video-preview:-1\" \/>\n<link rel=\"canonical\" href=\"https:\/\/vienibaspsk.lv\/index.php\/par-skolu\/personals\/atbalsta-personals\/psihologs\/\" \/>\n<meta property=\"og:locale\" content=\"lv_LV\" \/>\n<meta property=\"og:type\" content=\"article\" \/>\n<meta property=\"og:title\" content=\"Psihologs - Daugavpils Vien\u012bbas pamatskola\" \/>\n<meta property=\"og:description\" content=\"Reiz\u0113m mums katram dz\u012bv\u0113 ir j\u0101saskaras ar k\u0101d\u0101m problem\u0101tisk\u0101m situ\u0101cij\u0101m, kad atbalstu un iedro\u0161in\u0101jumu m\u0113s varam sa\u0146emt profesion\u0101la psihologa konsult\u0101cij\u0101. Nereti cilv\u0113ki apmekl\u0113 psihologu, kad ir k\u0101di sare\u017e\u0123\u012bjumi ikdien\u0101, izj\u016btot ...\" \/>\n<meta property=\"og:url\" content=\"https:\/\/vienibaspsk.lv\/index.php\/par-skolu\/personals\/atbalsta-personals\/psihologs\/\" \/>\n<meta property=\"og:site_name\" content=\"Daugavpils Vien\u012bbas pamatskola\" \/>\n<meta property=\"article:modified_time\" content=\"2020-05-26T06:31:38+00:00\" \/>\n<meta name=\"twitter:card\" content=\"summary_large_image\" \/>\n<meta name=\"twitter:label1\" content=\"Est. reading time\" \/>\n\t<meta name=\"twitter:data1\" content=\"2 min\u016btes\" \/>\n<script type=\"application\/ld+json\" class=\"yoast-schema-graph\">{\"@context\":\"https:\/\/schema.org\",\"@graph\":[{\"@type\":\"WebSite\",\"@id\":\"https:\/\/vienibaspsk.lv\/#website\",\"url\":\"https:\/\/vienibaspsk.lv\/\",\"name\":\"Daugavpils Vien\u012bbas pamatskola\",\"description\":\"\",\"potentialAction\":[{\"@type\":\"SearchAction\",\"target\":{\"@type\":\"EntryPoint\",\"urlTemplate\":\"https:\/\/vienibaspsk.lv\/?s={search_term_string}\"},\"query-input\":\"required name=search_term_string\"}],\"inLanguage\":\"lv-LV\"},{\"@type\":\"WebPage\",\"@id\":\"https:\/\/vienibaspsk.lv\/index.php\/par-skolu\/personals\/atbalsta-personals\/psihologs\/#webpage\",\"url\":\"https:\/\/vienibaspsk.lv\/index.php\/par-skolu\/personals\/atbalsta-personals\/psihologs\/\",\"name\":\"Psihologs - Daugavpils Vien\u012bbas pamatskola\",\"isPartOf\":{\"@id\":\"https:\/\/vienibaspsk.lv\/#website\"},\"datePublished\":\"2020-05-21T06:18:09+00:00\",\"dateModified\":\"2020-05-26T06:31:38+00:00\",\"breadcrumb\":{\"@id\":\"https:\/\/vienibaspsk.lv\/index.php\/par-skolu\/personals\/atbalsta-personals\/psihologs\/#breadcrumb\"},\"inLanguage\":\"lv-LV\",\"potentialAction\":[{\"@type\":\"ReadAction\",\"target\":[\"https:\/\/vienibaspsk.lv\/index.php\/par-skolu\/personals\/atbalsta-personals\/psihologs\/\"]}]},{\"@type\":\"BreadcrumbList\",\"@id\":\"https:\/\/vienibaspsk.lv\/index.php\/par-skolu\/personals\/atbalsta-personals\/psihologs\/#breadcrumb\",\"itemListElement\":[{\"@type\":\"ListItem\",\"position\":1,\"name\":\"Galven\u0101\",\"item\":\"https:\/\/vienibaspsk.lv\/\"},{\"@type\":\"ListItem\",\"position\":2,\"name\":\"Par skolu\",\"item\":\"https:\/\/vienibaspsk.lv\/index.php\/par-skolu\/\"},{\"@type\":\"ListItem\",\"position\":3,\"name\":\"Person\u0101ls\",\"item\":\"https:\/\/vienibaspsk.lv\/index.php\/par-skolu\/personals\/\"},{\"@type\":\"ListItem\",\"position\":4,\"name\":\"Atbalsta person\u0101ls\",\"item\":\"https:\/\/vienibaspsk.lv\/index.php\/par-skolu\/personals\/atbalsta-personals\/\"},{\"@type\":\"ListItem\",\"position\":5,\"name\":\"Psihologs\"}]}]}<\/script>\n<!-- \/ Yoast SEO plugin. -->","yoast_head_json":{"title":"Psihologs - Daugavpils Vien\u012bbas pamatskola","robots":{"index":"index","follow":"follow","max-snippet":"max-snippet:-1","max-image-preview":"max-image-preview:large","max-video-preview":"max-video-preview:-1"},"canonical":"https:\/\/vienibaspsk.lv\/index.php\/par-skolu\/personals\/atbalsta-personals\/psihologs\/","og_locale":"lv_LV","og_type":"article","og_title":"Psihologs - Daugavpils Vien\u012bbas pamatskola","og_description":"Reiz\u0113m mums katram dz\u012bv\u0113 ir j\u0101saskaras ar k\u0101d\u0101m problem\u0101tisk\u0101m situ\u0101cij\u0101m, kad atbalstu un iedro\u0161in\u0101jumu m\u0113s varam sa\u0146emt profesion\u0101la psihologa konsult\u0101cij\u0101. Nereti cilv\u0113ki apmekl\u0113 psihologu, kad ir k\u0101di sare\u017e\u0123\u012bjumi ikdien\u0101, izj\u016btot ...","og_url":"https:\/\/vienibaspsk.lv\/index.php\/par-skolu\/personals\/atbalsta-personals\/psihologs\/","og_site_name":"Daugavpils Vien\u012bbas pamatskola","article_modified_time":"2020-05-26T06:31:38+00:00","twitter_card":"summary_large_image","twitter_misc":{"Est. reading time":"2 min\u016btes"},"schema":{"@context":"https:\/\/schema.org","@graph":[{"@type":"WebSite","@id":"https:\/\/vienibaspsk.lv\/#website","url":"https:\/\/vienibaspsk.lv\/","name":"Daugavpils Vien\u012bbas pamatskola","description":"","potentialAction":[{"@type":"SearchAction","target":{"@type":"EntryPoint","urlTemplate":"https:\/\/vienibaspsk.lv\/?s={search_term_string}"},"query-input":"required name=search_term_string"}],"inLanguage":"lv-LV"},{"@type":"WebPage","@id":"https:\/\/vienibaspsk.lv\/index.php\/par-skolu\/personals\/atbalsta-personals\/psihologs\/#webpage","url":"https:\/\/vienibaspsk.lv\/index.php\/par-skolu\/personals\/atbalsta-personals\/psihologs\/","name":"Psihologs - Daugavpils Vien\u012bbas pamatskola","isPartOf":{"@id":"https:\/\/vienibaspsk.lv\/#website"},"datePublished":"2020-05-21T06:18:09+00:00","dateModified":"2020-05-26T06:31:38+00:00","breadcrumb":{"@id":"https:\/\/vienibaspsk.lv\/index.php\/par-skolu\/personals\/atbalsta-personals\/psihologs\/#breadcrumb"},"inLanguage":"lv-LV","potentialAction":[{"@type":"ReadAction","target":["https:\/\/vienibaspsk.lv\/index.php\/par-skolu\/personals\/atbalsta-personals\/psihologs\/"]}]},{"@type":"BreadcrumbList","@id":"https:\/\/vienibaspsk.lv\/index.php\/par-skolu\/personals\/atbalsta-personals\/psihologs\/#breadcrumb","itemListElement":[{"@type":"ListItem","position":1,"name":"Galven\u0101","item":"https:\/\/vienibaspsk.lv\/"},{"@type":"ListItem","position":2,"name":"Par skolu","item":"https:\/\/vienibaspsk.lv\/index.php\/par-skolu\/"},{"@type":"ListItem","position":3,"name":"Person\u0101ls","item":"https:\/\/vienibaspsk.lv\/index.php\/par-skolu\/personals\/"},{"@type":"ListItem","position":4,"name":"Atbalsta person\u0101ls","item":"https:\/\/vienibaspsk.lv\/index.php\/par-skolu\/personals\/atbalsta-personals\/"},{"@type":"ListItem","position":5,"name":"Psihologs"}]}]}},"_links":{"self":[{"href":"https:\/\/vienibaspsk.lv\/index.php\/wp-json\/wp\/v2\/pages\/143","targetHints":{"allow":["GET"]}}],"collection":[{"href":"https:\/\/vienibaspsk.lv\/index.php\/wp-json\/wp\/v2\/pages"}],"about":[{"href":"https:\/\/vienibaspsk.lv\/index.php\/wp-json\/wp\/v2\/types\/page"}],"author":[{"embeddable":true,"href":"https:\/\/vienibaspsk.lv\/index.php\/wp-json\/wp\/v2\/users\/2"}],"replies":[{"embeddable":true,"href":"https:\/\/vienibaspsk.lv\/index.php\/wp-json\/wp\/v2\/comments?post=143"}],"version-history":[{"count":2,"href":"https:\/\/vienibaspsk.lv\/index.php\/wp-json\/wp\/v2\/pages\/143\/revisions"}],"predecessor-version":[{"id":161,"href":"https:\/\/vienibaspsk.lv\/index.php\/wp-json\/wp\/v2\/pages\/143\/revisions\/161"}],"up":[{"embeddable":true,"href":"https:\/\/vienibaspsk.lv\/index.php\/wp-json\/wp\/v2\/pages\/142"}],"wp:attachment":[{"href":"https:\/\/vienibaspsk.lv\/index.php\/wp-json\/wp\/v2\/media?parent=143"}],"curies":[{"name":"wp","href":"https:\/\/api.w.org\/{rel}","templated":true}]}}