{"id":142,"date":"2020-05-21T06:18:09","date_gmt":"2020-05-21T06:18:09","guid":{"rendered":"http:\/\/vienibaspsk.lv\/wordpress\/?page_id=142"},"modified":"2025-08-11T16:46:14","modified_gmt":"2025-08-11T13:46:14","slug":"atbalsta-personals","status":"publish","type":"page","link":"https:\/\/vienibaspsk.lv\/index.php\/par-skolu\/personals\/atbalsta-personals\/","title":{"rendered":"Atbalsta person\u0101ls"},"content":{"rendered":"\r\n<p>Skol\u0101 str\u0101d\u0101 atbalsta person\u0101la sadarb\u012bbas komanda, kuras darb\u012bbas pamat\u0101 ir kompleksa pieeja probl\u0113mai, lai b\u0113rna probl\u0113mas var\u0113tu skat\u012bt veselum\u0101.<br><strong><em><br>Galvenais darb\u012bbas m\u0113r\u0137is<\/em><\/strong>&nbsp;\u2013 sniegt vispus\u012bgu atbalstu skol\u0113niem, vi\u0146u vec\u0101kiem, skolas darbiniekiem.<br><em><strong><br>Galvenie darb\u012bbas virzieni:<\/strong><\/em><br>iesp\u0113jamo m\u0101c\u012bbu gr\u016bt\u012bbu un uzved\u012bbas trauc\u0113jumu ra\u0161an\u0101s c\u0113lo\u0146u izp\u0113te (kr\u012bzes situ\u0101cijas, vardarb\u012bba, m\u0101c\u012b\u0161an\u0101s trauc\u0113jumi, psihisk\u0101s att\u012bst\u012bbas aizture, gar\u012bg\u0101s att\u012bst\u012bbas trauc\u0113jumi);<br>probl\u0113mu risin\u0101\u0161anas ce\u013cu mekl\u0113\u0161ana, sast\u0101dot konkr\u0113tu r\u012bc\u012bbas pl\u0101nu;<br>atbalsta person\u0101la pal\u012bdz\u012bba skol\u0113niem un vec\u0101kiem.<\/p>\r\n\r\n\r\n\r\n<p><em><strong>Atbalsta person\u0101la sadarb\u012bbas komanda:<\/strong><\/em><\/p>\r\n\r\n\r\n\r\n<ul class=\"wp-block-list\">\r\n<li>vad\u012bbas p\u0101rst\u0101vis<\/li>\r\n<li>skolas medm\u0101sa<\/li>\r\n<li><a href=\"https:\/\/vienibaspsk.lv\/index.php\/psihologs\/\">skolas psihologs<\/a><\/li>\r\n<li><a href=\"https:\/\/vienibaspsk.lv\/index.php\/socialais-pedagogs\/\">soci\u0101lais pedagogs<\/a><\/li>\r\n<li><a href=\"https:\/\/vienibaspsk.lv\/index.php\/logopeds\/\">logop\u0113ds<\/a><\/li>\r\n<li>speci\u0101lais pedagogs<\/li>\r\n<li><a href=\"https:\/\/vienibaspsk.lv\/index.php\/karjeras-konsultants\/\">karjeras konsultants<\/a><\/li>\r\n<\/ul>\r\n\r\n\r\n\r\n<p><em><strong>Darba procesa organiz\u0101cija:<\/strong><\/em><\/p>\r\n\r\n\r\n\r\n<ul class=\"wp-block-list\">\r\n<li>Grupa tiekas kop\u0101 un apsprie\u017e probl\u0113mu. Katrs komandas loceklis savas kompetences ietvaros mekl\u0113 probl\u0113mas r\u012bsin\u0101jumu.<\/li>\r\n<li>P\u0113c vajadz\u012bbas tiekas ar \u0123imeni.<\/li>\r\n<li>Tiek veidota skol\u0113na atbalsta karte, kur\u0101 inform\u0101ciju sniedz, iev\u0113rojot b\u0113rna ties\u012bbu aizsardz\u012bbu.<\/li>\r\n<li>Katras tik\u0161an\u0101s reizes s\u0101kum\u0101 tiek p\u0101rrun\u0101ta iepriek\u0161\u0113j\u0101 reiz\u0113 pie\u0146emto l\u0113mumu izpilde. Lemjot katru gad\u012bjumu individu\u0101li, komanda lemj, cik ilgi darbu turpin\u0101t. Darbu komand\u0101 organiz\u0113 tik ilgi, l\u012bdz skol\u0113ns ir sp\u0113j\u012bgs turpin\u0101t m\u0101c\u012bbas bez regul\u0101ra atbalsta.<\/li>\r\n<\/ul>\r\n\r\n\r\n\r\n<figure class=\"wp-block-table\"><\/figure>\r\n","protected":false},"excerpt":{"rendered":"<p>Skol\u0101 str\u0101d\u0101 atbalsta person\u0101la sadarb\u012bbas komanda, kuras darb\u012bbas pamat\u0101 ir kompleksa pieeja probl\u0113mai, lai b\u0113rna probl\u0113mas var\u0113tu skat\u012bt veselum\u0101.Galvenais darb\u012bbas m\u0113r\u0137is&nbsp;\u2013 sniegt vispus\u012bgu atbalstu skol\u0113niem, vi\u0146u vec\u0101kiem, skolas darbiniekiem.Galvenie darb\u012bbas &#8230;<\/p>\n","protected":false},"author":2,"featured_media":0,"parent":129,"menu_order":0,"comment_status":"closed","ping_status":"closed","template":"","meta":{"_lmt_disableupdate":"no","_lmt_disable":"","ngg_post_thumbnail":0,"footnotes":""},"class_list":["post-142","page","type-page","status-publish","hentry"],"yoast_head":"<!-- This site is optimized with the Yoast SEO plugin v18.3 - https:\/\/yoast.com\/wordpress\/plugins\/seo\/ -->\n<title>Atbalsta person\u0101ls - Daugavpils Vien\u012bbas pamatskola<\/title>\n<meta name=\"robots\" content=\"index, follow, max-snippet:-1, max-image-preview:large, max-video-preview:-1\" \/>\n<link rel=\"canonical\" href=\"https:\/\/vienibaspsk.lv\/index.php\/par-skolu\/personals\/atbalsta-personals\/\" \/>\n<meta property=\"og:locale\" content=\"lv_LV\" \/>\n<meta property=\"og:type\" content=\"article\" \/>\n<meta property=\"og:title\" content=\"Atbalsta person\u0101ls - Daugavpils Vien\u012bbas pamatskola\" \/>\n<meta property=\"og:description\" content=\"Skol\u0101 str\u0101d\u0101 atbalsta person\u0101la sadarb\u012bbas komanda, kuras darb\u012bbas pamat\u0101 ir kompleksa pieeja probl\u0113mai, lai b\u0113rna probl\u0113mas var\u0113tu skat\u012bt veselum\u0101.Galvenais darb\u012bbas m\u0113r\u0137is&nbsp;\u2013 sniegt vispus\u012bgu atbalstu skol\u0113niem, vi\u0146u vec\u0101kiem, skolas darbiniekiem.Galvenie darb\u012bbas ...\" \/>\n<meta property=\"og:url\" content=\"https:\/\/vienibaspsk.lv\/index.php\/par-skolu\/personals\/atbalsta-personals\/\" \/>\n<meta property=\"og:site_name\" content=\"Daugavpils Vien\u012bbas pamatskola\" \/>\n<meta property=\"article:modified_time\" content=\"2025-08-11T13:46:14+00:00\" \/>\n<meta name=\"twitter:card\" content=\"summary_large_image\" \/>\n<meta name=\"twitter:label1\" content=\"Est. reading time\" \/>\n\t<meta name=\"twitter:data1\" content=\"1 min\u016bte\" \/>\n<script type=\"application\/ld+json\" class=\"yoast-schema-graph\">{\"@context\":\"https:\/\/schema.org\",\"@graph\":[{\"@type\":\"WebSite\",\"@id\":\"https:\/\/vienibaspsk.lv\/#website\",\"url\":\"https:\/\/vienibaspsk.lv\/\",\"name\":\"Daugavpils Vien\u012bbas pamatskola\",\"description\":\"\",\"potentialAction\":[{\"@type\":\"SearchAction\",\"target\":{\"@type\":\"EntryPoint\",\"urlTemplate\":\"https:\/\/vienibaspsk.lv\/?s={search_term_string}\"},\"query-input\":\"required name=search_term_string\"}],\"inLanguage\":\"lv-LV\"},{\"@type\":\"WebPage\",\"@id\":\"https:\/\/vienibaspsk.lv\/index.php\/par-skolu\/personals\/atbalsta-personals\/#webpage\",\"url\":\"https:\/\/vienibaspsk.lv\/index.php\/par-skolu\/personals\/atbalsta-personals\/\",\"name\":\"Atbalsta person\u0101ls - Daugavpils Vien\u012bbas pamatskola\",\"isPartOf\":{\"@id\":\"https:\/\/vienibaspsk.lv\/#website\"},\"datePublished\":\"2020-05-21T06:18:09+00:00\",\"dateModified\":\"2025-08-11T13:46:14+00:00\",\"breadcrumb\":{\"@id\":\"https:\/\/vienibaspsk.lv\/index.php\/par-skolu\/personals\/atbalsta-personals\/#breadcrumb\"},\"inLanguage\":\"lv-LV\",\"potentialAction\":[{\"@type\":\"ReadAction\",\"target\":[\"https:\/\/vienibaspsk.lv\/index.php\/par-skolu\/personals\/atbalsta-personals\/\"]}]},{\"@type\":\"BreadcrumbList\",\"@id\":\"https:\/\/vienibaspsk.lv\/index.php\/par-skolu\/personals\/atbalsta-personals\/#breadcrumb\",\"itemListElement\":[{\"@type\":\"ListItem\",\"position\":1,\"name\":\"Galven\u0101\",\"item\":\"https:\/\/vienibaspsk.lv\/\"},{\"@type\":\"ListItem\",\"position\":2,\"name\":\"Par skolu\",\"item\":\"https:\/\/vienibaspsk.lv\/index.php\/par-skolu\/\"},{\"@type\":\"ListItem\",\"position\":3,\"name\":\"Person\u0101ls\",\"item\":\"https:\/\/vienibaspsk.lv\/index.php\/par-skolu\/personals\/\"},{\"@type\":\"ListItem\",\"position\":4,\"name\":\"Atbalsta person\u0101ls\"}]}]}<\/script>\n<!-- \/ Yoast SEO plugin. -->","yoast_head_json":{"title":"Atbalsta person\u0101ls - Daugavpils Vien\u012bbas pamatskola","robots":{"index":"index","follow":"follow","max-snippet":"max-snippet:-1","max-image-preview":"max-image-preview:large","max-video-preview":"max-video-preview:-1"},"canonical":"https:\/\/vienibaspsk.lv\/index.php\/par-skolu\/personals\/atbalsta-personals\/","og_locale":"lv_LV","og_type":"article","og_title":"Atbalsta person\u0101ls - Daugavpils Vien\u012bbas pamatskola","og_description":"Skol\u0101 str\u0101d\u0101 atbalsta person\u0101la sadarb\u012bbas komanda, kuras darb\u012bbas pamat\u0101 ir kompleksa pieeja probl\u0113mai, lai b\u0113rna probl\u0113mas var\u0113tu skat\u012bt veselum\u0101.Galvenais darb\u012bbas m\u0113r\u0137is&nbsp;\u2013 sniegt vispus\u012bgu atbalstu skol\u0113niem, vi\u0146u vec\u0101kiem, skolas darbiniekiem.Galvenie darb\u012bbas ...","og_url":"https:\/\/vienibaspsk.lv\/index.php\/par-skolu\/personals\/atbalsta-personals\/","og_site_name":"Daugavpils Vien\u012bbas pamatskola","article_modified_time":"2025-08-11T13:46:14+00:00","twitter_card":"summary_large_image","twitter_misc":{"Est. reading time":"1 min\u016bte"},"schema":{"@context":"https:\/\/schema.org","@graph":[{"@type":"WebSite","@id":"https:\/\/vienibaspsk.lv\/#website","url":"https:\/\/vienibaspsk.lv\/","name":"Daugavpils Vien\u012bbas pamatskola","description":"","potentialAction":[{"@type":"SearchAction","target":{"@type":"EntryPoint","urlTemplate":"https:\/\/vienibaspsk.lv\/?s={search_term_string}"},"query-input":"required name=search_term_string"}],"inLanguage":"lv-LV"},{"@type":"WebPage","@id":"https:\/\/vienibaspsk.lv\/index.php\/par-skolu\/personals\/atbalsta-personals\/#webpage","url":"https:\/\/vienibaspsk.lv\/index.php\/par-skolu\/personals\/atbalsta-personals\/","name":"Atbalsta person\u0101ls - Daugavpils Vien\u012bbas pamatskola","isPartOf":{"@id":"https:\/\/vienibaspsk.lv\/#website"},"datePublished":"2020-05-21T06:18:09+00:00","dateModified":"2025-08-11T13:46:14+00:00","breadcrumb":{"@id":"https:\/\/vienibaspsk.lv\/index.php\/par-skolu\/personals\/atbalsta-personals\/#breadcrumb"},"inLanguage":"lv-LV","potentialAction":[{"@type":"ReadAction","target":["https:\/\/vienibaspsk.lv\/index.php\/par-skolu\/personals\/atbalsta-personals\/"]}]},{"@type":"BreadcrumbList","@id":"https:\/\/vienibaspsk.lv\/index.php\/par-skolu\/personals\/atbalsta-personals\/#breadcrumb","itemListElement":[{"@type":"ListItem","position":1,"name":"Galven\u0101","item":"https:\/\/vienibaspsk.lv\/"},{"@type":"ListItem","position":2,"name":"Par skolu","item":"https:\/\/vienibaspsk.lv\/index.php\/par-skolu\/"},{"@type":"ListItem","position":3,"name":"Person\u0101ls","item":"https:\/\/vienibaspsk.lv\/index.php\/par-skolu\/personals\/"},{"@type":"ListItem","position":4,"name":"Atbalsta person\u0101ls"}]}]}},"_links":{"self":[{"href":"https:\/\/vienibaspsk.lv\/index.php\/wp-json\/wp\/v2\/pages\/142","targetHints":{"allow":["GET"]}}],"collection":[{"href":"https:\/\/vienibaspsk.lv\/index.php\/wp-json\/wp\/v2\/pages"}],"about":[{"href":"https:\/\/vienibaspsk.lv\/index.php\/wp-json\/wp\/v2\/types\/page"}],"author":[{"embeddable":true,"href":"https:\/\/vienibaspsk.lv\/index.php\/wp-json\/wp\/v2\/users\/2"}],"replies":[{"embeddable":true,"href":"https:\/\/vienibaspsk.lv\/index.php\/wp-json\/wp\/v2\/comments?post=142"}],"version-history":[{"count":7,"href":"https:\/\/vienibaspsk.lv\/index.php\/wp-json\/wp\/v2\/pages\/142\/revisions"}],"predecessor-version":[{"id":10526,"href":"https:\/\/vienibaspsk.lv\/index.php\/wp-json\/wp\/v2\/pages\/142\/revisions\/10526"}],"up":[{"embeddable":true,"href":"https:\/\/vienibaspsk.lv\/index.php\/wp-json\/wp\/v2\/pages\/129"}],"wp:attachment":[{"href":"https:\/\/vienibaspsk.lv\/index.php\/wp-json\/wp\/v2\/media?parent=142"}],"curies":[{"name":"wp","href":"https:\/\/api.w.org\/{rel}","templated":true}]}}