{"id":141,"date":"2020-05-21T06:18:09","date_gmt":"2020-05-21T06:18:09","guid":{"rendered":"http:\/\/vienibaspsk.lv\/wordpress\/?page_id=141"},"modified":"2023-10-26T11:50:47","modified_gmt":"2023-10-26T08:50:47","slug":"pedagogi","status":"publish","type":"page","link":"https:\/\/vienibaspsk.lv\/index.php\/par-skolu\/personals\/pedagogi\/","title":{"rendered":"Pedagogi"},"content":{"rendered":"\r\n<p><span style=\"color: #000000;\">Skol\u0101 visiem skolot\u0101jiem visiem ir augst\u0101k\u0101 izgl\u012bt\u012bba, 24 skolot\u0101ji ieguvu\u0161i ma\u0123istra gr\u0101du pedago\u0123ij\u0101 un izgl\u012bt\u012bbas zin\u0101tn\u0113 vai sav\u0101 priek\u0161met\u0101. Skola atbalsta iek\u013caujo\u0161\u0101s izgl\u012bt\u012bbas idejas un t\u0101s ar\u012b realize. Vair\u0101ki pedagogi vada t\u0101l\u0101kizgl\u012bt\u012bbas kursus kol\u0113\u0123iem, ir prakses vad\u012bt\u0101ji DU studentiem. Visi skolot\u0101ji regul\u0101ri apmekl\u0113 t\u0101l\u0101kizgl\u012bt\u012bbas kursus, ieg\u016bt\u0101s zin\u0101\u0161anas sekm\u012bgi ievie\u0161 sav\u0101 ikdienas darb\u0101.<\/span><\/p>\r\n<p><span style=\"color: #000000;\">\r\n\r\n<\/span><\/p>\r\n<p><span style=\"color: #000000;\"><em><strong>Pedagogu kolekt\u012bvs:<\/strong><\/em><\/span><\/p>\r\n\r\n\r\n\r\n<ul class=\"wp-block-list\">\r\n<li><a href=\"https:\/\/vienibaspsk.lv\/index.php\/par-skolu\/personals\/pedagogi\/sakumskolas-skolotajas\/\">S\u0101kumskolas joma<\/a><\/li>\r\n<li><a href=\"https:\/\/vienibaspsk.lv\/index.php\/par-skolu\/personals\/pedagogi\/latviesu-valodas-un-literaturas-skolotajas\/\">Valodu joma<\/a><\/li>\r\n<li><a href=\"https:\/\/vienibaspsk.lv\/index.php\/par-skolu\/personals\/pedagogi\/matematikas-dabaszinatnu-un-informatikas-skolotajas\/\">Matem\u0101tikas un tehnolo\u0123iju joma<\/a><\/li>\r\n<li><a href=\"https:\/\/vienibaspsk.lv\/index.php\/par-skolu\/personals\/pedagogi\/socialo-zinatnu-jomas-skolotajas\/\">Kult\u016bras un pa\u0161izpausmes, vesel\u012bbas un fizik\u0101s aktivit\u0101tes, soci\u0101l\u0101 un pilsonisk\u0101 joma<\/a><\/li>\r\n<li><a href=\"https:\/\/vienibaspsk.lv\/index.php\/ieklaujosas-izglitibas-atbalsta-joma\/\">Iek\u013caujo\u0161\u0101s izgl\u012bt\u012bbas atbalsta joma<\/a><\/li>\r\n<li><a href=\"https:\/\/vienibaspsk.lv\/index.php\/par-skolu\/personals\/pedagogi\/makslu-jomas-skolotajas\/\">Kla\u0161u audzin\u0101t\u0101ju un v\u0113rt\u012bbizgl\u012bt\u012bbas joma<\/a><\/li>\r\n<\/ul>\r\n","protected":false},"excerpt":{"rendered":"<p>Skol\u0101 visiem skolot\u0101jiem visiem ir augst\u0101k\u0101 izgl\u012bt\u012bba, 24 skolot\u0101ji ieguvu\u0161i ma\u0123istra gr\u0101du pedago\u0123ij\u0101 un izgl\u012bt\u012bbas zin\u0101tn\u0113 vai sav\u0101 priek\u0161met\u0101. Skola atbalsta iek\u013caujo\u0161\u0101s izgl\u012bt\u012bbas idejas un t\u0101s ar\u012b realize. Vair\u0101ki pedagogi &#8230;<\/p>\n","protected":false},"author":2,"featured_media":0,"parent":129,"menu_order":0,"comment_status":"closed","ping_status":"closed","template":"","meta":{"_lmt_disableupdate":"no","_lmt_disable":"","ngg_post_thumbnail":0,"footnotes":""},"class_list":["post-141","page","type-page","status-publish","hentry"],"yoast_head":"<!-- This site is optimized with the Yoast SEO plugin v18.3 - https:\/\/yoast.com\/wordpress\/plugins\/seo\/ -->\n<title>Pedagogi - Daugavpils Vien\u012bbas pamatskola<\/title>\n<meta name=\"robots\" content=\"index, follow, max-snippet:-1, max-image-preview:large, max-video-preview:-1\" \/>\n<link rel=\"canonical\" href=\"https:\/\/vienibaspsk.lv\/index.php\/par-skolu\/personals\/pedagogi\/\" \/>\n<meta property=\"og:locale\" content=\"lv_LV\" \/>\n<meta property=\"og:type\" content=\"article\" \/>\n<meta property=\"og:title\" content=\"Pedagogi - Daugavpils Vien\u012bbas pamatskola\" \/>\n<meta property=\"og:description\" content=\"Skol\u0101 visiem skolot\u0101jiem visiem ir augst\u0101k\u0101 izgl\u012bt\u012bba, 24 skolot\u0101ji ieguvu\u0161i ma\u0123istra gr\u0101du pedago\u0123ij\u0101 un izgl\u012bt\u012bbas zin\u0101tn\u0113 vai sav\u0101 priek\u0161met\u0101. Skola atbalsta iek\u013caujo\u0161\u0101s izgl\u012bt\u012bbas idejas un t\u0101s ar\u012b realize. Vair\u0101ki pedagogi ...\" \/>\n<meta property=\"og:url\" content=\"https:\/\/vienibaspsk.lv\/index.php\/par-skolu\/personals\/pedagogi\/\" \/>\n<meta property=\"og:site_name\" content=\"Daugavpils Vien\u012bbas pamatskola\" \/>\n<meta property=\"article:modified_time\" content=\"2023-10-26T08:50:47+00:00\" \/>\n<meta name=\"twitter:card\" content=\"summary_large_image\" \/>\n<meta name=\"twitter:label1\" content=\"Est. reading time\" \/>\n\t<meta name=\"twitter:data1\" content=\"1 min\u016bte\" \/>\n<script type=\"application\/ld+json\" class=\"yoast-schema-graph\">{\"@context\":\"https:\/\/schema.org\",\"@graph\":[{\"@type\":\"WebSite\",\"@id\":\"https:\/\/vienibaspsk.lv\/#website\",\"url\":\"https:\/\/vienibaspsk.lv\/\",\"name\":\"Daugavpils Vien\u012bbas pamatskola\",\"description\":\"\",\"potentialAction\":[{\"@type\":\"SearchAction\",\"target\":{\"@type\":\"EntryPoint\",\"urlTemplate\":\"https:\/\/vienibaspsk.lv\/?s={search_term_string}\"},\"query-input\":\"required name=search_term_string\"}],\"inLanguage\":\"lv-LV\"},{\"@type\":\"WebPage\",\"@id\":\"https:\/\/vienibaspsk.lv\/index.php\/par-skolu\/personals\/pedagogi\/#webpage\",\"url\":\"https:\/\/vienibaspsk.lv\/index.php\/par-skolu\/personals\/pedagogi\/\",\"name\":\"Pedagogi - Daugavpils Vien\u012bbas pamatskola\",\"isPartOf\":{\"@id\":\"https:\/\/vienibaspsk.lv\/#website\"},\"datePublished\":\"2020-05-21T06:18:09+00:00\",\"dateModified\":\"2023-10-26T08:50:47+00:00\",\"breadcrumb\":{\"@id\":\"https:\/\/vienibaspsk.lv\/index.php\/par-skolu\/personals\/pedagogi\/#breadcrumb\"},\"inLanguage\":\"lv-LV\",\"potentialAction\":[{\"@type\":\"ReadAction\",\"target\":[\"https:\/\/vienibaspsk.lv\/index.php\/par-skolu\/personals\/pedagogi\/\"]}]},{\"@type\":\"BreadcrumbList\",\"@id\":\"https:\/\/vienibaspsk.lv\/index.php\/par-skolu\/personals\/pedagogi\/#breadcrumb\",\"itemListElement\":[{\"@type\":\"ListItem\",\"position\":1,\"name\":\"Galven\u0101\",\"item\":\"https:\/\/vienibaspsk.lv\/\"},{\"@type\":\"ListItem\",\"position\":2,\"name\":\"Par skolu\",\"item\":\"https:\/\/vienibaspsk.lv\/index.php\/par-skolu\/\"},{\"@type\":\"ListItem\",\"position\":3,\"name\":\"Person\u0101ls\",\"item\":\"https:\/\/vienibaspsk.lv\/index.php\/par-skolu\/personals\/\"},{\"@type\":\"ListItem\",\"position\":4,\"name\":\"Pedagogi\"}]}]}<\/script>\n<!-- \/ Yoast SEO plugin. -->","yoast_head_json":{"title":"Pedagogi - Daugavpils Vien\u012bbas pamatskola","robots":{"index":"index","follow":"follow","max-snippet":"max-snippet:-1","max-image-preview":"max-image-preview:large","max-video-preview":"max-video-preview:-1"},"canonical":"https:\/\/vienibaspsk.lv\/index.php\/par-skolu\/personals\/pedagogi\/","og_locale":"lv_LV","og_type":"article","og_title":"Pedagogi - Daugavpils Vien\u012bbas pamatskola","og_description":"Skol\u0101 visiem skolot\u0101jiem visiem ir augst\u0101k\u0101 izgl\u012bt\u012bba, 24 skolot\u0101ji ieguvu\u0161i ma\u0123istra gr\u0101du pedago\u0123ij\u0101 un izgl\u012bt\u012bbas zin\u0101tn\u0113 vai sav\u0101 priek\u0161met\u0101. Skola atbalsta iek\u013caujo\u0161\u0101s izgl\u012bt\u012bbas idejas un t\u0101s ar\u012b realize. Vair\u0101ki pedagogi ...","og_url":"https:\/\/vienibaspsk.lv\/index.php\/par-skolu\/personals\/pedagogi\/","og_site_name":"Daugavpils Vien\u012bbas pamatskola","article_modified_time":"2023-10-26T08:50:47+00:00","twitter_card":"summary_large_image","twitter_misc":{"Est. reading time":"1 min\u016bte"},"schema":{"@context":"https:\/\/schema.org","@graph":[{"@type":"WebSite","@id":"https:\/\/vienibaspsk.lv\/#website","url":"https:\/\/vienibaspsk.lv\/","name":"Daugavpils Vien\u012bbas pamatskola","description":"","potentialAction":[{"@type":"SearchAction","target":{"@type":"EntryPoint","urlTemplate":"https:\/\/vienibaspsk.lv\/?s={search_term_string}"},"query-input":"required name=search_term_string"}],"inLanguage":"lv-LV"},{"@type":"WebPage","@id":"https:\/\/vienibaspsk.lv\/index.php\/par-skolu\/personals\/pedagogi\/#webpage","url":"https:\/\/vienibaspsk.lv\/index.php\/par-skolu\/personals\/pedagogi\/","name":"Pedagogi - Daugavpils Vien\u012bbas pamatskola","isPartOf":{"@id":"https:\/\/vienibaspsk.lv\/#website"},"datePublished":"2020-05-21T06:18:09+00:00","dateModified":"2023-10-26T08:50:47+00:00","breadcrumb":{"@id":"https:\/\/vienibaspsk.lv\/index.php\/par-skolu\/personals\/pedagogi\/#breadcrumb"},"inLanguage":"lv-LV","potentialAction":[{"@type":"ReadAction","target":["https:\/\/vienibaspsk.lv\/index.php\/par-skolu\/personals\/pedagogi\/"]}]},{"@type":"BreadcrumbList","@id":"https:\/\/vienibaspsk.lv\/index.php\/par-skolu\/personals\/pedagogi\/#breadcrumb","itemListElement":[{"@type":"ListItem","position":1,"name":"Galven\u0101","item":"https:\/\/vienibaspsk.lv\/"},{"@type":"ListItem","position":2,"name":"Par skolu","item":"https:\/\/vienibaspsk.lv\/index.php\/par-skolu\/"},{"@type":"ListItem","position":3,"name":"Person\u0101ls","item":"https:\/\/vienibaspsk.lv\/index.php\/par-skolu\/personals\/"},{"@type":"ListItem","position":4,"name":"Pedagogi"}]}]}},"_links":{"self":[{"href":"https:\/\/vienibaspsk.lv\/index.php\/wp-json\/wp\/v2\/pages\/141","targetHints":{"allow":["GET"]}}],"collection":[{"href":"https:\/\/vienibaspsk.lv\/index.php\/wp-json\/wp\/v2\/pages"}],"about":[{"href":"https:\/\/vienibaspsk.lv\/index.php\/wp-json\/wp\/v2\/types\/page"}],"author":[{"embeddable":true,"href":"https:\/\/vienibaspsk.lv\/index.php\/wp-json\/wp\/v2\/users\/2"}],"replies":[{"embeddable":true,"href":"https:\/\/vienibaspsk.lv\/index.php\/wp-json\/wp\/v2\/comments?post=141"}],"version-history":[{"count":9,"href":"https:\/\/vienibaspsk.lv\/index.php\/wp-json\/wp\/v2\/pages\/141\/revisions"}],"predecessor-version":[{"id":7318,"href":"https:\/\/vienibaspsk.lv\/index.php\/wp-json\/wp\/v2\/pages\/141\/revisions\/7318"}],"up":[{"embeddable":true,"href":"https:\/\/vienibaspsk.lv\/index.php\/wp-json\/wp\/v2\/pages\/129"}],"wp:attachment":[{"href":"https:\/\/vienibaspsk.lv\/index.php\/wp-json\/wp\/v2\/media?parent=141"}],"curies":[{"name":"wp","href":"https:\/\/api.w.org\/{rel}","templated":true}]}}