{"id":139,"date":"2020-05-21T06:18:09","date_gmt":"2020-05-21T06:18:09","guid":{"rendered":"http:\/\/vienibaspsk.lv\/wordpress\/?page_id=139"},"modified":"2025-09-04T16:21:38","modified_gmt":"2025-09-04T13:21:38","slug":"skolas-vadiba","status":"publish","type":"page","link":"https:\/\/vienibaspsk.lv\/index.php\/par-skolu\/personals\/skolas-vadiba\/","title":{"rendered":"Skolas vad\u012bba"},"content":{"rendered":"\r\n<p><strong>Daugavpils&nbsp;Vien\u012bbas pamatskolas direktore Ruta Anspoka,&nbsp;<br><\/strong><a href=\"mailto:ruta.anspoka@vienibaspsk.lv\">ruta.anspoka@vienibaspsk.lv<\/a><br>apmekl\u0113t\u0101ju pie\u0146em\u0161anas laiks: iepriek\u0161 vienojoties<\/p>\r\n<p><strong>Direktores vietniece izgl\u012bt\u012bbas jom\u0101 (m\u0101c\u012bbu darbs) Di\u0101na Mel\u0101ne &#8211; Gri\u0146oka,<br><\/strong><a href=\"mailto:diana.melane-grinoka@vienibaspsk.lv\">diana.melane-grinoka@vienibaspsk.lv<\/a><br>apmekl\u0113t\u0101ju pie\u0146em\u0161anas laiks: iepriek\u0161 vienojoties<\/p>\r\n<p><strong>Direktores vietniece izgl\u012bt\u012bbas jom\u0101 (audzin\u0101\u0161anas darbs) \u0112rika Locika,<br><\/strong><a href=\"mailto:erika.locika@vienibaspsk.lv\" target=\"_blank\" rel=\"noopener\">erika.locika@vienibaspsk.lv<br><\/a>apmekl\u0113t\u0101ju pie\u0146em\u0161anas laiks: iepriek\u0161 vienojoties<\/p>\r\n<p><strong>Direktores vietniece izgl\u012bt\u012bbas jom\u0101 (papla\u0161in\u0101t\u0101 pieredze) Biruta Ivanova,<br><\/strong><a href=\"mailto:biruta.ivanova@vienibaspsk.lv\">biruta.ivanova@vienibaspsk.lv<\/a><br>apmekl\u0113t\u0101ju pie\u0146em\u0161anas laiks: iepriek\u0161 vienojoties<\/p>\r\n<p><strong>Direktores vietniece izgl\u012bt\u012bbas jom\u0101 (m\u0101c\u012bbu procesa organiz\u0101cija) Lilita Razminovi\u010da,<br><\/strong><a href=\"mailto:lilita.razminovica@vienibaspsk.lv\" target=\"_blank\" rel=\"noopener\">lilita.razminovica@vienibaspsk.lv<\/a><\/p>\r\n<p><strong>Direktores vietniece izgl\u012bt\u012bbas jom\u0101 (inform\u0101ciju tehnolo\u0123ijas) Al\u012bna Ivanova,<br><\/strong><a href=\"mailto:alina.ivanova@vienibaspsk.lv\" target=\"_blank\" rel=\"noopener\">alina.ivanova@vienibaspsk.lv<\/a><\/p>\r\n<p><strong>Direktores vietniece administrat\u012bvi saimnieciskaj\u0101 darb\u0101 Evija Lazd\u0101ne,<br><\/strong><a href=\"mailto:evija.lazdane@vienibaspsk.lv\" target=\"_blank\" rel=\"noopener\">evija.lazdane@vienibaspsk.lv<\/a><\/p>\r\n","protected":false},"excerpt":{"rendered":"<p>Daugavpils&nbsp;Vien\u012bbas pamatskolas direktore Ruta Anspoka,&nbsp;ruta.anspoka@vienibaspsk.lvapmekl\u0113t\u0101ju pie\u0146em\u0161anas laiks: iepriek\u0161 vienojoties Direktores vietniece izgl\u012bt\u012bbas jom\u0101 (m\u0101c\u012bbu darbs) Di\u0101na Mel\u0101ne &#8211; Gri\u0146oka,diana.melane-grinoka@vienibaspsk.lvapmekl\u0113t\u0101ju pie\u0146em\u0161anas laiks: iepriek\u0161 vienojoties Direktores vietniece izgl\u012bt\u012bbas jom\u0101 (audzin\u0101\u0161anas darbs) \u0112rika &#8230;<\/p>\n","protected":false},"author":2,"featured_media":0,"parent":129,"menu_order":0,"comment_status":"closed","ping_status":"closed","template":"","meta":{"_lmt_disableupdate":"no","_lmt_disable":"","ngg_post_thumbnail":0,"footnotes":""},"class_list":["post-139","page","type-page","status-publish","hentry"],"yoast_head":"<!-- This site is optimized with the Yoast SEO plugin v18.3 - https:\/\/yoast.com\/wordpress\/plugins\/seo\/ -->\n<title>Skolas vad\u012bba - Daugavpils Vien\u012bbas pamatskola<\/title>\n<meta name=\"robots\" content=\"index, follow, max-snippet:-1, max-image-preview:large, max-video-preview:-1\" \/>\n<link rel=\"canonical\" href=\"https:\/\/vienibaspsk.lv\/index.php\/par-skolu\/personals\/skolas-vadiba\/\" \/>\n<meta property=\"og:locale\" content=\"lv_LV\" \/>\n<meta property=\"og:type\" content=\"article\" \/>\n<meta property=\"og:title\" content=\"Skolas vad\u012bba - Daugavpils Vien\u012bbas pamatskola\" \/>\n<meta property=\"og:description\" content=\"Daugavpils&nbsp;Vien\u012bbas pamatskolas direktore Ruta Anspoka,&nbsp;ruta.anspoka@vienibaspsk.lvapmekl\u0113t\u0101ju pie\u0146em\u0161anas laiks: iepriek\u0161 vienojoties Direktores vietniece izgl\u012bt\u012bbas jom\u0101 (m\u0101c\u012bbu darbs) Di\u0101na Mel\u0101ne &#8211; Gri\u0146oka,diana.melane-grinoka@vienibaspsk.lvapmekl\u0113t\u0101ju pie\u0146em\u0161anas laiks: iepriek\u0161 vienojoties Direktores vietniece izgl\u012bt\u012bbas jom\u0101 (audzin\u0101\u0161anas darbs) \u0112rika ...\" \/>\n<meta property=\"og:url\" content=\"https:\/\/vienibaspsk.lv\/index.php\/par-skolu\/personals\/skolas-vadiba\/\" \/>\n<meta property=\"og:site_name\" content=\"Daugavpils Vien\u012bbas pamatskola\" \/>\n<meta property=\"article:modified_time\" content=\"2025-09-04T13:21:38+00:00\" \/>\n<meta name=\"twitter:card\" content=\"summary_large_image\" \/>\n<meta name=\"twitter:label1\" content=\"Est. reading time\" \/>\n\t<meta name=\"twitter:data1\" content=\"1 min\u016bte\" \/>\n<script type=\"application\/ld+json\" class=\"yoast-schema-graph\">{\"@context\":\"https:\/\/schema.org\",\"@graph\":[{\"@type\":\"WebSite\",\"@id\":\"https:\/\/vienibaspsk.lv\/#website\",\"url\":\"https:\/\/vienibaspsk.lv\/\",\"name\":\"Daugavpils Vien\u012bbas pamatskola\",\"description\":\"\",\"potentialAction\":[{\"@type\":\"SearchAction\",\"target\":{\"@type\":\"EntryPoint\",\"urlTemplate\":\"https:\/\/vienibaspsk.lv\/?s={search_term_string}\"},\"query-input\":\"required name=search_term_string\"}],\"inLanguage\":\"lv-LV\"},{\"@type\":\"WebPage\",\"@id\":\"https:\/\/vienibaspsk.lv\/index.php\/par-skolu\/personals\/skolas-vadiba\/#webpage\",\"url\":\"https:\/\/vienibaspsk.lv\/index.php\/par-skolu\/personals\/skolas-vadiba\/\",\"name\":\"Skolas vad\u012bba - Daugavpils Vien\u012bbas pamatskola\",\"isPartOf\":{\"@id\":\"https:\/\/vienibaspsk.lv\/#website\"},\"datePublished\":\"2020-05-21T06:18:09+00:00\",\"dateModified\":\"2025-09-04T13:21:38+00:00\",\"breadcrumb\":{\"@id\":\"https:\/\/vienibaspsk.lv\/index.php\/par-skolu\/personals\/skolas-vadiba\/#breadcrumb\"},\"inLanguage\":\"lv-LV\",\"potentialAction\":[{\"@type\":\"ReadAction\",\"target\":[\"https:\/\/vienibaspsk.lv\/index.php\/par-skolu\/personals\/skolas-vadiba\/\"]}]},{\"@type\":\"BreadcrumbList\",\"@id\":\"https:\/\/vienibaspsk.lv\/index.php\/par-skolu\/personals\/skolas-vadiba\/#breadcrumb\",\"itemListElement\":[{\"@type\":\"ListItem\",\"position\":1,\"name\":\"Galven\u0101\",\"item\":\"https:\/\/vienibaspsk.lv\/\"},{\"@type\":\"ListItem\",\"position\":2,\"name\":\"Par skolu\",\"item\":\"https:\/\/vienibaspsk.lv\/index.php\/par-skolu\/\"},{\"@type\":\"ListItem\",\"position\":3,\"name\":\"Person\u0101ls\",\"item\":\"https:\/\/vienibaspsk.lv\/index.php\/par-skolu\/personals\/\"},{\"@type\":\"ListItem\",\"position\":4,\"name\":\"Skolas vad\u012bba\"}]}]}<\/script>\n<!-- \/ Yoast SEO plugin. -->","yoast_head_json":{"title":"Skolas vad\u012bba - Daugavpils Vien\u012bbas pamatskola","robots":{"index":"index","follow":"follow","max-snippet":"max-snippet:-1","max-image-preview":"max-image-preview:large","max-video-preview":"max-video-preview:-1"},"canonical":"https:\/\/vienibaspsk.lv\/index.php\/par-skolu\/personals\/skolas-vadiba\/","og_locale":"lv_LV","og_type":"article","og_title":"Skolas vad\u012bba - Daugavpils Vien\u012bbas pamatskola","og_description":"Daugavpils&nbsp;Vien\u012bbas pamatskolas direktore Ruta Anspoka,&nbsp;ruta.anspoka@vienibaspsk.lvapmekl\u0113t\u0101ju pie\u0146em\u0161anas laiks: iepriek\u0161 vienojoties Direktores vietniece izgl\u012bt\u012bbas jom\u0101 (m\u0101c\u012bbu darbs) Di\u0101na Mel\u0101ne &#8211; Gri\u0146oka,diana.melane-grinoka@vienibaspsk.lvapmekl\u0113t\u0101ju pie\u0146em\u0161anas laiks: iepriek\u0161 vienojoties Direktores vietniece izgl\u012bt\u012bbas jom\u0101 (audzin\u0101\u0161anas darbs) \u0112rika ...","og_url":"https:\/\/vienibaspsk.lv\/index.php\/par-skolu\/personals\/skolas-vadiba\/","og_site_name":"Daugavpils Vien\u012bbas pamatskola","article_modified_time":"2025-09-04T13:21:38+00:00","twitter_card":"summary_large_image","twitter_misc":{"Est. reading time":"1 min\u016bte"},"schema":{"@context":"https:\/\/schema.org","@graph":[{"@type":"WebSite","@id":"https:\/\/vienibaspsk.lv\/#website","url":"https:\/\/vienibaspsk.lv\/","name":"Daugavpils Vien\u012bbas pamatskola","description":"","potentialAction":[{"@type":"SearchAction","target":{"@type":"EntryPoint","urlTemplate":"https:\/\/vienibaspsk.lv\/?s={search_term_string}"},"query-input":"required name=search_term_string"}],"inLanguage":"lv-LV"},{"@type":"WebPage","@id":"https:\/\/vienibaspsk.lv\/index.php\/par-skolu\/personals\/skolas-vadiba\/#webpage","url":"https:\/\/vienibaspsk.lv\/index.php\/par-skolu\/personals\/skolas-vadiba\/","name":"Skolas vad\u012bba - Daugavpils Vien\u012bbas pamatskola","isPartOf":{"@id":"https:\/\/vienibaspsk.lv\/#website"},"datePublished":"2020-05-21T06:18:09+00:00","dateModified":"2025-09-04T13:21:38+00:00","breadcrumb":{"@id":"https:\/\/vienibaspsk.lv\/index.php\/par-skolu\/personals\/skolas-vadiba\/#breadcrumb"},"inLanguage":"lv-LV","potentialAction":[{"@type":"ReadAction","target":["https:\/\/vienibaspsk.lv\/index.php\/par-skolu\/personals\/skolas-vadiba\/"]}]},{"@type":"BreadcrumbList","@id":"https:\/\/vienibaspsk.lv\/index.php\/par-skolu\/personals\/skolas-vadiba\/#breadcrumb","itemListElement":[{"@type":"ListItem","position":1,"name":"Galven\u0101","item":"https:\/\/vienibaspsk.lv\/"},{"@type":"ListItem","position":2,"name":"Par skolu","item":"https:\/\/vienibaspsk.lv\/index.php\/par-skolu\/"},{"@type":"ListItem","position":3,"name":"Person\u0101ls","item":"https:\/\/vienibaspsk.lv\/index.php\/par-skolu\/personals\/"},{"@type":"ListItem","position":4,"name":"Skolas vad\u012bba"}]}]}},"_links":{"self":[{"href":"https:\/\/vienibaspsk.lv\/index.php\/wp-json\/wp\/v2\/pages\/139","targetHints":{"allow":["GET"]}}],"collection":[{"href":"https:\/\/vienibaspsk.lv\/index.php\/wp-json\/wp\/v2\/pages"}],"about":[{"href":"https:\/\/vienibaspsk.lv\/index.php\/wp-json\/wp\/v2\/types\/page"}],"author":[{"embeddable":true,"href":"https:\/\/vienibaspsk.lv\/index.php\/wp-json\/wp\/v2\/users\/2"}],"replies":[{"embeddable":true,"href":"https:\/\/vienibaspsk.lv\/index.php\/wp-json\/wp\/v2\/comments?post=139"}],"version-history":[{"count":6,"href":"https:\/\/vienibaspsk.lv\/index.php\/wp-json\/wp\/v2\/pages\/139\/revisions"}],"predecessor-version":[{"id":10585,"href":"https:\/\/vienibaspsk.lv\/index.php\/wp-json\/wp\/v2\/pages\/139\/revisions\/10585"}],"up":[{"embeddable":true,"href":"https:\/\/vienibaspsk.lv\/index.php\/wp-json\/wp\/v2\/pages\/129"}],"wp:attachment":[{"href":"https:\/\/vienibaspsk.lv\/index.php\/wp-json\/wp\/v2\/media?parent=139"}],"curies":[{"name":"wp","href":"https:\/\/api.w.org\/{rel}","templated":true}]}}