{"id":130,"date":"2020-05-21T06:01:36","date_gmt":"2020-05-21T06:01:36","guid":{"rendered":"http:\/\/vienibaspsk.lv\/wordpress\/?page_id=130"},"modified":"2022-04-05T13:24:12","modified_gmt":"2022-04-05T10:24:12","slug":"vesture","status":"publish","type":"page","link":"https:\/\/vienibaspsk.lv\/index.php\/par-skolu\/vesture\/","title":{"rendered":"V\u0113sture"},"content":{"rendered":"\r\n<p><strong>1840. gad\u0101&nbsp;<\/strong>p\u0113c arhitekta \u0160tauberta projekta tika uzs\u0101kta skolas \u0113kas celtniec\u012bba.<strong><br><br>1841. gad\u0101<\/strong>&nbsp;1. septembr\u012b notika jaun\u0101s skolas atkl\u0101\u0161ana.<strong><br><br>1901. gad\u0101&nbsp;<\/strong>uzb\u016bv\u0113ta pieb\u016bve ar sporta z\u0101li<strong><br><br>1960. gadu pirmaj\u0101 pus\u0113<\/strong>&nbsp;kr\u0101sns apkure nomain\u012bta uz centr\u0101lo apkuri<strong><br><br>1970. gadu s\u0101kum\u0101 <\/strong>ielikti jauni logi otraj\u0101 st\u0101v\u0101<\/p>\r\n\r\n\r\n\r\n<p><strong>2002. gad\u0101&nbsp;<\/strong>dibin\u0101ta Daugavpils Vien\u012bbas pamatskola<strong><br><br>2006. gad\u0101<\/strong>&nbsp;veikta skolas renov\u0101cija<\/p>\r\n","protected":false},"excerpt":{"rendered":"<p>1840. gad\u0101&nbsp;p\u0113c arhitekta \u0160tauberta projekta tika uzs\u0101kta skolas \u0113kas celtniec\u012bba. 1841. gad\u0101&nbsp;1. septembr\u012b notika jaun\u0101s skolas atkl\u0101\u0161ana. 1901. gad\u0101&nbsp;uzb\u016bv\u0113ta pieb\u016bve ar sporta z\u0101li 1960. gadu pirmaj\u0101 pus\u0113&nbsp;kr\u0101sns apkure nomain\u012bta uz &#8230;<\/p>\n","protected":false},"author":2,"featured_media":0,"parent":38,"menu_order":0,"comment_status":"closed","ping_status":"closed","template":"","meta":{"_lmt_disableupdate":"no","_lmt_disable":"","ngg_post_thumbnail":0,"footnotes":""},"class_list":["post-130","page","type-page","status-publish","hentry"],"yoast_head":"<!-- This site is optimized with the Yoast SEO plugin v18.3 - https:\/\/yoast.com\/wordpress\/plugins\/seo\/ -->\n<title>V\u0113sture - Daugavpils Vien\u012bbas pamatskola<\/title>\n<meta name=\"robots\" content=\"index, follow, max-snippet:-1, max-image-preview:large, max-video-preview:-1\" \/>\n<link rel=\"canonical\" href=\"https:\/\/vienibaspsk.lv\/index.php\/par-skolu\/vesture\/\" \/>\n<meta property=\"og:locale\" content=\"lv_LV\" \/>\n<meta property=\"og:type\" content=\"article\" \/>\n<meta property=\"og:title\" content=\"V\u0113sture - Daugavpils Vien\u012bbas pamatskola\" \/>\n<meta property=\"og:description\" content=\"1840. gad\u0101&nbsp;p\u0113c arhitekta \u0160tauberta projekta tika uzs\u0101kta skolas \u0113kas celtniec\u012bba. 1841. gad\u0101&nbsp;1. septembr\u012b notika jaun\u0101s skolas atkl\u0101\u0161ana. 1901. gad\u0101&nbsp;uzb\u016bv\u0113ta pieb\u016bve ar sporta z\u0101li 1960. gadu pirmaj\u0101 pus\u0113&nbsp;kr\u0101sns apkure nomain\u012bta uz ...\" \/>\n<meta property=\"og:url\" content=\"https:\/\/vienibaspsk.lv\/index.php\/par-skolu\/vesture\/\" \/>\n<meta property=\"og:site_name\" content=\"Daugavpils Vien\u012bbas pamatskola\" \/>\n<meta property=\"article:modified_time\" content=\"2022-04-05T10:24:12+00:00\" \/>\n<meta name=\"twitter:card\" content=\"summary_large_image\" \/>\n<meta name=\"twitter:label1\" content=\"Est. reading time\" \/>\n\t<meta name=\"twitter:data1\" content=\"1 min\u016bte\" \/>\n<script type=\"application\/ld+json\" class=\"yoast-schema-graph\">{\"@context\":\"https:\/\/schema.org\",\"@graph\":[{\"@type\":\"WebSite\",\"@id\":\"https:\/\/vienibaspsk.lv\/#website\",\"url\":\"https:\/\/vienibaspsk.lv\/\",\"name\":\"Daugavpils Vien\u012bbas pamatskola\",\"description\":\"\",\"potentialAction\":[{\"@type\":\"SearchAction\",\"target\":{\"@type\":\"EntryPoint\",\"urlTemplate\":\"https:\/\/vienibaspsk.lv\/?s={search_term_string}\"},\"query-input\":\"required name=search_term_string\"}],\"inLanguage\":\"lv-LV\"},{\"@type\":\"WebPage\",\"@id\":\"https:\/\/vienibaspsk.lv\/index.php\/par-skolu\/vesture\/#webpage\",\"url\":\"https:\/\/vienibaspsk.lv\/index.php\/par-skolu\/vesture\/\",\"name\":\"V\u0113sture - Daugavpils Vien\u012bbas pamatskola\",\"isPartOf\":{\"@id\":\"https:\/\/vienibaspsk.lv\/#website\"},\"datePublished\":\"2020-05-21T06:01:36+00:00\",\"dateModified\":\"2022-04-05T10:24:12+00:00\",\"breadcrumb\":{\"@id\":\"https:\/\/vienibaspsk.lv\/index.php\/par-skolu\/vesture\/#breadcrumb\"},\"inLanguage\":\"lv-LV\",\"potentialAction\":[{\"@type\":\"ReadAction\",\"target\":[\"https:\/\/vienibaspsk.lv\/index.php\/par-skolu\/vesture\/\"]}]},{\"@type\":\"BreadcrumbList\",\"@id\":\"https:\/\/vienibaspsk.lv\/index.php\/par-skolu\/vesture\/#breadcrumb\",\"itemListElement\":[{\"@type\":\"ListItem\",\"position\":1,\"name\":\"Galven\u0101\",\"item\":\"https:\/\/vienibaspsk.lv\/\"},{\"@type\":\"ListItem\",\"position\":2,\"name\":\"Par skolu\",\"item\":\"https:\/\/vienibaspsk.lv\/index.php\/par-skolu\/\"},{\"@type\":\"ListItem\",\"position\":3,\"name\":\"V\u0113sture\"}]}]}<\/script>\n<!-- \/ Yoast SEO plugin. -->","yoast_head_json":{"title":"V\u0113sture - Daugavpils Vien\u012bbas pamatskola","robots":{"index":"index","follow":"follow","max-snippet":"max-snippet:-1","max-image-preview":"max-image-preview:large","max-video-preview":"max-video-preview:-1"},"canonical":"https:\/\/vienibaspsk.lv\/index.php\/par-skolu\/vesture\/","og_locale":"lv_LV","og_type":"article","og_title":"V\u0113sture - Daugavpils Vien\u012bbas pamatskola","og_description":"1840. gad\u0101&nbsp;p\u0113c arhitekta \u0160tauberta projekta tika uzs\u0101kta skolas \u0113kas celtniec\u012bba. 1841. gad\u0101&nbsp;1. septembr\u012b notika jaun\u0101s skolas atkl\u0101\u0161ana. 1901. gad\u0101&nbsp;uzb\u016bv\u0113ta pieb\u016bve ar sporta z\u0101li 1960. gadu pirmaj\u0101 pus\u0113&nbsp;kr\u0101sns apkure nomain\u012bta uz ...","og_url":"https:\/\/vienibaspsk.lv\/index.php\/par-skolu\/vesture\/","og_site_name":"Daugavpils Vien\u012bbas pamatskola","article_modified_time":"2022-04-05T10:24:12+00:00","twitter_card":"summary_large_image","twitter_misc":{"Est. reading time":"1 min\u016bte"},"schema":{"@context":"https:\/\/schema.org","@graph":[{"@type":"WebSite","@id":"https:\/\/vienibaspsk.lv\/#website","url":"https:\/\/vienibaspsk.lv\/","name":"Daugavpils Vien\u012bbas pamatskola","description":"","potentialAction":[{"@type":"SearchAction","target":{"@type":"EntryPoint","urlTemplate":"https:\/\/vienibaspsk.lv\/?s={search_term_string}"},"query-input":"required name=search_term_string"}],"inLanguage":"lv-LV"},{"@type":"WebPage","@id":"https:\/\/vienibaspsk.lv\/index.php\/par-skolu\/vesture\/#webpage","url":"https:\/\/vienibaspsk.lv\/index.php\/par-skolu\/vesture\/","name":"V\u0113sture - Daugavpils Vien\u012bbas pamatskola","isPartOf":{"@id":"https:\/\/vienibaspsk.lv\/#website"},"datePublished":"2020-05-21T06:01:36+00:00","dateModified":"2022-04-05T10:24:12+00:00","breadcrumb":{"@id":"https:\/\/vienibaspsk.lv\/index.php\/par-skolu\/vesture\/#breadcrumb"},"inLanguage":"lv-LV","potentialAction":[{"@type":"ReadAction","target":["https:\/\/vienibaspsk.lv\/index.php\/par-skolu\/vesture\/"]}]},{"@type":"BreadcrumbList","@id":"https:\/\/vienibaspsk.lv\/index.php\/par-skolu\/vesture\/#breadcrumb","itemListElement":[{"@type":"ListItem","position":1,"name":"Galven\u0101","item":"https:\/\/vienibaspsk.lv\/"},{"@type":"ListItem","position":2,"name":"Par skolu","item":"https:\/\/vienibaspsk.lv\/index.php\/par-skolu\/"},{"@type":"ListItem","position":3,"name":"V\u0113sture"}]}]}},"_links":{"self":[{"href":"https:\/\/vienibaspsk.lv\/index.php\/wp-json\/wp\/v2\/pages\/130","targetHints":{"allow":["GET"]}}],"collection":[{"href":"https:\/\/vienibaspsk.lv\/index.php\/wp-json\/wp\/v2\/pages"}],"about":[{"href":"https:\/\/vienibaspsk.lv\/index.php\/wp-json\/wp\/v2\/types\/page"}],"author":[{"embeddable":true,"href":"https:\/\/vienibaspsk.lv\/index.php\/wp-json\/wp\/v2\/users\/2"}],"replies":[{"embeddable":true,"href":"https:\/\/vienibaspsk.lv\/index.php\/wp-json\/wp\/v2\/comments?post=130"}],"version-history":[{"count":5,"href":"https:\/\/vienibaspsk.lv\/index.php\/wp-json\/wp\/v2\/pages\/130\/revisions"}],"predecessor-version":[{"id":5019,"href":"https:\/\/vienibaspsk.lv\/index.php\/wp-json\/wp\/v2\/pages\/130\/revisions\/5019"}],"up":[{"embeddable":true,"href":"https:\/\/vienibaspsk.lv\/index.php\/wp-json\/wp\/v2\/pages\/38"}],"wp:attachment":[{"href":"https:\/\/vienibaspsk.lv\/index.php\/wp-json\/wp\/v2\/media?parent=130"}],"curies":[{"name":"wp","href":"https:\/\/api.w.org\/{rel}","templated":true}]}}