{"id":10547,"date":"2025-08-29T14:16:49","date_gmt":"2025-08-29T11:16:49","guid":{"rendered":"https:\/\/vienibaspsk.lv\/?page_id=10547"},"modified":"2026-04-17T16:22:32","modified_gmt":"2026-04-17T13:22:32","slug":"edienkartes","status":"publish","type":"page","link":"https:\/\/vienibaspsk.lv\/index.php\/edienkartes\/","title":{"rendered":"\u0112dienkartes"},"content":{"rendered":"<p><span style=\"font-size: 18pt;\"><strong>\u0112dienkarte skol\u0113niem 20.04.2026. &#8211; 24.04.2026.<\/strong><\/span><\/p>\n<p><a href=\"https:\/\/vienibaspsk.lv\/wp-content\/uploads\/2026\/04\/Edienkarte_1_-4__20_04.pdf\">1. &#8211; 4. klase<\/a><br \/>\n<a href=\"https:\/\/vienibaspsk.lv\/wp-content\/uploads\/2026\/04\/Edienkarte_5_-9__20_04__1.pdf\">5. &#8211; 9. klase 1. \u0113dienkarte<\/a><br \/>\n<a href=\"https:\/\/vienibaspsk.lv\/wp-content\/uploads\/2026\/04\/Edienkarte_5_-9__20_04__2.pdf\">5. &#8211; 9. klase 2. \u0113dienkarte<\/a><br \/>\n<a href=\"https:\/\/vienibaspsk.lv\/wp-content\/uploads\/2026\/04\/Launags_20_04.pdf\">Launags<\/a><\/p>\n<hr>\n<p><span style=\"font-size: 18pt;\"><strong>\u0112dienkarte skol\u0113niem 13.04.2026. &#8211; 17.04.2026.<\/strong><\/span><\/p>\n<p><a href=\"https:\/\/vienibaspsk.lv\/wp-content\/uploads\/2026\/04\/Edienkarte_1_-4__13_04.pdf\">1. &#8211; 4. klase<\/a><br \/>\n<a href=\"https:\/\/vienibaspsk.lv\/wp-content\/uploads\/2026\/04\/Edienkarte_5_-9__13_04__1.pdf\">5. &#8211; 9. klase 1. \u0113dienkarte<\/a><br \/>\n<a href=\"https:\/\/vienibaspsk.lv\/wp-content\/uploads\/2026\/04\/Edienkarte_5_-9__13_04__2.pdf\">5. &#8211; 9. klase 2. \u0113dienkarte<\/a><br \/>\n<a href=\"https:\/\/vienibaspsk.lv\/wp-content\/uploads\/2026\/04\/Launags_13_04.pdf\">Launags<\/a><\/p>\n<hr>\n<p><span style=\"font-size: 18pt;\"><strong>\u0112dienkarte skol\u0113niem 07.04.2026. &#8211; 10.04.2026.<\/strong><\/span><\/p>\n<p><a href=\"https:\/\/vienibaspsk.lv\/wp-content\/uploads\/2026\/04\/Edienkarte_1_-4__07_04.pdf\">1. &#8211; 4. klase<\/a><br \/>\n<a href=\"https:\/\/vienibaspsk.lv\/wp-content\/uploads\/2026\/04\/Edienkarte_5_-9__07_04__1.pdf\">5. &#8211; 9. klase 1. \u0113dienkarte<\/a><br \/>\n<a href=\"https:\/\/vienibaspsk.lv\/wp-content\/uploads\/2026\/04\/Edienkarte_5_-9__07_04__2.pdf\">5. &#8211; 9. klase 2. \u0113dienkarte<\/a><br \/>\n<a href=\"https:\/\/vienibaspsk.lv\/wp-content\/uploads\/2026\/04\/Launags_07_04.pdf\">Launags<\/a><\/p>\n<hr>\n<p><span style=\"font-size: 18pt;\"><strong>\u0112dienkarte skol\u0113niem 30.03.2026. &#8211; 02.04.2026.<\/strong><\/span><\/p>\n<p><a href=\"https:\/\/vienibaspsk.lv\/wp-content\/uploads\/2026\/03\/Edienkarte_1_-4__30_03.pdf\">1. &#8211; 4. klase<\/a><br \/>\n<a href=\"https:\/\/vienibaspsk.lv\/wp-content\/uploads\/2026\/03\/Edienkarte_5_-9__30_03__1.pdf\">5. &#8211; 9. klase 1. \u0113dienkarte<\/a><br \/>\n<a href=\"https:\/\/vienibaspsk.lv\/wp-content\/uploads\/2026\/03\/Edienkarte_5_-9__30_03__2.pdf\">5. &#8211; 9. klase 2. \u0113dienkarte<\/a><br \/>\n<a href=\"https:\/\/vienibaspsk.lv\/wp-content\/uploads\/2026\/03\/Launags_30_03.pdf\">Launags<\/a><\/p>\n<hr>\n<p><span style=\"font-size: 18pt;\"><strong>\u0112dienkarte skol\u0113niem 23.03.2026. &#8211; 27.03.2026.<\/strong><\/span><\/p>\n<p><a href=\"https:\/\/vienibaspsk.lv\/wp-content\/uploads\/2026\/03\/Edienkarte_1_-4__23_03.pdf\">1. &#8211; 4. klase<\/a><br \/>\n<a href=\"https:\/\/vienibaspsk.lv\/wp-content\/uploads\/2026\/03\/Edienkarte_5_-9__23_03__1.pdf\">5. &#8211; 9. klase 1. \u0113dienkarte<\/a><br \/>\n<a href=\"https:\/\/vienibaspsk.lv\/wp-content\/uploads\/2026\/03\/Edienkarte_5_-9__23_03__2.pdf\">5. &#8211; 9. klase 2. \u0113dienkarte<\/a><br \/>\n<a href=\"https:\/\/vienibaspsk.lv\/wp-content\/uploads\/2026\/03\/Launags_23_03.pdf\">Launags<\/a><\/p>\n<hr>\n<p><span style=\"font-size: 18pt;\"><strong>\u0112dienkarte skol\u0113niem 16.03.2026. &#8211; 20.03.2026.<\/strong><\/span><\/p>\n<p><a href=\"https:\/\/vienibaspsk.lv\/wp-content\/uploads\/2026\/03\/Edienkarte_1_-4__16_03.pdf\">1. &#8211; 4. klase<\/a><br \/>\n<a href=\"https:\/\/vienibaspsk.lv\/wp-content\/uploads\/2026\/03\/Edienkarte_5_-9__16_03__1.pdf\">5. &#8211; 9. klase 1. \u0113dienkarte<\/a><br \/>\n<a href=\"https:\/\/vienibaspsk.lv\/wp-content\/uploads\/2026\/03\/Edienkarte_5_-9__16_03__2.pdf\">5. &#8211; 9. klase 2. \u0113dienkarte<\/a><br \/>\n<a href=\"https:\/\/vienibaspsk.lv\/wp-content\/uploads\/2026\/03\/Launags_16_03.pdf\">Launags<\/a><\/p>\n<hr>\n<p><span style=\"font-size: 18pt;\"><strong>\u0112dienkarte skol\u0113niem 02.03.2026. &#8211; 06.03.2026.<\/strong><\/span><\/p>\n<p><a href=\"https:\/\/vienibaspsk.lv\/wp-content\/uploads\/2026\/03\/Edienkarte_1_-4__02_03.pdf\">1. &#8211; 4. klase<\/a><br \/>\n<a href=\"https:\/\/vienibaspsk.lv\/wp-content\/uploads\/2026\/03\/Edienkarte_5_-9__02_03__1.pdf\">5. &#8211; 9. klase 1. \u0113dienkarte<\/a><br \/>\n<a href=\"https:\/\/vienibaspsk.lv\/wp-content\/uploads\/2026\/03\/Edienkarte_5_-9__02_03__2.pdf\">5. &#8211; 9. klase 2. \u0113dienkarte<\/a><br \/>\n<a href=\"https:\/\/vienibaspsk.lv\/wp-content\/uploads\/2026\/03\/Launags_02_03.pdf\">Launags<\/a><\/p>\n<hr>\n<p><span style=\"font-size: 18pt;\"><strong>\u0112dienkarte skol\u0113niem 23.02.2026. &#8211; 27.02.2026.<\/strong><\/span><\/p>\n<p><a href=\"https:\/\/vienibaspsk.lv\/wp-content\/uploads\/2026\/02\/Edienkarte_1_-4__23_02.pdf\">1. &#8211; 4. klase<\/a><br \/>\n<a href=\"https:\/\/vienibaspsk.lv\/wp-content\/uploads\/2026\/02\/Edienkarte_5_-9__23_02__1.pdf\">5. &#8211; 9. klase 1. \u0113dienkarte<\/a><br \/>\n<a href=\"https:\/\/vienibaspsk.lv\/wp-content\/uploads\/2026\/02\/Edienkarte_5_-9__23_02__2.pdf\">5. &#8211; 9. klase 2. \u0113dienkarte<\/a><br \/>\n<a href=\"https:\/\/vienibaspsk.lv\/wp-content\/uploads\/2026\/02\/Launags_23_02.pdf\">Launags<\/a><\/p>\n<hr>\n<p><span style=\"font-size: 18pt;\"><strong>\u0112dienkarte skol\u0113niem 16.02.2026. &#8211; 20.02.2026.<\/strong><\/span><\/p>\n<p><a href=\"https:\/\/vienibaspsk.lv\/wp-content\/uploads\/2026\/02\/Edienkarte_1_-4__16_02.pdf\">1. &#8211; 4. klase<\/a><br \/>\n<a href=\"https:\/\/vienibaspsk.lv\/wp-content\/uploads\/2026\/02\/Edienkarte_5_-9__16_02__1.pdf\">5. &#8211; 9. klase 1. \u0113dienkarte<\/a><br \/>\n<a href=\"https:\/\/vienibaspsk.lv\/wp-content\/uploads\/2026\/02\/Edienkarte_5_-9__16_02__2.pdf\">5. &#8211; 9. klase 2. \u0113dienkarte<\/a><br \/>\n<a href=\"https:\/\/vienibaspsk.lv\/wp-content\/uploads\/2026\/02\/Launags_16_02.pdf\">Launags<\/a><\/p>\n<hr>\n<p><span style=\"font-size: 18pt;\"><strong>\u0112dienkarte skol\u0113niem 09.02.2026. &#8211; 13.02.2026.<\/strong><\/span><\/p>\n<p style=\"text-align: left;\"><a href=\"https:\/\/vienibaspsk.lv\/wp-content\/uploads\/2026\/02\/Edienkarte_1_-4__09_02.pdf\">1. &#8211; 4. klase<\/a><br \/>\n<a href=\"https:\/\/vienibaspsk.lv\/wp-content\/uploads\/2026\/02\/Edienkarte_5_-9__09_02__1.pdf\">5. &#8211; 9. klase 1. \u0113dienkarte<\/a><br \/>\n<a href=\"https:\/\/vienibaspsk.lv\/wp-content\/uploads\/2026\/02\/Edienkarte_5_-9__09_02__2.pdf\">5. &#8211; 9. klase 2. \u0113dienkarte<\/a><br \/>\nLaunaga nav, jo 1.klases izgl\u012btojamajiem no 09.02.2026. l\u012bdz 13.02.2026. br\u012bvlaiks.<\/p>\n<hr>\n<p><span style=\"font-size: 18pt;\"><strong>\u0112dienkarte skol\u0113niem 02.02.2026. &#8211; 06.02.2026.<\/strong><\/span><\/p>\n<p><a href=\"https:\/\/vienibaspsk.lv\/wp-content\/uploads\/2026\/01\/Edienkarte_1_-4__02_02.pdf\">1. &#8211; 4. klase<\/a><br \/>\n<a href=\"https:\/\/vienibaspsk.lv\/wp-content\/uploads\/2026\/01\/Edienkarte_5_-9__02_02__1.pdf\">5. &#8211; 9. klase 1. \u0113dienkarte<\/a><br \/>\n<a href=\"https:\/\/vienibaspsk.lv\/wp-content\/uploads\/2026\/01\/Edienkarte_5_-9__02_02__2.pdf\">5. &#8211; 9. klase 2. \u0113dienkarte<\/a><br \/>\n<a href=\"https:\/\/vienibaspsk.lv\/wp-content\/uploads\/2026\/01\/Launags_02_02.pdf\">Launags<\/a><\/p>\n<hr>\n<p><span style=\"font-size: 18pt;\"><strong>\u0112dienkarte skol\u0113niem 26.01.2026. &#8211; 30.01.2026.<\/strong><\/span><\/p>\n<p><a href=\"https:\/\/vienibaspsk.lv\/wp-content\/uploads\/2026\/01\/Edienkarte_1_-4__26_01.pdf\">1. &#8211; 4. klase<\/a><br \/>\n<a href=\"https:\/\/vienibaspsk.lv\/wp-content\/uploads\/2026\/01\/Edienkarte_5_-9__26_01__1.pdf\">5. &#8211; 9. klase 1. \u0113dienkarte<\/a><br \/>\n<a href=\"https:\/\/vienibaspsk.lv\/wp-content\/uploads\/2026\/01\/Edienkarte_5_-9__26_01__2.pdf\">5. &#8211; 9. klase 2. \u0113dienkarte<\/a><br \/>\n<a href=\"https:\/\/vienibaspsk.lv\/wp-content\/uploads\/2026\/01\/Launags_26_01.pdf\">Launags<\/a><\/p>\n<hr>\n<p><span style=\"font-size: 18pt;\"><strong>\u0112dienkarte skol\u0113niem 19.01.2026. &#8211; 23.01.2026.<\/strong><\/span><\/p>\n<p><a href=\"https:\/\/vienibaspsk.lv\/wp-content\/uploads\/2026\/01\/Edienkarte_1_-4__19_01.pdf\">1. &#8211; 4. klase<\/a><br \/>\n<a href=\"https:\/\/vienibaspsk.lv\/wp-content\/uploads\/2026\/01\/Edienkarte_5_-9__19_01__1.pdf\">5. &#8211; 9. klase 1. \u0113dienkarte<\/a><br \/>\n<a href=\"https:\/\/vienibaspsk.lv\/wp-content\/uploads\/2026\/01\/Edienkarte_5_-9__19_01__2.pdf\">5. &#8211; 9. klase 2. \u0113dienkarte<\/a><br \/>\n<a href=\"https:\/\/vienibaspsk.lv\/wp-content\/uploads\/2026\/01\/Launags_19_01.pdf\">Launags<\/a><\/p>\n<hr>\n<p><span style=\"font-size: 18pt;\"><strong>\u0112dienkarte skol\u0113niem 12.01.2026. &#8211; 16.01.2026.<\/strong><\/span><\/p>\n<p><a href=\"https:\/\/vienibaspsk.lv\/wp-content\/uploads\/2026\/01\/Edienkarte_1_-4__12_01-1.pdf\">1. &#8211; 4. klase<\/a><br \/>\n<a href=\"https:\/\/vienibaspsk.lv\/wp-content\/uploads\/2026\/01\/Edienkarte_5_-9__12_01__1-1.pdf\">5. &#8211; 9. klase 1. \u0113dienkarte<\/a><br \/>\n<a href=\"https:\/\/vienibaspsk.lv\/wp-content\/uploads\/2026\/01\/Edienkarte_5_-9__12_01__2-1.pdf\">5. &#8211; 9. klase 2. \u0113dienkarte<\/a><br \/>\n<a href=\"https:\/\/vienibaspsk.lv\/wp-content\/uploads\/2026\/01\/Launags_12_01-1.pdf\">Launags<\/a><\/p>\n<hr>\n<p><span style=\"font-size: 18pt;\"><strong>\u0112dienkarte skol\u0113niem 05.01.2026. &#8211; 09.01.2026.<\/strong><\/span><\/p>\n<p><a href=\"https:\/\/vienibaspsk.lv\/wp-content\/uploads\/2026\/01\/Edienkarte_1_-4__05_01.pdf\">1. &#8211; 4. klase<\/a><br \/>\n<a href=\"https:\/\/vienibaspsk.lv\/wp-content\/uploads\/2026\/01\/Edienkarte_5_-9__05_01__1.pdf\">5. &#8211; 9. klase 1. \u0113dienkarte<\/a><br \/>\n<a href=\"https:\/\/vienibaspsk.lv\/wp-content\/uploads\/2026\/01\/Edienkarte_5_-9__05_01__2.pdf\">5. &#8211; 9. klase 2. \u0113dienkarte<\/a><br \/>\n<a href=\"https:\/\/vienibaspsk.lv\/wp-content\/uploads\/2026\/01\/Launags_05_01.pdf\">Launags<\/a><\/p>\n<hr>\n<p><span style=\"font-size: 18pt;\"><strong>\u0112dienkarte skol\u0113niem 15.12.2025. &#8211; 19.12.2025.<\/strong><\/span><\/p>\n<p><a href=\"https:\/\/vienibaspsk.lv\/wp-content\/uploads\/2025\/12\/Edienkarte_1_-4__15_12.pdf\">1. &#8211; 4. klase<\/a><br \/>\n<a href=\"https:\/\/vienibaspsk.lv\/wp-content\/uploads\/2025\/12\/Edienkarte_5_-9__15_12__1.pdf\">5. &#8211; 9. klase 1. \u0113dienkarte<\/a><br \/>\n<a href=\"https:\/\/vienibaspsk.lv\/wp-content\/uploads\/2025\/12\/Edienkarte_5_-9__15_12__2.pdf\">5. &#8211; 9. klase 2. \u0113dienkarte<\/a><br \/>\n<a href=\"https:\/\/vienibaspsk.lv\/wp-content\/uploads\/2025\/12\/Launags_15_12.pdf\">Launags<\/a><\/p>\n<hr>\n<p><span style=\"font-size: 18pt;\"><strong>\u0112dienkarte skol\u0113niem 08.12.2025. &#8211; 12.12.2025.<\/strong><\/span><\/p>\n<p><a href=\"https:\/\/vienibaspsk.lv\/wp-content\/uploads\/2025\/12\/Edienkarte_1_-4__08_12.pdf\">1. &#8211; 4. klase<\/a><br \/>\n<a href=\"https:\/\/vienibaspsk.lv\/wp-content\/uploads\/2025\/12\/Edienkarte_5_-9__08_12__1.pdf\">5. &#8211; 9. klase 1. \u0113dienkarte<\/a><br \/>\n<a href=\"https:\/\/vienibaspsk.lv\/wp-content\/uploads\/2025\/12\/Edienkarte_5_-9__08_12__2.pdf\">5. &#8211; 9. klase 2. \u0113dienkarte<\/a><br \/>\n<a href=\"https:\/\/vienibaspsk.lv\/wp-content\/uploads\/2025\/12\/Launags_08_12.pdf\">Launags<\/a><\/p>\n<hr>\n<p><span style=\"font-size: 18pt;\"><strong>\u0112dienkarte skol\u0113niem 01.12.2025. &#8211; 05.12.2025.<\/strong><\/span><\/p>\n<p><a href=\"https:\/\/vienibaspsk.lv\/wp-content\/uploads\/2025\/11\/Edienkarte_1_-4__01_12.pdf\">1. &#8211; 4. klase<\/a><br \/>\n<a href=\"https:\/\/vienibaspsk.lv\/wp-content\/uploads\/2025\/11\/Edienkarte_5_-9__01_12__1.pdf\">5. &#8211; 9. klase 1. \u0113dienkarte<\/a><br \/>\n<a href=\"https:\/\/vienibaspsk.lv\/wp-content\/uploads\/2025\/11\/Edienkarte_5_-9__01_12__2.pdf\">5. &#8211; 9. klase 2. \u0113dienkarte<\/a><br \/>\n<a href=\"https:\/\/vienibaspsk.lv\/wp-content\/uploads\/2025\/11\/Launags_01_12.pdf\">Launags<\/a><\/p>\n<hr>\n<p><span style=\"font-size: 18pt;\"><strong>\u0112dienkarte skol\u0113niem 24.10.2025. &#8211; 28.10.2025.<\/strong><\/span><\/p>\n<p><a href=\"https:\/\/vienibaspsk.lv\/wp-content\/uploads\/2025\/11\/Edienkarte_1_-4__24_11.pdf\">1. &#8211; 4. klase<\/a><br \/>\n<a href=\"https:\/\/vienibaspsk.lv\/wp-content\/uploads\/2025\/11\/Edienkarte_5_-9__24_11__1.pdf\">5. &#8211;&nbsp; 9. klase \u0113dienkarte<\/a><br \/>\n<a href=\"https:\/\/vienibaspsk.lv\/wp-content\/uploads\/2025\/11\/Edienkarte_5_-9__24_11__2.pdf\">5. &#8211;&nbsp; 9. klase \u0113dienkarte<\/a><br \/>\n<a href=\"https:\/\/vienibaspsk.lv\/wp-content\/uploads\/2025\/11\/Launags_24_11.pdf\">Launags<\/a><\/p>\n<hr>\n<p><span style=\"font-size: 18pt;\"><strong>\u0112dienkarte skol\u0113niem 19.10.2025. &#8211; 21.10.2025.<\/strong><\/span><\/p>\n<p><a href=\"https:\/\/vienibaspsk.lv\/wp-content\/uploads\/2025\/11\/Edienkarte_1_-4__19_11.pdf\">1. &#8211; 4. klase<\/a><br \/>\n<a href=\"https:\/\/vienibaspsk.lv\/wp-content\/uploads\/2025\/11\/Edienkarte_5_-9__19_11__1.pdf\">5. &#8211; 9. klase 1. \u0113dienkarte<\/a><br \/>\n<a href=\"https:\/\/vienibaspsk.lv\/wp-content\/uploads\/2025\/11\/Edienkarte_5_-9__19_11__2.pdf\">5. &#8211; 9. klase 2. \u0113dienkarte<\/a><br \/>\n<a href=\"https:\/\/vienibaspsk.lv\/wp-content\/uploads\/2025\/11\/Launags_19_11.pdf\">Launags<\/a><\/p>\n<hr>\n<p><span style=\"font-size: 18pt;\"><strong>\u0112dienkarte skol\u0113niem 10.10.2025. &#8211; 14.10.2025.<\/strong><\/span><\/p>\n<p><a href=\"https:\/\/vienibaspsk.lv\/wp-content\/uploads\/2025\/11\/Edienkarte_1_-4__10_11.pdf\">1. &#8211; 4. klase<\/a><br \/>\n<a href=\"https:\/\/vienibaspsk.lv\/wp-content\/uploads\/2025\/11\/Edienkarte_5_-9__10_11__1.pdf\">5. &#8211; 9. klase 1. \u0113dienkarte<\/a><br \/>\n<a href=\"https:\/\/vienibaspsk.lv\/wp-content\/uploads\/2025\/11\/Edienkarte_5_-9__10_11__2.pdf\">5. &#8211; 9. klase 2. \u0113dienkarte<\/a><br \/>\n<a href=\"https:\/\/vienibaspsk.lv\/wp-content\/uploads\/2025\/11\/Launags_10_11.pdf\">Launags<\/a><\/p>\n<hr>\n<p><span style=\"font-size: 18pt;\"><strong>\u0112dienkarte skol\u0113niem 03.10.2025. &#8211; 07.10.2025.<\/strong><\/span><\/p>\n<p><a href=\"https:\/\/vienibaspsk.lv\/wp-content\/uploads\/2025\/11\/Edienkarte_1_-4__03_11.pdf\">1. &#8211; 4. klase<\/a><br \/>\n<a href=\"https:\/\/vienibaspsk.lv\/wp-content\/uploads\/2025\/11\/Edienkarte_5_-9__03_11__1.pdf\">5. &#8211; 9. klase 1. \u0113dienkarte<\/a><br \/>\n<a href=\"https:\/\/vienibaspsk.lv\/wp-content\/uploads\/2025\/11\/Edienkarte_5_-9__03_11__2.pdf\">5. &#8211; 9. klase 2. \u0113dienkarte<\/a><br \/>\n<a href=\"https:\/\/vienibaspsk.lv\/wp-content\/uploads\/2025\/11\/Launags_03_11.pdf\">Launags<\/a><\/p>\n<hr>\n<p><span style=\"font-size: 18pt;\"><strong>\u0112dienkarte skol\u0113niem 27.10.2025. &#8211; 31.10.2025.<\/strong><\/span><\/p>\n<p><a href=\"https:\/\/vienibaspsk.lv\/wp-content\/uploads\/2025\/10\/Edienkarte_1_-4__27_10.pdf\">1. &#8211; 4. klase<\/a><br \/>\n<a href=\"https:\/\/vienibaspsk.lv\/wp-content\/uploads\/2025\/10\/Edienkarte_5_-9__27_10__1.pdf\">5. &#8211; 9. klase 1. \u0113dienkarte<\/a><br \/>\n<a href=\"https:\/\/vienibaspsk.lv\/wp-content\/uploads\/2025\/10\/Edienkarte_5_-9__27_10__2.pdf\">5. &#8211; 9. klase 2. \u0113dienkarte<\/a><br \/>\n<a href=\"https:\/\/vienibaspsk.lv\/wp-content\/uploads\/2025\/10\/Launags_27_10.pdf\">Launags<\/a><\/p>\n<hr>\n<p><span style=\"font-size: 18pt;\"><strong>\u0112dienkarte skol\u0113niem 13.10.2025. &#8211; 17.10.2025.<\/strong><\/span><\/p>\n<p><a href=\"https:\/\/vienibaspsk.lv\/wp-content\/uploads\/2025\/10\/Edienkarte_1_-4__13_10.pdf\">1. &#8211; 4. klase<\/a><br \/>\n<a href=\"https:\/\/vienibaspsk.lv\/wp-content\/uploads\/2025\/10\/Edienkarte_5_-9__13_10__1.pdf\">5. &#8211; 9. klase 1. \u0113dienkarte<\/a><br \/>\n<a href=\"https:\/\/vienibaspsk.lv\/wp-content\/uploads\/2025\/10\/Edienkarte_5_-9__13_10__2.pdf\">5. &#8211; 9. klase 2. \u0113dienkarte<\/a><br \/>\n<a href=\"https:\/\/vienibaspsk.lv\/wp-content\/uploads\/2025\/10\/Launags_13_10.pdf\">Launags<\/a><\/p>\n<hr>\n<p><span style=\"font-size: 18pt;\"><strong>\u0112dienkarte skol\u0113niem 06.10.2025. &#8211; 10.10.2025.<\/strong><\/span><\/p>\n<p><a href=\"https:\/\/vienibaspsk.lv\/wp-content\/uploads\/2025\/10\/Edienkarte_1_-4__06_10.pdf\">1. &#8211; 4. klase<\/a><br \/>\n<a href=\"https:\/\/vienibaspsk.lv\/wp-content\/uploads\/2025\/10\/Edienkarte_5_-9__06_10__1.pdf\">5. &#8211; 9. klase 1. \u0113dienkarte<\/a><br \/>\n<a href=\"https:\/\/vienibaspsk.lv\/wp-content\/uploads\/2025\/10\/Edienkarte_5_-9__06_10__2.pdf\">5. &#8211; 9. klase 2. \u0113dienkarte<\/a><br \/>\n<a href=\"https:\/\/vienibaspsk.lv\/wp-content\/uploads\/2025\/10\/Launags_06_10.pdf\">Launags<\/a><\/p>\n<hr>\n<p><span style=\"font-size: 18pt;\"><strong>\u0112dienkarte skol\u0113niem 29.09.2025. &#8211; 03.10.2025.<\/strong><\/span><\/p>\n<p><a href=\"https:\/\/vienibaspsk.lv\/wp-content\/uploads\/2025\/09\/Edienkarte_1_-4__29_09.pdf\">1. &#8211; 4. klase<\/a><br \/>\n<a href=\"https:\/\/vienibaspsk.lv\/wp-content\/uploads\/2025\/09\/Edienkarte_5_-9__29_09__1.pdf\">5. &#8211; 9. klase 1. \u0113dienkarte<\/a><br \/>\n<a href=\"https:\/\/vienibaspsk.lv\/wp-content\/uploads\/2025\/09\/Edienkarte_5_-9__29_09__2.pdf\">5. &#8211; 9. klase 2. \u0113dienkarte<\/a><br \/>\n<a href=\"https:\/\/vienibaspsk.lv\/wp-content\/uploads\/2025\/09\/Launags_29_09.pdf\">Launags<\/a><\/p>\n<hr>\n<p><span style=\"font-size: 18pt;\"><strong>\u0112dienkarte skol\u0113niem 22.09.2025. &#8211; 26.09.2025.<\/strong><\/span><\/p>\n<p><a href=\"https:\/\/vienibaspsk.lv\/wp-content\/uploads\/2025\/09\/Edienkarte_1_-4__22_09.pdf\">1. &#8211; 4. klase<\/a><br \/>\n<a href=\"https:\/\/vienibaspsk.lv\/wp-content\/uploads\/2025\/09\/Edienkarte_5_-9__22_09__1.pdf\">5. &#8211; 9. klase 1. \u0113dienkarte<\/a><br \/>\n<a href=\"https:\/\/vienibaspsk.lv\/wp-content\/uploads\/2025\/09\/Edienkarte_5_-9__22_09__2.pdf\">5. &#8211; 9. klase 2. \u0113dienkarte<\/a><br \/>\n<a href=\"https:\/\/vienibaspsk.lv\/wp-content\/uploads\/2025\/09\/Launags_22_09.pdf\">Launags<\/a><\/p>\n<hr>\n<p><span style=\"font-size: 18pt;\"><strong>\u0112dienkarte skol\u0113niem 15.09.2025. &#8211; 19.09.2025.<\/strong><\/span><\/p>\n<p><a href=\"https:\/\/vienibaspsk.lv\/wp-content\/uploads\/2025\/09\/Edienkarte_1_-4__15_09.pdf\">1. &#8211; 4. klase<\/a><br \/>\n<a href=\"https:\/\/vienibaspsk.lv\/wp-content\/uploads\/2025\/09\/Edienkarte_5_-9__15_09__1.pdf\">5. &#8211; 9. klase 1. \u0113dienkarte<\/a><br \/>\n<a href=\"https:\/\/vienibaspsk.lv\/wp-content\/uploads\/2025\/09\/Edienkarte_5_-9__15_09__2.pdf\">5. &#8211; 9. klase 2. \u0113dienkarte<\/a><br \/>\n<a href=\"https:\/\/vienibaspsk.lv\/wp-content\/uploads\/2025\/09\/Launags_15_09.pdf\">Launags<\/a><\/p>\n<hr>\n<p><span style=\"font-size: 18pt;\"><strong>\u0112dienkarte skol\u0113niem 08.09.2025. &#8211; 12.09.2025.<\/strong><\/span><\/p>\n<p><a href=\"https:\/\/vienibaspsk.lv\/wp-content\/uploads\/2025\/09\/Edienkarte_1_-4__08_09.pdf\">1. &#8211; 4. klase<\/a><br \/>\n<a href=\"https:\/\/vienibaspsk.lv\/wp-content\/uploads\/2025\/09\/Edienkarte_5_-9__08_09__1.pdf\">5. &#8211; 9. klase 1. \u0113dienkarte<\/a><br \/>\n<a href=\"https:\/\/vienibaspsk.lv\/wp-content\/uploads\/2025\/09\/Edienkarte_5_-9__08_09__2.pdf\">5. &#8211; 9. klase 2. \u0113dienkarte<\/a><br \/>\n<a href=\"https:\/\/vienibaspsk.lv\/wp-content\/uploads\/2025\/09\/Launags_08_09.pdf\">Launags<\/a><\/p>\n<hr>\n<p><span style=\"font-size: 18pt;\"><strong>\u0112dienkarte skol\u0113niem 02.09.2025. &#8211; 05.09.2025.<\/strong><\/span><\/p>\n<p><a href=\"https:\/\/vienibaspsk.lv\/wp-content\/uploads\/2025\/08\/Edienkarte_1_-4__01_09.pdf\">1. &#8211; 4. klase<\/a><br \/>\n<a href=\"https:\/\/vienibaspsk.lv\/wp-content\/uploads\/2025\/08\/Edienkarte_5_-9__01_09__1.pdf\">5. &#8211; 9. klase 1. \u0113dienkarte<\/a><br \/>\n<a href=\"https:\/\/vienibaspsk.lv\/wp-content\/uploads\/2025\/08\/Edienkarte_5_-9__01_09__2.pdf\">5. &#8211; 9. klase 2. \u0113dienkarte<\/a><\/p>\n","protected":false},"excerpt":{"rendered":"<p>\u0112dienkarte skol\u0113niem 20.04.2026. &#8211; 24.04.2026. 1. &#8211; 4. klase 5. &#8211; 9. klase 1. \u0113dienkarte 5. &#8211; 9. klase 2. \u0113dienkarte Launags \u0112dienkarte skol\u0113niem 13.04.2026. &#8211; 17.04.2026. 1. &#8211; 4. &#8230;<\/p>\n","protected":false},"author":2,"featured_media":0,"parent":0,"menu_order":0,"comment_status":"closed","ping_status":"closed","template":"","meta":{"_lmt_disableupdate":"no","_lmt_disable":"","ngg_post_thumbnail":0,"footnotes":""},"class_list":["post-10547","page","type-page","status-publish","hentry"],"yoast_head":"<!-- This site is optimized with the Yoast SEO plugin v18.3 - https:\/\/yoast.com\/wordpress\/plugins\/seo\/ -->\n<title>\u0112dienkartes - Daugavpils Vien\u012bbas pamatskola<\/title>\n<meta name=\"robots\" content=\"index, follow, max-snippet:-1, max-image-preview:large, max-video-preview:-1\" \/>\n<link rel=\"canonical\" href=\"https:\/\/vienibaspsk.lv\/index.php\/edienkartes\/\" \/>\n<meta property=\"og:locale\" content=\"lv_LV\" \/>\n<meta property=\"og:type\" content=\"article\" \/>\n<meta property=\"og:title\" content=\"\u0112dienkartes - Daugavpils Vien\u012bbas pamatskola\" \/>\n<meta property=\"og:description\" content=\"\u0112dienkarte skol\u0113niem 20.04.2026. &#8211; 24.04.2026. 1. &#8211; 4. klase 5. &#8211; 9. klase 1. \u0113dienkarte 5. &#8211; 9. klase 2. \u0113dienkarte Launags \u0112dienkarte skol\u0113niem 13.04.2026. &#8211; 17.04.2026. 1. &#8211; 4. ...\" \/>\n<meta property=\"og:url\" content=\"https:\/\/vienibaspsk.lv\/index.php\/edienkartes\/\" \/>\n<meta property=\"og:site_name\" content=\"Daugavpils Vien\u012bbas pamatskola\" \/>\n<meta property=\"article:modified_time\" content=\"2026-04-17T13:22:32+00:00\" \/>\n<meta name=\"twitter:card\" content=\"summary_large_image\" \/>\n<meta name=\"twitter:label1\" content=\"Est. reading time\" \/>\n\t<meta name=\"twitter:data1\" content=\"2 min\u016btes\" \/>\n<script type=\"application\/ld+json\" class=\"yoast-schema-graph\">{\"@context\":\"https:\/\/schema.org\",\"@graph\":[{\"@type\":\"WebSite\",\"@id\":\"https:\/\/vienibaspsk.lv\/#website\",\"url\":\"https:\/\/vienibaspsk.lv\/\",\"name\":\"Daugavpils Vien\u012bbas pamatskola\",\"description\":\"\",\"potentialAction\":[{\"@type\":\"SearchAction\",\"target\":{\"@type\":\"EntryPoint\",\"urlTemplate\":\"https:\/\/vienibaspsk.lv\/?s={search_term_string}\"},\"query-input\":\"required name=search_term_string\"}],\"inLanguage\":\"lv-LV\"},{\"@type\":\"WebPage\",\"@id\":\"https:\/\/vienibaspsk.lv\/index.php\/edienkartes\/#webpage\",\"url\":\"https:\/\/vienibaspsk.lv\/index.php\/edienkartes\/\",\"name\":\"\u0112dienkartes - Daugavpils Vien\u012bbas pamatskola\",\"isPartOf\":{\"@id\":\"https:\/\/vienibaspsk.lv\/#website\"},\"datePublished\":\"2025-08-29T11:16:49+00:00\",\"dateModified\":\"2026-04-17T13:22:32+00:00\",\"breadcrumb\":{\"@id\":\"https:\/\/vienibaspsk.lv\/index.php\/edienkartes\/#breadcrumb\"},\"inLanguage\":\"lv-LV\",\"potentialAction\":[{\"@type\":\"ReadAction\",\"target\":[\"https:\/\/vienibaspsk.lv\/index.php\/edienkartes\/\"]}]},{\"@type\":\"BreadcrumbList\",\"@id\":\"https:\/\/vienibaspsk.lv\/index.php\/edienkartes\/#breadcrumb\",\"itemListElement\":[{\"@type\":\"ListItem\",\"position\":1,\"name\":\"Galven\u0101\",\"item\":\"https:\/\/vienibaspsk.lv\/\"},{\"@type\":\"ListItem\",\"position\":2,\"name\":\"\u0112dienkartes\"}]}]}<\/script>\n<!-- \/ Yoast SEO plugin. -->","yoast_head_json":{"title":"\u0112dienkartes - Daugavpils Vien\u012bbas pamatskola","robots":{"index":"index","follow":"follow","max-snippet":"max-snippet:-1","max-image-preview":"max-image-preview:large","max-video-preview":"max-video-preview:-1"},"canonical":"https:\/\/vienibaspsk.lv\/index.php\/edienkartes\/","og_locale":"lv_LV","og_type":"article","og_title":"\u0112dienkartes - Daugavpils Vien\u012bbas pamatskola","og_description":"\u0112dienkarte skol\u0113niem 20.04.2026. &#8211; 24.04.2026. 1. &#8211; 4. klase 5. &#8211; 9. klase 1. \u0113dienkarte 5. &#8211; 9. klase 2. \u0113dienkarte Launags \u0112dienkarte skol\u0113niem 13.04.2026. &#8211; 17.04.2026. 1. &#8211; 4. ...","og_url":"https:\/\/vienibaspsk.lv\/index.php\/edienkartes\/","og_site_name":"Daugavpils Vien\u012bbas pamatskola","article_modified_time":"2026-04-17T13:22:32+00:00","twitter_card":"summary_large_image","twitter_misc":{"Est. reading time":"2 min\u016btes"},"schema":{"@context":"https:\/\/schema.org","@graph":[{"@type":"WebSite","@id":"https:\/\/vienibaspsk.lv\/#website","url":"https:\/\/vienibaspsk.lv\/","name":"Daugavpils Vien\u012bbas pamatskola","description":"","potentialAction":[{"@type":"SearchAction","target":{"@type":"EntryPoint","urlTemplate":"https:\/\/vienibaspsk.lv\/?s={search_term_string}"},"query-input":"required name=search_term_string"}],"inLanguage":"lv-LV"},{"@type":"WebPage","@id":"https:\/\/vienibaspsk.lv\/index.php\/edienkartes\/#webpage","url":"https:\/\/vienibaspsk.lv\/index.php\/edienkartes\/","name":"\u0112dienkartes - Daugavpils Vien\u012bbas pamatskola","isPartOf":{"@id":"https:\/\/vienibaspsk.lv\/#website"},"datePublished":"2025-08-29T11:16:49+00:00","dateModified":"2026-04-17T13:22:32+00:00","breadcrumb":{"@id":"https:\/\/vienibaspsk.lv\/index.php\/edienkartes\/#breadcrumb"},"inLanguage":"lv-LV","potentialAction":[{"@type":"ReadAction","target":["https:\/\/vienibaspsk.lv\/index.php\/edienkartes\/"]}]},{"@type":"BreadcrumbList","@id":"https:\/\/vienibaspsk.lv\/index.php\/edienkartes\/#breadcrumb","itemListElement":[{"@type":"ListItem","position":1,"name":"Galven\u0101","item":"https:\/\/vienibaspsk.lv\/"},{"@type":"ListItem","position":2,"name":"\u0112dienkartes"}]}]}},"_links":{"self":[{"href":"https:\/\/vienibaspsk.lv\/index.php\/wp-json\/wp\/v2\/pages\/10547","targetHints":{"allow":["GET"]}}],"collection":[{"href":"https:\/\/vienibaspsk.lv\/index.php\/wp-json\/wp\/v2\/pages"}],"about":[{"href":"https:\/\/vienibaspsk.lv\/index.php\/wp-json\/wp\/v2\/types\/page"}],"author":[{"embeddable":true,"href":"https:\/\/vienibaspsk.lv\/index.php\/wp-json\/wp\/v2\/users\/2"}],"replies":[{"embeddable":true,"href":"https:\/\/vienibaspsk.lv\/index.php\/wp-json\/wp\/v2\/comments?post=10547"}],"version-history":[{"count":34,"href":"https:\/\/vienibaspsk.lv\/index.php\/wp-json\/wp\/v2\/pages\/10547\/revisions"}],"predecessor-version":[{"id":12347,"href":"https:\/\/vienibaspsk.lv\/index.php\/wp-json\/wp\/v2\/pages\/10547\/revisions\/12347"}],"wp:attachment":[{"href":"https:\/\/vienibaspsk.lv\/index.php\/wp-json\/wp\/v2\/media?parent=10547"}],"curies":[{"name":"wp","href":"https:\/\/api.w.org\/{rel}","templated":true}]}}